{"id":554,"date":"2021-09-15T14:16:02","date_gmt":"2021-09-15T12:16:02","guid":{"rendered":"http:\/\/www.lokornmad.bzh\/?page_id=554"},"modified":"2021-09-15T14:22:37","modified_gmt":"2021-09-15T12:22:37","slug":"histoire-du-magasin","status":"publish","type":"page","link":"https:\/\/www.lokornmad.bzh\/en\/histoire-du-magasin\/","title":{"rendered":"History of the shop"},"content":{"rendered":"<div class=\"wpb-content-wrapper\"><div class=\"vc_row wpb_row vc_row-fluid\"><div class=\"wpb_column vc_column_container vc_col-sm-12\"><div class=\"vc_column-inner\"><div class=\"wpb_wrapper\">\n\t<div class=\"wpb_text_column wpb_content_element\" >\n\t\t<div class=\"wpb_wrapper\">\n\t\t\t<h1>This is the story of <span style=\"color: #c2863a;\">Lokorn Mad<\/span>&#8230;<\/h1>\n\n\t\t<\/div>\n\t<\/div>\n<\/div><\/div><\/div><\/div><div class=\"vc_row wpb_row vc_row-fluid\"><div class=\"wpb_column vc_column_container vc_col-sm-6\"><div class=\"vc_column-inner\"><div class=\"wpb_wrapper\">\n\t<div class=\"wpb_text_column wpb_content_element\" >\n\t\t<div class=\"wpb_wrapper\">\n\t\t\t<h2>Our story begins...<\/h2>\n<p>In 2020, we embarked on the Lokorn Mad adventure! It's an old dream that we made come true, by settling in Locronan, this small town full of history! Its cobbled streets and old houses give it a typical charm and receive many visitors.<\/p>\n<p>Our wish was to anticipate customer demand by offering <strong>local products, from the short circuit,<\/strong> within a radius of less than 100km. We put passionate producers in touch with customers looking for quality and authenticity.<\/p>\n<p>Our shop, located in the historic heart of Locronan, offers products on displays made of recycled materials, which create a welcoming and friendly atmosphere.<\/p>\n\n\t\t<\/div>\n\t<\/div>\n<\/div><\/div><\/div><div class=\"wpb_column vc_column_container vc_col-sm-6\"><div class=\"vc_column-inner\"><div class=\"wpb_wrapper\">\n\t<div  class=\"wpb_single_image wpb_content_element vc_align_center wpb_content_element vc_custom_1631707746284\">\n\t\t\n\t\t<figure class=\"wpb_wrapper vc_figure\">\n\t\t\t<div class=\"vc_single_image-wrapper   vc_box_border_grey\"><img loading=\"lazy\" decoding=\"async\" width=\"300\" height=\"300\" src=\"https:\/\/www.lokornmad.bzh\/wp-content\/uploads\/2021\/02\/visuel_actu2-300x300.jpg\" class=\"vc_single_image-img attachment-medium\" alt=\"\" title=\"visual_actu2\" srcset=\"https:\/\/www.lokornmad.bzh\/wp-content\/uploads\/2021\/02\/visuel_actu2-300x300.jpg 300w, https:\/\/www.lokornmad.bzh\/wp-content\/uploads\/2021\/02\/visuel_actu2-1024x1024.jpg 1024w, https:\/\/www.lokornmad.bzh\/wp-content\/uploads\/2021\/02\/visuel_actu2-150x150.jpg 150w, https:\/\/www.lokornmad.bzh\/wp-content\/uploads\/2021\/02\/visuel_actu2-768x768.jpg 768w, https:\/\/www.lokornmad.bzh\/wp-content\/uploads\/2021\/02\/visuel_actu2-12x12.jpg 12w, https:\/\/www.lokornmad.bzh\/wp-content\/uploads\/2021\/02\/visuel_actu2-355x355.jpg 355w, https:\/\/www.lokornmad.bzh\/wp-content\/uploads\/2021\/02\/visuel_actu2-600x600.jpg 600w, https:\/\/www.lokornmad.bzh\/wp-content\/uploads\/2021\/02\/visuel_actu2-100x100.jpg 100w, https:\/\/www.lokornmad.bzh\/wp-content\/uploads\/2021\/02\/visuel_actu2.jpg 1440w\" sizes=\"auto, (max-width: 300px) 100vw, 300px\" \/><\/div>\n\t\t<\/figure>\n\t<\/div>\n<\/div><\/div><\/div><\/div><div class=\"vc_row wpb_row vc_row-fluid\"><div class=\"wpb_column vc_column_container vc_col-sm-6\"><div class=\"vc_column-inner\"><div class=\"wpb_wrapper\">\n<div class=\"vc_grid-container-wrapper vc_clearfix vc_grid-animation-fadeIn\">\n\t<div class=\"vc_grid-container vc_clearfix wpb_content_element vc_media_grid\" data-initial-loading-animation=\"fadeIn\" data-vc-grid-settings=\"{&quot;page_id&quot;:554,&quot;style&quot;:&quot;all&quot;,&quot;action&quot;:&quot;vc_get_vc_grid_data&quot;,&quot;shortcode_id&quot;:&quot;1631708543042-d538343f-f4ec-9&quot;,&quot;tag&quot;:&quot;vc_media_grid&quot;}\" data-vc-request=\"https:\/\/www.lokornmad.bzh\/wp-admin\/admin-ajax.php\" data-vc-post-id=\"554\" data-vc-public-nonce=\"d460dd2b23\">\n\t\t\n\t<\/div>\n<\/div><\/div><\/div><\/div><div class=\"wpb_column vc_column_container vc_col-sm-6\"><div class=\"vc_column-inner\"><div class=\"wpb_wrapper\">\n\t<div class=\"wpb_text_column wpb_content_element\" >\n\t\t<div class=\"wpb_wrapper\">\n\t\t\t<h2>Long live the short circuit!<\/h2>\n<p>We go out to meet local producers, in search of quality and artisanal products. We create a bond of trust and often friendship with them, and are delighted to help you discover the passion for their work that drives them! Cider producers, fish canners, beekeepers, soap makers and many others trust us to distribute their artisanal products to our customers and to make their know-how known in and outside Finist\u00e8re.<\/p>\n<p>We also offer our own products (home-made jams, salted butter caramels, etc.), products distributed in a very, very short circuit!<\/p>\n\n\t\t<\/div>\n\t<\/div>\n<\/div><\/div><\/div><\/div><div class=\"vc_row wpb_row vc_row-fluid\"><div class=\"wpb_column vc_column_container vc_col-sm-12\"><div class=\"vc_column-inner\"><div class=\"wpb_wrapper\"><div class=\"vc_separator wpb_content_element vc_separator_align_center vc_sep_width_100 vc_sep_pos_align_center vc_separator_no_text wpb_content_element  wpb_content_element\" ><span class=\"vc_sep_holder vc_sep_holder_l\"><span style=\"border-color:#c2863a;\" class=\"vc_sep_line\"><\/span><\/span><span class=\"vc_sep_holder vc_sep_holder_r\"><span style=\"border-color:#c2863a;\" class=\"vc_sep_line\"><\/span><\/span>\n<\/div><\/div><\/div><\/div><\/div><div class=\"vc_row wpb_row vc_row-fluid\"><div class=\"wpb_column vc_column_container vc_col-sm-12\"><div class=\"vc_column-inner\"><div class=\"wpb_wrapper\">\n\t<div class=\"wpb_text_column wpb_content_element\" >\n\t\t<div class=\"wpb_wrapper\">\n\t\t\t<p style=\"text-align: center;\"><span style=\"color: #8e5e20;\"><strong><span style=\"font-size: 21px;\">Find all our products <\/span><\/strong><\/span><\/p>\n<p style=\"text-align: center;\"><span style=\"color: #8e5e20;\"><strong><span style=\"font-size: 21px;\">in our shop in Locronan, <\/span><\/strong><\/span><\/p>\n<p style=\"text-align: center;\"><span style=\"color: #8e5e20;\"><strong><span style=\"font-size: 21px;\">but also in our e-shop!<\/span><\/strong><\/span><\/p>\n\n\t\t<\/div>\n\t<\/div>\n<\/div><\/div><\/div><\/div><div class=\"vc_row wpb_row vc_row-fluid\"><div class=\"wpb_column vc_column_container vc_col-sm-12\"><div class=\"vc_column-inner\"><div class=\"wpb_wrapper\"><div class=\"vc_separator wpb_content_element vc_separator_align_center vc_sep_width_100 vc_sep_pos_align_center vc_separator_no_text wpb_content_element  wpb_content_element\" ><span class=\"vc_sep_holder vc_sep_holder_l\"><span style=\"border-color:#c2863a;\" class=\"vc_sep_line\"><\/span><\/span><span class=\"vc_sep_holder vc_sep_holder_r\"><span style=\"border-color:#c2863a;\" class=\"vc_sep_line\"><\/span><\/span>\n<\/div><\/div><\/div><\/div><\/div>\n<\/div>","protected":false},"excerpt":{"rendered":"This is the story of Lokorn Mad... Our story begins... In 2020, we set out to create a...","protected":false},"author":4,"featured_media":0,"parent":0,"menu_order":2,"comment_status":"closed","ping_status":"closed","template":"","meta":{"_acf_changed":false,"footnotes":""},"class_list":["post-554","page","type-page","status-publish","hentry"],"acf":[],"yoast_head":"<!-- This site is optimized with the Yoast SEO plugin v27.1.1 - https:\/\/yoast.com\/product\/yoast-seo-wordpress\/ -->\n<title>Histoire du magasin - Lokorn Mad<\/title>\n<meta name=\"description\" content=\"D\u00e9couvrez l&#039;histoire de la boutique Lokorn Mad, \u00e0 Locronan dans le Finist\u00e8re. Circuit court et produits locaux sont mis en avant | Lokorn Mad\" \/>\n<meta name=\"robots\" content=\"index, follow, max-snippet:-1, max-image-preview:large, max-video-preview:-1\" \/>\n<link rel=\"canonical\" href=\"https:\/\/www.lokornmad.bzh\/en\/histoire-du-magasin\/\" \/>\n<meta property=\"og:locale\" content=\"en_GB\" \/>\n<meta property=\"og:type\" content=\"article\" \/>\n<meta property=\"og:title\" content=\"Histoire du magasin - Lokorn Mad\" \/>\n<meta property=\"og:description\" content=\"D\u00e9couvrez l&#039;histoire de la boutique Lokorn Mad, \u00e0 Locronan dans le Finist\u00e8re. Circuit court et produits locaux sont mis en avant | Lokorn Mad\" \/>\n<meta property=\"og:url\" content=\"https:\/\/www.lokornmad.bzh\/en\/histoire-du-magasin\/\" \/>\n<meta property=\"og:site_name\" content=\"Lokorn Mad\" \/>\n<meta property=\"article:publisher\" content=\"https:\/\/www.facebook.com\/lokornmad\" \/>\n<meta property=\"article:modified_time\" content=\"2021-09-15T12:22:37+00:00\" \/>\n<meta name=\"twitter:card\" content=\"summary_large_image\" \/>\n<meta name=\"twitter:label1\" content=\"Estimated reading time\" \/>\n\t<meta name=\"twitter:data1\" content=\"2 minutes\" \/>\n<script type=\"application\/ld+json\" class=\"yoast-schema-graph\">{\"@context\":\"https:\/\/schema.org\",\"@graph\":[{\"@type\":\"WebPage\",\"@id\":\"https:\/\/www.lokornmad.bzh\/histoire-du-magasin\/\",\"url\":\"https:\/\/www.lokornmad.bzh\/histoire-du-magasin\/\",\"name\":\"Histoire du magasin - Lokorn Mad\",\"isPartOf\":{\"@id\":\"https:\/\/www.lokornmad.bzh\/#website\"},\"datePublished\":\"2021-09-15T12:16:02+00:00\",\"dateModified\":\"2021-09-15T12:22:37+00:00\",\"description\":\"D\u00e9couvrez l'histoire de la boutique Lokorn Mad, \u00e0 Locronan dans le Finist\u00e8re. Circuit court et produits locaux sont mis en avant | Lokorn Mad\",\"breadcrumb\":{\"@id\":\"https:\/\/www.lokornmad.bzh\/histoire-du-magasin\/#breadcrumb\"},\"inLanguage\":\"en-GB\",\"potentialAction\":[{\"@type\":\"ReadAction\",\"target\":[\"https:\/\/www.lokornmad.bzh\/histoire-du-magasin\/\"]}]},{\"@type\":\"BreadcrumbList\",\"@id\":\"https:\/\/www.lokornmad.bzh\/histoire-du-magasin\/#breadcrumb\",\"itemListElement\":[{\"@type\":\"ListItem\",\"position\":1,\"name\":\"Accueil\",\"item\":\"https:\/\/www.lokornmad.bzh\/\"},{\"@type\":\"ListItem\",\"position\":2,\"name\":\"Histoire du magasin\"}]},{\"@type\":\"WebSite\",\"@id\":\"https:\/\/www.lokornmad.bzh\/#website\",\"url\":\"https:\/\/www.lokornmad.bzh\/\",\"name\":\"Lokorn Mad\",\"description\":\"Comptoir des Producteurs du Finist\u00e8re\",\"publisher\":{\"@id\":\"https:\/\/www.lokornmad.bzh\/#organization\"},\"potentialAction\":[{\"@type\":\"SearchAction\",\"target\":{\"@type\":\"EntryPoint\",\"urlTemplate\":\"https:\/\/www.lokornmad.bzh\/?s={search_term_string}\"},\"query-input\":{\"@type\":\"PropertyValueSpecification\",\"valueRequired\":true,\"valueName\":\"search_term_string\"}}],\"inLanguage\":\"en-GB\"},{\"@type\":\"Organization\",\"@id\":\"https:\/\/www.lokornmad.bzh\/#organization\",\"name\":\"Lokorn Mad\",\"url\":\"https:\/\/www.lokornmad.bzh\/\",\"logo\":{\"@type\":\"ImageObject\",\"inLanguage\":\"en-GB\",\"@id\":\"https:\/\/www.lokornmad.bzh\/#\/schema\/logo\/image\/\",\"url\":\"https:\/\/www.lokornmad.bzh\/wp-content\/uploads\/2021\/10\/bandeau-LokornMad.png\",\"contentUrl\":\"https:\/\/www.lokornmad.bzh\/wp-content\/uploads\/2021\/10\/bandeau-LokornMad.png\",\"width\":824,\"height\":228,\"caption\":\"Lokorn Mad\"},\"image\":{\"@id\":\"https:\/\/www.lokornmad.bzh\/#\/schema\/logo\/image\/\"},\"sameAs\":[\"https:\/\/www.facebook.com\/lokornmad\",\"https:\/\/www.instagram.com\/lokornmad\/\"]}]}<\/script>\n<!-- \/ Yoast SEO plugin. -->","yoast_head_json":{"title":"Histoire du magasin - Lokorn Mad","description":"D\u00e9couvrez l'histoire de la boutique Lokorn Mad, \u00e0 Locronan dans le Finist\u00e8re. Circuit court et produits locaux sont mis en avant | Lokorn Mad","robots":{"index":"index","follow":"follow","max-snippet":"max-snippet:-1","max-image-preview":"max-image-preview:large","max-video-preview":"max-video-preview:-1"},"canonical":"https:\/\/www.lokornmad.bzh\/en\/histoire-du-magasin\/","og_locale":"en_GB","og_type":"article","og_title":"Histoire du magasin - Lokorn Mad","og_description":"D\u00e9couvrez l'histoire de la boutique Lokorn Mad, \u00e0 Locronan dans le Finist\u00e8re. Circuit court et produits locaux sont mis en avant | Lokorn Mad","og_url":"https:\/\/www.lokornmad.bzh\/en\/histoire-du-magasin\/","og_site_name":"Lokorn Mad","article_publisher":"https:\/\/www.facebook.com\/lokornmad","article_modified_time":"2021-09-15T12:22:37+00:00","twitter_card":"summary_large_image","twitter_misc":{"Estimated reading time":"2 minutes"},"schema":{"@context":"https:\/\/schema.org","@graph":[{"@type":"WebPage","@id":"https:\/\/www.lokornmad.bzh\/histoire-du-magasin\/","url":"https:\/\/www.lokornmad.bzh\/histoire-du-magasin\/","name":"Histoire du magasin - Lokorn Mad","isPartOf":{"@id":"https:\/\/www.lokornmad.bzh\/#website"},"datePublished":"2021-09-15T12:16:02+00:00","dateModified":"2021-09-15T12:22:37+00:00","description":"D\u00e9couvrez l'histoire de la boutique Lokorn Mad, \u00e0 Locronan dans le Finist\u00e8re. Circuit court et produits locaux sont mis en avant | Lokorn Mad","breadcrumb":{"@id":"https:\/\/www.lokornmad.bzh\/histoire-du-magasin\/#breadcrumb"},"inLanguage":"en-GB","potentialAction":[{"@type":"ReadAction","target":["https:\/\/www.lokornmad.bzh\/histoire-du-magasin\/"]}]},{"@type":"BreadcrumbList","@id":"https:\/\/www.lokornmad.bzh\/histoire-du-magasin\/#breadcrumb","itemListElement":[{"@type":"ListItem","position":1,"name":"Accueil","item":"https:\/\/www.lokornmad.bzh\/"},{"@type":"ListItem","position":2,"name":"Histoire du magasin"}]},{"@type":"WebSite","@id":"https:\/\/www.lokornmad.bzh\/#website","url":"https:\/\/www.lokornmad.bzh\/","name":"Lokorn Mad","description":"Comptoir des Producteurs du Finist\u00e8re","publisher":{"@id":"https:\/\/www.lokornmad.bzh\/#organization"},"potentialAction":[{"@type":"SearchAction","target":{"@type":"EntryPoint","urlTemplate":"https:\/\/www.lokornmad.bzh\/?s={search_term_string}"},"query-input":{"@type":"PropertyValueSpecification","valueRequired":true,"valueName":"search_term_string"}}],"inLanguage":"en-GB"},{"@type":"Organization","@id":"https:\/\/www.lokornmad.bzh\/#organization","name":"Lokorn Mad","url":"https:\/\/www.lokornmad.bzh\/","logo":{"@type":"ImageObject","inLanguage":"en-GB","@id":"https:\/\/www.lokornmad.bzh\/#\/schema\/logo\/image\/","url":"https:\/\/www.lokornmad.bzh\/wp-content\/uploads\/2021\/10\/bandeau-LokornMad.png","contentUrl":"https:\/\/www.lokornmad.bzh\/wp-content\/uploads\/2021\/10\/bandeau-LokornMad.png","width":824,"height":228,"caption":"Lokorn Mad"},"image":{"@id":"https:\/\/www.lokornmad.bzh\/#\/schema\/logo\/image\/"},"sameAs":["https:\/\/www.facebook.com\/lokornmad","https:\/\/www.instagram.com\/lokornmad\/"]}]}},"_links":{"self":[{"href":"https:\/\/www.lokornmad.bzh\/en\/wp-json\/wp\/v2\/pages\/554","targetHints":{"allow":["GET"]}}],"collection":[{"href":"https:\/\/www.lokornmad.bzh\/en\/wp-json\/wp\/v2\/pages"}],"about":[{"href":"https:\/\/www.lokornmad.bzh\/en\/wp-json\/wp\/v2\/types\/page"}],"author":[{"embeddable":true,"href":"https:\/\/www.lokornmad.bzh\/en\/wp-json\/wp\/v2\/users\/4"}],"replies":[{"embeddable":true,"href":"https:\/\/www.lokornmad.bzh\/en\/wp-json\/wp\/v2\/comments?post=554"}],"version-history":[{"count":8,"href":"https:\/\/www.lokornmad.bzh\/en\/wp-json\/wp\/v2\/pages\/554\/revisions"}],"predecessor-version":[{"id":562,"href":"https:\/\/www.lokornmad.bzh\/en\/wp-json\/wp\/v2\/pages\/554\/revisions\/562"}],"wp:attachment":[{"href":"https:\/\/www.lokornmad.bzh\/en\/wp-json\/wp\/v2\/media?parent=554"}],"curies":[{"name":"wp","href":"https:\/\/api.w.org\/{rel}","templated":true}]}}