{"id":1016,"date":"2024-05-28T14:48:33","date_gmt":"2024-05-28T12:48:33","guid":{"rendered":"https:\/\/www.lokornmad.bzh\/?post_type=product&#038;p=1016"},"modified":"2025-03-06T09:15:09","modified_gmt":"2025-03-06T08:15:09","slug":"kofe-petit-epeautre","status":"publish","type":"product","link":"https:\/\/www.lokornmad.bzh\/en\/boutique\/boissons\/thes-et-tisanes\/kofe-petit-epeautre\/","title":{"rendered":"KOFE Small spelt"},"content":{"rendered":"<p><span>Kof\u00e9 is a drink made from small spelt, roasted and grown in Brittany.<\/span><\/p>\n<p><span> It's a real alternative to traditional coffee.<\/span><\/p>\n<p><span> Indeed, the lightness of this roasted flavour, which comes from the earth, is slightly acidic,<\/span><b>\u00a0<\/b><span>brings an interesting aromatic persistence.<\/span><\/p>","protected":false},"excerpt":{"rendered":"<p><span>Kof\u00e9 is a drink made from small spelt, roasted and grown in Brittany.<\/span><\/p>\n<p><span> It's a real alternative to traditional coffee.<\/span><\/p>\n<p><span> Indeed, the lightness of this roasted flavour, which comes from the earth, is slightly acidic,<\/span><b>\u00a0<\/b><span>brings an interesting aromatic persistence.<\/span><\/p>","protected":false},"featured_media":1017,"comment_status":"closed","ping_status":"closed","template":"","meta":{"_acf_changed":false},"product_cat":[30,44],"product_tag":[68],"berocket_brand":[283],"class_list":{"0":"post-1016","1":"product","2":"type-product","3":"status-publish","4":"has-post-thumbnail","6":"product_cat-boissons","7":"product_cat-thes-et-tisanes","8":"product_tag-producteurs-locaux","9":"berocket_brand-yoann-gouery","11":"first","12":"instock","13":"taxable","14":"shipping-taxable","15":"purchasable","16":"product-type-simple"},"acf":[],"yoast_head":"<!-- This site is optimized with the Yoast SEO plugin v27.1.1 - https:\/\/yoast.com\/product\/yoast-seo-wordpress\/ -->\n<title>KOFE Petit \u00e9peautre - Lokorn Mad<\/title>\n<meta name=\"description\" content=\"le Kof\u00e9 de Yoann Gouery est une boisson \u00e0 base de petit \u00e9peautre torr\u00e9fi\u00e9 cultiv\u00e9 en Bretagne. V\u00e9ritable alternative au caf\u00e9\" \/>\n<meta name=\"robots\" content=\"index, follow, max-snippet:-1, max-image-preview:large, max-video-preview:-1\" \/>\n<link rel=\"canonical\" href=\"https:\/\/www.lokornmad.bzh\/en\/boutique\/boissons\/thes-et-tisanes\/kofe-petit-epeautre\/\" \/>\n<meta property=\"og:locale\" content=\"en_GB\" \/>\n<meta property=\"og:type\" content=\"article\" \/>\n<meta property=\"og:title\" content=\"KOFE Petit \u00e9peautre - Lokorn Mad\" \/>\n<meta property=\"og:description\" content=\"le Kof\u00e9 de Yoann Gouery est une boisson \u00e0 base de petit \u00e9peautre torr\u00e9fi\u00e9 cultiv\u00e9 en Bretagne. V\u00e9ritable alternative au caf\u00e9\" \/>\n<meta property=\"og:url\" content=\"https:\/\/www.lokornmad.bzh\/en\/boutique\/boissons\/thes-et-tisanes\/kofe-petit-epeautre\/\" \/>\n<meta property=\"og:site_name\" content=\"Lokorn Mad\" \/>\n<meta property=\"article:publisher\" content=\"https:\/\/www.facebook.com\/lokornmad\" \/>\n<meta property=\"article:modified_time\" content=\"2025-03-06T08:15:09+00:00\" \/>\n<meta property=\"og:image\" content=\"https:\/\/www.lokornmad.bzh\/wp-content\/uploads\/2024\/05\/kofe-petit-epeautre-1-500x500-1.jpg\" \/>\n\t<meta property=\"og:image:width\" content=\"500\" \/>\n\t<meta property=\"og:image:height\" content=\"500\" \/>\n\t<meta property=\"og:image:type\" content=\"image\/jpeg\" \/>\n<meta name=\"twitter:card\" content=\"summary_large_image\" \/>\n<meta name=\"twitter:label1\" content=\"Estimated reading time\" \/>\n\t<meta name=\"twitter:data1\" content=\"1 minute\" \/>\n<script type=\"application\/ld+json\" class=\"yoast-schema-graph\">{\"@context\":\"https:\/\/schema.org\",\"@graph\":[{\"@type\":\"WebPage\",\"@id\":\"https:\/\/www.lokornmad.bzh\/boutique\/boissons\/thes-et-tisanes\/kofe-petit-epeautre\/\",\"url\":\"https:\/\/www.lokornmad.bzh\/boutique\/boissons\/thes-et-tisanes\/kofe-petit-epeautre\/\",\"name\":\"KOFE Petit \u00e9peautre - Lokorn Mad\",\"isPartOf\":{\"@id\":\"https:\/\/www.lokornmad.bzh\/#website\"},\"primaryImageOfPage\":{\"@id\":\"https:\/\/www.lokornmad.bzh\/boutique\/boissons\/thes-et-tisanes\/kofe-petit-epeautre\/#primaryimage\"},\"image\":{\"@id\":\"https:\/\/www.lokornmad.bzh\/boutique\/boissons\/thes-et-tisanes\/kofe-petit-epeautre\/#primaryimage\"},\"thumbnailUrl\":\"https:\/\/www.lokornmad.bzh\/wp-content\/uploads\/2024\/05\/kofe-petit-epeautre-1-500x500-1.jpg\",\"datePublished\":\"2024-05-28T12:48:33+00:00\",\"dateModified\":\"2025-03-06T08:15:09+00:00\",\"description\":\"le Kof\u00e9 de Yoann Gouery est une boisson \u00e0 base de petit \u00e9peautre torr\u00e9fi\u00e9 cultiv\u00e9 en Bretagne. V\u00e9ritable alternative au caf\u00e9\",\"breadcrumb\":{\"@id\":\"https:\/\/www.lokornmad.bzh\/boutique\/boissons\/thes-et-tisanes\/kofe-petit-epeautre\/#breadcrumb\"},\"inLanguage\":\"en-GB\",\"potentialAction\":[{\"@type\":\"ReadAction\",\"target\":[\"https:\/\/www.lokornmad.bzh\/boutique\/boissons\/thes-et-tisanes\/kofe-petit-epeautre\/\"]}]},{\"@type\":\"ImageObject\",\"inLanguage\":\"en-GB\",\"@id\":\"https:\/\/www.lokornmad.bzh\/boutique\/boissons\/thes-et-tisanes\/kofe-petit-epeautre\/#primaryimage\",\"url\":\"https:\/\/www.lokornmad.bzh\/wp-content\/uploads\/2024\/05\/kofe-petit-epeautre-1-500x500-1.jpg\",\"contentUrl\":\"https:\/\/www.lokornmad.bzh\/wp-content\/uploads\/2024\/05\/kofe-petit-epeautre-1-500x500-1.jpg\",\"width\":500,\"height\":500},{\"@type\":\"BreadcrumbList\",\"@id\":\"https:\/\/www.lokornmad.bzh\/boutique\/boissons\/thes-et-tisanes\/kofe-petit-epeautre\/#breadcrumb\",\"itemListElement\":[{\"@type\":\"ListItem\",\"position\":1,\"name\":\"Accueil\",\"item\":\"https:\/\/www.lokornmad.bzh\/\"},{\"@type\":\"ListItem\",\"position\":2,\"name\":\"Boutique\",\"item\":\"https:\/\/www.lokornmad.bzh\/boutique\/\"},{\"@type\":\"ListItem\",\"position\":3,\"name\":\"KOFE Petit \u00e9peautre\"}]},{\"@type\":\"WebSite\",\"@id\":\"https:\/\/www.lokornmad.bzh\/#website\",\"url\":\"https:\/\/www.lokornmad.bzh\/\",\"name\":\"Lokorn Mad\",\"description\":\"Comptoir des Producteurs du Finist\u00e8re\",\"publisher\":{\"@id\":\"https:\/\/www.lokornmad.bzh\/#organization\"},\"potentialAction\":[{\"@type\":\"SearchAction\",\"target\":{\"@type\":\"EntryPoint\",\"urlTemplate\":\"https:\/\/www.lokornmad.bzh\/?s={search_term_string}\"},\"query-input\":{\"@type\":\"PropertyValueSpecification\",\"valueRequired\":true,\"valueName\":\"search_term_string\"}}],\"inLanguage\":\"en-GB\"},{\"@type\":\"Organization\",\"@id\":\"https:\/\/www.lokornmad.bzh\/#organization\",\"name\":\"Lokorn Mad\",\"url\":\"https:\/\/www.lokornmad.bzh\/\",\"logo\":{\"@type\":\"ImageObject\",\"inLanguage\":\"en-GB\",\"@id\":\"https:\/\/www.lokornmad.bzh\/#\/schema\/logo\/image\/\",\"url\":\"https:\/\/www.lokornmad.bzh\/wp-content\/uploads\/2021\/10\/bandeau-LokornMad.png\",\"contentUrl\":\"https:\/\/www.lokornmad.bzh\/wp-content\/uploads\/2021\/10\/bandeau-LokornMad.png\",\"width\":824,\"height\":228,\"caption\":\"Lokorn Mad\"},\"image\":{\"@id\":\"https:\/\/www.lokornmad.bzh\/#\/schema\/logo\/image\/\"},\"sameAs\":[\"https:\/\/www.facebook.com\/lokornmad\",\"https:\/\/www.instagram.com\/lokornmad\/\"]}]}<\/script>\n<!-- \/ Yoast SEO plugin. -->","yoast_head_json":{"title":"KOFE Petit \u00e9peautre - Lokorn Mad","description":"le Kof\u00e9 de Yoann Gouery est une boisson \u00e0 base de petit \u00e9peautre torr\u00e9fi\u00e9 cultiv\u00e9 en Bretagne. V\u00e9ritable alternative au caf\u00e9","robots":{"index":"index","follow":"follow","max-snippet":"max-snippet:-1","max-image-preview":"max-image-preview:large","max-video-preview":"max-video-preview:-1"},"canonical":"https:\/\/www.lokornmad.bzh\/en\/boutique\/boissons\/thes-et-tisanes\/kofe-petit-epeautre\/","og_locale":"en_GB","og_type":"article","og_title":"KOFE Petit \u00e9peautre - Lokorn Mad","og_description":"le Kof\u00e9 de Yoann Gouery est une boisson \u00e0 base de petit \u00e9peautre torr\u00e9fi\u00e9 cultiv\u00e9 en Bretagne. V\u00e9ritable alternative au caf\u00e9","og_url":"https:\/\/www.lokornmad.bzh\/en\/boutique\/boissons\/thes-et-tisanes\/kofe-petit-epeautre\/","og_site_name":"Lokorn Mad","article_publisher":"https:\/\/www.facebook.com\/lokornmad","article_modified_time":"2025-03-06T08:15:09+00:00","og_image":[{"width":500,"height":500,"url":"https:\/\/www.lokornmad.bzh\/wp-content\/uploads\/2024\/05\/kofe-petit-epeautre-1-500x500-1.jpg","type":"image\/jpeg"}],"twitter_card":"summary_large_image","twitter_misc":{"Estimated reading time":"1 minute"},"schema":{"@context":"https:\/\/schema.org","@graph":[{"@type":"WebPage","@id":"https:\/\/www.lokornmad.bzh\/boutique\/boissons\/thes-et-tisanes\/kofe-petit-epeautre\/","url":"https:\/\/www.lokornmad.bzh\/boutique\/boissons\/thes-et-tisanes\/kofe-petit-epeautre\/","name":"KOFE Petit \u00e9peautre - Lokorn Mad","isPartOf":{"@id":"https:\/\/www.lokornmad.bzh\/#website"},"primaryImageOfPage":{"@id":"https:\/\/www.lokornmad.bzh\/boutique\/boissons\/thes-et-tisanes\/kofe-petit-epeautre\/#primaryimage"},"image":{"@id":"https:\/\/www.lokornmad.bzh\/boutique\/boissons\/thes-et-tisanes\/kofe-petit-epeautre\/#primaryimage"},"thumbnailUrl":"https:\/\/www.lokornmad.bzh\/wp-content\/uploads\/2024\/05\/kofe-petit-epeautre-1-500x500-1.jpg","datePublished":"2024-05-28T12:48:33+00:00","dateModified":"2025-03-06T08:15:09+00:00","description":"le Kof\u00e9 de Yoann Gouery est une boisson \u00e0 base de petit \u00e9peautre torr\u00e9fi\u00e9 cultiv\u00e9 en Bretagne. V\u00e9ritable alternative au caf\u00e9","breadcrumb":{"@id":"https:\/\/www.lokornmad.bzh\/boutique\/boissons\/thes-et-tisanes\/kofe-petit-epeautre\/#breadcrumb"},"inLanguage":"en-GB","potentialAction":[{"@type":"ReadAction","target":["https:\/\/www.lokornmad.bzh\/boutique\/boissons\/thes-et-tisanes\/kofe-petit-epeautre\/"]}]},{"@type":"ImageObject","inLanguage":"en-GB","@id":"https:\/\/www.lokornmad.bzh\/boutique\/boissons\/thes-et-tisanes\/kofe-petit-epeautre\/#primaryimage","url":"https:\/\/www.lokornmad.bzh\/wp-content\/uploads\/2024\/05\/kofe-petit-epeautre-1-500x500-1.jpg","contentUrl":"https:\/\/www.lokornmad.bzh\/wp-content\/uploads\/2024\/05\/kofe-petit-epeautre-1-500x500-1.jpg","width":500,"height":500},{"@type":"BreadcrumbList","@id":"https:\/\/www.lokornmad.bzh\/boutique\/boissons\/thes-et-tisanes\/kofe-petit-epeautre\/#breadcrumb","itemListElement":[{"@type":"ListItem","position":1,"name":"Accueil","item":"https:\/\/www.lokornmad.bzh\/"},{"@type":"ListItem","position":2,"name":"Boutique","item":"https:\/\/www.lokornmad.bzh\/boutique\/"},{"@type":"ListItem","position":3,"name":"KOFE Petit \u00e9peautre"}]},{"@type":"WebSite","@id":"https:\/\/www.lokornmad.bzh\/#website","url":"https:\/\/www.lokornmad.bzh\/","name":"Lokorn Mad","description":"Comptoir des Producteurs du Finist\u00e8re","publisher":{"@id":"https:\/\/www.lokornmad.bzh\/#organization"},"potentialAction":[{"@type":"SearchAction","target":{"@type":"EntryPoint","urlTemplate":"https:\/\/www.lokornmad.bzh\/?s={search_term_string}"},"query-input":{"@type":"PropertyValueSpecification","valueRequired":true,"valueName":"search_term_string"}}],"inLanguage":"en-GB"},{"@type":"Organization","@id":"https:\/\/www.lokornmad.bzh\/#organization","name":"Lokorn Mad","url":"https:\/\/www.lokornmad.bzh\/","logo":{"@type":"ImageObject","inLanguage":"en-GB","@id":"https:\/\/www.lokornmad.bzh\/#\/schema\/logo\/image\/","url":"https:\/\/www.lokornmad.bzh\/wp-content\/uploads\/2021\/10\/bandeau-LokornMad.png","contentUrl":"https:\/\/www.lokornmad.bzh\/wp-content\/uploads\/2021\/10\/bandeau-LokornMad.png","width":824,"height":228,"caption":"Lokorn Mad"},"image":{"@id":"https:\/\/www.lokornmad.bzh\/#\/schema\/logo\/image\/"},"sameAs":["https:\/\/www.facebook.com\/lokornmad","https:\/\/www.instagram.com\/lokornmad\/"]}]}},"_links":{"self":[{"href":"https:\/\/www.lokornmad.bzh\/en\/wp-json\/wp\/v2\/product\/1016","targetHints":{"allow":["GET"]}}],"collection":[{"href":"https:\/\/www.lokornmad.bzh\/en\/wp-json\/wp\/v2\/product"}],"about":[{"href":"https:\/\/www.lokornmad.bzh\/en\/wp-json\/wp\/v2\/types\/product"}],"replies":[{"embeddable":true,"href":"https:\/\/www.lokornmad.bzh\/en\/wp-json\/wp\/v2\/comments?post=1016"}],"wp:featuredmedia":[{"embeddable":true,"href":"https:\/\/www.lokornmad.bzh\/en\/wp-json\/wp\/v2\/media\/1017"}],"wp:attachment":[{"href":"https:\/\/www.lokornmad.bzh\/en\/wp-json\/wp\/v2\/media?parent=1016"}],"wp:term":[{"taxonomy":"product_cat","embeddable":true,"href":"https:\/\/www.lokornmad.bzh\/en\/wp-json\/wp\/v2\/product_cat?post=1016"},{"taxonomy":"product_tag","embeddable":true,"href":"https:\/\/www.lokornmad.bzh\/en\/wp-json\/wp\/v2\/product_tag?post=1016"},{"taxonomy":"berocket_brand","embeddable":true,"href":"https:\/\/www.lokornmad.bzh\/en\/wp-json\/wp\/v2\/berocket_brand?post=1016"}],"curies":[{"name":"wp","href":"https:\/\/api.w.org\/{rel}","templated":true}]}}