{"id":1020,"date":"2024-05-28T16:03:00","date_gmt":"2024-05-28T14:03:00","guid":{"rendered":"https:\/\/www.lokornmad.bzh\/?post_type=product&#038;p=1020"},"modified":"2025-03-13T14:00:43","modified_gmt":"2025-03-13T13:00:43","slug":"kofe-532","status":"publish","type":"product","link":"https:\/\/www.lokornmad.bzh\/en\/boutique\/non-classe\/kofe-532\/","title":{"rendered":"KOFE 532"},"content":{"rendered":"<p><span>\"Kof\u00e9 532\", the recipe that makes everyone agree! <\/span><\/p>\n<p><span>Coffee lovers and short-distance campaigners alike will be delighted.<\/span><\/p>\n<p><span> Our subtle blend of carefully roasted cereals combines <strong>50% barley<\/strong> for its body and roundness, <strong>30% barley malt<\/strong> for its sweetness and<strong> 20% of small spelt<\/strong> for its strength and bitterness.<\/span><\/p>\n<p><span>As always, the cereals are sourced from 100% organic and Breton farmers.<\/span><\/p>","protected":false},"excerpt":{"rendered":"<p><span>\"Kof\u00e9 532\" is finally the recipe that makes everyone agree! Coffee lovers and short circuit campaigners alike will be delighted. Our subtle blend of carefully roasted cereals combines 50% of hulled barley for body and roundness, 30% of barley malt for sweetness and 20% of small spelt for strength and bitterness.<\/span><\/p>\n<p><span>As always, the cereals are sourced from 100% organic and Breton farmers.<\/span><\/p>","protected":false},"featured_media":1021,"comment_status":"closed","ping_status":"closed","template":"","meta":{"_acf_changed":false},"product_cat":[15],"product_tag":[],"berocket_brand":[283],"class_list":{"0":"post-1020","1":"product","2":"type-product","3":"status-publish","4":"has-post-thumbnail","6":"product_cat-non-classe","7":"berocket_brand-yoann-gouery","9":"first","10":"instock","11":"taxable","12":"shipping-taxable","13":"purchasable","14":"product-type-simple"},"acf":[],"yoast_head":"<!-- This site is optimized with the Yoast SEO plugin v27.1.1 - https:\/\/yoast.com\/product\/yoast-seo-wordpress\/ -->\n<title>KOFE 532 - Lokorn Mad<\/title>\n<meta name=\"description\" content=\"Le Kof\u00e9 532 de Yoann Gouery est un subtil m\u00e9lange de Petit \u00e9peautre, d&#039;orge mond\u00e9 et de malt d&#039;orge. Enfin! un caf\u00e9 local chez Lokorn&#039;Mad\" \/>\n<meta name=\"robots\" content=\"index, follow, max-snippet:-1, max-image-preview:large, max-video-preview:-1\" \/>\n<link rel=\"canonical\" href=\"https:\/\/www.lokornmad.bzh\/en\/boutique\/non-classe\/kofe-532\/\" \/>\n<meta property=\"og:locale\" content=\"en_GB\" \/>\n<meta property=\"og:type\" content=\"article\" \/>\n<meta property=\"og:title\" content=\"KOFE 532 - Lokorn Mad\" \/>\n<meta property=\"og:description\" content=\"Le Kof\u00e9 532 de Yoann Gouery est un subtil m\u00e9lange de Petit \u00e9peautre, d&#039;orge mond\u00e9 et de malt d&#039;orge. Enfin! un caf\u00e9 local chez Lokorn&#039;Mad\" \/>\n<meta property=\"og:url\" content=\"https:\/\/www.lokornmad.bzh\/en\/boutique\/non-classe\/kofe-532\/\" \/>\n<meta property=\"og:site_name\" content=\"Lokorn Mad\" \/>\n<meta property=\"article:publisher\" content=\"https:\/\/www.facebook.com\/lokornmad\" \/>\n<meta property=\"article:modified_time\" content=\"2025-03-13T13:00:43+00:00\" \/>\n<meta property=\"og:image\" content=\"https:\/\/www.lokornmad.bzh\/wp-content\/uploads\/2024\/05\/kofe-532-200gr-2023-2.jpg\" \/>\n\t<meta property=\"og:image:width\" content=\"1000\" \/>\n\t<meta property=\"og:image:height\" content=\"1000\" \/>\n\t<meta property=\"og:image:type\" content=\"image\/jpeg\" \/>\n<meta name=\"twitter:card\" content=\"summary_large_image\" \/>\n<meta name=\"twitter:label1\" content=\"Estimated reading time\" \/>\n\t<meta name=\"twitter:data1\" content=\"1 minute\" \/>\n<script type=\"application\/ld+json\" class=\"yoast-schema-graph\">{\"@context\":\"https:\/\/schema.org\",\"@graph\":[{\"@type\":\"WebPage\",\"@id\":\"https:\/\/www.lokornmad.bzh\/boutique\/non-classe\/kofe-532\/\",\"url\":\"https:\/\/www.lokornmad.bzh\/boutique\/non-classe\/kofe-532\/\",\"name\":\"KOFE 532 - Lokorn Mad\",\"isPartOf\":{\"@id\":\"https:\/\/www.lokornmad.bzh\/#website\"},\"primaryImageOfPage\":{\"@id\":\"https:\/\/www.lokornmad.bzh\/boutique\/non-classe\/kofe-532\/#primaryimage\"},\"image\":{\"@id\":\"https:\/\/www.lokornmad.bzh\/boutique\/non-classe\/kofe-532\/#primaryimage\"},\"thumbnailUrl\":\"https:\/\/www.lokornmad.bzh\/wp-content\/uploads\/2024\/05\/kofe-532-200gr-2023-2.jpg\",\"datePublished\":\"2024-05-28T14:03:00+00:00\",\"dateModified\":\"2025-03-13T13:00:43+00:00\",\"description\":\"Le Kof\u00e9 532 de Yoann Gouery est un subtil m\u00e9lange de Petit \u00e9peautre, d'orge mond\u00e9 et de malt d'orge. Enfin! un caf\u00e9 local chez Lokorn'Mad\",\"breadcrumb\":{\"@id\":\"https:\/\/www.lokornmad.bzh\/boutique\/non-classe\/kofe-532\/#breadcrumb\"},\"inLanguage\":\"en-GB\",\"potentialAction\":[{\"@type\":\"ReadAction\",\"target\":[\"https:\/\/www.lokornmad.bzh\/boutique\/non-classe\/kofe-532\/\"]}]},{\"@type\":\"ImageObject\",\"inLanguage\":\"en-GB\",\"@id\":\"https:\/\/www.lokornmad.bzh\/boutique\/non-classe\/kofe-532\/#primaryimage\",\"url\":\"https:\/\/www.lokornmad.bzh\/wp-content\/uploads\/2024\/05\/kofe-532-200gr-2023-2.jpg\",\"contentUrl\":\"https:\/\/www.lokornmad.bzh\/wp-content\/uploads\/2024\/05\/kofe-532-200gr-2023-2.jpg\",\"width\":1000,\"height\":1000},{\"@type\":\"BreadcrumbList\",\"@id\":\"https:\/\/www.lokornmad.bzh\/boutique\/non-classe\/kofe-532\/#breadcrumb\",\"itemListElement\":[{\"@type\":\"ListItem\",\"position\":1,\"name\":\"Accueil\",\"item\":\"https:\/\/www.lokornmad.bzh\/\"},{\"@type\":\"ListItem\",\"position\":2,\"name\":\"Boutique\",\"item\":\"https:\/\/www.lokornmad.bzh\/boutique\/\"},{\"@type\":\"ListItem\",\"position\":3,\"name\":\"KOFE 532\"}]},{\"@type\":\"WebSite\",\"@id\":\"https:\/\/www.lokornmad.bzh\/#website\",\"url\":\"https:\/\/www.lokornmad.bzh\/\",\"name\":\"Lokorn Mad\",\"description\":\"Comptoir des Producteurs du Finist\u00e8re\",\"publisher\":{\"@id\":\"https:\/\/www.lokornmad.bzh\/#organization\"},\"potentialAction\":[{\"@type\":\"SearchAction\",\"target\":{\"@type\":\"EntryPoint\",\"urlTemplate\":\"https:\/\/www.lokornmad.bzh\/?s={search_term_string}\"},\"query-input\":{\"@type\":\"PropertyValueSpecification\",\"valueRequired\":true,\"valueName\":\"search_term_string\"}}],\"inLanguage\":\"en-GB\"},{\"@type\":\"Organization\",\"@id\":\"https:\/\/www.lokornmad.bzh\/#organization\",\"name\":\"Lokorn Mad\",\"url\":\"https:\/\/www.lokornmad.bzh\/\",\"logo\":{\"@type\":\"ImageObject\",\"inLanguage\":\"en-GB\",\"@id\":\"https:\/\/www.lokornmad.bzh\/#\/schema\/logo\/image\/\",\"url\":\"https:\/\/www.lokornmad.bzh\/wp-content\/uploads\/2021\/10\/bandeau-LokornMad.png\",\"contentUrl\":\"https:\/\/www.lokornmad.bzh\/wp-content\/uploads\/2021\/10\/bandeau-LokornMad.png\",\"width\":824,\"height\":228,\"caption\":\"Lokorn Mad\"},\"image\":{\"@id\":\"https:\/\/www.lokornmad.bzh\/#\/schema\/logo\/image\/\"},\"sameAs\":[\"https:\/\/www.facebook.com\/lokornmad\",\"https:\/\/www.instagram.com\/lokornmad\/\"]}]}<\/script>\n<!-- \/ Yoast SEO plugin. -->","yoast_head_json":{"title":"KOFE 532 - Lokorn Mad","description":"Le Kof\u00e9 532 de Yoann Gouery est un subtil m\u00e9lange de Petit \u00e9peautre, d'orge mond\u00e9 et de malt d'orge. Enfin! un caf\u00e9 local chez Lokorn'Mad","robots":{"index":"index","follow":"follow","max-snippet":"max-snippet:-1","max-image-preview":"max-image-preview:large","max-video-preview":"max-video-preview:-1"},"canonical":"https:\/\/www.lokornmad.bzh\/en\/boutique\/non-classe\/kofe-532\/","og_locale":"en_GB","og_type":"article","og_title":"KOFE 532 - Lokorn Mad","og_description":"Le Kof\u00e9 532 de Yoann Gouery est un subtil m\u00e9lange de Petit \u00e9peautre, d'orge mond\u00e9 et de malt d'orge. Enfin! un caf\u00e9 local chez Lokorn'Mad","og_url":"https:\/\/www.lokornmad.bzh\/en\/boutique\/non-classe\/kofe-532\/","og_site_name":"Lokorn Mad","article_publisher":"https:\/\/www.facebook.com\/lokornmad","article_modified_time":"2025-03-13T13:00:43+00:00","og_image":[{"width":1000,"height":1000,"url":"https:\/\/www.lokornmad.bzh\/wp-content\/uploads\/2024\/05\/kofe-532-200gr-2023-2.jpg","type":"image\/jpeg"}],"twitter_card":"summary_large_image","twitter_misc":{"Estimated reading time":"1 minute"},"schema":{"@context":"https:\/\/schema.org","@graph":[{"@type":"WebPage","@id":"https:\/\/www.lokornmad.bzh\/boutique\/non-classe\/kofe-532\/","url":"https:\/\/www.lokornmad.bzh\/boutique\/non-classe\/kofe-532\/","name":"KOFE 532 - Lokorn Mad","isPartOf":{"@id":"https:\/\/www.lokornmad.bzh\/#website"},"primaryImageOfPage":{"@id":"https:\/\/www.lokornmad.bzh\/boutique\/non-classe\/kofe-532\/#primaryimage"},"image":{"@id":"https:\/\/www.lokornmad.bzh\/boutique\/non-classe\/kofe-532\/#primaryimage"},"thumbnailUrl":"https:\/\/www.lokornmad.bzh\/wp-content\/uploads\/2024\/05\/kofe-532-200gr-2023-2.jpg","datePublished":"2024-05-28T14:03:00+00:00","dateModified":"2025-03-13T13:00:43+00:00","description":"Le Kof\u00e9 532 de Yoann Gouery est un subtil m\u00e9lange de Petit \u00e9peautre, d'orge mond\u00e9 et de malt d'orge. Enfin! un caf\u00e9 local chez Lokorn'Mad","breadcrumb":{"@id":"https:\/\/www.lokornmad.bzh\/boutique\/non-classe\/kofe-532\/#breadcrumb"},"inLanguage":"en-GB","potentialAction":[{"@type":"ReadAction","target":["https:\/\/www.lokornmad.bzh\/boutique\/non-classe\/kofe-532\/"]}]},{"@type":"ImageObject","inLanguage":"en-GB","@id":"https:\/\/www.lokornmad.bzh\/boutique\/non-classe\/kofe-532\/#primaryimage","url":"https:\/\/www.lokornmad.bzh\/wp-content\/uploads\/2024\/05\/kofe-532-200gr-2023-2.jpg","contentUrl":"https:\/\/www.lokornmad.bzh\/wp-content\/uploads\/2024\/05\/kofe-532-200gr-2023-2.jpg","width":1000,"height":1000},{"@type":"BreadcrumbList","@id":"https:\/\/www.lokornmad.bzh\/boutique\/non-classe\/kofe-532\/#breadcrumb","itemListElement":[{"@type":"ListItem","position":1,"name":"Accueil","item":"https:\/\/www.lokornmad.bzh\/"},{"@type":"ListItem","position":2,"name":"Boutique","item":"https:\/\/www.lokornmad.bzh\/boutique\/"},{"@type":"ListItem","position":3,"name":"KOFE 532"}]},{"@type":"WebSite","@id":"https:\/\/www.lokornmad.bzh\/#website","url":"https:\/\/www.lokornmad.bzh\/","name":"Lokorn Mad","description":"Comptoir des Producteurs du Finist\u00e8re","publisher":{"@id":"https:\/\/www.lokornmad.bzh\/#organization"},"potentialAction":[{"@type":"SearchAction","target":{"@type":"EntryPoint","urlTemplate":"https:\/\/www.lokornmad.bzh\/?s={search_term_string}"},"query-input":{"@type":"PropertyValueSpecification","valueRequired":true,"valueName":"search_term_string"}}],"inLanguage":"en-GB"},{"@type":"Organization","@id":"https:\/\/www.lokornmad.bzh\/#organization","name":"Lokorn Mad","url":"https:\/\/www.lokornmad.bzh\/","logo":{"@type":"ImageObject","inLanguage":"en-GB","@id":"https:\/\/www.lokornmad.bzh\/#\/schema\/logo\/image\/","url":"https:\/\/www.lokornmad.bzh\/wp-content\/uploads\/2021\/10\/bandeau-LokornMad.png","contentUrl":"https:\/\/www.lokornmad.bzh\/wp-content\/uploads\/2021\/10\/bandeau-LokornMad.png","width":824,"height":228,"caption":"Lokorn Mad"},"image":{"@id":"https:\/\/www.lokornmad.bzh\/#\/schema\/logo\/image\/"},"sameAs":["https:\/\/www.facebook.com\/lokornmad","https:\/\/www.instagram.com\/lokornmad\/"]}]}},"_links":{"self":[{"href":"https:\/\/www.lokornmad.bzh\/en\/wp-json\/wp\/v2\/product\/1020","targetHints":{"allow":["GET"]}}],"collection":[{"href":"https:\/\/www.lokornmad.bzh\/en\/wp-json\/wp\/v2\/product"}],"about":[{"href":"https:\/\/www.lokornmad.bzh\/en\/wp-json\/wp\/v2\/types\/product"}],"replies":[{"embeddable":true,"href":"https:\/\/www.lokornmad.bzh\/en\/wp-json\/wp\/v2\/comments?post=1020"}],"wp:featuredmedia":[{"embeddable":true,"href":"https:\/\/www.lokornmad.bzh\/en\/wp-json\/wp\/v2\/media\/1021"}],"wp:attachment":[{"href":"https:\/\/www.lokornmad.bzh\/en\/wp-json\/wp\/v2\/media?parent=1020"}],"wp:term":[{"taxonomy":"product_cat","embeddable":true,"href":"https:\/\/www.lokornmad.bzh\/en\/wp-json\/wp\/v2\/product_cat?post=1020"},{"taxonomy":"product_tag","embeddable":true,"href":"https:\/\/www.lokornmad.bzh\/en\/wp-json\/wp\/v2\/product_tag?post=1020"},{"taxonomy":"berocket_brand","embeddable":true,"href":"https:\/\/www.lokornmad.bzh\/en\/wp-json\/wp\/v2\/berocket_brand?post=1020"}],"curies":[{"name":"wp","href":"https:\/\/api.w.org\/{rel}","templated":true}]}}