{"id":1027,"date":"2024-08-24T17:29:18","date_gmt":"2024-08-24T15:29:18","guid":{"rendered":"https:\/\/www.lokornmad.bzh\/?post_type=product&#038;p=1027"},"modified":"2025-03-06T09:09:08","modified_gmt":"2025-03-06T08:09:08","slug":"tisane-printemps","status":"publish","type":"product","link":"https:\/\/www.lokornmad.bzh\/en\/boutique\/boissons\/thes-et-tisanes\/tisane-printemps\/","title":{"rendered":"Spring Herbal Tea"},"content":{"rendered":"<p>Nettle(Urtica D\u00efoica), Rosemary ( Rosmanirus officinalis) Citronella ( Cymbopogon citratus)<\/p>\n<p><strong>Spring: Liver and gallbladder season<\/strong><\/p>\n<h5 class=\"font_7 wixui-rich-text__text\">Spring heralds a new cycle.<\/h5>\n<h5 class=\"font_7 wixui-rich-text__text\">the awakening, the rising of the Sun in the East, the blossoming, the rising of sap, the germination of seeds, nature becomes more beautiful. Spring is linked to the wind, its element is Wood, they embody mobilisation, externalisation, communication and decision-making.<\/h5>\n<h5 class=\"font_7 wixui-rich-text__text\">The organ involved is the liver and its viscera, the gallbladder. In the Asian tradition, a healthy liver is responsible for mental clarity and decision-making power. It is the home of the soul, spiritual strength.<\/h5>\n<p class=\"font_7 wixui-rich-text__text\">This herbal tea will help the Liver<\/p>\n<p class=\"font_7 wixui-rich-text__text\">helps to understand, resolve and move beyond traumas linked to the liver (childhood).<\/p>\n<p class=\"font_7 wixui-rich-text__text\">It's a good idea to work on your flexibility, like wood, throughout your life.<\/p>\n<p>&nbsp;<\/p>","protected":false},"excerpt":{"rendered":"<p>This blend of plants activates the purifying and detoxifying functions.<\/p>\n<p>This herbal tea is a springtime wake-up call after the winter.<\/p>","protected":false},"featured_media":1028,"comment_status":"closed","ping_status":"closed","template":"","meta":{"_acf_changed":false},"product_cat":[44],"product_tag":[],"berocket_brand":[285],"class_list":{"0":"post-1027","1":"product","2":"type-product","3":"status-publish","4":"has-post-thumbnail","6":"product_cat-thes-et-tisanes","7":"berocket_brand-larbotiker","9":"first","10":"instock","11":"featured","12":"taxable","13":"shipping-taxable","14":"purchasable","15":"product-type-simple"},"acf":[],"yoast_head":"<!-- This site is optimized with the Yoast SEO plugin v27.1.1 - https:\/\/yoast.com\/product\/yoast-seo-wordpress\/ -->\n<title>Tisane Printemps - Lokorn Mad<\/title>\n<meta name=\"description\" content=\"Ce m\u00e9lange de plantes active les fonctions de purifications et de d\u00e9toxifications. Cette tisane permet ainsi un \u00e9veil printanier, en sortie de l\u2019hiver.\" \/>\n<meta name=\"robots\" content=\"index, follow, max-snippet:-1, max-image-preview:large, max-video-preview:-1\" \/>\n<link rel=\"canonical\" href=\"https:\/\/www.lokornmad.bzh\/en\/boutique\/boissons\/thes-et-tisanes\/tisane-printemps\/\" \/>\n<meta property=\"og:locale\" content=\"en_GB\" \/>\n<meta property=\"og:type\" content=\"article\" \/>\n<meta property=\"og:title\" content=\"Tisane printemps\" \/>\n<meta property=\"og:description\" content=\"Ce m\u00e9lange de plantes active les fonctions de purifications et de d\u00e9toxifications.Cette tisane permet ainsi un \u00e9veil printanier, en sortie de l\u2019hiver.\" \/>\n<meta property=\"og:url\" content=\"https:\/\/www.lokornmad.bzh\/en\/boutique\/boissons\/thes-et-tisanes\/tisane-printemps\/\" \/>\n<meta property=\"og:site_name\" content=\"Lokorn Mad\" \/>\n<meta property=\"article:publisher\" content=\"https:\/\/www.facebook.com\/lokornmad\" \/>\n<meta property=\"article:modified_time\" content=\"2025-03-06T08:09:08+00:00\" \/>\n<meta property=\"og:image\" content=\"https:\/\/www.lokornmad.bzh\/wp-content\/uploads\/2024\/08\/IMG_1361-scaled.jpg\" \/>\n\t<meta property=\"og:image:width\" content=\"2048\" \/>\n\t<meta property=\"og:image:height\" content=\"2048\" \/>\n\t<meta property=\"og:image:type\" content=\"image\/jpeg\" \/>\n<meta name=\"twitter:card\" content=\"summary_large_image\" \/>\n<meta name=\"twitter:label1\" content=\"Estimated reading time\" \/>\n\t<meta name=\"twitter:data1\" content=\"1 minute\" \/>\n<script type=\"application\/ld+json\" class=\"yoast-schema-graph\">{\"@context\":\"https:\/\/schema.org\",\"@graph\":[{\"@type\":\"WebPage\",\"@id\":\"https:\/\/www.lokornmad.bzh\/boutique\/boissons\/thes-et-tisanes\/tisane-printemps\/\",\"url\":\"https:\/\/www.lokornmad.bzh\/boutique\/boissons\/thes-et-tisanes\/tisane-printemps\/\",\"name\":\"Tisane Printemps - Lokorn Mad\",\"isPartOf\":{\"@id\":\"https:\/\/www.lokornmad.bzh\/#website\"},\"primaryImageOfPage\":{\"@id\":\"https:\/\/www.lokornmad.bzh\/boutique\/boissons\/thes-et-tisanes\/tisane-printemps\/#primaryimage\"},\"image\":{\"@id\":\"https:\/\/www.lokornmad.bzh\/boutique\/boissons\/thes-et-tisanes\/tisane-printemps\/#primaryimage\"},\"thumbnailUrl\":\"https:\/\/www.lokornmad.bzh\/wp-content\/uploads\/2024\/08\/IMG_1361-scaled.jpg\",\"datePublished\":\"2024-08-24T15:29:18+00:00\",\"dateModified\":\"2025-03-06T08:09:08+00:00\",\"description\":\"Ce m\u00e9lange de plantes active les fonctions de purifications et de d\u00e9toxifications. Cette tisane permet ainsi un \u00e9veil printanier, en sortie de l\u2019hiver.\",\"breadcrumb\":{\"@id\":\"https:\/\/www.lokornmad.bzh\/boutique\/boissons\/thes-et-tisanes\/tisane-printemps\/#breadcrumb\"},\"inLanguage\":\"en-GB\",\"potentialAction\":[{\"@type\":\"ReadAction\",\"target\":[\"https:\/\/www.lokornmad.bzh\/boutique\/boissons\/thes-et-tisanes\/tisane-printemps\/\"]}]},{\"@type\":\"ImageObject\",\"inLanguage\":\"en-GB\",\"@id\":\"https:\/\/www.lokornmad.bzh\/boutique\/boissons\/thes-et-tisanes\/tisane-printemps\/#primaryimage\",\"url\":\"https:\/\/www.lokornmad.bzh\/wp-content\/uploads\/2024\/08\/IMG_1361-scaled.jpg\",\"contentUrl\":\"https:\/\/www.lokornmad.bzh\/wp-content\/uploads\/2024\/08\/IMG_1361-scaled.jpg\",\"width\":2048,\"height\":2048},{\"@type\":\"BreadcrumbList\",\"@id\":\"https:\/\/www.lokornmad.bzh\/boutique\/boissons\/thes-et-tisanes\/tisane-printemps\/#breadcrumb\",\"itemListElement\":[{\"@type\":\"ListItem\",\"position\":1,\"name\":\"Accueil\",\"item\":\"https:\/\/www.lokornmad.bzh\/\"},{\"@type\":\"ListItem\",\"position\":2,\"name\":\"Boutique\",\"item\":\"https:\/\/www.lokornmad.bzh\/boutique\/\"},{\"@type\":\"ListItem\",\"position\":3,\"name\":\"Tisane Printemps\"}]},{\"@type\":\"WebSite\",\"@id\":\"https:\/\/www.lokornmad.bzh\/#website\",\"url\":\"https:\/\/www.lokornmad.bzh\/\",\"name\":\"Lokorn Mad\",\"description\":\"Comptoir des Producteurs du Finist\u00e8re\",\"publisher\":{\"@id\":\"https:\/\/www.lokornmad.bzh\/#organization\"},\"potentialAction\":[{\"@type\":\"SearchAction\",\"target\":{\"@type\":\"EntryPoint\",\"urlTemplate\":\"https:\/\/www.lokornmad.bzh\/?s={search_term_string}\"},\"query-input\":{\"@type\":\"PropertyValueSpecification\",\"valueRequired\":true,\"valueName\":\"search_term_string\"}}],\"inLanguage\":\"en-GB\"},{\"@type\":\"Organization\",\"@id\":\"https:\/\/www.lokornmad.bzh\/#organization\",\"name\":\"Lokorn Mad\",\"url\":\"https:\/\/www.lokornmad.bzh\/\",\"logo\":{\"@type\":\"ImageObject\",\"inLanguage\":\"en-GB\",\"@id\":\"https:\/\/www.lokornmad.bzh\/#\/schema\/logo\/image\/\",\"url\":\"https:\/\/www.lokornmad.bzh\/wp-content\/uploads\/2021\/10\/bandeau-LokornMad.png\",\"contentUrl\":\"https:\/\/www.lokornmad.bzh\/wp-content\/uploads\/2021\/10\/bandeau-LokornMad.png\",\"width\":824,\"height\":228,\"caption\":\"Lokorn Mad\"},\"image\":{\"@id\":\"https:\/\/www.lokornmad.bzh\/#\/schema\/logo\/image\/\"},\"sameAs\":[\"https:\/\/www.facebook.com\/lokornmad\",\"https:\/\/www.instagram.com\/lokornmad\/\"]}]}<\/script>\n<!-- \/ Yoast SEO plugin. -->","yoast_head_json":{"title":"Tisane Printemps - Lokorn Mad","description":"Ce m\u00e9lange de plantes active les fonctions de purifications et de d\u00e9toxifications. Cette tisane permet ainsi un \u00e9veil printanier, en sortie de l\u2019hiver.","robots":{"index":"index","follow":"follow","max-snippet":"max-snippet:-1","max-image-preview":"max-image-preview:large","max-video-preview":"max-video-preview:-1"},"canonical":"https:\/\/www.lokornmad.bzh\/en\/boutique\/boissons\/thes-et-tisanes\/tisane-printemps\/","og_locale":"en_GB","og_type":"article","og_title":"Tisane printemps","og_description":"Ce m\u00e9lange de plantes active les fonctions de purifications et de d\u00e9toxifications.Cette tisane permet ainsi un \u00e9veil printanier, en sortie de l\u2019hiver.","og_url":"https:\/\/www.lokornmad.bzh\/en\/boutique\/boissons\/thes-et-tisanes\/tisane-printemps\/","og_site_name":"Lokorn Mad","article_publisher":"https:\/\/www.facebook.com\/lokornmad","article_modified_time":"2025-03-06T08:09:08+00:00","og_image":[{"width":2048,"height":2048,"url":"https:\/\/www.lokornmad.bzh\/wp-content\/uploads\/2024\/08\/IMG_1361-scaled.jpg","type":"image\/jpeg"}],"twitter_card":"summary_large_image","twitter_misc":{"Estimated reading time":"1 minute"},"schema":{"@context":"https:\/\/schema.org","@graph":[{"@type":"WebPage","@id":"https:\/\/www.lokornmad.bzh\/boutique\/boissons\/thes-et-tisanes\/tisane-printemps\/","url":"https:\/\/www.lokornmad.bzh\/boutique\/boissons\/thes-et-tisanes\/tisane-printemps\/","name":"Tisane Printemps - Lokorn Mad","isPartOf":{"@id":"https:\/\/www.lokornmad.bzh\/#website"},"primaryImageOfPage":{"@id":"https:\/\/www.lokornmad.bzh\/boutique\/boissons\/thes-et-tisanes\/tisane-printemps\/#primaryimage"},"image":{"@id":"https:\/\/www.lokornmad.bzh\/boutique\/boissons\/thes-et-tisanes\/tisane-printemps\/#primaryimage"},"thumbnailUrl":"https:\/\/www.lokornmad.bzh\/wp-content\/uploads\/2024\/08\/IMG_1361-scaled.jpg","datePublished":"2024-08-24T15:29:18+00:00","dateModified":"2025-03-06T08:09:08+00:00","description":"Ce m\u00e9lange de plantes active les fonctions de purifications et de d\u00e9toxifications. Cette tisane permet ainsi un \u00e9veil printanier, en sortie de l\u2019hiver.","breadcrumb":{"@id":"https:\/\/www.lokornmad.bzh\/boutique\/boissons\/thes-et-tisanes\/tisane-printemps\/#breadcrumb"},"inLanguage":"en-GB","potentialAction":[{"@type":"ReadAction","target":["https:\/\/www.lokornmad.bzh\/boutique\/boissons\/thes-et-tisanes\/tisane-printemps\/"]}]},{"@type":"ImageObject","inLanguage":"en-GB","@id":"https:\/\/www.lokornmad.bzh\/boutique\/boissons\/thes-et-tisanes\/tisane-printemps\/#primaryimage","url":"https:\/\/www.lokornmad.bzh\/wp-content\/uploads\/2024\/08\/IMG_1361-scaled.jpg","contentUrl":"https:\/\/www.lokornmad.bzh\/wp-content\/uploads\/2024\/08\/IMG_1361-scaled.jpg","width":2048,"height":2048},{"@type":"BreadcrumbList","@id":"https:\/\/www.lokornmad.bzh\/boutique\/boissons\/thes-et-tisanes\/tisane-printemps\/#breadcrumb","itemListElement":[{"@type":"ListItem","position":1,"name":"Accueil","item":"https:\/\/www.lokornmad.bzh\/"},{"@type":"ListItem","position":2,"name":"Boutique","item":"https:\/\/www.lokornmad.bzh\/boutique\/"},{"@type":"ListItem","position":3,"name":"Tisane Printemps"}]},{"@type":"WebSite","@id":"https:\/\/www.lokornmad.bzh\/#website","url":"https:\/\/www.lokornmad.bzh\/","name":"Lokorn Mad","description":"Comptoir des Producteurs du Finist\u00e8re","publisher":{"@id":"https:\/\/www.lokornmad.bzh\/#organization"},"potentialAction":[{"@type":"SearchAction","target":{"@type":"EntryPoint","urlTemplate":"https:\/\/www.lokornmad.bzh\/?s={search_term_string}"},"query-input":{"@type":"PropertyValueSpecification","valueRequired":true,"valueName":"search_term_string"}}],"inLanguage":"en-GB"},{"@type":"Organization","@id":"https:\/\/www.lokornmad.bzh\/#organization","name":"Lokorn Mad","url":"https:\/\/www.lokornmad.bzh\/","logo":{"@type":"ImageObject","inLanguage":"en-GB","@id":"https:\/\/www.lokornmad.bzh\/#\/schema\/logo\/image\/","url":"https:\/\/www.lokornmad.bzh\/wp-content\/uploads\/2021\/10\/bandeau-LokornMad.png","contentUrl":"https:\/\/www.lokornmad.bzh\/wp-content\/uploads\/2021\/10\/bandeau-LokornMad.png","width":824,"height":228,"caption":"Lokorn Mad"},"image":{"@id":"https:\/\/www.lokornmad.bzh\/#\/schema\/logo\/image\/"},"sameAs":["https:\/\/www.facebook.com\/lokornmad","https:\/\/www.instagram.com\/lokornmad\/"]}]}},"_links":{"self":[{"href":"https:\/\/www.lokornmad.bzh\/en\/wp-json\/wp\/v2\/product\/1027","targetHints":{"allow":["GET"]}}],"collection":[{"href":"https:\/\/www.lokornmad.bzh\/en\/wp-json\/wp\/v2\/product"}],"about":[{"href":"https:\/\/www.lokornmad.bzh\/en\/wp-json\/wp\/v2\/types\/product"}],"replies":[{"embeddable":true,"href":"https:\/\/www.lokornmad.bzh\/en\/wp-json\/wp\/v2\/comments?post=1027"}],"wp:featuredmedia":[{"embeddable":true,"href":"https:\/\/www.lokornmad.bzh\/en\/wp-json\/wp\/v2\/media\/1028"}],"wp:attachment":[{"href":"https:\/\/www.lokornmad.bzh\/en\/wp-json\/wp\/v2\/media?parent=1027"}],"wp:term":[{"taxonomy":"product_cat","embeddable":true,"href":"https:\/\/www.lokornmad.bzh\/en\/wp-json\/wp\/v2\/product_cat?post=1027"},{"taxonomy":"product_tag","embeddable":true,"href":"https:\/\/www.lokornmad.bzh\/en\/wp-json\/wp\/v2\/product_tag?post=1027"},{"taxonomy":"berocket_brand","embeddable":true,"href":"https:\/\/www.lokornmad.bzh\/en\/wp-json\/wp\/v2\/berocket_brand?post=1027"}],"curies":[{"name":"wp","href":"https:\/\/api.w.org\/{rel}","templated":true}]}}