{"id":1029,"date":"2024-08-24T18:02:53","date_gmt":"2024-08-24T16:02:53","guid":{"rendered":"https:\/\/www.lokornmad.bzh\/?post_type=product&#038;p=1029"},"modified":"2025-03-06T09:08:52","modified_gmt":"2025-03-06T08:08:52","slug":"tisane-ete","status":"publish","type":"product","link":"https:\/\/www.lokornmad.bzh\/en\/boutique\/boissons\/thes-et-tisanes\/tisane-ete\/","title":{"rendered":"Summer herbal tea"},"content":{"rendered":"<p><span>Hawthorn<\/span><em><span>\u00a0<\/span>(Crataegus monogyna),<span>\u00a0<\/span><\/em><span>Lemon balm<\/span><em><span>\u00a0<\/span>(Melissa officinalis),<span>\u00a0<\/span><\/em><span>Rose<\/span><em><span>\u00a0<\/span>(Rosa damascena),<span>\u00a0<\/span><\/em><span>Holy basil<\/span><em><span>\u00a0<\/span>(Ocimum tenuiflorum),<span>\u00a0<\/span><\/em><span>Elderberry<\/span><em><span>\u00a0<\/span>(Sambucus nigra)<\/em><\/p>\n<p class=\"font_7 wixui-rich-text__text\">At this time of year, nature is in full bloom.<\/p>\n<p class=\"font_7 wixui-rich-text__text\">It is reaching full maturity and vegetation is flourishing. Summer is the season when people tend to move, to express themselves, to communicate, to create and to dance. It's a highly changeable energy, reacting quickly to environmental factors.<\/p>\n<p class=\"font_7 wixui-rich-text__text\">\n<p class=\"font_7 wixui-rich-text__text\">The Fire element of summer is in tune with joy and brings spiritual awakening. It's the element that enlightens, in us it's consciousness, the fact of being awake, lucid, enlightened.<\/p>\n<p class=\"font_7 wixui-rich-text__text\">\n<p class=\"font_7 wixui-rich-text__text\">Summer is the season of the Heart. The heart governs the emotions, and if its energy is balanced, so are the emotions. A good heart brings good decisions, compassion and generosity. It is stimulated by the colour red and the bitter flavour.<\/p>\n<p class=\"font_7 wixui-rich-text__text\">\n<p class=\"font_7 wixui-rich-text__text\">A heart can be helped by the Liver if it has been well nourished in the spring.<\/p>","protected":false},"excerpt":{"rendered":"<p><span>This infusion has soothing properties for the heart and our energy, making it ideal for a good summer's rest.<\/span><\/p>","protected":false},"featured_media":1030,"comment_status":"closed","ping_status":"closed","template":"","meta":{"_acf_changed":false},"product_cat":[30,44],"product_tag":[],"berocket_brand":[285],"class_list":{"0":"post-1029","1":"product","2":"type-product","3":"status-publish","4":"has-post-thumbnail","6":"product_cat-boissons","7":"product_cat-thes-et-tisanes","8":"berocket_brand-larbotiker","10":"first","11":"instock","12":"taxable","13":"shipping-taxable","14":"purchasable","15":"product-type-simple"},"acf":[],"yoast_head":"<!-- This site is optimized with the Yoast SEO plugin v27.1.1 - https:\/\/yoast.com\/product\/yoast-seo-wordpress\/ -->\n<title>Tisane \u00e9t\u00e9 - Lokorn Mad<\/title>\n<meta name=\"description\" content=\"Nature foisonnante et \u00e9veil lumineux, ces plantes influeront sur l&#039;\u00e9nergie qui circule en vous. propice \u00e0 un bon repos estival.\" \/>\n<meta name=\"robots\" content=\"index, follow, max-snippet:-1, max-image-preview:large, max-video-preview:-1\" \/>\n<link rel=\"canonical\" href=\"https:\/\/www.lokornmad.bzh\/en\/boutique\/boissons\/thes-et-tisanes\/tisane-ete\/\" \/>\n<meta property=\"og:locale\" content=\"en_GB\" \/>\n<meta property=\"og:type\" content=\"article\" \/>\n<meta property=\"og:title\" content=\"Tisane \u00e9t\u00e9\" \/>\n<meta property=\"og:description\" content=\"Cette infusion apporte des vertus apaisantes du c\u0153ur et de notre \u00e9nergie, propice \u00e0 un bon repos estival.\" \/>\n<meta property=\"og:url\" content=\"https:\/\/www.lokornmad.bzh\/en\/boutique\/boissons\/thes-et-tisanes\/tisane-ete\/\" \/>\n<meta property=\"og:site_name\" content=\"Lokorn Mad\" \/>\n<meta property=\"article:publisher\" content=\"https:\/\/www.facebook.com\/lokornmad\" \/>\n<meta property=\"article:modified_time\" content=\"2025-03-06T08:08:52+00:00\" \/>\n<meta property=\"og:image\" content=\"https:\/\/www.lokornmad.bzh\/wp-content\/uploads\/2024\/08\/IMG_1363-scaled.jpg\" \/>\n\t<meta property=\"og:image:width\" content=\"2048\" \/>\n\t<meta property=\"og:image:height\" content=\"2048\" \/>\n\t<meta property=\"og:image:type\" content=\"image\/jpeg\" \/>\n<meta name=\"twitter:card\" content=\"summary_large_image\" \/>\n<meta name=\"twitter:label1\" content=\"Estimated reading time\" \/>\n\t<meta name=\"twitter:data1\" content=\"1 minute\" \/>\n<script type=\"application\/ld+json\" class=\"yoast-schema-graph\">{\"@context\":\"https:\/\/schema.org\",\"@graph\":[{\"@type\":\"WebPage\",\"@id\":\"https:\/\/www.lokornmad.bzh\/boutique\/boissons\/thes-et-tisanes\/tisane-ete\/\",\"url\":\"https:\/\/www.lokornmad.bzh\/boutique\/boissons\/thes-et-tisanes\/tisane-ete\/\",\"name\":\"Tisane \u00e9t\u00e9 - Lokorn Mad\",\"isPartOf\":{\"@id\":\"https:\/\/www.lokornmad.bzh\/#website\"},\"primaryImageOfPage\":{\"@id\":\"https:\/\/www.lokornmad.bzh\/boutique\/boissons\/thes-et-tisanes\/tisane-ete\/#primaryimage\"},\"image\":{\"@id\":\"https:\/\/www.lokornmad.bzh\/boutique\/boissons\/thes-et-tisanes\/tisane-ete\/#primaryimage\"},\"thumbnailUrl\":\"https:\/\/www.lokornmad.bzh\/wp-content\/uploads\/2024\/08\/IMG_1363-scaled.jpg\",\"datePublished\":\"2024-08-24T16:02:53+00:00\",\"dateModified\":\"2025-03-06T08:08:52+00:00\",\"description\":\"Nature foisonnante et \u00e9veil lumineux, ces plantes influeront sur l'\u00e9nergie qui circule en vous. propice \u00e0 un bon repos estival.\",\"breadcrumb\":{\"@id\":\"https:\/\/www.lokornmad.bzh\/boutique\/boissons\/thes-et-tisanes\/tisane-ete\/#breadcrumb\"},\"inLanguage\":\"en-GB\",\"potentialAction\":[{\"@type\":\"ReadAction\",\"target\":[\"https:\/\/www.lokornmad.bzh\/boutique\/boissons\/thes-et-tisanes\/tisane-ete\/\"]}]},{\"@type\":\"ImageObject\",\"inLanguage\":\"en-GB\",\"@id\":\"https:\/\/www.lokornmad.bzh\/boutique\/boissons\/thes-et-tisanes\/tisane-ete\/#primaryimage\",\"url\":\"https:\/\/www.lokornmad.bzh\/wp-content\/uploads\/2024\/08\/IMG_1363-scaled.jpg\",\"contentUrl\":\"https:\/\/www.lokornmad.bzh\/wp-content\/uploads\/2024\/08\/IMG_1363-scaled.jpg\",\"width\":2048,\"height\":2048,\"caption\":\"Tisane \u00e9t\u00e9\"},{\"@type\":\"BreadcrumbList\",\"@id\":\"https:\/\/www.lokornmad.bzh\/boutique\/boissons\/thes-et-tisanes\/tisane-ete\/#breadcrumb\",\"itemListElement\":[{\"@type\":\"ListItem\",\"position\":1,\"name\":\"Accueil\",\"item\":\"https:\/\/www.lokornmad.bzh\/\"},{\"@type\":\"ListItem\",\"position\":2,\"name\":\"Boutique\",\"item\":\"https:\/\/www.lokornmad.bzh\/boutique\/\"},{\"@type\":\"ListItem\",\"position\":3,\"name\":\"Tisane \u00e9t\u00e9\"}]},{\"@type\":\"WebSite\",\"@id\":\"https:\/\/www.lokornmad.bzh\/#website\",\"url\":\"https:\/\/www.lokornmad.bzh\/\",\"name\":\"Lokorn Mad\",\"description\":\"Comptoir des Producteurs du Finist\u00e8re\",\"publisher\":{\"@id\":\"https:\/\/www.lokornmad.bzh\/#organization\"},\"potentialAction\":[{\"@type\":\"SearchAction\",\"target\":{\"@type\":\"EntryPoint\",\"urlTemplate\":\"https:\/\/www.lokornmad.bzh\/?s={search_term_string}\"},\"query-input\":{\"@type\":\"PropertyValueSpecification\",\"valueRequired\":true,\"valueName\":\"search_term_string\"}}],\"inLanguage\":\"en-GB\"},{\"@type\":\"Organization\",\"@id\":\"https:\/\/www.lokornmad.bzh\/#organization\",\"name\":\"Lokorn Mad\",\"url\":\"https:\/\/www.lokornmad.bzh\/\",\"logo\":{\"@type\":\"ImageObject\",\"inLanguage\":\"en-GB\",\"@id\":\"https:\/\/www.lokornmad.bzh\/#\/schema\/logo\/image\/\",\"url\":\"https:\/\/www.lokornmad.bzh\/wp-content\/uploads\/2021\/10\/bandeau-LokornMad.png\",\"contentUrl\":\"https:\/\/www.lokornmad.bzh\/wp-content\/uploads\/2021\/10\/bandeau-LokornMad.png\",\"width\":824,\"height\":228,\"caption\":\"Lokorn Mad\"},\"image\":{\"@id\":\"https:\/\/www.lokornmad.bzh\/#\/schema\/logo\/image\/\"},\"sameAs\":[\"https:\/\/www.facebook.com\/lokornmad\",\"https:\/\/www.instagram.com\/lokornmad\/\"]}]}<\/script>\n<!-- \/ Yoast SEO plugin. -->","yoast_head_json":{"title":"Tisane \u00e9t\u00e9 - Lokorn Mad","description":"Nature foisonnante et \u00e9veil lumineux, ces plantes influeront sur l'\u00e9nergie qui circule en vous. propice \u00e0 un bon repos estival.","robots":{"index":"index","follow":"follow","max-snippet":"max-snippet:-1","max-image-preview":"max-image-preview:large","max-video-preview":"max-video-preview:-1"},"canonical":"https:\/\/www.lokornmad.bzh\/en\/boutique\/boissons\/thes-et-tisanes\/tisane-ete\/","og_locale":"en_GB","og_type":"article","og_title":"Tisane \u00e9t\u00e9","og_description":"Cette infusion apporte des vertus apaisantes du c\u0153ur et de notre \u00e9nergie, propice \u00e0 un bon repos estival.","og_url":"https:\/\/www.lokornmad.bzh\/en\/boutique\/boissons\/thes-et-tisanes\/tisane-ete\/","og_site_name":"Lokorn Mad","article_publisher":"https:\/\/www.facebook.com\/lokornmad","article_modified_time":"2025-03-06T08:08:52+00:00","og_image":[{"width":2048,"height":2048,"url":"https:\/\/www.lokornmad.bzh\/wp-content\/uploads\/2024\/08\/IMG_1363-scaled.jpg","type":"image\/jpeg"}],"twitter_card":"summary_large_image","twitter_misc":{"Estimated reading time":"1 minute"},"schema":{"@context":"https:\/\/schema.org","@graph":[{"@type":"WebPage","@id":"https:\/\/www.lokornmad.bzh\/boutique\/boissons\/thes-et-tisanes\/tisane-ete\/","url":"https:\/\/www.lokornmad.bzh\/boutique\/boissons\/thes-et-tisanes\/tisane-ete\/","name":"Tisane \u00e9t\u00e9 - Lokorn Mad","isPartOf":{"@id":"https:\/\/www.lokornmad.bzh\/#website"},"primaryImageOfPage":{"@id":"https:\/\/www.lokornmad.bzh\/boutique\/boissons\/thes-et-tisanes\/tisane-ete\/#primaryimage"},"image":{"@id":"https:\/\/www.lokornmad.bzh\/boutique\/boissons\/thes-et-tisanes\/tisane-ete\/#primaryimage"},"thumbnailUrl":"https:\/\/www.lokornmad.bzh\/wp-content\/uploads\/2024\/08\/IMG_1363-scaled.jpg","datePublished":"2024-08-24T16:02:53+00:00","dateModified":"2025-03-06T08:08:52+00:00","description":"Nature foisonnante et \u00e9veil lumineux, ces plantes influeront sur l'\u00e9nergie qui circule en vous. propice \u00e0 un bon repos estival.","breadcrumb":{"@id":"https:\/\/www.lokornmad.bzh\/boutique\/boissons\/thes-et-tisanes\/tisane-ete\/#breadcrumb"},"inLanguage":"en-GB","potentialAction":[{"@type":"ReadAction","target":["https:\/\/www.lokornmad.bzh\/boutique\/boissons\/thes-et-tisanes\/tisane-ete\/"]}]},{"@type":"ImageObject","inLanguage":"en-GB","@id":"https:\/\/www.lokornmad.bzh\/boutique\/boissons\/thes-et-tisanes\/tisane-ete\/#primaryimage","url":"https:\/\/www.lokornmad.bzh\/wp-content\/uploads\/2024\/08\/IMG_1363-scaled.jpg","contentUrl":"https:\/\/www.lokornmad.bzh\/wp-content\/uploads\/2024\/08\/IMG_1363-scaled.jpg","width":2048,"height":2048,"caption":"Tisane \u00e9t\u00e9"},{"@type":"BreadcrumbList","@id":"https:\/\/www.lokornmad.bzh\/boutique\/boissons\/thes-et-tisanes\/tisane-ete\/#breadcrumb","itemListElement":[{"@type":"ListItem","position":1,"name":"Accueil","item":"https:\/\/www.lokornmad.bzh\/"},{"@type":"ListItem","position":2,"name":"Boutique","item":"https:\/\/www.lokornmad.bzh\/boutique\/"},{"@type":"ListItem","position":3,"name":"Tisane \u00e9t\u00e9"}]},{"@type":"WebSite","@id":"https:\/\/www.lokornmad.bzh\/#website","url":"https:\/\/www.lokornmad.bzh\/","name":"Lokorn Mad","description":"Comptoir des Producteurs du Finist\u00e8re","publisher":{"@id":"https:\/\/www.lokornmad.bzh\/#organization"},"potentialAction":[{"@type":"SearchAction","target":{"@type":"EntryPoint","urlTemplate":"https:\/\/www.lokornmad.bzh\/?s={search_term_string}"},"query-input":{"@type":"PropertyValueSpecification","valueRequired":true,"valueName":"search_term_string"}}],"inLanguage":"en-GB"},{"@type":"Organization","@id":"https:\/\/www.lokornmad.bzh\/#organization","name":"Lokorn Mad","url":"https:\/\/www.lokornmad.bzh\/","logo":{"@type":"ImageObject","inLanguage":"en-GB","@id":"https:\/\/www.lokornmad.bzh\/#\/schema\/logo\/image\/","url":"https:\/\/www.lokornmad.bzh\/wp-content\/uploads\/2021\/10\/bandeau-LokornMad.png","contentUrl":"https:\/\/www.lokornmad.bzh\/wp-content\/uploads\/2021\/10\/bandeau-LokornMad.png","width":824,"height":228,"caption":"Lokorn Mad"},"image":{"@id":"https:\/\/www.lokornmad.bzh\/#\/schema\/logo\/image\/"},"sameAs":["https:\/\/www.facebook.com\/lokornmad","https:\/\/www.instagram.com\/lokornmad\/"]}]}},"_links":{"self":[{"href":"https:\/\/www.lokornmad.bzh\/en\/wp-json\/wp\/v2\/product\/1029","targetHints":{"allow":["GET"]}}],"collection":[{"href":"https:\/\/www.lokornmad.bzh\/en\/wp-json\/wp\/v2\/product"}],"about":[{"href":"https:\/\/www.lokornmad.bzh\/en\/wp-json\/wp\/v2\/types\/product"}],"replies":[{"embeddable":true,"href":"https:\/\/www.lokornmad.bzh\/en\/wp-json\/wp\/v2\/comments?post=1029"}],"wp:featuredmedia":[{"embeddable":true,"href":"https:\/\/www.lokornmad.bzh\/en\/wp-json\/wp\/v2\/media\/1030"}],"wp:attachment":[{"href":"https:\/\/www.lokornmad.bzh\/en\/wp-json\/wp\/v2\/media?parent=1029"}],"wp:term":[{"taxonomy":"product_cat","embeddable":true,"href":"https:\/\/www.lokornmad.bzh\/en\/wp-json\/wp\/v2\/product_cat?post=1029"},{"taxonomy":"product_tag","embeddable":true,"href":"https:\/\/www.lokornmad.bzh\/en\/wp-json\/wp\/v2\/product_tag?post=1029"},{"taxonomy":"berocket_brand","embeddable":true,"href":"https:\/\/www.lokornmad.bzh\/en\/wp-json\/wp\/v2\/berocket_brand?post=1029"}],"curies":[{"name":"wp","href":"https:\/\/api.w.org\/{rel}","templated":true}]}}