{"id":1033,"date":"2024-08-27T15:29:25","date_gmt":"2024-08-27T13:29:25","guid":{"rendered":"https:\/\/www.lokornmad.bzh\/?post_type=product&#038;p=1033"},"modified":"2025-03-06T09:06:33","modified_gmt":"2025-03-06T08:06:33","slug":"tisane-hiver","status":"publish","type":"product","link":"https:\/\/www.lokornmad.bzh\/en\/boutique\/boissons\/thes-et-tisanes\/tisane-hiver\/","title":{"rendered":"Winter Herbal Tea"},"content":{"rendered":"<div id=\"bgLayers_comp-l6c7qzzp3\" class=\"MW5IWV\" data-hook=\"bgLayers\" data-motion-part=\"BG_LAYER\">\n<div id=\"bgMedia_comp-l6c7qzzp3\" class=\"VgO9Yg\" data-motion-part=\"BG_MEDIA\"><\/div>\n<\/div>\n<div class=\"\" data-mesh-id=\"comp-l6c7qzzp3inlineContent\" data-testid=\"inline-content\">\n<div data-mesh-id=\"comp-l6c7qzzp3inlineContent-gridContainer\" data-testid=\"mesh-container-content\">\n<div id=\"comp-l6c7qzzp9\" class=\"HcOXKn c9GqVL QxJLC3 comp-l6c7qzzp9 wixui-rich-text\" data-testid=\"richTextElement\">\n<h1 class=\"font_0 wixui-rich-text__text\"><span class=\"wixui-rich-text__text\">Winter<\/span><\/h1>\n<\/div>\n<div id=\"comp-l6c7qzzq2\" class=\"HcOXKn c9GqVL QxJLC3 comp-l6c7qzzq2 wixui-rich-text\" data-testid=\"richTextElement\">\n<p class=\"font_8 wixui-rich-text__text\"><span class=\"wixui-rich-text__text\">Kidney and Bladder Season<\/span><\/p>\n<div id=\"bgLayers_comp-l6c7qzzr7\" class=\"MW5IWV\" data-hook=\"bgLayers\" data-motion-part=\"BG_LAYER\">\n<div id=\"bgMedia_comp-l6c7qzzr7\" class=\"VgO9Yg\" data-motion-part=\"BG_MEDIA\"><\/div>\n<\/div>\n<div class=\"\" data-mesh-id=\"comp-l6c7qzzr7inlineContent\" data-testid=\"inline-content\">\n<div data-mesh-id=\"comp-l6c7qzzr7inlineContent-gridContainer\" data-testid=\"mesh-container-content\">\n<div id=\"comp-l6c7qzzs1\" class=\"HcOXKn c9GqVL QxJLC3 comp-l6c7qzzs1 wixui-rich-text\" data-testid=\"richTextElement\">\n<p class=\"font_7 wixui-rich-text__text\">Winter is the season when the cold sets in, when it's important to keep warm and protect yourself from the cold.<\/p>\n<p class=\"font_7 wixui-rich-text__text\">It's a time of rest, of hibernation in a way, so conserving your energy is good for the spring that follows.<\/p>\n<p class=\"font_7 wixui-rich-text__text\">This season is linked to the element Water, it is the height of Yin, the nights are long. In nature, everything is at rest, the sap has flowed back, the leaves have fallen and the trees are bare.<\/p>\n<p class=\"font_7 wixui-rich-text__text\"><span class=\"wixGuard wixui-rich-text__text\">\u200b<\/span><\/p>\n<p class=\"font_7 wixui-rich-text__text\">Like nature, we have to accept this slowdown and avoid any deviations, as this would make spring more difficult.<\/p>\n<p class=\"font_7 wixui-rich-text__text\">In winter, the energies linked to the kidneys and bladder are mobilised. The kidneys house the Jing, the innate energy that diminishes throughout our lives, like a candle.<\/p>\n<p class=\"font_7 wixui-rich-text__text\">The kidneys and bladder control emotions (cystitis: fear, shock; adrenals: stress).<\/p>\n<p class=\"font_7 wixui-rich-text__text\">Regularity is essential to preserve the energy of the kidneys, by respecting the rules of hygiene and diet.<\/p>\n<div id=\"comp-l6c7qzzv2\" class=\"HcOXKn c9GqVL QxJLC3 comp-l6c7qzzv2 wixui-rich-text\" data-testid=\"richTextElement\">\n<p class=\"font_3 wixui-rich-text__text\"><strong><span class=\"wixui-rich-text__text\">Kidney and bladder energy balances and imbalances<\/span><\/strong><\/p>\n<\/div>\n<div id=\"comp-l6c7qzzv6\" class=\"HcOXKn c9GqVL QxJLC3 comp-l6c7qzzv6 wixui-rich-text\" data-testid=\"richTextElement\">\n<p class=\"font_9 wixui-rich-text__text\">A person with balanced kidney and bladder energy will be strong-willed, meticulous, precise and a good listener.<\/p>\n<p class=\"font_9 wixui-rich-text__text\">If the Kidneys have too much energy, they will be strongly mobilised, leading to severity, rigidity and authoritarianism. A lack of energy, on the other hand, brings anxiety, fear, restlessness and weakness.<\/p>\n<div id=\"comp-l6c7qzzx2\" class=\"HcOXKn c9GqVL QxJLC3 comp-l6c7qzzx2 wixui-rich-text\" data-testid=\"richTextElement\">\n<p class=\"font_3 wixui-rich-text__text\"><span class=\"wixui-rich-text__text\">Power supply<\/span><\/p>\n<\/div>\n<div id=\"comp-l6c7qzzx6\" class=\"HcOXKn c9GqVL QxJLC3 comp-l6c7qzzx6 wixui-rich-text\" data-testid=\"richTextElement\">\n<p class=\"font_9 wixui-rich-text__text\">\u00a0In winter, to keep our bodies warm, it's important to drink warm, even water should be warm. This is THE time for soups and broths.<\/p>\n<p class=\"font_9 wixui-rich-text__text\">The salty flavour stimulates the kidneys and retains heat, so root vegetables are a good choice. Good cereals in winter are oats and buckwheat.<\/p>\n<p class=\"font_9 wixui-rich-text__text\">Seaweed is an excellent ally for the kidneys, which react very quickly to changes in food.<\/p>\n<\/div>\n<\/div>\n<\/div>\n<\/div>\n<\/div>\n<\/div>\n<\/div>\n<\/div>","protected":false},"excerpt":{"rendered":"<ul class=\"YInLPU\" data-hook=\"collapse-info-section\">\n<li class=\"KHWbzo undefined\" data-hook=\"collapse-info-item\">\n<h2 class=\"sZg4jFb obhdl_Q---typography-11-runningText obhdl_Q---priority-7-primary _HOcyB x4nptw sxbtulv\" aria-hidden=\"false\" data-hook=\"info-section-title\">Composition<\/h2>\n<div class=\"rah-static rah-static--height-auto\" aria-hidden=\"false\">\n<div>\n<div class=\"ulKuLk QfrfFD cell\">\n<div class=\"zp8uy2\" data-hook=\"info-section-description\">\n<p>Thyme<em><span>\u00a0<\/span>(Thymus officinalis),<span>\u00a0<\/span><\/em>Cassis<span>\u00a0<\/span><em>(Ribes nigrum),<span>\u00a0<\/span><\/em>Marshmallow<em><span>\u00a0<\/span>(Altheae officinalis),<\/em><span>\u00a0<\/span>Meadowsweet<span>\u00a0<\/span><em>(Ulmaria filipendula),<span>\u00a0<\/span><\/em>Artemisia<span>\u00a0<\/span><em>(Artemisia annua)<\/em><\/p>\n<\/div>\n<\/div>\n<\/div>\n<\/div>\n<\/li>\n<\/ul>","protected":false},"featured_media":1034,"comment_status":"closed","ping_status":"closed","template":"","meta":{"_acf_changed":false},"product_cat":[30,44],"product_tag":[],"berocket_brand":[285],"class_list":{"0":"post-1033","1":"product","2":"type-product","3":"status-publish","4":"has-post-thumbnail","6":"product_cat-boissons","7":"product_cat-thes-et-tisanes","8":"berocket_brand-larbotiker","10":"first","11":"instock","12":"taxable","13":"shipping-taxable","14":"purchasable","15":"product-type-simple"},"acf":[],"yoast_head":"<!-- This site is optimized with the Yoast SEO plugin v27.1.1 - https:\/\/yoast.com\/product\/yoast-seo-wordpress\/ -->\n<title>Tisane Hiver - Lokorn Mad<\/title>\n<meta name=\"description\" content=\"Int\u00e9riorisation, repos, et protection sont les ma\u00eetres mots de l\u2019hiver. Par cette infusion, nous vous proposons d\u2019\u00e9liminer vos impuret\u00e9s et de renforcer vos d\u00e9fenses immunitaires. En compl\u00e9ment d&#039;une alimentation riche en bouillons et soupes\" \/>\n<meta name=\"robots\" content=\"index, follow, max-snippet:-1, max-image-preview:large, max-video-preview:-1\" \/>\n<link rel=\"canonical\" href=\"https:\/\/www.lokornmad.bzh\/en\/boutique\/boissons\/thes-et-tisanes\/tisane-hiver\/\" \/>\n<meta property=\"og:locale\" content=\"en_GB\" \/>\n<meta property=\"og:type\" content=\"article\" \/>\n<meta property=\"og:title\" content=\"Tisane Hiver\" \/>\n<meta property=\"og:description\" content=\"Int\u00e9riorisation, repos, et protection sont les ma\u00eetres mots de l\u2019hiver. Par cette infusion, nous vous proposons d\u2019\u00e9liminer vos impuret\u00e9s et de renforcer vos d\u00e9fenses immunitaires.\" \/>\n<meta property=\"og:url\" content=\"https:\/\/www.lokornmad.bzh\/en\/boutique\/boissons\/thes-et-tisanes\/tisane-hiver\/\" \/>\n<meta property=\"og:site_name\" content=\"Lokorn Mad\" \/>\n<meta property=\"article:publisher\" content=\"https:\/\/www.facebook.com\/lokornmad\" \/>\n<meta property=\"article:modified_time\" content=\"2025-03-06T08:06:33+00:00\" \/>\n<meta property=\"og:image\" content=\"https:\/\/www.lokornmad.bzh\/wp-content\/uploads\/2024\/08\/IMG_1365-scaled.jpg\" \/>\n\t<meta property=\"og:image:width\" content=\"1536\" \/>\n\t<meta property=\"og:image:height\" content=\"2048\" \/>\n\t<meta property=\"og:image:type\" content=\"image\/jpeg\" \/>\n<meta name=\"twitter:card\" content=\"summary_large_image\" \/>\n<meta name=\"twitter:label1\" content=\"Estimated reading time\" \/>\n\t<meta name=\"twitter:data1\" content=\"2 minutes\" \/>\n<script type=\"application\/ld+json\" class=\"yoast-schema-graph\">{\"@context\":\"https:\/\/schema.org\",\"@graph\":[{\"@type\":\"WebPage\",\"@id\":\"https:\/\/www.lokornmad.bzh\/boutique\/boissons\/thes-et-tisanes\/tisane-hiver\/\",\"url\":\"https:\/\/www.lokornmad.bzh\/boutique\/boissons\/thes-et-tisanes\/tisane-hiver\/\",\"name\":\"Tisane Hiver - Lokorn Mad\",\"isPartOf\":{\"@id\":\"https:\/\/www.lokornmad.bzh\/#website\"},\"primaryImageOfPage\":{\"@id\":\"https:\/\/www.lokornmad.bzh\/boutique\/boissons\/thes-et-tisanes\/tisane-hiver\/#primaryimage\"},\"image\":{\"@id\":\"https:\/\/www.lokornmad.bzh\/boutique\/boissons\/thes-et-tisanes\/tisane-hiver\/#primaryimage\"},\"thumbnailUrl\":\"https:\/\/www.lokornmad.bzh\/wp-content\/uploads\/2024\/08\/IMG_1365-scaled.jpg\",\"datePublished\":\"2024-08-27T13:29:25+00:00\",\"dateModified\":\"2025-03-06T08:06:33+00:00\",\"description\":\"Int\u00e9riorisation, repos, et protection sont les ma\u00eetres mots de l\u2019hiver. Par cette infusion, nous vous proposons d\u2019\u00e9liminer vos impuret\u00e9s et de renforcer vos d\u00e9fenses immunitaires. En compl\u00e9ment d'une alimentation riche en bouillons et soupes\",\"breadcrumb\":{\"@id\":\"https:\/\/www.lokornmad.bzh\/boutique\/boissons\/thes-et-tisanes\/tisane-hiver\/#breadcrumb\"},\"inLanguage\":\"en-GB\",\"potentialAction\":[{\"@type\":\"ReadAction\",\"target\":[\"https:\/\/www.lokornmad.bzh\/boutique\/boissons\/thes-et-tisanes\/tisane-hiver\/\"]}]},{\"@type\":\"ImageObject\",\"inLanguage\":\"en-GB\",\"@id\":\"https:\/\/www.lokornmad.bzh\/boutique\/boissons\/thes-et-tisanes\/tisane-hiver\/#primaryimage\",\"url\":\"https:\/\/www.lokornmad.bzh\/wp-content\/uploads\/2024\/08\/IMG_1365-scaled.jpg\",\"contentUrl\":\"https:\/\/www.lokornmad.bzh\/wp-content\/uploads\/2024\/08\/IMG_1365-scaled.jpg\",\"width\":1536,\"height\":2048},{\"@type\":\"BreadcrumbList\",\"@id\":\"https:\/\/www.lokornmad.bzh\/boutique\/boissons\/thes-et-tisanes\/tisane-hiver\/#breadcrumb\",\"itemListElement\":[{\"@type\":\"ListItem\",\"position\":1,\"name\":\"Accueil\",\"item\":\"https:\/\/www.lokornmad.bzh\/\"},{\"@type\":\"ListItem\",\"position\":2,\"name\":\"Boutique\",\"item\":\"https:\/\/www.lokornmad.bzh\/boutique\/\"},{\"@type\":\"ListItem\",\"position\":3,\"name\":\"Tisane Hiver\"}]},{\"@type\":\"WebSite\",\"@id\":\"https:\/\/www.lokornmad.bzh\/#website\",\"url\":\"https:\/\/www.lokornmad.bzh\/\",\"name\":\"Lokorn Mad\",\"description\":\"Comptoir des Producteurs du Finist\u00e8re\",\"publisher\":{\"@id\":\"https:\/\/www.lokornmad.bzh\/#organization\"},\"potentialAction\":[{\"@type\":\"SearchAction\",\"target\":{\"@type\":\"EntryPoint\",\"urlTemplate\":\"https:\/\/www.lokornmad.bzh\/?s={search_term_string}\"},\"query-input\":{\"@type\":\"PropertyValueSpecification\",\"valueRequired\":true,\"valueName\":\"search_term_string\"}}],\"inLanguage\":\"en-GB\"},{\"@type\":\"Organization\",\"@id\":\"https:\/\/www.lokornmad.bzh\/#organization\",\"name\":\"Lokorn Mad\",\"url\":\"https:\/\/www.lokornmad.bzh\/\",\"logo\":{\"@type\":\"ImageObject\",\"inLanguage\":\"en-GB\",\"@id\":\"https:\/\/www.lokornmad.bzh\/#\/schema\/logo\/image\/\",\"url\":\"https:\/\/www.lokornmad.bzh\/wp-content\/uploads\/2021\/10\/bandeau-LokornMad.png\",\"contentUrl\":\"https:\/\/www.lokornmad.bzh\/wp-content\/uploads\/2021\/10\/bandeau-LokornMad.png\",\"width\":824,\"height\":228,\"caption\":\"Lokorn Mad\"},\"image\":{\"@id\":\"https:\/\/www.lokornmad.bzh\/#\/schema\/logo\/image\/\"},\"sameAs\":[\"https:\/\/www.facebook.com\/lokornmad\",\"https:\/\/www.instagram.com\/lokornmad\/\"]}]}<\/script>\n<!-- \/ Yoast SEO plugin. -->","yoast_head_json":{"title":"Tisane Hiver - Lokorn Mad","description":"Int\u00e9riorisation, repos, et protection sont les ma\u00eetres mots de l\u2019hiver. Par cette infusion, nous vous proposons d\u2019\u00e9liminer vos impuret\u00e9s et de renforcer vos d\u00e9fenses immunitaires. En compl\u00e9ment d'une alimentation riche en bouillons et soupes","robots":{"index":"index","follow":"follow","max-snippet":"max-snippet:-1","max-image-preview":"max-image-preview:large","max-video-preview":"max-video-preview:-1"},"canonical":"https:\/\/www.lokornmad.bzh\/en\/boutique\/boissons\/thes-et-tisanes\/tisane-hiver\/","og_locale":"en_GB","og_type":"article","og_title":"Tisane Hiver","og_description":"Int\u00e9riorisation, repos, et protection sont les ma\u00eetres mots de l\u2019hiver. Par cette infusion, nous vous proposons d\u2019\u00e9liminer vos impuret\u00e9s et de renforcer vos d\u00e9fenses immunitaires.","og_url":"https:\/\/www.lokornmad.bzh\/en\/boutique\/boissons\/thes-et-tisanes\/tisane-hiver\/","og_site_name":"Lokorn Mad","article_publisher":"https:\/\/www.facebook.com\/lokornmad","article_modified_time":"2025-03-06T08:06:33+00:00","og_image":[{"width":1536,"height":2048,"url":"https:\/\/www.lokornmad.bzh\/wp-content\/uploads\/2024\/08\/IMG_1365-scaled.jpg","type":"image\/jpeg"}],"twitter_card":"summary_large_image","twitter_misc":{"Estimated reading time":"2 minutes"},"schema":{"@context":"https:\/\/schema.org","@graph":[{"@type":"WebPage","@id":"https:\/\/www.lokornmad.bzh\/boutique\/boissons\/thes-et-tisanes\/tisane-hiver\/","url":"https:\/\/www.lokornmad.bzh\/boutique\/boissons\/thes-et-tisanes\/tisane-hiver\/","name":"Tisane Hiver - Lokorn Mad","isPartOf":{"@id":"https:\/\/www.lokornmad.bzh\/#website"},"primaryImageOfPage":{"@id":"https:\/\/www.lokornmad.bzh\/boutique\/boissons\/thes-et-tisanes\/tisane-hiver\/#primaryimage"},"image":{"@id":"https:\/\/www.lokornmad.bzh\/boutique\/boissons\/thes-et-tisanes\/tisane-hiver\/#primaryimage"},"thumbnailUrl":"https:\/\/www.lokornmad.bzh\/wp-content\/uploads\/2024\/08\/IMG_1365-scaled.jpg","datePublished":"2024-08-27T13:29:25+00:00","dateModified":"2025-03-06T08:06:33+00:00","description":"Int\u00e9riorisation, repos, et protection sont les ma\u00eetres mots de l\u2019hiver. Par cette infusion, nous vous proposons d\u2019\u00e9liminer vos impuret\u00e9s et de renforcer vos d\u00e9fenses immunitaires. En compl\u00e9ment d'une alimentation riche en bouillons et soupes","breadcrumb":{"@id":"https:\/\/www.lokornmad.bzh\/boutique\/boissons\/thes-et-tisanes\/tisane-hiver\/#breadcrumb"},"inLanguage":"en-GB","potentialAction":[{"@type":"ReadAction","target":["https:\/\/www.lokornmad.bzh\/boutique\/boissons\/thes-et-tisanes\/tisane-hiver\/"]}]},{"@type":"ImageObject","inLanguage":"en-GB","@id":"https:\/\/www.lokornmad.bzh\/boutique\/boissons\/thes-et-tisanes\/tisane-hiver\/#primaryimage","url":"https:\/\/www.lokornmad.bzh\/wp-content\/uploads\/2024\/08\/IMG_1365-scaled.jpg","contentUrl":"https:\/\/www.lokornmad.bzh\/wp-content\/uploads\/2024\/08\/IMG_1365-scaled.jpg","width":1536,"height":2048},{"@type":"BreadcrumbList","@id":"https:\/\/www.lokornmad.bzh\/boutique\/boissons\/thes-et-tisanes\/tisane-hiver\/#breadcrumb","itemListElement":[{"@type":"ListItem","position":1,"name":"Accueil","item":"https:\/\/www.lokornmad.bzh\/"},{"@type":"ListItem","position":2,"name":"Boutique","item":"https:\/\/www.lokornmad.bzh\/boutique\/"},{"@type":"ListItem","position":3,"name":"Tisane Hiver"}]},{"@type":"WebSite","@id":"https:\/\/www.lokornmad.bzh\/#website","url":"https:\/\/www.lokornmad.bzh\/","name":"Lokorn Mad","description":"Comptoir des Producteurs du Finist\u00e8re","publisher":{"@id":"https:\/\/www.lokornmad.bzh\/#organization"},"potentialAction":[{"@type":"SearchAction","target":{"@type":"EntryPoint","urlTemplate":"https:\/\/www.lokornmad.bzh\/?s={search_term_string}"},"query-input":{"@type":"PropertyValueSpecification","valueRequired":true,"valueName":"search_term_string"}}],"inLanguage":"en-GB"},{"@type":"Organization","@id":"https:\/\/www.lokornmad.bzh\/#organization","name":"Lokorn Mad","url":"https:\/\/www.lokornmad.bzh\/","logo":{"@type":"ImageObject","inLanguage":"en-GB","@id":"https:\/\/www.lokornmad.bzh\/#\/schema\/logo\/image\/","url":"https:\/\/www.lokornmad.bzh\/wp-content\/uploads\/2021\/10\/bandeau-LokornMad.png","contentUrl":"https:\/\/www.lokornmad.bzh\/wp-content\/uploads\/2021\/10\/bandeau-LokornMad.png","width":824,"height":228,"caption":"Lokorn Mad"},"image":{"@id":"https:\/\/www.lokornmad.bzh\/#\/schema\/logo\/image\/"},"sameAs":["https:\/\/www.facebook.com\/lokornmad","https:\/\/www.instagram.com\/lokornmad\/"]}]}},"_links":{"self":[{"href":"https:\/\/www.lokornmad.bzh\/en\/wp-json\/wp\/v2\/product\/1033","targetHints":{"allow":["GET"]}}],"collection":[{"href":"https:\/\/www.lokornmad.bzh\/en\/wp-json\/wp\/v2\/product"}],"about":[{"href":"https:\/\/www.lokornmad.bzh\/en\/wp-json\/wp\/v2\/types\/product"}],"replies":[{"embeddable":true,"href":"https:\/\/www.lokornmad.bzh\/en\/wp-json\/wp\/v2\/comments?post=1033"}],"wp:featuredmedia":[{"embeddable":true,"href":"https:\/\/www.lokornmad.bzh\/en\/wp-json\/wp\/v2\/media\/1034"}],"wp:attachment":[{"href":"https:\/\/www.lokornmad.bzh\/en\/wp-json\/wp\/v2\/media?parent=1033"}],"wp:term":[{"taxonomy":"product_cat","embeddable":true,"href":"https:\/\/www.lokornmad.bzh\/en\/wp-json\/wp\/v2\/product_cat?post=1033"},{"taxonomy":"product_tag","embeddable":true,"href":"https:\/\/www.lokornmad.bzh\/en\/wp-json\/wp\/v2\/product_tag?post=1033"},{"taxonomy":"berocket_brand","embeddable":true,"href":"https:\/\/www.lokornmad.bzh\/en\/wp-json\/wp\/v2\/berocket_brand?post=1033"}],"curies":[{"name":"wp","href":"https:\/\/api.w.org\/{rel}","templated":true}]}}