{"id":1087,"date":"2025-02-19T11:56:21","date_gmt":"2025-02-19T10:56:21","guid":{"rendered":"https:\/\/www.lokornmad.bzh\/?post_type=product&#038;p=1087"},"modified":"2025-02-19T11:59:42","modified_gmt":"2025-02-19T10:59:42","slug":"graines-de-lin-100g","status":"publish","type":"product","link":"https:\/\/www.lokornmad.bzh\/en\/boutique\/plaisirs-sales\/graines\/graines-de-lin-100g\/","title":{"rendered":"Flaxseed -100g"},"content":{"rendered":"<div id=\"attachment_1088\" style=\"width: 272px\" class=\"wp-caption alignnone\"><img loading=\"lazy\" decoding=\"async\" aria-describedby=\"caption-attachment-1088\" class=\"size-medium wp-image-1088\" src=\"https:\/\/www.lokornmad.bzh\/wp-content\/uploads\/2025\/02\/GrilloLin-100-g-v2-1-Photoroom-262x300.jpg\" alt=\"sachet de graine de lin en 100g\" width=\"262\" height=\"300\" srcset=\"https:\/\/www.lokornmad.bzh\/wp-content\/uploads\/2025\/02\/GrilloLin-100-g-v2-1-Photoroom-262x300.jpg 262w, https:\/\/www.lokornmad.bzh\/wp-content\/uploads\/2025\/02\/GrilloLin-100-g-v2-1-Photoroom-10x12.jpg 10w, https:\/\/www.lokornmad.bzh\/wp-content\/uploads\/2025\/02\/GrilloLin-100-g-v2-1-Photoroom.jpg 574w\" sizes=\"auto, (max-width: 262px) 100vw, 262px\" \/><p id=\"caption-attachment-1088\" class=\"wp-caption-text\">Whole flaxseeds 100g<\/p><\/div>\n<p><span>Flaxseed, that little golden or brown treasure, is much more than just a culinary ingredient. Cultivated for thousands of years, this seed with its many virtues has stood the test of time to become a super-food recognised by the scientific community.<\/span><\/p>\n<p>To find out all you need to know about flaxseed, read the article on https:\/\/www.lokornmad.bzh\/les-graines-de-lin-histoire-millenaire-et-bienfaits-pour-la-sante\/<\/p>\n<p class=\"whitespace-pre-wrap break-words\">Flaxseed, a real concentrate of nutrients, fully deserves its place in a balanced diet. Their age-old history and scientifically-proven benefits make them the food of choice for those who want to look after their health naturally. Easy to incorporate into your daily diet, they are an accessible and economical nutritional supplement for improving your general well-being.<\/p>\n<p class=\"whitespace-pre-wrap break-words\">Whether for their anti-inflammatory properties, their cardiovascular benefits or their action on digestive health, flaxseed has demonstrated its effectiveness through numerous scientific studies. By following the recommendations for consumption and observing the precautions for use, everyone can benefit from the virtues of this ancestral superfood.<\/p>","protected":false},"excerpt":{"rendered":"<p>Flaxseed, a real concentrate of nutrients, fully deserves its place in a balanced diet. Their age-old history and scientifically-proven benefits make them the food of choice for those who want to look after their health naturally. Easy to incorporate into your daily diet, they are an accessible and economical nutritional supplement for improving your general well-being.<\/p>","protected":false},"featured_media":1088,"comment_status":"closed","ping_status":"closed","template":"","meta":{"_acf_changed":false},"product_cat":[28,286],"product_tag":[],"berocket_brand":[283],"class_list":{"0":"post-1087","1":"product","2":"type-product","3":"status-publish","4":"has-post-thumbnail","6":"product_cat-plaisirs-sales","7":"product_cat-graines","8":"berocket_brand-yoann-gouery","10":"first","11":"instock","12":"taxable","13":"shipping-taxable","14":"purchasable","15":"product-type-simple"},"acf":[],"yoast_head":"<!-- This site is optimized with the Yoast SEO plugin v27.1.1 - https:\/\/yoast.com\/product\/yoast-seo-wordpress\/ -->\n<title>Graines de lin -100g - Lokorn Mad<\/title>\n<meta name=\"robots\" content=\"index, follow, max-snippet:-1, max-image-preview:large, max-video-preview:-1\" \/>\n<link rel=\"canonical\" href=\"https:\/\/www.lokornmad.bzh\/en\/boutique\/plaisirs-sales\/graines\/graines-de-lin-100g\/\" \/>\n<meta property=\"og:locale\" content=\"en_GB\" \/>\n<meta property=\"og:type\" content=\"article\" \/>\n<meta property=\"og:title\" content=\"Graines de lin -100g - Lokorn Mad\" \/>\n<meta property=\"og:description\" content=\"Les graines de lin, v\u00e9ritable concentr\u00e9 de nutriments, m\u00e9ritent amplement leur place dans une alimentation \u00e9quilibr\u00e9e. Leur histoire mill\u00e9naire et leurs bienfaits scientifiquement prouv\u00e9s en font un aliment de choix pour qui souhaite prendre soin de sa sant\u00e9 naturellement. Faciles \u00e0 int\u00e9grer dans l\u2019alimentation quotidienne, elles repr\u00e9sentent un compl\u00e9ment nutritionnel accessible et \u00e9conomique pour am\u00e9liorer son bien-\u00eatre g\u00e9n\u00e9ral.\" \/>\n<meta property=\"og:url\" content=\"https:\/\/www.lokornmad.bzh\/en\/boutique\/plaisirs-sales\/graines\/graines-de-lin-100g\/\" \/>\n<meta property=\"og:site_name\" content=\"Lokorn Mad\" \/>\n<meta property=\"article:publisher\" content=\"https:\/\/www.facebook.com\/lokornmad\" \/>\n<meta property=\"article:modified_time\" content=\"2025-02-19T10:59:42+00:00\" \/>\n<meta property=\"og:image\" content=\"https:\/\/www.lokornmad.bzh\/wp-content\/uploads\/2025\/02\/GrilloLin-100-g-v2-1-Photoroom.jpg\" \/>\n\t<meta property=\"og:image:width\" content=\"574\" \/>\n\t<meta property=\"og:image:height\" content=\"657\" \/>\n\t<meta property=\"og:image:type\" content=\"image\/jpeg\" \/>\n<meta name=\"twitter:card\" content=\"summary_large_image\" \/>\n<meta name=\"twitter:label1\" content=\"Estimated reading time\" \/>\n\t<meta name=\"twitter:data1\" content=\"1 minute\" \/>\n<script type=\"application\/ld+json\" class=\"yoast-schema-graph\">{\"@context\":\"https:\/\/schema.org\",\"@graph\":[{\"@type\":\"WebPage\",\"@id\":\"https:\/\/www.lokornmad.bzh\/boutique\/plaisirs-sales\/graines\/graines-de-lin-100g\/\",\"url\":\"https:\/\/www.lokornmad.bzh\/boutique\/plaisirs-sales\/graines\/graines-de-lin-100g\/\",\"name\":\"Graines de lin -100g - Lokorn Mad\",\"isPartOf\":{\"@id\":\"https:\/\/www.lokornmad.bzh\/#website\"},\"primaryImageOfPage\":{\"@id\":\"https:\/\/www.lokornmad.bzh\/boutique\/plaisirs-sales\/graines\/graines-de-lin-100g\/#primaryimage\"},\"image\":{\"@id\":\"https:\/\/www.lokornmad.bzh\/boutique\/plaisirs-sales\/graines\/graines-de-lin-100g\/#primaryimage\"},\"thumbnailUrl\":\"https:\/\/www.lokornmad.bzh\/wp-content\/uploads\/2025\/02\/GrilloLin-100-g-v2-1-Photoroom.jpg\",\"datePublished\":\"2025-02-19T10:56:21+00:00\",\"dateModified\":\"2025-02-19T10:59:42+00:00\",\"breadcrumb\":{\"@id\":\"https:\/\/www.lokornmad.bzh\/boutique\/plaisirs-sales\/graines\/graines-de-lin-100g\/#breadcrumb\"},\"inLanguage\":\"en-GB\",\"potentialAction\":[{\"@type\":\"ReadAction\",\"target\":[\"https:\/\/www.lokornmad.bzh\/boutique\/plaisirs-sales\/graines\/graines-de-lin-100g\/\"]}]},{\"@type\":\"ImageObject\",\"inLanguage\":\"en-GB\",\"@id\":\"https:\/\/www.lokornmad.bzh\/boutique\/plaisirs-sales\/graines\/graines-de-lin-100g\/#primaryimage\",\"url\":\"https:\/\/www.lokornmad.bzh\/wp-content\/uploads\/2025\/02\/GrilloLin-100-g-v2-1-Photoroom.jpg\",\"contentUrl\":\"https:\/\/www.lokornmad.bzh\/wp-content\/uploads\/2025\/02\/GrilloLin-100-g-v2-1-Photoroom.jpg\",\"width\":574,\"height\":657,\"caption\":\"Graines de lin enti\u00e8res en 100g\"},{\"@type\":\"BreadcrumbList\",\"@id\":\"https:\/\/www.lokornmad.bzh\/boutique\/plaisirs-sales\/graines\/graines-de-lin-100g\/#breadcrumb\",\"itemListElement\":[{\"@type\":\"ListItem\",\"position\":1,\"name\":\"Accueil\",\"item\":\"https:\/\/www.lokornmad.bzh\/\"},{\"@type\":\"ListItem\",\"position\":2,\"name\":\"Boutique\",\"item\":\"https:\/\/www.lokornmad.bzh\/boutique\/\"},{\"@type\":\"ListItem\",\"position\":3,\"name\":\"Graines de lin -100g\"}]},{\"@type\":\"WebSite\",\"@id\":\"https:\/\/www.lokornmad.bzh\/#website\",\"url\":\"https:\/\/www.lokornmad.bzh\/\",\"name\":\"Lokorn Mad\",\"description\":\"Comptoir des Producteurs du Finist\u00e8re\",\"publisher\":{\"@id\":\"https:\/\/www.lokornmad.bzh\/#organization\"},\"potentialAction\":[{\"@type\":\"SearchAction\",\"target\":{\"@type\":\"EntryPoint\",\"urlTemplate\":\"https:\/\/www.lokornmad.bzh\/?s={search_term_string}\"},\"query-input\":{\"@type\":\"PropertyValueSpecification\",\"valueRequired\":true,\"valueName\":\"search_term_string\"}}],\"inLanguage\":\"en-GB\"},{\"@type\":\"Organization\",\"@id\":\"https:\/\/www.lokornmad.bzh\/#organization\",\"name\":\"Lokorn Mad\",\"url\":\"https:\/\/www.lokornmad.bzh\/\",\"logo\":{\"@type\":\"ImageObject\",\"inLanguage\":\"en-GB\",\"@id\":\"https:\/\/www.lokornmad.bzh\/#\/schema\/logo\/image\/\",\"url\":\"https:\/\/www.lokornmad.bzh\/wp-content\/uploads\/2021\/10\/bandeau-LokornMad.png\",\"contentUrl\":\"https:\/\/www.lokornmad.bzh\/wp-content\/uploads\/2021\/10\/bandeau-LokornMad.png\",\"width\":824,\"height\":228,\"caption\":\"Lokorn Mad\"},\"image\":{\"@id\":\"https:\/\/www.lokornmad.bzh\/#\/schema\/logo\/image\/\"},\"sameAs\":[\"https:\/\/www.facebook.com\/lokornmad\",\"https:\/\/www.instagram.com\/lokornmad\/\"]}]}<\/script>\n<!-- \/ Yoast SEO plugin. -->","yoast_head_json":{"title":"Graines de lin -100g - Lokorn Mad","robots":{"index":"index","follow":"follow","max-snippet":"max-snippet:-1","max-image-preview":"max-image-preview:large","max-video-preview":"max-video-preview:-1"},"canonical":"https:\/\/www.lokornmad.bzh\/en\/boutique\/plaisirs-sales\/graines\/graines-de-lin-100g\/","og_locale":"en_GB","og_type":"article","og_title":"Graines de lin -100g - Lokorn Mad","og_description":"Les graines de lin, v\u00e9ritable concentr\u00e9 de nutriments, m\u00e9ritent amplement leur place dans une alimentation \u00e9quilibr\u00e9e. Leur histoire mill\u00e9naire et leurs bienfaits scientifiquement prouv\u00e9s en font un aliment de choix pour qui souhaite prendre soin de sa sant\u00e9 naturellement. Faciles \u00e0 int\u00e9grer dans l\u2019alimentation quotidienne, elles repr\u00e9sentent un compl\u00e9ment nutritionnel accessible et \u00e9conomique pour am\u00e9liorer son bien-\u00eatre g\u00e9n\u00e9ral.","og_url":"https:\/\/www.lokornmad.bzh\/en\/boutique\/plaisirs-sales\/graines\/graines-de-lin-100g\/","og_site_name":"Lokorn Mad","article_publisher":"https:\/\/www.facebook.com\/lokornmad","article_modified_time":"2025-02-19T10:59:42+00:00","og_image":[{"width":574,"height":657,"url":"https:\/\/www.lokornmad.bzh\/wp-content\/uploads\/2025\/02\/GrilloLin-100-g-v2-1-Photoroom.jpg","type":"image\/jpeg"}],"twitter_card":"summary_large_image","twitter_misc":{"Estimated reading time":"1 minute"},"schema":{"@context":"https:\/\/schema.org","@graph":[{"@type":"WebPage","@id":"https:\/\/www.lokornmad.bzh\/boutique\/plaisirs-sales\/graines\/graines-de-lin-100g\/","url":"https:\/\/www.lokornmad.bzh\/boutique\/plaisirs-sales\/graines\/graines-de-lin-100g\/","name":"Graines de lin -100g - Lokorn Mad","isPartOf":{"@id":"https:\/\/www.lokornmad.bzh\/#website"},"primaryImageOfPage":{"@id":"https:\/\/www.lokornmad.bzh\/boutique\/plaisirs-sales\/graines\/graines-de-lin-100g\/#primaryimage"},"image":{"@id":"https:\/\/www.lokornmad.bzh\/boutique\/plaisirs-sales\/graines\/graines-de-lin-100g\/#primaryimage"},"thumbnailUrl":"https:\/\/www.lokornmad.bzh\/wp-content\/uploads\/2025\/02\/GrilloLin-100-g-v2-1-Photoroom.jpg","datePublished":"2025-02-19T10:56:21+00:00","dateModified":"2025-02-19T10:59:42+00:00","breadcrumb":{"@id":"https:\/\/www.lokornmad.bzh\/boutique\/plaisirs-sales\/graines\/graines-de-lin-100g\/#breadcrumb"},"inLanguage":"en-GB","potentialAction":[{"@type":"ReadAction","target":["https:\/\/www.lokornmad.bzh\/boutique\/plaisirs-sales\/graines\/graines-de-lin-100g\/"]}]},{"@type":"ImageObject","inLanguage":"en-GB","@id":"https:\/\/www.lokornmad.bzh\/boutique\/plaisirs-sales\/graines\/graines-de-lin-100g\/#primaryimage","url":"https:\/\/www.lokornmad.bzh\/wp-content\/uploads\/2025\/02\/GrilloLin-100-g-v2-1-Photoroom.jpg","contentUrl":"https:\/\/www.lokornmad.bzh\/wp-content\/uploads\/2025\/02\/GrilloLin-100-g-v2-1-Photoroom.jpg","width":574,"height":657,"caption":"Graines de lin enti\u00e8res en 100g"},{"@type":"BreadcrumbList","@id":"https:\/\/www.lokornmad.bzh\/boutique\/plaisirs-sales\/graines\/graines-de-lin-100g\/#breadcrumb","itemListElement":[{"@type":"ListItem","position":1,"name":"Accueil","item":"https:\/\/www.lokornmad.bzh\/"},{"@type":"ListItem","position":2,"name":"Boutique","item":"https:\/\/www.lokornmad.bzh\/boutique\/"},{"@type":"ListItem","position":3,"name":"Graines de lin -100g"}]},{"@type":"WebSite","@id":"https:\/\/www.lokornmad.bzh\/#website","url":"https:\/\/www.lokornmad.bzh\/","name":"Lokorn Mad","description":"Comptoir des Producteurs du Finist\u00e8re","publisher":{"@id":"https:\/\/www.lokornmad.bzh\/#organization"},"potentialAction":[{"@type":"SearchAction","target":{"@type":"EntryPoint","urlTemplate":"https:\/\/www.lokornmad.bzh\/?s={search_term_string}"},"query-input":{"@type":"PropertyValueSpecification","valueRequired":true,"valueName":"search_term_string"}}],"inLanguage":"en-GB"},{"@type":"Organization","@id":"https:\/\/www.lokornmad.bzh\/#organization","name":"Lokorn Mad","url":"https:\/\/www.lokornmad.bzh\/","logo":{"@type":"ImageObject","inLanguage":"en-GB","@id":"https:\/\/www.lokornmad.bzh\/#\/schema\/logo\/image\/","url":"https:\/\/www.lokornmad.bzh\/wp-content\/uploads\/2021\/10\/bandeau-LokornMad.png","contentUrl":"https:\/\/www.lokornmad.bzh\/wp-content\/uploads\/2021\/10\/bandeau-LokornMad.png","width":824,"height":228,"caption":"Lokorn Mad"},"image":{"@id":"https:\/\/www.lokornmad.bzh\/#\/schema\/logo\/image\/"},"sameAs":["https:\/\/www.facebook.com\/lokornmad","https:\/\/www.instagram.com\/lokornmad\/"]}]}},"_links":{"self":[{"href":"https:\/\/www.lokornmad.bzh\/en\/wp-json\/wp\/v2\/product\/1087","targetHints":{"allow":["GET"]}}],"collection":[{"href":"https:\/\/www.lokornmad.bzh\/en\/wp-json\/wp\/v2\/product"}],"about":[{"href":"https:\/\/www.lokornmad.bzh\/en\/wp-json\/wp\/v2\/types\/product"}],"replies":[{"embeddable":true,"href":"https:\/\/www.lokornmad.bzh\/en\/wp-json\/wp\/v2\/comments?post=1087"}],"wp:featuredmedia":[{"embeddable":true,"href":"https:\/\/www.lokornmad.bzh\/en\/wp-json\/wp\/v2\/media\/1088"}],"wp:attachment":[{"href":"https:\/\/www.lokornmad.bzh\/en\/wp-json\/wp\/v2\/media?parent=1087"}],"wp:term":[{"taxonomy":"product_cat","embeddable":true,"href":"https:\/\/www.lokornmad.bzh\/en\/wp-json\/wp\/v2\/product_cat?post=1087"},{"taxonomy":"product_tag","embeddable":true,"href":"https:\/\/www.lokornmad.bzh\/en\/wp-json\/wp\/v2\/product_tag?post=1087"},{"taxonomy":"berocket_brand","embeddable":true,"href":"https:\/\/www.lokornmad.bzh\/en\/wp-json\/wp\/v2\/berocket_brand?post=1087"}],"curies":[{"name":"wp","href":"https:\/\/api.w.org\/{rel}","templated":true}]}}