{"id":1096,"date":"2025-02-24T18:18:10","date_gmt":"2025-02-24T17:18:10","guid":{"rendered":"https:\/\/www.lokornmad.bzh\/?post_type=product&#038;p=1096"},"modified":"2025-03-13T13:59:49","modified_gmt":"2025-03-13T12:59:49","slug":"wakame-deshydrate-flocons-50g","status":"publish","type":"product","link":"https:\/\/www.lokornmad.bzh\/en\/boutique\/plaisirs-sales\/plaisirs-de-la-mer\/wakame-deshydrate-flocons-50g\/","title":{"rendered":"dehydrated wakame- Flakes 50g"},"content":{"rendered":"<div id=\"attachment_1097\" style=\"width: 250px\" class=\"wp-caption alignnone\"><img loading=\"lazy\" decoding=\"async\" aria-describedby=\"caption-attachment-1097\" class=\"size-medium wp-image-1097\" src=\"https:\/\/www.lokornmad.bzh\/wp-content\/uploads\/2025\/02\/Wakame-flocons-deshydrates-240x300.jpg\" alt=\"Wakam\u00e9 en flocons d\u00e9shydrat\u00e9. \" width=\"240\" height=\"300\" srcset=\"https:\/\/www.lokornmad.bzh\/wp-content\/uploads\/2025\/02\/Wakame-flocons-deshydrates-240x300.jpg 240w, https:\/\/www.lokornmad.bzh\/wp-content\/uploads\/2025\/02\/Wakame-flocons-deshydrates-819x1024.jpg 819w, https:\/\/www.lokornmad.bzh\/wp-content\/uploads\/2025\/02\/Wakame-flocons-deshydrates-768x960.jpg 768w, https:\/\/www.lokornmad.bzh\/wp-content\/uploads\/2025\/02\/Wakame-flocons-deshydrates-10x12.jpg 10w, https:\/\/www.lokornmad.bzh\/wp-content\/uploads\/2025\/02\/Wakame-flocons-deshydrates.jpg 1440w\" sizes=\"auto, (max-width: 240px) 100vw, 240px\" \/><p id=\"caption-attachment-1097\" class=\"wp-caption-text\">Dehydrated wakame flakes-50g<\/p><\/div>\n<p>Wild, hand-harvested brown seaweed. Rich in calcium, vitamins and balanced in amino acids, it strengthens and stimulates the body's natural defences. It is also low in calories.<\/p>\n<p>Raw quality\" wakame, dehydrated at a low temperature below 42\u00b0C.<\/p>","protected":false},"excerpt":{"rendered":"<p>Wild, hand-harvested brown seaweed. Rich in calcium, vitamins and balanced in amino acids, it strengthens and stimulates the body's natural defences. It is also low in calories.<\/p>\n<p>Raw quality\" wakame, dehydrated at a low temperature below 42\u00b0C.<\/p>","protected":false},"featured_media":1097,"comment_status":"closed","ping_status":"closed","template":"","meta":{"_acf_changed":false},"product_cat":[40],"product_tag":[],"berocket_brand":[64],"class_list":{"0":"post-1096","1":"product","2":"type-product","3":"status-publish","4":"has-post-thumbnail","6":"product_cat-plaisirs-de-la-mer","7":"berocket_brand-bord-a-bord","9":"first","10":"instock","11":"taxable","12":"shipping-taxable","13":"purchasable","14":"product-type-simple"},"acf":[],"yoast_head":"<!-- This site is optimized with the Yoast SEO plugin v27.1.1 - https:\/\/yoast.com\/product\/yoast-seo-wordpress\/ -->\n<title>wakam\u00e9 d\u00e9shydrat\u00e9- Flocons 50g - Lokorn Mad<\/title>\n<meta name=\"robots\" content=\"index, follow, max-snippet:-1, max-image-preview:large, max-video-preview:-1\" \/>\n<link rel=\"canonical\" href=\"https:\/\/www.lokornmad.bzh\/en\/boutique\/plaisirs-sales\/plaisirs-de-la-mer\/wakame-deshydrate-flocons-50g\/\" \/>\n<meta property=\"og:locale\" content=\"en_GB\" \/>\n<meta property=\"og:type\" content=\"article\" \/>\n<meta property=\"og:title\" content=\"wakam\u00e9 d\u00e9shydrat\u00e9- Flocons 50g - Lokorn Mad\" \/>\n<meta property=\"og:description\" content=\"Algue brune sauvage r\u00e9colt\u00e9e \u00e0 la main. Riche en calcium, vitamines et \u00e9quilibr\u00e9e en acides amin\u00e9s, elle fortifie et stimule les d\u00e9fenses naturelles. Elle est \u00e9galement pauvre en calories.  Wakam\u00e9 de &quot;qualit\u00e9 crue&quot;, d\u00e9shydrat\u00e9 \u00e0 basse temp\u00e9rature inf\u00e9rieure \u00e0 42\u00b0C.\" \/>\n<meta property=\"og:url\" content=\"https:\/\/www.lokornmad.bzh\/en\/boutique\/plaisirs-sales\/plaisirs-de-la-mer\/wakame-deshydrate-flocons-50g\/\" \/>\n<meta property=\"og:site_name\" content=\"Lokorn Mad\" \/>\n<meta property=\"article:publisher\" content=\"https:\/\/www.facebook.com\/lokornmad\" \/>\n<meta property=\"article:modified_time\" content=\"2025-03-13T12:59:49+00:00\" \/>\n<meta property=\"og:image\" content=\"https:\/\/www.lokornmad.bzh\/wp-content\/uploads\/2025\/02\/Wakame-flocons-deshydrates.jpg\" \/>\n\t<meta property=\"og:image:width\" content=\"1440\" \/>\n\t<meta property=\"og:image:height\" content=\"1800\" \/>\n\t<meta property=\"og:image:type\" content=\"image\/jpeg\" \/>\n<meta name=\"twitter:card\" content=\"summary_large_image\" \/>\n<script type=\"application\/ld+json\" class=\"yoast-schema-graph\">{\"@context\":\"https:\/\/schema.org\",\"@graph\":[{\"@type\":\"WebPage\",\"@id\":\"https:\/\/www.lokornmad.bzh\/boutique\/plaisirs-sales\/plaisirs-de-la-mer\/wakame-deshydrate-flocons-50g\/\",\"url\":\"https:\/\/www.lokornmad.bzh\/boutique\/plaisirs-sales\/plaisirs-de-la-mer\/wakame-deshydrate-flocons-50g\/\",\"name\":\"wakam\u00e9 d\u00e9shydrat\u00e9- Flocons 50g - Lokorn Mad\",\"isPartOf\":{\"@id\":\"https:\/\/www.lokornmad.bzh\/#website\"},\"primaryImageOfPage\":{\"@id\":\"https:\/\/www.lokornmad.bzh\/boutique\/plaisirs-sales\/plaisirs-de-la-mer\/wakame-deshydrate-flocons-50g\/#primaryimage\"},\"image\":{\"@id\":\"https:\/\/www.lokornmad.bzh\/boutique\/plaisirs-sales\/plaisirs-de-la-mer\/wakame-deshydrate-flocons-50g\/#primaryimage\"},\"thumbnailUrl\":\"https:\/\/www.lokornmad.bzh\/wp-content\/uploads\/2025\/02\/Wakame-flocons-deshydrates.jpg\",\"datePublished\":\"2025-02-24T17:18:10+00:00\",\"dateModified\":\"2025-03-13T12:59:49+00:00\",\"breadcrumb\":{\"@id\":\"https:\/\/www.lokornmad.bzh\/boutique\/plaisirs-sales\/plaisirs-de-la-mer\/wakame-deshydrate-flocons-50g\/#breadcrumb\"},\"inLanguage\":\"en-GB\",\"potentialAction\":[{\"@type\":\"ReadAction\",\"target\":[\"https:\/\/www.lokornmad.bzh\/boutique\/plaisirs-sales\/plaisirs-de-la-mer\/wakame-deshydrate-flocons-50g\/\"]}]},{\"@type\":\"ImageObject\",\"inLanguage\":\"en-GB\",\"@id\":\"https:\/\/www.lokornmad.bzh\/boutique\/plaisirs-sales\/plaisirs-de-la-mer\/wakame-deshydrate-flocons-50g\/#primaryimage\",\"url\":\"https:\/\/www.lokornmad.bzh\/wp-content\/uploads\/2025\/02\/Wakame-flocons-deshydrates.jpg\",\"contentUrl\":\"https:\/\/www.lokornmad.bzh\/wp-content\/uploads\/2025\/02\/Wakame-flocons-deshydrates.jpg\",\"width\":1440,\"height\":1800,\"caption\":\"Wakam\u00e9 d\u00e9shydrat\u00e9 en flocon-50g\"},{\"@type\":\"BreadcrumbList\",\"@id\":\"https:\/\/www.lokornmad.bzh\/boutique\/plaisirs-sales\/plaisirs-de-la-mer\/wakame-deshydrate-flocons-50g\/#breadcrumb\",\"itemListElement\":[{\"@type\":\"ListItem\",\"position\":1,\"name\":\"Accueil\",\"item\":\"https:\/\/www.lokornmad.bzh\/\"},{\"@type\":\"ListItem\",\"position\":2,\"name\":\"Boutique\",\"item\":\"https:\/\/www.lokornmad.bzh\/boutique\/\"},{\"@type\":\"ListItem\",\"position\":3,\"name\":\"wakam\u00e9 d\u00e9shydrat\u00e9- Flocons 50g\"}]},{\"@type\":\"WebSite\",\"@id\":\"https:\/\/www.lokornmad.bzh\/#website\",\"url\":\"https:\/\/www.lokornmad.bzh\/\",\"name\":\"Lokorn Mad\",\"description\":\"Comptoir des Producteurs du Finist\u00e8re\",\"publisher\":{\"@id\":\"https:\/\/www.lokornmad.bzh\/#organization\"},\"potentialAction\":[{\"@type\":\"SearchAction\",\"target\":{\"@type\":\"EntryPoint\",\"urlTemplate\":\"https:\/\/www.lokornmad.bzh\/?s={search_term_string}\"},\"query-input\":{\"@type\":\"PropertyValueSpecification\",\"valueRequired\":true,\"valueName\":\"search_term_string\"}}],\"inLanguage\":\"en-GB\"},{\"@type\":\"Organization\",\"@id\":\"https:\/\/www.lokornmad.bzh\/#organization\",\"name\":\"Lokorn Mad\",\"url\":\"https:\/\/www.lokornmad.bzh\/\",\"logo\":{\"@type\":\"ImageObject\",\"inLanguage\":\"en-GB\",\"@id\":\"https:\/\/www.lokornmad.bzh\/#\/schema\/logo\/image\/\",\"url\":\"https:\/\/www.lokornmad.bzh\/wp-content\/uploads\/2021\/10\/bandeau-LokornMad.png\",\"contentUrl\":\"https:\/\/www.lokornmad.bzh\/wp-content\/uploads\/2021\/10\/bandeau-LokornMad.png\",\"width\":824,\"height\":228,\"caption\":\"Lokorn Mad\"},\"image\":{\"@id\":\"https:\/\/www.lokornmad.bzh\/#\/schema\/logo\/image\/\"},\"sameAs\":[\"https:\/\/www.facebook.com\/lokornmad\",\"https:\/\/www.instagram.com\/lokornmad\/\"]}]}<\/script>\n<!-- \/ Yoast SEO plugin. -->","yoast_head_json":{"title":"wakam\u00e9 d\u00e9shydrat\u00e9- Flocons 50g - Lokorn Mad","robots":{"index":"index","follow":"follow","max-snippet":"max-snippet:-1","max-image-preview":"max-image-preview:large","max-video-preview":"max-video-preview:-1"},"canonical":"https:\/\/www.lokornmad.bzh\/en\/boutique\/plaisirs-sales\/plaisirs-de-la-mer\/wakame-deshydrate-flocons-50g\/","og_locale":"en_GB","og_type":"article","og_title":"wakam\u00e9 d\u00e9shydrat\u00e9- Flocons 50g - Lokorn Mad","og_description":"Algue brune sauvage r\u00e9colt\u00e9e \u00e0 la main. Riche en calcium, vitamines et \u00e9quilibr\u00e9e en acides amin\u00e9s, elle fortifie et stimule les d\u00e9fenses naturelles. Elle est \u00e9galement pauvre en calories.  Wakam\u00e9 de \"qualit\u00e9 crue\", d\u00e9shydrat\u00e9 \u00e0 basse temp\u00e9rature inf\u00e9rieure \u00e0 42\u00b0C.","og_url":"https:\/\/www.lokornmad.bzh\/en\/boutique\/plaisirs-sales\/plaisirs-de-la-mer\/wakame-deshydrate-flocons-50g\/","og_site_name":"Lokorn Mad","article_publisher":"https:\/\/www.facebook.com\/lokornmad","article_modified_time":"2025-03-13T12:59:49+00:00","og_image":[{"width":1440,"height":1800,"url":"https:\/\/www.lokornmad.bzh\/wp-content\/uploads\/2025\/02\/Wakame-flocons-deshydrates.jpg","type":"image\/jpeg"}],"twitter_card":"summary_large_image","schema":{"@context":"https:\/\/schema.org","@graph":[{"@type":"WebPage","@id":"https:\/\/www.lokornmad.bzh\/boutique\/plaisirs-sales\/plaisirs-de-la-mer\/wakame-deshydrate-flocons-50g\/","url":"https:\/\/www.lokornmad.bzh\/boutique\/plaisirs-sales\/plaisirs-de-la-mer\/wakame-deshydrate-flocons-50g\/","name":"wakam\u00e9 d\u00e9shydrat\u00e9- Flocons 50g - Lokorn Mad","isPartOf":{"@id":"https:\/\/www.lokornmad.bzh\/#website"},"primaryImageOfPage":{"@id":"https:\/\/www.lokornmad.bzh\/boutique\/plaisirs-sales\/plaisirs-de-la-mer\/wakame-deshydrate-flocons-50g\/#primaryimage"},"image":{"@id":"https:\/\/www.lokornmad.bzh\/boutique\/plaisirs-sales\/plaisirs-de-la-mer\/wakame-deshydrate-flocons-50g\/#primaryimage"},"thumbnailUrl":"https:\/\/www.lokornmad.bzh\/wp-content\/uploads\/2025\/02\/Wakame-flocons-deshydrates.jpg","datePublished":"2025-02-24T17:18:10+00:00","dateModified":"2025-03-13T12:59:49+00:00","breadcrumb":{"@id":"https:\/\/www.lokornmad.bzh\/boutique\/plaisirs-sales\/plaisirs-de-la-mer\/wakame-deshydrate-flocons-50g\/#breadcrumb"},"inLanguage":"en-GB","potentialAction":[{"@type":"ReadAction","target":["https:\/\/www.lokornmad.bzh\/boutique\/plaisirs-sales\/plaisirs-de-la-mer\/wakame-deshydrate-flocons-50g\/"]}]},{"@type":"ImageObject","inLanguage":"en-GB","@id":"https:\/\/www.lokornmad.bzh\/boutique\/plaisirs-sales\/plaisirs-de-la-mer\/wakame-deshydrate-flocons-50g\/#primaryimage","url":"https:\/\/www.lokornmad.bzh\/wp-content\/uploads\/2025\/02\/Wakame-flocons-deshydrates.jpg","contentUrl":"https:\/\/www.lokornmad.bzh\/wp-content\/uploads\/2025\/02\/Wakame-flocons-deshydrates.jpg","width":1440,"height":1800,"caption":"Wakam\u00e9 d\u00e9shydrat\u00e9 en flocon-50g"},{"@type":"BreadcrumbList","@id":"https:\/\/www.lokornmad.bzh\/boutique\/plaisirs-sales\/plaisirs-de-la-mer\/wakame-deshydrate-flocons-50g\/#breadcrumb","itemListElement":[{"@type":"ListItem","position":1,"name":"Accueil","item":"https:\/\/www.lokornmad.bzh\/"},{"@type":"ListItem","position":2,"name":"Boutique","item":"https:\/\/www.lokornmad.bzh\/boutique\/"},{"@type":"ListItem","position":3,"name":"wakam\u00e9 d\u00e9shydrat\u00e9- Flocons 50g"}]},{"@type":"WebSite","@id":"https:\/\/www.lokornmad.bzh\/#website","url":"https:\/\/www.lokornmad.bzh\/","name":"Lokorn Mad","description":"Comptoir des Producteurs du Finist\u00e8re","publisher":{"@id":"https:\/\/www.lokornmad.bzh\/#organization"},"potentialAction":[{"@type":"SearchAction","target":{"@type":"EntryPoint","urlTemplate":"https:\/\/www.lokornmad.bzh\/?s={search_term_string}"},"query-input":{"@type":"PropertyValueSpecification","valueRequired":true,"valueName":"search_term_string"}}],"inLanguage":"en-GB"},{"@type":"Organization","@id":"https:\/\/www.lokornmad.bzh\/#organization","name":"Lokorn Mad","url":"https:\/\/www.lokornmad.bzh\/","logo":{"@type":"ImageObject","inLanguage":"en-GB","@id":"https:\/\/www.lokornmad.bzh\/#\/schema\/logo\/image\/","url":"https:\/\/www.lokornmad.bzh\/wp-content\/uploads\/2021\/10\/bandeau-LokornMad.png","contentUrl":"https:\/\/www.lokornmad.bzh\/wp-content\/uploads\/2021\/10\/bandeau-LokornMad.png","width":824,"height":228,"caption":"Lokorn Mad"},"image":{"@id":"https:\/\/www.lokornmad.bzh\/#\/schema\/logo\/image\/"},"sameAs":["https:\/\/www.facebook.com\/lokornmad","https:\/\/www.instagram.com\/lokornmad\/"]}]}},"_links":{"self":[{"href":"https:\/\/www.lokornmad.bzh\/en\/wp-json\/wp\/v2\/product\/1096","targetHints":{"allow":["GET"]}}],"collection":[{"href":"https:\/\/www.lokornmad.bzh\/en\/wp-json\/wp\/v2\/product"}],"about":[{"href":"https:\/\/www.lokornmad.bzh\/en\/wp-json\/wp\/v2\/types\/product"}],"replies":[{"embeddable":true,"href":"https:\/\/www.lokornmad.bzh\/en\/wp-json\/wp\/v2\/comments?post=1096"}],"wp:featuredmedia":[{"embeddable":true,"href":"https:\/\/www.lokornmad.bzh\/en\/wp-json\/wp\/v2\/media\/1097"}],"wp:attachment":[{"href":"https:\/\/www.lokornmad.bzh\/en\/wp-json\/wp\/v2\/media?parent=1096"}],"wp:term":[{"taxonomy":"product_cat","embeddable":true,"href":"https:\/\/www.lokornmad.bzh\/en\/wp-json\/wp\/v2\/product_cat?post=1096"},{"taxonomy":"product_tag","embeddable":true,"href":"https:\/\/www.lokornmad.bzh\/en\/wp-json\/wp\/v2\/product_tag?post=1096"},{"taxonomy":"berocket_brand","embeddable":true,"href":"https:\/\/www.lokornmad.bzh\/en\/wp-json\/wp\/v2\/berocket_brand?post=1096"}],"curies":[{"name":"wp","href":"https:\/\/api.w.org\/{rel}","templated":true}]}}