{"id":1104,"date":"2025-03-18T13:36:12","date_gmt":"2025-03-18T12:36:12","guid":{"rendered":"https:\/\/www.lokornmad.bzh\/?post_type=product&#038;p=1104"},"modified":"2025-03-18T13:36:12","modified_gmt":"2025-03-18T12:36:12","slug":"dulse-deshydratee-en-50g","status":"publish","type":"product","link":"https:\/\/www.lokornmad.bzh\/en\/boutique\/plaisirs-sales\/plaisirs-de-la-mer\/dulse-deshydratee-en-50g\/","title":{"rendered":"Dehydrated dulse 50g"},"content":{"rendered":"<p>At Bord \u00e0 Bord, they meticulously select the best Dulse seaweed to offer you an incomparable taste experience.<\/p>\n<p>Harvested by hand in accordance with organic specifications, their seaweed is then gently dried at low temperature to give you the very best of the seaweed.<\/p>\n<p>Dulse, rich in essential minerals, is a real superfood for your health.<\/p>\n<p>As well as its nutritional benefits, it adds a touch of marine flavour to your dishes, enhancing them with its unique, salty taste.<\/p>\n<p>Easy to use in your everyday cooking, this sachet of dehydrated Dulse seaweed is perfect for livening up your salads, soups, sauces and much more.<\/p>\n<p>Whether you're an experienced chef or a budding culinary enthusiast, Dulse seaweed will delight your taste buds and impress your guests.<\/p>\n<p>Bord \u00e0 bord is a 100% plant-based brand from Brittany.<\/p>\n<p class=\"prod-carac__title\">Features<\/p>\n<ul>\n<li>Net weight: 50g<\/li>\n<li>Organic ingredient : Dulse (Palmaria palmata) from Brittany<\/li>\n<li>DDM guaranteed on delivery: 6 months (minimum durability date)<\/li>\n<li>Possible traces of: crustaceans, fish, molluscs.<\/li>\n<li><strong>Average nutritional values 100g<\/strong> Energy: 227 kcal \/ 948 kJ, fat 1.3 g of which saturated fatty acids 0 g, carbohydrates 23 g of which sugars &lt; 0.1 g, protein 17 g, dietary fibre 28 g, salt 4.2 g. Minerals: potassium 7 g, sodium 1.7 g, magnesium 2.5 g, calcium 0.6 g, iron 35 mg, phosphorus 280 mg. Vitamins: C\/84 mg, B3\/4 mg, B9\/92 \u03bcg, B12\/10 \u03bcg. Minerals are given for information only.<\/li>\n<li>These flakes can be incorporated directly into your recipes or rehydrated in water or any other liquid of your choice. Rehydrated seaweed can be cooked just like fresh seaweed. Ideal in tartare, pesto or in a light sauce... Season fried potatoes or a cream sauce.<\/li>\n<li>Store in a cool, dry place, resealing the sachet after opening.<\/li>\n<li>Packaging for recycling, bag and label<\/li>\n<\/ul>","protected":false},"excerpt":{"rendered":"<p><span>Dulse, rich in essential minerals, is a real superfood for your health. As well as its nutritional benefits, it adds a touch of marine flavour to your dishes, enhancing them with its unique, salty taste.<\/span><\/p>","protected":false},"featured_media":1075,"comment_status":"closed","ping_status":"closed","template":"","meta":{"_acf_changed":false},"product_cat":[40],"product_tag":[],"berocket_brand":[64],"class_list":{"0":"post-1104","1":"product","2":"type-product","3":"status-publish","4":"has-post-thumbnail","6":"product_cat-plaisirs-de-la-mer","7":"berocket_brand-bord-a-bord","9":"first","10":"instock","11":"taxable","12":"shipping-taxable","13":"purchasable","14":"product-type-simple"},"acf":[],"yoast_head":"<!-- This site is optimized with the Yoast SEO plugin v27.1.1 - https:\/\/yoast.com\/product\/yoast-seo-wordpress\/ -->\n<title>Dulse d\u00e9shydrat\u00e9e en 50g - Lokorn Mad<\/title>\n<meta name=\"description\" content=\"La dulse, riche en min\u00e9raux essentiels, est un v\u00e9ritable superaliment pour votre sant\u00e9. En plus de ses bienfaits nutritionnels, elle apporte une touche de saveurs marines \u00e0 vos plats en les rehaussant avec son go\u00fbt unique et salin.\" \/>\n<meta name=\"robots\" content=\"index, follow, max-snippet:-1, max-image-preview:large, max-video-preview:-1\" \/>\n<link rel=\"canonical\" href=\"https:\/\/www.lokornmad.bzh\/en\/boutique\/plaisirs-sales\/plaisirs-de-la-mer\/dulse-deshydratee-en-50g\/\" \/>\n<meta property=\"og:locale\" content=\"en_GB\" \/>\n<meta property=\"og:type\" content=\"article\" \/>\n<meta property=\"og:title\" content=\"Dulse d\u00e9shydrat\u00e9e en 50g - Lokorn Mad\" \/>\n<meta property=\"og:description\" content=\"La dulse, riche en min\u00e9raux essentiels, est un v\u00e9ritable superaliment pour votre sant\u00e9. En plus de ses bienfaits nutritionnels, elle apporte une touche de saveurs marines \u00e0 vos plats en les rehaussant avec son go\u00fbt unique et salin.\" \/>\n<meta property=\"og:url\" content=\"https:\/\/www.lokornmad.bzh\/en\/boutique\/plaisirs-sales\/plaisirs-de-la-mer\/dulse-deshydratee-en-50g\/\" \/>\n<meta property=\"og:site_name\" content=\"Lokorn Mad\" \/>\n<meta property=\"article:publisher\" content=\"https:\/\/www.facebook.com\/lokornmad\" \/>\n<meta property=\"og:image\" content=\"https:\/\/www.lokornmad.bzh\/wp-content\/uploads\/2023\/09\/Dulse-deshydratee-Petit-format.jpg\" \/>\n\t<meta property=\"og:image:width\" content=\"750\" \/>\n\t<meta property=\"og:image:height\" content=\"960\" \/>\n\t<meta property=\"og:image:type\" content=\"image\/jpeg\" \/>\n<meta name=\"twitter:card\" content=\"summary_large_image\" \/>\n<meta name=\"twitter:label1\" content=\"Estimated reading time\" \/>\n\t<meta name=\"twitter:data1\" content=\"2 minutes\" \/>\n<script type=\"application\/ld+json\" class=\"yoast-schema-graph\">{\"@context\":\"https:\/\/schema.org\",\"@graph\":[{\"@type\":\"WebPage\",\"@id\":\"https:\/\/www.lokornmad.bzh\/boutique\/plaisirs-sales\/plaisirs-de-la-mer\/dulse-deshydratee-en-50g\/\",\"url\":\"https:\/\/www.lokornmad.bzh\/boutique\/plaisirs-sales\/plaisirs-de-la-mer\/dulse-deshydratee-en-50g\/\",\"name\":\"Dulse d\u00e9shydrat\u00e9e en 50g - Lokorn Mad\",\"isPartOf\":{\"@id\":\"https:\/\/www.lokornmad.bzh\/#website\"},\"primaryImageOfPage\":{\"@id\":\"https:\/\/www.lokornmad.bzh\/boutique\/plaisirs-sales\/plaisirs-de-la-mer\/dulse-deshydratee-en-50g\/#primaryimage\"},\"image\":{\"@id\":\"https:\/\/www.lokornmad.bzh\/boutique\/plaisirs-sales\/plaisirs-de-la-mer\/dulse-deshydratee-en-50g\/#primaryimage\"},\"thumbnailUrl\":\"https:\/\/www.lokornmad.bzh\/wp-content\/uploads\/2023\/09\/Dulse-deshydratee-Petit-format.jpg\",\"datePublished\":\"2025-03-18T12:36:12+00:00\",\"description\":\"La dulse, riche en min\u00e9raux essentiels, est un v\u00e9ritable superaliment pour votre sant\u00e9. En plus de ses bienfaits nutritionnels, elle apporte une touche de saveurs marines \u00e0 vos plats en les rehaussant avec son go\u00fbt unique et salin.\",\"breadcrumb\":{\"@id\":\"https:\/\/www.lokornmad.bzh\/boutique\/plaisirs-sales\/plaisirs-de-la-mer\/dulse-deshydratee-en-50g\/#breadcrumb\"},\"inLanguage\":\"en-GB\",\"potentialAction\":[{\"@type\":\"ReadAction\",\"target\":[\"https:\/\/www.lokornmad.bzh\/boutique\/plaisirs-sales\/plaisirs-de-la-mer\/dulse-deshydratee-en-50g\/\"]}]},{\"@type\":\"ImageObject\",\"inLanguage\":\"en-GB\",\"@id\":\"https:\/\/www.lokornmad.bzh\/boutique\/plaisirs-sales\/plaisirs-de-la-mer\/dulse-deshydratee-en-50g\/#primaryimage\",\"url\":\"https:\/\/www.lokornmad.bzh\/wp-content\/uploads\/2023\/09\/Dulse-deshydratee-Petit-format.jpg\",\"contentUrl\":\"https:\/\/www.lokornmad.bzh\/wp-content\/uploads\/2023\/09\/Dulse-deshydratee-Petit-format.jpg\",\"width\":750,\"height\":960,\"caption\":\"50g de Dulse d\u00e9shydrat\u00e9e en sachet\"},{\"@type\":\"BreadcrumbList\",\"@id\":\"https:\/\/www.lokornmad.bzh\/boutique\/plaisirs-sales\/plaisirs-de-la-mer\/dulse-deshydratee-en-50g\/#breadcrumb\",\"itemListElement\":[{\"@type\":\"ListItem\",\"position\":1,\"name\":\"Accueil\",\"item\":\"https:\/\/www.lokornmad.bzh\/\"},{\"@type\":\"ListItem\",\"position\":2,\"name\":\"Boutique\",\"item\":\"https:\/\/www.lokornmad.bzh\/boutique\/\"},{\"@type\":\"ListItem\",\"position\":3,\"name\":\"Dulse d\u00e9shydrat\u00e9e en 50g\"}]},{\"@type\":\"WebSite\",\"@id\":\"https:\/\/www.lokornmad.bzh\/#website\",\"url\":\"https:\/\/www.lokornmad.bzh\/\",\"name\":\"Lokorn Mad\",\"description\":\"Comptoir des Producteurs du Finist\u00e8re\",\"publisher\":{\"@id\":\"https:\/\/www.lokornmad.bzh\/#organization\"},\"potentialAction\":[{\"@type\":\"SearchAction\",\"target\":{\"@type\":\"EntryPoint\",\"urlTemplate\":\"https:\/\/www.lokornmad.bzh\/?s={search_term_string}\"},\"query-input\":{\"@type\":\"PropertyValueSpecification\",\"valueRequired\":true,\"valueName\":\"search_term_string\"}}],\"inLanguage\":\"en-GB\"},{\"@type\":\"Organization\",\"@id\":\"https:\/\/www.lokornmad.bzh\/#organization\",\"name\":\"Lokorn Mad\",\"url\":\"https:\/\/www.lokornmad.bzh\/\",\"logo\":{\"@type\":\"ImageObject\",\"inLanguage\":\"en-GB\",\"@id\":\"https:\/\/www.lokornmad.bzh\/#\/schema\/logo\/image\/\",\"url\":\"https:\/\/www.lokornmad.bzh\/wp-content\/uploads\/2021\/10\/bandeau-LokornMad.png\",\"contentUrl\":\"https:\/\/www.lokornmad.bzh\/wp-content\/uploads\/2021\/10\/bandeau-LokornMad.png\",\"width\":824,\"height\":228,\"caption\":\"Lokorn Mad\"},\"image\":{\"@id\":\"https:\/\/www.lokornmad.bzh\/#\/schema\/logo\/image\/\"},\"sameAs\":[\"https:\/\/www.facebook.com\/lokornmad\",\"https:\/\/www.instagram.com\/lokornmad\/\"]}]}<\/script>\n<!-- \/ Yoast SEO plugin. -->","yoast_head_json":{"title":"Dulse d\u00e9shydrat\u00e9e en 50g - Lokorn Mad","description":"Dulse, rich in essential minerals, is a real superfood for your health. As well as its nutritional benefits, it adds a touch of marine flavour to your dishes, enhancing them with its unique, salty taste.","robots":{"index":"index","follow":"follow","max-snippet":"max-snippet:-1","max-image-preview":"max-image-preview:large","max-video-preview":"max-video-preview:-1"},"canonical":"https:\/\/www.lokornmad.bzh\/en\/boutique\/plaisirs-sales\/plaisirs-de-la-mer\/dulse-deshydratee-en-50g\/","og_locale":"en_GB","og_type":"article","og_title":"Dulse d\u00e9shydrat\u00e9e en 50g - Lokorn Mad","og_description":"La dulse, riche en min\u00e9raux essentiels, est un v\u00e9ritable superaliment pour votre sant\u00e9. En plus de ses bienfaits nutritionnels, elle apporte une touche de saveurs marines \u00e0 vos plats en les rehaussant avec son go\u00fbt unique et salin.","og_url":"https:\/\/www.lokornmad.bzh\/en\/boutique\/plaisirs-sales\/plaisirs-de-la-mer\/dulse-deshydratee-en-50g\/","og_site_name":"Lokorn Mad","article_publisher":"https:\/\/www.facebook.com\/lokornmad","og_image":[{"width":750,"height":960,"url":"https:\/\/www.lokornmad.bzh\/wp-content\/uploads\/2023\/09\/Dulse-deshydratee-Petit-format.jpg","type":"image\/jpeg"}],"twitter_card":"summary_large_image","twitter_misc":{"Estimated reading time":"2 minutes"},"schema":{"@context":"https:\/\/schema.org","@graph":[{"@type":"WebPage","@id":"https:\/\/www.lokornmad.bzh\/boutique\/plaisirs-sales\/plaisirs-de-la-mer\/dulse-deshydratee-en-50g\/","url":"https:\/\/www.lokornmad.bzh\/boutique\/plaisirs-sales\/plaisirs-de-la-mer\/dulse-deshydratee-en-50g\/","name":"Dulse d\u00e9shydrat\u00e9e en 50g - Lokorn Mad","isPartOf":{"@id":"https:\/\/www.lokornmad.bzh\/#website"},"primaryImageOfPage":{"@id":"https:\/\/www.lokornmad.bzh\/boutique\/plaisirs-sales\/plaisirs-de-la-mer\/dulse-deshydratee-en-50g\/#primaryimage"},"image":{"@id":"https:\/\/www.lokornmad.bzh\/boutique\/plaisirs-sales\/plaisirs-de-la-mer\/dulse-deshydratee-en-50g\/#primaryimage"},"thumbnailUrl":"https:\/\/www.lokornmad.bzh\/wp-content\/uploads\/2023\/09\/Dulse-deshydratee-Petit-format.jpg","datePublished":"2025-03-18T12:36:12+00:00","description":"Dulse, rich in essential minerals, is a real superfood for your health. As well as its nutritional benefits, it adds a touch of marine flavour to your dishes, enhancing them with its unique, salty taste.","breadcrumb":{"@id":"https:\/\/www.lokornmad.bzh\/boutique\/plaisirs-sales\/plaisirs-de-la-mer\/dulse-deshydratee-en-50g\/#breadcrumb"},"inLanguage":"en-GB","potentialAction":[{"@type":"ReadAction","target":["https:\/\/www.lokornmad.bzh\/boutique\/plaisirs-sales\/plaisirs-de-la-mer\/dulse-deshydratee-en-50g\/"]}]},{"@type":"ImageObject","inLanguage":"en-GB","@id":"https:\/\/www.lokornmad.bzh\/boutique\/plaisirs-sales\/plaisirs-de-la-mer\/dulse-deshydratee-en-50g\/#primaryimage","url":"https:\/\/www.lokornmad.bzh\/wp-content\/uploads\/2023\/09\/Dulse-deshydratee-Petit-format.jpg","contentUrl":"https:\/\/www.lokornmad.bzh\/wp-content\/uploads\/2023\/09\/Dulse-deshydratee-Petit-format.jpg","width":750,"height":960,"caption":"50g de Dulse d\u00e9shydrat\u00e9e en sachet"},{"@type":"BreadcrumbList","@id":"https:\/\/www.lokornmad.bzh\/boutique\/plaisirs-sales\/plaisirs-de-la-mer\/dulse-deshydratee-en-50g\/#breadcrumb","itemListElement":[{"@type":"ListItem","position":1,"name":"Accueil","item":"https:\/\/www.lokornmad.bzh\/"},{"@type":"ListItem","position":2,"name":"Boutique","item":"https:\/\/www.lokornmad.bzh\/boutique\/"},{"@type":"ListItem","position":3,"name":"Dulse d\u00e9shydrat\u00e9e en 50g"}]},{"@type":"WebSite","@id":"https:\/\/www.lokornmad.bzh\/#website","url":"https:\/\/www.lokornmad.bzh\/","name":"Lokorn Mad","description":"Comptoir des Producteurs du Finist\u00e8re","publisher":{"@id":"https:\/\/www.lokornmad.bzh\/#organization"},"potentialAction":[{"@type":"SearchAction","target":{"@type":"EntryPoint","urlTemplate":"https:\/\/www.lokornmad.bzh\/?s={search_term_string}"},"query-input":{"@type":"PropertyValueSpecification","valueRequired":true,"valueName":"search_term_string"}}],"inLanguage":"en-GB"},{"@type":"Organization","@id":"https:\/\/www.lokornmad.bzh\/#organization","name":"Lokorn Mad","url":"https:\/\/www.lokornmad.bzh\/","logo":{"@type":"ImageObject","inLanguage":"en-GB","@id":"https:\/\/www.lokornmad.bzh\/#\/schema\/logo\/image\/","url":"https:\/\/www.lokornmad.bzh\/wp-content\/uploads\/2021\/10\/bandeau-LokornMad.png","contentUrl":"https:\/\/www.lokornmad.bzh\/wp-content\/uploads\/2021\/10\/bandeau-LokornMad.png","width":824,"height":228,"caption":"Lokorn Mad"},"image":{"@id":"https:\/\/www.lokornmad.bzh\/#\/schema\/logo\/image\/"},"sameAs":["https:\/\/www.facebook.com\/lokornmad","https:\/\/www.instagram.com\/lokornmad\/"]}]}},"_links":{"self":[{"href":"https:\/\/www.lokornmad.bzh\/en\/wp-json\/wp\/v2\/product\/1104","targetHints":{"allow":["GET"]}}],"collection":[{"href":"https:\/\/www.lokornmad.bzh\/en\/wp-json\/wp\/v2\/product"}],"about":[{"href":"https:\/\/www.lokornmad.bzh\/en\/wp-json\/wp\/v2\/types\/product"}],"replies":[{"embeddable":true,"href":"https:\/\/www.lokornmad.bzh\/en\/wp-json\/wp\/v2\/comments?post=1104"}],"wp:featuredmedia":[{"embeddable":true,"href":"https:\/\/www.lokornmad.bzh\/en\/wp-json\/wp\/v2\/media\/1075"}],"wp:attachment":[{"href":"https:\/\/www.lokornmad.bzh\/en\/wp-json\/wp\/v2\/media?parent=1104"}],"wp:term":[{"taxonomy":"product_cat","embeddable":true,"href":"https:\/\/www.lokornmad.bzh\/en\/wp-json\/wp\/v2\/product_cat?post=1104"},{"taxonomy":"product_tag","embeddable":true,"href":"https:\/\/www.lokornmad.bzh\/en\/wp-json\/wp\/v2\/product_tag?post=1104"},{"taxonomy":"berocket_brand","embeddable":true,"href":"https:\/\/www.lokornmad.bzh\/en\/wp-json\/wp\/v2\/berocket_brand?post=1104"}],"curies":[{"name":"wp","href":"https:\/\/api.w.org\/{rel}","templated":true}]}}