{"id":1105,"date":"2025-03-18T14:29:30","date_gmt":"2025-03-18T13:29:30","guid":{"rendered":"https:\/\/www.lokornmad.bzh\/?post_type=product&#038;p=1105"},"modified":"2025-03-18T14:29:30","modified_gmt":"2025-03-18T13:29:30","slug":"kombu-royal-deshydrate-50g","status":"publish","type":"product","link":"https:\/\/www.lokornmad.bzh\/en\/boutique\/plaisirs-sales\/plaisirs-de-la-mer\/kombu-royal-deshydrate-50g\/","title":{"rendered":"Royal dehydrated kombu -50g"},"content":{"rendered":"<p>an exceptional seaweed renowned for its rich UMAMI flavour.<\/p>\n<p>Hand-picked from the pristine waters of North Finist\u00e8re in Brittany, this seaweed is gently dried to preserve all its aromas and nutritional benefits.<\/p>\n<p>Harvested with respect for the environment, our Royal Kombu is of impeccable quality. Its organic certification guarantees that the seaweed is harvested in high-quality waters in a sustainable way. So you can enjoy this seaweed with complete confidence.<\/p>\n<p>Packaged in a 50g resealable sachet, our Royal Kombu is easy to store and use. Close it tightly after each use to preserve its freshness and flavour.<\/p>\n<p><strong> Royal Kombu<\/strong> is a versatile ingredient in cooking, rich in UMAMI, and a natural flavour enhancer.<\/p>\n<p>Use it to make stocks, sauces, soups or simmered dishes.<\/p>\n<p>It adds a unique depth of flavour and a touch of umami to your favourite recipes.<\/p>\n<p>Rich in minerals such as iodine, calcium and magnesium, it aids digestion and contributes to a balanced diet.<\/p>\n<p>It also accelerates the cooking of legumes.<\/p>\n<p class=\"prod-carac__title\">Features<\/p>\n<ul>\n<li>Net weight: 50g<\/li>\n<li>DDM guaranteed on delivery: 6 months (minimum durability date)<\/li>\n<li>Organic ingredient: Royal Kombu (Saccharrina latissima) Origin: Brittany. A whitening of the surface of the seaweed may appear: this is not mould but a crystallisation of the mineral salts, a sign of quality!<\/li>\n<li>Possible traces of: crustaceans, fish, molluscs.<\/li>\n<li>Average nutritional values 100g: energy 204 kcal \/ 851 kJ, fat 1 g of which saturated fatty acids 0.7 g, carbohydrates 24 g of which sugars &lt; 0.1 g, protein 10 g, dietary fibre 29 g, salt 9 g. Minerals: potassium 6 g, sodium 4 g, magnesium 0.8 g, calcium 0.8 g, iron 23 mg, phosphorus 208 mg. Vitamins: C\/11 mg, B9\/165 \u03bcg. Minerals are given for information only.<\/li>\n<li>Store in a cool, dry place, resealing the sachet after opening.<\/li>\n<li>Packaging for recycling, bag and label<\/li>\n<\/ul>","protected":false},"excerpt":{"rendered":"<p><strong>Royal Kombu<\/strong> is a versatile ingredient in cooking, rich in UMAMI, and a natural flavour enhancer.<\/p>\n<p>Use it to make stocks, sauces, soups or simmered dishes.<\/p>\n<p>It adds a unique depth of flavour and a touch of umami to your favourite recipes.<\/p>\n<p>Rich in minerals such as iodine, calcium and magnesium, it aids digestion and contributes to a balanced diet.<\/p>\n<p>It also accelerates the cooking of legumes.<\/p>","protected":false},"featured_media":1078,"comment_status":"closed","ping_status":"closed","template":"","meta":{"_acf_changed":false},"product_cat":[40],"product_tag":[],"berocket_brand":[64],"class_list":{"0":"post-1105","1":"product","2":"type-product","3":"status-publish","4":"has-post-thumbnail","6":"product_cat-plaisirs-de-la-mer","7":"berocket_brand-bord-a-bord","9":"first","10":"instock","11":"taxable","12":"shipping-taxable","13":"purchasable","14":"product-type-simple"},"acf":[],"yoast_head":"<!-- This site is optimized with the Yoast SEO plugin v27.1.1 - https:\/\/yoast.com\/product\/yoast-seo-wordpress\/ -->\n<title>kombu royal d\u00e9shydrat\u00e9 -50g - Lokorn Mad<\/title>\n<meta name=\"description\" content=\"Le Kombu Royal est un ingr\u00e9dient polyvalent en cuisine, riche en UMAMI, c&#039;est un exhausteur de go\u00fbt naturel.\" \/>\n<meta name=\"robots\" content=\"index, follow, max-snippet:-1, max-image-preview:large, max-video-preview:-1\" \/>\n<link rel=\"canonical\" href=\"https:\/\/www.lokornmad.bzh\/en\/boutique\/plaisirs-sales\/plaisirs-de-la-mer\/kombu-royal-deshydrate-50g\/\" \/>\n<meta property=\"og:locale\" content=\"en_GB\" \/>\n<meta property=\"og:type\" content=\"article\" \/>\n<meta property=\"og:title\" content=\"kombu royal d\u00e9shydrat\u00e9 -50g - Lokorn Mad\" \/>\n<meta property=\"og:description\" content=\"Le Kombu Royal est un ingr\u00e9dient polyvalent en cuisine, riche en UMAMI, c&#039;est un exhausteur de go\u00fbt naturel.\" \/>\n<meta property=\"og:url\" content=\"https:\/\/www.lokornmad.bzh\/en\/boutique\/plaisirs-sales\/plaisirs-de-la-mer\/kombu-royal-deshydrate-50g\/\" \/>\n<meta property=\"og:site_name\" content=\"Lokorn Mad\" \/>\n<meta property=\"article:publisher\" content=\"https:\/\/www.facebook.com\/lokornmad\" \/>\n<meta property=\"og:image\" content=\"https:\/\/www.lokornmad.bzh\/wp-content\/uploads\/2023\/09\/309545445_764161028216699_1760612927973083562_n.jpg\" \/>\n\t<meta property=\"og:image:width\" content=\"206\" \/>\n\t<meta property=\"og:image:height\" content=\"206\" \/>\n\t<meta property=\"og:image:type\" content=\"image\/jpeg\" \/>\n<meta name=\"twitter:card\" content=\"summary_large_image\" \/>\n<meta name=\"twitter:label1\" content=\"Estimated reading time\" \/>\n\t<meta name=\"twitter:data1\" content=\"2 minutes\" \/>\n<script type=\"application\/ld+json\" class=\"yoast-schema-graph\">{\"@context\":\"https:\/\/schema.org\",\"@graph\":[{\"@type\":\"WebPage\",\"@id\":\"https:\/\/www.lokornmad.bzh\/boutique\/plaisirs-sales\/plaisirs-de-la-mer\/kombu-royal-deshydrate-50g\/\",\"url\":\"https:\/\/www.lokornmad.bzh\/boutique\/plaisirs-sales\/plaisirs-de-la-mer\/kombu-royal-deshydrate-50g\/\",\"name\":\"kombu royal d\u00e9shydrat\u00e9 -50g - Lokorn Mad\",\"isPartOf\":{\"@id\":\"https:\/\/www.lokornmad.bzh\/#website\"},\"primaryImageOfPage\":{\"@id\":\"https:\/\/www.lokornmad.bzh\/boutique\/plaisirs-sales\/plaisirs-de-la-mer\/kombu-royal-deshydrate-50g\/#primaryimage\"},\"image\":{\"@id\":\"https:\/\/www.lokornmad.bzh\/boutique\/plaisirs-sales\/plaisirs-de-la-mer\/kombu-royal-deshydrate-50g\/#primaryimage\"},\"thumbnailUrl\":\"https:\/\/www.lokornmad.bzh\/wp-content\/uploads\/2023\/09\/309545445_764161028216699_1760612927973083562_n.jpg\",\"datePublished\":\"2025-03-18T13:29:30+00:00\",\"description\":\"Le Kombu Royal est un ingr\u00e9dient polyvalent en cuisine, riche en UMAMI, c'est un exhausteur de go\u00fbt naturel.\",\"breadcrumb\":{\"@id\":\"https:\/\/www.lokornmad.bzh\/boutique\/plaisirs-sales\/plaisirs-de-la-mer\/kombu-royal-deshydrate-50g\/#breadcrumb\"},\"inLanguage\":\"en-GB\",\"potentialAction\":[{\"@type\":\"ReadAction\",\"target\":[\"https:\/\/www.lokornmad.bzh\/boutique\/plaisirs-sales\/plaisirs-de-la-mer\/kombu-royal-deshydrate-50g\/\"]}]},{\"@type\":\"ImageObject\",\"inLanguage\":\"en-GB\",\"@id\":\"https:\/\/www.lokornmad.bzh\/boutique\/plaisirs-sales\/plaisirs-de-la-mer\/kombu-royal-deshydrate-50g\/#primaryimage\",\"url\":\"https:\/\/www.lokornmad.bzh\/wp-content\/uploads\/2023\/09\/309545445_764161028216699_1760612927973083562_n.jpg\",\"contentUrl\":\"https:\/\/www.lokornmad.bzh\/wp-content\/uploads\/2023\/09\/309545445_764161028216699_1760612927973083562_n.jpg\",\"width\":206,\"height\":206,\"caption\":\"Kombu royal d\u00e9shydrat\u00e9 en 50g\"},{\"@type\":\"BreadcrumbList\",\"@id\":\"https:\/\/www.lokornmad.bzh\/boutique\/plaisirs-sales\/plaisirs-de-la-mer\/kombu-royal-deshydrate-50g\/#breadcrumb\",\"itemListElement\":[{\"@type\":\"ListItem\",\"position\":1,\"name\":\"Accueil\",\"item\":\"https:\/\/www.lokornmad.bzh\/\"},{\"@type\":\"ListItem\",\"position\":2,\"name\":\"Boutique\",\"item\":\"https:\/\/www.lokornmad.bzh\/boutique\/\"},{\"@type\":\"ListItem\",\"position\":3,\"name\":\"kombu royal d\u00e9shydrat\u00e9 -50g\"}]},{\"@type\":\"WebSite\",\"@id\":\"https:\/\/www.lokornmad.bzh\/#website\",\"url\":\"https:\/\/www.lokornmad.bzh\/\",\"name\":\"Lokorn Mad\",\"description\":\"Comptoir des Producteurs du Finist\u00e8re\",\"publisher\":{\"@id\":\"https:\/\/www.lokornmad.bzh\/#organization\"},\"potentialAction\":[{\"@type\":\"SearchAction\",\"target\":{\"@type\":\"EntryPoint\",\"urlTemplate\":\"https:\/\/www.lokornmad.bzh\/?s={search_term_string}\"},\"query-input\":{\"@type\":\"PropertyValueSpecification\",\"valueRequired\":true,\"valueName\":\"search_term_string\"}}],\"inLanguage\":\"en-GB\"},{\"@type\":\"Organization\",\"@id\":\"https:\/\/www.lokornmad.bzh\/#organization\",\"name\":\"Lokorn Mad\",\"url\":\"https:\/\/www.lokornmad.bzh\/\",\"logo\":{\"@type\":\"ImageObject\",\"inLanguage\":\"en-GB\",\"@id\":\"https:\/\/www.lokornmad.bzh\/#\/schema\/logo\/image\/\",\"url\":\"https:\/\/www.lokornmad.bzh\/wp-content\/uploads\/2021\/10\/bandeau-LokornMad.png\",\"contentUrl\":\"https:\/\/www.lokornmad.bzh\/wp-content\/uploads\/2021\/10\/bandeau-LokornMad.png\",\"width\":824,\"height\":228,\"caption\":\"Lokorn Mad\"},\"image\":{\"@id\":\"https:\/\/www.lokornmad.bzh\/#\/schema\/logo\/image\/\"},\"sameAs\":[\"https:\/\/www.facebook.com\/lokornmad\",\"https:\/\/www.instagram.com\/lokornmad\/\"]}]}<\/script>\n<!-- \/ Yoast SEO plugin. -->","yoast_head_json":{"title":"kombu royal d\u00e9shydrat\u00e9 -50g - Lokorn Mad","description":"Le Kombu Royal est un ingr\u00e9dient polyvalent en cuisine, riche en UMAMI, c'est un exhausteur de go\u00fbt naturel.","robots":{"index":"index","follow":"follow","max-snippet":"max-snippet:-1","max-image-preview":"max-image-preview:large","max-video-preview":"max-video-preview:-1"},"canonical":"https:\/\/www.lokornmad.bzh\/en\/boutique\/plaisirs-sales\/plaisirs-de-la-mer\/kombu-royal-deshydrate-50g\/","og_locale":"en_GB","og_type":"article","og_title":"kombu royal d\u00e9shydrat\u00e9 -50g - Lokorn Mad","og_description":"Le Kombu Royal est un ingr\u00e9dient polyvalent en cuisine, riche en UMAMI, c'est un exhausteur de go\u00fbt naturel.","og_url":"https:\/\/www.lokornmad.bzh\/en\/boutique\/plaisirs-sales\/plaisirs-de-la-mer\/kombu-royal-deshydrate-50g\/","og_site_name":"Lokorn Mad","article_publisher":"https:\/\/www.facebook.com\/lokornmad","og_image":[{"width":206,"height":206,"url":"https:\/\/www.lokornmad.bzh\/wp-content\/uploads\/2023\/09\/309545445_764161028216699_1760612927973083562_n.jpg","type":"image\/jpeg"}],"twitter_card":"summary_large_image","twitter_misc":{"Estimated reading time":"2 minutes"},"schema":{"@context":"https:\/\/schema.org","@graph":[{"@type":"WebPage","@id":"https:\/\/www.lokornmad.bzh\/boutique\/plaisirs-sales\/plaisirs-de-la-mer\/kombu-royal-deshydrate-50g\/","url":"https:\/\/www.lokornmad.bzh\/boutique\/plaisirs-sales\/plaisirs-de-la-mer\/kombu-royal-deshydrate-50g\/","name":"kombu royal d\u00e9shydrat\u00e9 -50g - Lokorn Mad","isPartOf":{"@id":"https:\/\/www.lokornmad.bzh\/#website"},"primaryImageOfPage":{"@id":"https:\/\/www.lokornmad.bzh\/boutique\/plaisirs-sales\/plaisirs-de-la-mer\/kombu-royal-deshydrate-50g\/#primaryimage"},"image":{"@id":"https:\/\/www.lokornmad.bzh\/boutique\/plaisirs-sales\/plaisirs-de-la-mer\/kombu-royal-deshydrate-50g\/#primaryimage"},"thumbnailUrl":"https:\/\/www.lokornmad.bzh\/wp-content\/uploads\/2023\/09\/309545445_764161028216699_1760612927973083562_n.jpg","datePublished":"2025-03-18T13:29:30+00:00","description":"Le Kombu Royal est un ingr\u00e9dient polyvalent en cuisine, riche en UMAMI, c'est un exhausteur de go\u00fbt naturel.","breadcrumb":{"@id":"https:\/\/www.lokornmad.bzh\/boutique\/plaisirs-sales\/plaisirs-de-la-mer\/kombu-royal-deshydrate-50g\/#breadcrumb"},"inLanguage":"en-GB","potentialAction":[{"@type":"ReadAction","target":["https:\/\/www.lokornmad.bzh\/boutique\/plaisirs-sales\/plaisirs-de-la-mer\/kombu-royal-deshydrate-50g\/"]}]},{"@type":"ImageObject","inLanguage":"en-GB","@id":"https:\/\/www.lokornmad.bzh\/boutique\/plaisirs-sales\/plaisirs-de-la-mer\/kombu-royal-deshydrate-50g\/#primaryimage","url":"https:\/\/www.lokornmad.bzh\/wp-content\/uploads\/2023\/09\/309545445_764161028216699_1760612927973083562_n.jpg","contentUrl":"https:\/\/www.lokornmad.bzh\/wp-content\/uploads\/2023\/09\/309545445_764161028216699_1760612927973083562_n.jpg","width":206,"height":206,"caption":"Kombu royal d\u00e9shydrat\u00e9 en 50g"},{"@type":"BreadcrumbList","@id":"https:\/\/www.lokornmad.bzh\/boutique\/plaisirs-sales\/plaisirs-de-la-mer\/kombu-royal-deshydrate-50g\/#breadcrumb","itemListElement":[{"@type":"ListItem","position":1,"name":"Accueil","item":"https:\/\/www.lokornmad.bzh\/"},{"@type":"ListItem","position":2,"name":"Boutique","item":"https:\/\/www.lokornmad.bzh\/boutique\/"},{"@type":"ListItem","position":3,"name":"kombu royal d\u00e9shydrat\u00e9 -50g"}]},{"@type":"WebSite","@id":"https:\/\/www.lokornmad.bzh\/#website","url":"https:\/\/www.lokornmad.bzh\/","name":"Lokorn Mad","description":"Comptoir des Producteurs du Finist\u00e8re","publisher":{"@id":"https:\/\/www.lokornmad.bzh\/#organization"},"potentialAction":[{"@type":"SearchAction","target":{"@type":"EntryPoint","urlTemplate":"https:\/\/www.lokornmad.bzh\/?s={search_term_string}"},"query-input":{"@type":"PropertyValueSpecification","valueRequired":true,"valueName":"search_term_string"}}],"inLanguage":"en-GB"},{"@type":"Organization","@id":"https:\/\/www.lokornmad.bzh\/#organization","name":"Lokorn Mad","url":"https:\/\/www.lokornmad.bzh\/","logo":{"@type":"ImageObject","inLanguage":"en-GB","@id":"https:\/\/www.lokornmad.bzh\/#\/schema\/logo\/image\/","url":"https:\/\/www.lokornmad.bzh\/wp-content\/uploads\/2021\/10\/bandeau-LokornMad.png","contentUrl":"https:\/\/www.lokornmad.bzh\/wp-content\/uploads\/2021\/10\/bandeau-LokornMad.png","width":824,"height":228,"caption":"Lokorn Mad"},"image":{"@id":"https:\/\/www.lokornmad.bzh\/#\/schema\/logo\/image\/"},"sameAs":["https:\/\/www.facebook.com\/lokornmad","https:\/\/www.instagram.com\/lokornmad\/"]}]}},"_links":{"self":[{"href":"https:\/\/www.lokornmad.bzh\/en\/wp-json\/wp\/v2\/product\/1105","targetHints":{"allow":["GET"]}}],"collection":[{"href":"https:\/\/www.lokornmad.bzh\/en\/wp-json\/wp\/v2\/product"}],"about":[{"href":"https:\/\/www.lokornmad.bzh\/en\/wp-json\/wp\/v2\/types\/product"}],"replies":[{"embeddable":true,"href":"https:\/\/www.lokornmad.bzh\/en\/wp-json\/wp\/v2\/comments?post=1105"}],"wp:featuredmedia":[{"embeddable":true,"href":"https:\/\/www.lokornmad.bzh\/en\/wp-json\/wp\/v2\/media\/1078"}],"wp:attachment":[{"href":"https:\/\/www.lokornmad.bzh\/en\/wp-json\/wp\/v2\/media?parent=1105"}],"wp:term":[{"taxonomy":"product_cat","embeddable":true,"href":"https:\/\/www.lokornmad.bzh\/en\/wp-json\/wp\/v2\/product_cat?post=1105"},{"taxonomy":"product_tag","embeddable":true,"href":"https:\/\/www.lokornmad.bzh\/en\/wp-json\/wp\/v2\/product_tag?post=1105"},{"taxonomy":"berocket_brand","embeddable":true,"href":"https:\/\/www.lokornmad.bzh\/en\/wp-json\/wp\/v2\/berocket_brand?post=1105"}],"curies":[{"name":"wp","href":"https:\/\/api.w.org\/{rel}","templated":true}]}}