{"id":1106,"date":"2025-03-18T15:11:23","date_gmt":"2025-03-18T14:11:23","guid":{"rendered":"https:\/\/www.lokornmad.bzh\/?post_type=product&#038;p=1106"},"modified":"2025-03-18T15:11:23","modified_gmt":"2025-03-18T14:11:23","slug":"spaghetti-de-la-mer-deshydrates-50g","status":"publish","type":"product","link":"https:\/\/www.lokornmad.bzh\/en\/boutique\/plaisirs-sales\/plaisirs-de-la-mer\/spaghetti-de-la-mer-deshydrates-50g\/","title":{"rendered":"Dried sea spaghetti-50g"},"content":{"rendered":"<p>Dive into a world of sea flavours with our sea spaghetti, also known as sea beans.<\/p>\n<p>Harvested in a responsible, environmentally-friendly way with organic certification. Our sea spaghetti is picked two fathoms from our workshop, guaranteeing freshness before dehydration.<\/p>\n<p>Delicately dehydrated at low temperature, our sea spaghetti preserves its subtle aromas, colours and unique textures.<\/p>\n<p>Rich in minerals and nutrients, this seaweed is a real natural nutritional treasure.<\/p>\n<p>Whether used in salads, soups, fish dishes or sauces, sea spaghetti adds a touch of originality to your recipes while offering you the benefits of the sea.<\/p>\n<p>It's easy to use and store thanks to our 50g resealable sachet.<\/p>\n<p class=\"prod-carac__title\">Features<\/p>\n<ul>\n<li>Net weight: 50g<\/li>\n<li>Organic ingredient : Sea spaghetti (Himanthalia elongata) from Brittany<\/li>\n<li>DDM guaranteed on delivery: 6 months (minimum durability date)<\/li>\n<li>Possible traces of: crustaceans, fish, molluscs.<\/li>\n<li>Average nutritional values 100g: energy 239 kcal \/ 1000 kJ, fat 2.6 g of which saturated fatty acids &lt; 0.1 g, carbohydrates 28 g of which sugars &lt; 0.1 g, protein 10 g, dietary fibre 31 g, salt 9 g. Minerals: potassium 6 g, sodium 3.7 g, magnesium 1.7 g, calcium 0.7 g, iron 2.5 mg, phosphorus 104 mg. Vitamins: C\/63 mg, B9\/25 \u03bcg. Minerals are given for information only.<\/li>\n<li>This seaweed can be rehydrated in water or any other liquid of your choice. Once rehydrated, it can be cooked just like fresh seaweed. Ideal in a pan-fried dish or vegetable gratin, season a cream sauce for fish or a vegetarian pizza.<\/li>\n<li>Store in a cool, dry place, resealing the sachet after opening.<\/li>\n<li>Packaging for recycling, bag and label<\/li>\n<\/ul>","protected":false},"excerpt":{"rendered":"<p>Delicately dehydrated at low temperature, our sea spaghetti preserves its subtle aromas, colours and unique textures. Rich in minerals and nutrients, this seaweed is a real natural nutritional treasure.<\/p>\n<p>Whether used in salads, soups, fish dishes or sauces, sea spaghetti adds a touch of originality to your recipes while offering you the benefits of the sea. It's easy to use and store thanks to our resealable 50g sachet.<\/p>","protected":false},"featured_media":1077,"comment_status":"closed","ping_status":"closed","template":"","meta":{"_acf_changed":false},"product_cat":[40],"product_tag":[],"berocket_brand":[64],"class_list":{"0":"post-1106","1":"product","2":"type-product","3":"status-publish","4":"has-post-thumbnail","6":"product_cat-plaisirs-de-la-mer","7":"berocket_brand-bord-a-bord","9":"first","10":"instock","11":"taxable","12":"shipping-taxable","13":"purchasable","14":"product-type-simple"},"acf":[],"yoast_head":"<!-- This site is optimized with the Yoast SEO plugin v27.1.1 - https:\/\/yoast.com\/product\/yoast-seo-wordpress\/ -->\n<title>Spaghetti de la mer deshydrat\u00e9s-50g - Lokorn Mad<\/title>\n<meta name=\"description\" content=\"Que ce soit dans vos salades, soupes, plats de poisson ou sauces, le spaghetti de mer ajoute une touche d&#039;originalit\u00e9 \u00e0 vos recettes tout en vous offrant les bienfaits de la mer. Il est facile \u00e0 utiliser et \u00e0 conserver gr\u00e2ce \u00e0 notre sachet refermable de 50g.\" \/>\n<meta name=\"robots\" content=\"index, follow, max-snippet:-1, max-image-preview:large, max-video-preview:-1\" \/>\n<link rel=\"canonical\" href=\"https:\/\/www.lokornmad.bzh\/en\/boutique\/plaisirs-sales\/plaisirs-de-la-mer\/spaghetti-de-la-mer-deshydrates-50g\/\" \/>\n<meta property=\"og:locale\" content=\"en_GB\" \/>\n<meta property=\"og:type\" content=\"article\" \/>\n<meta property=\"og:title\" content=\"Spaghetti de la mer deshydrat\u00e9s-50g - Lokorn Mad\" \/>\n<meta property=\"og:description\" content=\"Que ce soit dans vos salades, soupes, plats de poisson ou sauces, le spaghetti de mer ajoute une touche d&#039;originalit\u00e9 \u00e0 vos recettes tout en vous offrant les bienfaits de la mer. Il est facile \u00e0 utiliser et \u00e0 conserver gr\u00e2ce \u00e0 notre sachet refermable de 50g.\" \/>\n<meta property=\"og:url\" content=\"https:\/\/www.lokornmad.bzh\/en\/boutique\/plaisirs-sales\/plaisirs-de-la-mer\/spaghetti-de-la-mer-deshydrates-50g\/\" \/>\n<meta property=\"og:site_name\" content=\"Lokorn Mad\" \/>\n<meta property=\"article:publisher\" content=\"https:\/\/www.facebook.com\/lokornmad\" \/>\n<meta property=\"og:image\" content=\"https:\/\/www.lokornmad.bzh\/wp-content\/uploads\/2023\/09\/350472723_549769397124991_4446750746415201952_n.jpg\" \/>\n\t<meta property=\"og:image:width\" content=\"1440\" \/>\n\t<meta property=\"og:image:height\" content=\"1800\" \/>\n\t<meta property=\"og:image:type\" content=\"image\/jpeg\" \/>\n<meta name=\"twitter:card\" content=\"summary_large_image\" \/>\n<meta name=\"twitter:label1\" content=\"Estimated reading time\" \/>\n\t<meta name=\"twitter:data1\" content=\"2 minutes\" \/>\n<script type=\"application\/ld+json\" class=\"yoast-schema-graph\">{\"@context\":\"https:\/\/schema.org\",\"@graph\":[{\"@type\":\"WebPage\",\"@id\":\"https:\/\/www.lokornmad.bzh\/boutique\/plaisirs-sales\/plaisirs-de-la-mer\/spaghetti-de-la-mer-deshydrates-50g\/\",\"url\":\"https:\/\/www.lokornmad.bzh\/boutique\/plaisirs-sales\/plaisirs-de-la-mer\/spaghetti-de-la-mer-deshydrates-50g\/\",\"name\":\"Spaghetti de la mer deshydrat\u00e9s-50g - Lokorn Mad\",\"isPartOf\":{\"@id\":\"https:\/\/www.lokornmad.bzh\/#website\"},\"primaryImageOfPage\":{\"@id\":\"https:\/\/www.lokornmad.bzh\/boutique\/plaisirs-sales\/plaisirs-de-la-mer\/spaghetti-de-la-mer-deshydrates-50g\/#primaryimage\"},\"image\":{\"@id\":\"https:\/\/www.lokornmad.bzh\/boutique\/plaisirs-sales\/plaisirs-de-la-mer\/spaghetti-de-la-mer-deshydrates-50g\/#primaryimage\"},\"thumbnailUrl\":\"https:\/\/www.lokornmad.bzh\/wp-content\/uploads\/2023\/09\/350472723_549769397124991_4446750746415201952_n.jpg\",\"datePublished\":\"2025-03-18T14:11:23+00:00\",\"description\":\"Que ce soit dans vos salades, soupes, plats de poisson ou sauces, le spaghetti de mer ajoute une touche d'originalit\u00e9 \u00e0 vos recettes tout en vous offrant les bienfaits de la mer. Il est facile \u00e0 utiliser et \u00e0 conserver gr\u00e2ce \u00e0 notre sachet refermable de 50g.\",\"breadcrumb\":{\"@id\":\"https:\/\/www.lokornmad.bzh\/boutique\/plaisirs-sales\/plaisirs-de-la-mer\/spaghetti-de-la-mer-deshydrates-50g\/#breadcrumb\"},\"inLanguage\":\"en-GB\",\"potentialAction\":[{\"@type\":\"ReadAction\",\"target\":[\"https:\/\/www.lokornmad.bzh\/boutique\/plaisirs-sales\/plaisirs-de-la-mer\/spaghetti-de-la-mer-deshydrates-50g\/\"]}]},{\"@type\":\"ImageObject\",\"inLanguage\":\"en-GB\",\"@id\":\"https:\/\/www.lokornmad.bzh\/boutique\/plaisirs-sales\/plaisirs-de-la-mer\/spaghetti-de-la-mer-deshydrates-50g\/#primaryimage\",\"url\":\"https:\/\/www.lokornmad.bzh\/wp-content\/uploads\/2023\/09\/350472723_549769397124991_4446750746415201952_n.jpg\",\"contentUrl\":\"https:\/\/www.lokornmad.bzh\/wp-content\/uploads\/2023\/09\/350472723_549769397124991_4446750746415201952_n.jpg\",\"width\":1440,\"height\":1800,\"caption\":\"Spaghetti ou haricot de mer d\u00e9shydrat\u00e9s en 50g\"},{\"@type\":\"BreadcrumbList\",\"@id\":\"https:\/\/www.lokornmad.bzh\/boutique\/plaisirs-sales\/plaisirs-de-la-mer\/spaghetti-de-la-mer-deshydrates-50g\/#breadcrumb\",\"itemListElement\":[{\"@type\":\"ListItem\",\"position\":1,\"name\":\"Accueil\",\"item\":\"https:\/\/www.lokornmad.bzh\/\"},{\"@type\":\"ListItem\",\"position\":2,\"name\":\"Boutique\",\"item\":\"https:\/\/www.lokornmad.bzh\/boutique\/\"},{\"@type\":\"ListItem\",\"position\":3,\"name\":\"Spaghetti de la mer deshydrat\u00e9s-50g\"}]},{\"@type\":\"WebSite\",\"@id\":\"https:\/\/www.lokornmad.bzh\/#website\",\"url\":\"https:\/\/www.lokornmad.bzh\/\",\"name\":\"Lokorn Mad\",\"description\":\"Comptoir des Producteurs du Finist\u00e8re\",\"publisher\":{\"@id\":\"https:\/\/www.lokornmad.bzh\/#organization\"},\"potentialAction\":[{\"@type\":\"SearchAction\",\"target\":{\"@type\":\"EntryPoint\",\"urlTemplate\":\"https:\/\/www.lokornmad.bzh\/?s={search_term_string}\"},\"query-input\":{\"@type\":\"PropertyValueSpecification\",\"valueRequired\":true,\"valueName\":\"search_term_string\"}}],\"inLanguage\":\"en-GB\"},{\"@type\":\"Organization\",\"@id\":\"https:\/\/www.lokornmad.bzh\/#organization\",\"name\":\"Lokorn Mad\",\"url\":\"https:\/\/www.lokornmad.bzh\/\",\"logo\":{\"@type\":\"ImageObject\",\"inLanguage\":\"en-GB\",\"@id\":\"https:\/\/www.lokornmad.bzh\/#\/schema\/logo\/image\/\",\"url\":\"https:\/\/www.lokornmad.bzh\/wp-content\/uploads\/2021\/10\/bandeau-LokornMad.png\",\"contentUrl\":\"https:\/\/www.lokornmad.bzh\/wp-content\/uploads\/2021\/10\/bandeau-LokornMad.png\",\"width\":824,\"height\":228,\"caption\":\"Lokorn Mad\"},\"image\":{\"@id\":\"https:\/\/www.lokornmad.bzh\/#\/schema\/logo\/image\/\"},\"sameAs\":[\"https:\/\/www.facebook.com\/lokornmad\",\"https:\/\/www.instagram.com\/lokornmad\/\"]}]}<\/script>\n<!-- \/ Yoast SEO plugin. -->","yoast_head_json":{"title":"Spaghetti de la mer deshydrat\u00e9s-50g - Lokorn Mad","description":"Que ce soit dans vos salades, soupes, plats de poisson ou sauces, le spaghetti de mer ajoute une touche d'originalit\u00e9 \u00e0 vos recettes tout en vous offrant les bienfaits de la mer. Il est facile \u00e0 utiliser et \u00e0 conserver gr\u00e2ce \u00e0 notre sachet refermable de 50g.","robots":{"index":"index","follow":"follow","max-snippet":"max-snippet:-1","max-image-preview":"max-image-preview:large","max-video-preview":"max-video-preview:-1"},"canonical":"https:\/\/www.lokornmad.bzh\/en\/boutique\/plaisirs-sales\/plaisirs-de-la-mer\/spaghetti-de-la-mer-deshydrates-50g\/","og_locale":"en_GB","og_type":"article","og_title":"Spaghetti de la mer deshydrat\u00e9s-50g - Lokorn Mad","og_description":"Que ce soit dans vos salades, soupes, plats de poisson ou sauces, le spaghetti de mer ajoute une touche d'originalit\u00e9 \u00e0 vos recettes tout en vous offrant les bienfaits de la mer. Il est facile \u00e0 utiliser et \u00e0 conserver gr\u00e2ce \u00e0 notre sachet refermable de 50g.","og_url":"https:\/\/www.lokornmad.bzh\/en\/boutique\/plaisirs-sales\/plaisirs-de-la-mer\/spaghetti-de-la-mer-deshydrates-50g\/","og_site_name":"Lokorn Mad","article_publisher":"https:\/\/www.facebook.com\/lokornmad","og_image":[{"width":1440,"height":1800,"url":"https:\/\/www.lokornmad.bzh\/wp-content\/uploads\/2023\/09\/350472723_549769397124991_4446750746415201952_n.jpg","type":"image\/jpeg"}],"twitter_card":"summary_large_image","twitter_misc":{"Estimated reading time":"2 minutes"},"schema":{"@context":"https:\/\/schema.org","@graph":[{"@type":"WebPage","@id":"https:\/\/www.lokornmad.bzh\/boutique\/plaisirs-sales\/plaisirs-de-la-mer\/spaghetti-de-la-mer-deshydrates-50g\/","url":"https:\/\/www.lokornmad.bzh\/boutique\/plaisirs-sales\/plaisirs-de-la-mer\/spaghetti-de-la-mer-deshydrates-50g\/","name":"Spaghetti de la mer deshydrat\u00e9s-50g - Lokorn Mad","isPartOf":{"@id":"https:\/\/www.lokornmad.bzh\/#website"},"primaryImageOfPage":{"@id":"https:\/\/www.lokornmad.bzh\/boutique\/plaisirs-sales\/plaisirs-de-la-mer\/spaghetti-de-la-mer-deshydrates-50g\/#primaryimage"},"image":{"@id":"https:\/\/www.lokornmad.bzh\/boutique\/plaisirs-sales\/plaisirs-de-la-mer\/spaghetti-de-la-mer-deshydrates-50g\/#primaryimage"},"thumbnailUrl":"https:\/\/www.lokornmad.bzh\/wp-content\/uploads\/2023\/09\/350472723_549769397124991_4446750746415201952_n.jpg","datePublished":"2025-03-18T14:11:23+00:00","description":"Que ce soit dans vos salades, soupes, plats de poisson ou sauces, le spaghetti de mer ajoute une touche d'originalit\u00e9 \u00e0 vos recettes tout en vous offrant les bienfaits de la mer. Il est facile \u00e0 utiliser et \u00e0 conserver gr\u00e2ce \u00e0 notre sachet refermable de 50g.","breadcrumb":{"@id":"https:\/\/www.lokornmad.bzh\/boutique\/plaisirs-sales\/plaisirs-de-la-mer\/spaghetti-de-la-mer-deshydrates-50g\/#breadcrumb"},"inLanguage":"en-GB","potentialAction":[{"@type":"ReadAction","target":["https:\/\/www.lokornmad.bzh\/boutique\/plaisirs-sales\/plaisirs-de-la-mer\/spaghetti-de-la-mer-deshydrates-50g\/"]}]},{"@type":"ImageObject","inLanguage":"en-GB","@id":"https:\/\/www.lokornmad.bzh\/boutique\/plaisirs-sales\/plaisirs-de-la-mer\/spaghetti-de-la-mer-deshydrates-50g\/#primaryimage","url":"https:\/\/www.lokornmad.bzh\/wp-content\/uploads\/2023\/09\/350472723_549769397124991_4446750746415201952_n.jpg","contentUrl":"https:\/\/www.lokornmad.bzh\/wp-content\/uploads\/2023\/09\/350472723_549769397124991_4446750746415201952_n.jpg","width":1440,"height":1800,"caption":"Spaghetti ou haricot de mer d\u00e9shydrat\u00e9s en 50g"},{"@type":"BreadcrumbList","@id":"https:\/\/www.lokornmad.bzh\/boutique\/plaisirs-sales\/plaisirs-de-la-mer\/spaghetti-de-la-mer-deshydrates-50g\/#breadcrumb","itemListElement":[{"@type":"ListItem","position":1,"name":"Accueil","item":"https:\/\/www.lokornmad.bzh\/"},{"@type":"ListItem","position":2,"name":"Boutique","item":"https:\/\/www.lokornmad.bzh\/boutique\/"},{"@type":"ListItem","position":3,"name":"Spaghetti de la mer deshydrat\u00e9s-50g"}]},{"@type":"WebSite","@id":"https:\/\/www.lokornmad.bzh\/#website","url":"https:\/\/www.lokornmad.bzh\/","name":"Lokorn Mad","description":"Comptoir des Producteurs du Finist\u00e8re","publisher":{"@id":"https:\/\/www.lokornmad.bzh\/#organization"},"potentialAction":[{"@type":"SearchAction","target":{"@type":"EntryPoint","urlTemplate":"https:\/\/www.lokornmad.bzh\/?s={search_term_string}"},"query-input":{"@type":"PropertyValueSpecification","valueRequired":true,"valueName":"search_term_string"}}],"inLanguage":"en-GB"},{"@type":"Organization","@id":"https:\/\/www.lokornmad.bzh\/#organization","name":"Lokorn Mad","url":"https:\/\/www.lokornmad.bzh\/","logo":{"@type":"ImageObject","inLanguage":"en-GB","@id":"https:\/\/www.lokornmad.bzh\/#\/schema\/logo\/image\/","url":"https:\/\/www.lokornmad.bzh\/wp-content\/uploads\/2021\/10\/bandeau-LokornMad.png","contentUrl":"https:\/\/www.lokornmad.bzh\/wp-content\/uploads\/2021\/10\/bandeau-LokornMad.png","width":824,"height":228,"caption":"Lokorn Mad"},"image":{"@id":"https:\/\/www.lokornmad.bzh\/#\/schema\/logo\/image\/"},"sameAs":["https:\/\/www.facebook.com\/lokornmad","https:\/\/www.instagram.com\/lokornmad\/"]}]}},"_links":{"self":[{"href":"https:\/\/www.lokornmad.bzh\/en\/wp-json\/wp\/v2\/product\/1106","targetHints":{"allow":["GET"]}}],"collection":[{"href":"https:\/\/www.lokornmad.bzh\/en\/wp-json\/wp\/v2\/product"}],"about":[{"href":"https:\/\/www.lokornmad.bzh\/en\/wp-json\/wp\/v2\/types\/product"}],"replies":[{"embeddable":true,"href":"https:\/\/www.lokornmad.bzh\/en\/wp-json\/wp\/v2\/comments?post=1106"}],"wp:featuredmedia":[{"embeddable":true,"href":"https:\/\/www.lokornmad.bzh\/en\/wp-json\/wp\/v2\/media\/1077"}],"wp:attachment":[{"href":"https:\/\/www.lokornmad.bzh\/en\/wp-json\/wp\/v2\/media?parent=1106"}],"wp:term":[{"taxonomy":"product_cat","embeddable":true,"href":"https:\/\/www.lokornmad.bzh\/en\/wp-json\/wp\/v2\/product_cat?post=1106"},{"taxonomy":"product_tag","embeddable":true,"href":"https:\/\/www.lokornmad.bzh\/en\/wp-json\/wp\/v2\/product_tag?post=1106"},{"taxonomy":"berocket_brand","embeddable":true,"href":"https:\/\/www.lokornmad.bzh\/en\/wp-json\/wp\/v2\/berocket_brand?post=1106"}],"curies":[{"name":"wp","href":"https:\/\/api.w.org\/{rel}","templated":true}]}}