{"id":1107,"date":"2025-03-21T15:41:38","date_gmt":"2025-03-21T14:41:38","guid":{"rendered":"https:\/\/www.lokornmad.bzh\/?post_type=product&#038;p=1107"},"modified":"2025-03-21T15:41:39","modified_gmt":"2025-03-21T14:41:39","slug":"salade-oceane-50g","status":"publish","type":"product","link":"https:\/\/www.lokornmad.bzh\/en\/boutique\/plaisirs-sales\/plaisirs-de-la-mer\/salade-oceane-50g\/","title":{"rendered":"Ocean Salad -50g"},"content":{"rendered":"<p>These flakes can be incorporated directly into your recipes or rehydrated in water or any other liquid of your choice.<\/p>\n<p>Rehydrated seaweed can be cooked in the same way as fresh seaweed.<\/p>\n<p><br class=\"autobr\" \/><strong>Ideal for vinaigrettes, mayonnaises, sauces... An elegant seasoning for pan-fried vegetables and gratins.<\/strong><\/p>\n<h2 class=\"spip\"><span style=\"font-size: 14px\">ORGANIC INGREDIENTS :<\/span><\/h2>\n<p>Dulse (<i>palmaria palmata<\/i>), sea lettuce (<i>ulva sp.<\/i>), nori (<i>porphyra sp.<\/i>).<br class=\"autobr\" \/>Origin Brittany<\/p>\n<p><strong>Average nutritional values 100g :<\/strong><br class=\"autobr\" \/>energy 227 kcal \/ 947 kJ, fat 1.4 g of which saturated fatty acids 0.1 g, carbohydrates 21 g of which sugars &lt; 0.1 g, protein 18 g, dietary fibre 30 g, salt 3.9 g.<br class=\"autobr\" \/><strong>Minerals :<\/strong><span>\u00a0<\/span>potassium 6 g, sodium 2 g, magnesium 2.4 g, calcium 0.6 g, iron 40 mg, phosphorus 287 mg.<br class=\"autobr\" \/><strong>Vitamins :<\/strong><span>\u00a0<\/span>C\/78 mg, B3\/5 mg, B9\/82 \u03bcg, B12\/12 \u03bcg.<\/p>","protected":false},"excerpt":{"rendered":"<p>These flakes can be incorporated directly into your recipes or rehydrated in water or any other liquid of your choice.<\/p>\n<p>Rehydrated seaweed can be cooked in the same way as fresh seaweed.<\/p>\n<p><br class=\"autobr\" \/><strong>Ideal for vinaigrettes, mayonnaises, sauces... An elegant seasoning for pan-fried vegetables and gratins.<\/strong><\/p>","protected":false},"featured_media":1108,"comment_status":"closed","ping_status":"closed","template":"","meta":{"_acf_changed":false},"product_cat":[40],"product_tag":[],"berocket_brand":[64],"class_list":{"0":"post-1107","1":"product","2":"type-product","3":"status-publish","4":"has-post-thumbnail","6":"product_cat-plaisirs-de-la-mer","7":"berocket_brand-bord-a-bord","9":"first","10":"instock","11":"taxable","12":"shipping-taxable","13":"purchasable","14":"product-type-simple"},"acf":[],"yoast_head":"<!-- This site is optimized with the Yoast SEO plugin v27.1.1 - https:\/\/yoast.com\/product\/yoast-seo-wordpress\/ -->\n<title>Salade Oc\u00e9ane -50g - Lokorn Mad<\/title>\n<meta name=\"description\" content=\"Ces flocons peuvent \u00eatre directement incorpor\u00e9s \u00e0 vos recettes ou r\u00e9hydrat\u00e9s dans de l\u2019eau ou tout autre liquide de votre choix.L\u2019algue r\u00e9hydrat\u00e9e se cuisine comme une algue fra\u00eeche.\" \/>\n<meta name=\"robots\" content=\"index, follow, max-snippet:-1, max-image-preview:large, max-video-preview:-1\" \/>\n<link rel=\"canonical\" href=\"https:\/\/www.lokornmad.bzh\/en\/boutique\/plaisirs-sales\/plaisirs-de-la-mer\/salade-oceane-50g\/\" \/>\n<meta property=\"og:locale\" content=\"en_GB\" \/>\n<meta property=\"og:type\" content=\"article\" \/>\n<meta property=\"og:title\" content=\"Salade Oc\u00e9ane -50g - Lokorn Mad\" \/>\n<meta property=\"og:description\" content=\"Ces flocons peuvent \u00eatre directement incorpor\u00e9s \u00e0 vos recettes ou r\u00e9hydrat\u00e9s dans de l\u2019eau ou tout autre liquide de votre choix.L\u2019algue r\u00e9hydrat\u00e9e se cuisine comme une algue fra\u00eeche.\" \/>\n<meta property=\"og:url\" content=\"https:\/\/www.lokornmad.bzh\/en\/boutique\/plaisirs-sales\/plaisirs-de-la-mer\/salade-oceane-50g\/\" \/>\n<meta property=\"og:site_name\" content=\"Lokorn Mad\" \/>\n<meta property=\"article:publisher\" content=\"https:\/\/www.facebook.com\/lokornmad\" \/>\n<meta property=\"article:modified_time\" content=\"2025-03-21T14:41:39+00:00\" \/>\n<meta property=\"og:image\" content=\"https:\/\/www.lokornmad.bzh\/wp-content\/uploads\/2025\/03\/algue-salade-oceane-pecheur.jpg@.webp\" \/>\n\t<meta property=\"og:image:width\" content=\"280\" \/>\n\t<meta property=\"og:image:height\" content=\"350\" \/>\n\t<meta property=\"og:image:type\" content=\"image\/webp\" \/>\n<meta name=\"twitter:card\" content=\"summary_large_image\" \/>\n<meta name=\"twitter:label1\" content=\"Estimated reading time\" \/>\n\t<meta name=\"twitter:data1\" content=\"1 minute\" \/>\n<script type=\"application\/ld+json\" class=\"yoast-schema-graph\">{\"@context\":\"https:\/\/schema.org\",\"@graph\":[{\"@type\":\"WebPage\",\"@id\":\"https:\/\/www.lokornmad.bzh\/boutique\/plaisirs-sales\/plaisirs-de-la-mer\/salade-oceane-50g\/\",\"url\":\"https:\/\/www.lokornmad.bzh\/boutique\/plaisirs-sales\/plaisirs-de-la-mer\/salade-oceane-50g\/\",\"name\":\"Salade Oc\u00e9ane -50g - Lokorn Mad\",\"isPartOf\":{\"@id\":\"https:\/\/www.lokornmad.bzh\/#website\"},\"primaryImageOfPage\":{\"@id\":\"https:\/\/www.lokornmad.bzh\/boutique\/plaisirs-sales\/plaisirs-de-la-mer\/salade-oceane-50g\/#primaryimage\"},\"image\":{\"@id\":\"https:\/\/www.lokornmad.bzh\/boutique\/plaisirs-sales\/plaisirs-de-la-mer\/salade-oceane-50g\/#primaryimage\"},\"thumbnailUrl\":\"https:\/\/www.lokornmad.bzh\/wp-content\/uploads\/2025\/03\/algue-salade-oceane-pecheur.jpg@.webp\",\"datePublished\":\"2025-03-21T14:41:38+00:00\",\"dateModified\":\"2025-03-21T14:41:39+00:00\",\"description\":\"Ces flocons peuvent \u00eatre directement incorpor\u00e9s \u00e0 vos recettes ou r\u00e9hydrat\u00e9s dans de l\u2019eau ou tout autre liquide de votre choix.L\u2019algue r\u00e9hydrat\u00e9e se cuisine comme une algue fra\u00eeche.\",\"breadcrumb\":{\"@id\":\"https:\/\/www.lokornmad.bzh\/boutique\/plaisirs-sales\/plaisirs-de-la-mer\/salade-oceane-50g\/#breadcrumb\"},\"inLanguage\":\"en-GB\",\"potentialAction\":[{\"@type\":\"ReadAction\",\"target\":[\"https:\/\/www.lokornmad.bzh\/boutique\/plaisirs-sales\/plaisirs-de-la-mer\/salade-oceane-50g\/\"]}]},{\"@type\":\"ImageObject\",\"inLanguage\":\"en-GB\",\"@id\":\"https:\/\/www.lokornmad.bzh\/boutique\/plaisirs-sales\/plaisirs-de-la-mer\/salade-oceane-50g\/#primaryimage\",\"url\":\"https:\/\/www.lokornmad.bzh\/wp-content\/uploads\/2025\/03\/algue-salade-oceane-pecheur.jpg@.webp\",\"contentUrl\":\"https:\/\/www.lokornmad.bzh\/wp-content\/uploads\/2025\/03\/algue-salade-oceane-pecheur.jpg@.webp\",\"width\":280,\"height\":350,\"caption\":\"Salade Oc\u00e9ane : Dulse, laitue de mer et Nori\"},{\"@type\":\"BreadcrumbList\",\"@id\":\"https:\/\/www.lokornmad.bzh\/boutique\/plaisirs-sales\/plaisirs-de-la-mer\/salade-oceane-50g\/#breadcrumb\",\"itemListElement\":[{\"@type\":\"ListItem\",\"position\":1,\"name\":\"Accueil\",\"item\":\"https:\/\/www.lokornmad.bzh\/\"},{\"@type\":\"ListItem\",\"position\":2,\"name\":\"Boutique\",\"item\":\"https:\/\/www.lokornmad.bzh\/boutique\/\"},{\"@type\":\"ListItem\",\"position\":3,\"name\":\"Salade Oc\u00e9ane -50g\"}]},{\"@type\":\"WebSite\",\"@id\":\"https:\/\/www.lokornmad.bzh\/#website\",\"url\":\"https:\/\/www.lokornmad.bzh\/\",\"name\":\"Lokorn Mad\",\"description\":\"Comptoir des Producteurs du Finist\u00e8re\",\"publisher\":{\"@id\":\"https:\/\/www.lokornmad.bzh\/#organization\"},\"potentialAction\":[{\"@type\":\"SearchAction\",\"target\":{\"@type\":\"EntryPoint\",\"urlTemplate\":\"https:\/\/www.lokornmad.bzh\/?s={search_term_string}\"},\"query-input\":{\"@type\":\"PropertyValueSpecification\",\"valueRequired\":true,\"valueName\":\"search_term_string\"}}],\"inLanguage\":\"en-GB\"},{\"@type\":\"Organization\",\"@id\":\"https:\/\/www.lokornmad.bzh\/#organization\",\"name\":\"Lokorn Mad\",\"url\":\"https:\/\/www.lokornmad.bzh\/\",\"logo\":{\"@type\":\"ImageObject\",\"inLanguage\":\"en-GB\",\"@id\":\"https:\/\/www.lokornmad.bzh\/#\/schema\/logo\/image\/\",\"url\":\"https:\/\/www.lokornmad.bzh\/wp-content\/uploads\/2021\/10\/bandeau-LokornMad.png\",\"contentUrl\":\"https:\/\/www.lokornmad.bzh\/wp-content\/uploads\/2021\/10\/bandeau-LokornMad.png\",\"width\":824,\"height\":228,\"caption\":\"Lokorn Mad\"},\"image\":{\"@id\":\"https:\/\/www.lokornmad.bzh\/#\/schema\/logo\/image\/\"},\"sameAs\":[\"https:\/\/www.facebook.com\/lokornmad\",\"https:\/\/www.instagram.com\/lokornmad\/\"]}]}<\/script>\n<!-- \/ Yoast SEO plugin. -->","yoast_head_json":{"title":"Salade Oc\u00e9ane -50g - Lokorn Mad","description":"Ces flocons peuvent \u00eatre directement incorpor\u00e9s \u00e0 vos recettes ou r\u00e9hydrat\u00e9s dans de l\u2019eau ou tout autre liquide de votre choix.L\u2019algue r\u00e9hydrat\u00e9e se cuisine comme une algue fra\u00eeche.","robots":{"index":"index","follow":"follow","max-snippet":"max-snippet:-1","max-image-preview":"max-image-preview:large","max-video-preview":"max-video-preview:-1"},"canonical":"https:\/\/www.lokornmad.bzh\/en\/boutique\/plaisirs-sales\/plaisirs-de-la-mer\/salade-oceane-50g\/","og_locale":"en_GB","og_type":"article","og_title":"Salade Oc\u00e9ane -50g - Lokorn Mad","og_description":"Ces flocons peuvent \u00eatre directement incorpor\u00e9s \u00e0 vos recettes ou r\u00e9hydrat\u00e9s dans de l\u2019eau ou tout autre liquide de votre choix.L\u2019algue r\u00e9hydrat\u00e9e se cuisine comme une algue fra\u00eeche.","og_url":"https:\/\/www.lokornmad.bzh\/en\/boutique\/plaisirs-sales\/plaisirs-de-la-mer\/salade-oceane-50g\/","og_site_name":"Lokorn Mad","article_publisher":"https:\/\/www.facebook.com\/lokornmad","article_modified_time":"2025-03-21T14:41:39+00:00","og_image":[{"width":280,"height":350,"url":"https:\/\/www.lokornmad.bzh\/wp-content\/uploads\/2025\/03\/algue-salade-oceane-pecheur.jpg@.webp","type":"image\/webp"}],"twitter_card":"summary_large_image","twitter_misc":{"Estimated reading time":"1 minute"},"schema":{"@context":"https:\/\/schema.org","@graph":[{"@type":"WebPage","@id":"https:\/\/www.lokornmad.bzh\/boutique\/plaisirs-sales\/plaisirs-de-la-mer\/salade-oceane-50g\/","url":"https:\/\/www.lokornmad.bzh\/boutique\/plaisirs-sales\/plaisirs-de-la-mer\/salade-oceane-50g\/","name":"Salade Oc\u00e9ane -50g - Lokorn Mad","isPartOf":{"@id":"https:\/\/www.lokornmad.bzh\/#website"},"primaryImageOfPage":{"@id":"https:\/\/www.lokornmad.bzh\/boutique\/plaisirs-sales\/plaisirs-de-la-mer\/salade-oceane-50g\/#primaryimage"},"image":{"@id":"https:\/\/www.lokornmad.bzh\/boutique\/plaisirs-sales\/plaisirs-de-la-mer\/salade-oceane-50g\/#primaryimage"},"thumbnailUrl":"https:\/\/www.lokornmad.bzh\/wp-content\/uploads\/2025\/03\/algue-salade-oceane-pecheur.jpg@.webp","datePublished":"2025-03-21T14:41:38+00:00","dateModified":"2025-03-21T14:41:39+00:00","description":"Ces flocons peuvent \u00eatre directement incorpor\u00e9s \u00e0 vos recettes ou r\u00e9hydrat\u00e9s dans de l\u2019eau ou tout autre liquide de votre choix.L\u2019algue r\u00e9hydrat\u00e9e se cuisine comme une algue fra\u00eeche.","breadcrumb":{"@id":"https:\/\/www.lokornmad.bzh\/boutique\/plaisirs-sales\/plaisirs-de-la-mer\/salade-oceane-50g\/#breadcrumb"},"inLanguage":"en-GB","potentialAction":[{"@type":"ReadAction","target":["https:\/\/www.lokornmad.bzh\/boutique\/plaisirs-sales\/plaisirs-de-la-mer\/salade-oceane-50g\/"]}]},{"@type":"ImageObject","inLanguage":"en-GB","@id":"https:\/\/www.lokornmad.bzh\/boutique\/plaisirs-sales\/plaisirs-de-la-mer\/salade-oceane-50g\/#primaryimage","url":"https:\/\/www.lokornmad.bzh\/wp-content\/uploads\/2025\/03\/algue-salade-oceane-pecheur.jpg@.webp","contentUrl":"https:\/\/www.lokornmad.bzh\/wp-content\/uploads\/2025\/03\/algue-salade-oceane-pecheur.jpg@.webp","width":280,"height":350,"caption":"Salade Oc\u00e9ane : Dulse, laitue de mer et Nori"},{"@type":"BreadcrumbList","@id":"https:\/\/www.lokornmad.bzh\/boutique\/plaisirs-sales\/plaisirs-de-la-mer\/salade-oceane-50g\/#breadcrumb","itemListElement":[{"@type":"ListItem","position":1,"name":"Accueil","item":"https:\/\/www.lokornmad.bzh\/"},{"@type":"ListItem","position":2,"name":"Boutique","item":"https:\/\/www.lokornmad.bzh\/boutique\/"},{"@type":"ListItem","position":3,"name":"Salade Oc\u00e9ane -50g"}]},{"@type":"WebSite","@id":"https:\/\/www.lokornmad.bzh\/#website","url":"https:\/\/www.lokornmad.bzh\/","name":"Lokorn Mad","description":"Comptoir des Producteurs du Finist\u00e8re","publisher":{"@id":"https:\/\/www.lokornmad.bzh\/#organization"},"potentialAction":[{"@type":"SearchAction","target":{"@type":"EntryPoint","urlTemplate":"https:\/\/www.lokornmad.bzh\/?s={search_term_string}"},"query-input":{"@type":"PropertyValueSpecification","valueRequired":true,"valueName":"search_term_string"}}],"inLanguage":"en-GB"},{"@type":"Organization","@id":"https:\/\/www.lokornmad.bzh\/#organization","name":"Lokorn Mad","url":"https:\/\/www.lokornmad.bzh\/","logo":{"@type":"ImageObject","inLanguage":"en-GB","@id":"https:\/\/www.lokornmad.bzh\/#\/schema\/logo\/image\/","url":"https:\/\/www.lokornmad.bzh\/wp-content\/uploads\/2021\/10\/bandeau-LokornMad.png","contentUrl":"https:\/\/www.lokornmad.bzh\/wp-content\/uploads\/2021\/10\/bandeau-LokornMad.png","width":824,"height":228,"caption":"Lokorn Mad"},"image":{"@id":"https:\/\/www.lokornmad.bzh\/#\/schema\/logo\/image\/"},"sameAs":["https:\/\/www.facebook.com\/lokornmad","https:\/\/www.instagram.com\/lokornmad\/"]}]}},"_links":{"self":[{"href":"https:\/\/www.lokornmad.bzh\/en\/wp-json\/wp\/v2\/product\/1107","targetHints":{"allow":["GET"]}}],"collection":[{"href":"https:\/\/www.lokornmad.bzh\/en\/wp-json\/wp\/v2\/product"}],"about":[{"href":"https:\/\/www.lokornmad.bzh\/en\/wp-json\/wp\/v2\/types\/product"}],"replies":[{"embeddable":true,"href":"https:\/\/www.lokornmad.bzh\/en\/wp-json\/wp\/v2\/comments?post=1107"}],"wp:featuredmedia":[{"embeddable":true,"href":"https:\/\/www.lokornmad.bzh\/en\/wp-json\/wp\/v2\/media\/1108"}],"wp:attachment":[{"href":"https:\/\/www.lokornmad.bzh\/en\/wp-json\/wp\/v2\/media?parent=1107"}],"wp:term":[{"taxonomy":"product_cat","embeddable":true,"href":"https:\/\/www.lokornmad.bzh\/en\/wp-json\/wp\/v2\/product_cat?post=1107"},{"taxonomy":"product_tag","embeddable":true,"href":"https:\/\/www.lokornmad.bzh\/en\/wp-json\/wp\/v2\/product_tag?post=1107"},{"taxonomy":"berocket_brand","embeddable":true,"href":"https:\/\/www.lokornmad.bzh\/en\/wp-json\/wp\/v2\/berocket_brand?post=1107"}],"curies":[{"name":"wp","href":"https:\/\/api.w.org\/{rel}","templated":true}]}}