{"id":311,"date":"2021-07-15T09:34:02","date_gmt":"2021-07-15T07:34:02","guid":{"rendered":"http:\/\/www.lokornmad.bzh\/?post_type=product&#038;p=311"},"modified":"2025-03-13T15:28:32","modified_gmt":"2025-03-13T14:28:32","slug":"miel-de-bruyere-500g","status":"publish","type":"product","link":"https:\/\/www.lokornmad.bzh\/en\/boutique\/plaisirs-sucres\/miels\/miel-de-bruyere-500g\/","title":{"rendered":"Heather Honey - 500g"},"content":{"rendered":"<div class=\"woocommerce-product-details__short-description\">\n<p><b>Heather honey <\/b>is a very floral honey, acidulous, lively in the mouth with a good length.<\/p>\n<p>Heather honey <strong>is a honey very rich in vitamins and minerals. All these qualities make heather honey a very beneficial product. Tonifying, remineralising, anti-anemic, diuretic, depurative, anti-rheumatic and antiseptic.<\/strong><\/p>\n<p><span style=\"color: #e62727\">Caution!\u00a0<span style=\"color: #000000\">Depending on the season and beekeepers' stocks, it's not always the Cape bee that supplies us. However, the apiaries are approximately in the same places\u00a0<\/span><\/span><\/p>\n<\/div>","protected":false},"excerpt":{"rendered":"<p><b>Heather honey <\/b>is a honey very rich in vitamins and minerals. All these qualities make heather honey a very beneficial product. Tonifying, remineralising, anti-anemic, diuretic, depurative, anti-rheumatic and antiseptic.<\/p>","protected":false},"featured_media":297,"comment_status":"open","ping_status":"closed","template":"","meta":{"_acf_changed":false},"product_cat":[26,39],"product_tag":[68,70,72,73,74,75,77,78,87,91,123,134,137,138],"berocket_brand":[25],"class_list":{"0":"post-311","1":"product","2":"type-product","3":"status-publish","4":"has-post-thumbnail","6":"product_cat-plaisirs-sucres","7":"product_cat-miels","8":"product_tag-producteurs-locaux","9":"product_tag-direct-de-la-ferme","10":"product_tag-produits-en-finistere","11":"product_tag-tout-commence-en-finistere","12":"product_tag-fait-en-bretagne","13":"product_tag-made-in-finistere","14":"product_tag-mangeons-local-en-bretagne","15":"product_tag-circuits-courts","16":"product_tag-sans-gluten","17":"product_tag-vegetarien","18":"product_tag-gouter","19":"product_tag-miel","20":"product_tag-miel-de-bruyere","21":"product_tag-miel-breton","22":"berocket_brand-abeille-cap","24":"first","25":"onbackorder","26":"featured","27":"taxable","28":"shipping-taxable","29":"purchasable","30":"product-type-simple"},"acf":[],"yoast_head":"<!-- This site is optimized with the Yoast SEO plugin v27.1.1 - https:\/\/yoast.com\/product\/yoast-seo-wordpress\/ -->\n<title>Miel de Bruy\u00e8re - 500g - Lokorn Mad<\/title>\n<meta name=\"description\" content=\"Le miel de bruy\u00e8re est un miel tr\u00e8s floral, acidul\u00e9, vif en bouche avec une belle longueur. Existe en 250g ou 500 g chez Lokorn Mad\" \/>\n<meta name=\"robots\" content=\"index, follow, max-snippet:-1, max-image-preview:large, max-video-preview:-1\" \/>\n<link rel=\"canonical\" href=\"https:\/\/www.lokornmad.bzh\/en\/boutique\/plaisirs-sucres\/miels\/miel-de-bruyere-500g\/\" \/>\n<meta property=\"og:locale\" content=\"en_GB\" \/>\n<meta property=\"og:type\" content=\"article\" \/>\n<meta property=\"og:title\" content=\"Miel de Bruy\u00e8re - 500g - Lokorn Mad\" \/>\n<meta property=\"og:description\" content=\"Le miel de bruy\u00e8re est un miel tr\u00e8s floral, acidul\u00e9, vif en bouche avec une belle longueur. Existe en 250g ou 500 g chez Lokorn Mad\" \/>\n<meta property=\"og:url\" content=\"https:\/\/www.lokornmad.bzh\/en\/boutique\/plaisirs-sucres\/miels\/miel-de-bruyere-500g\/\" \/>\n<meta property=\"og:site_name\" content=\"Lokorn Mad\" \/>\n<meta property=\"article:publisher\" content=\"https:\/\/www.facebook.com\/lokornmad\" \/>\n<meta property=\"article:modified_time\" content=\"2025-03-13T14:28:32+00:00\" \/>\n<meta property=\"og:image\" content=\"https:\/\/www.lokornmad.bzh\/wp-content\/uploads\/2021\/07\/miel_de_bruyere.jpg\" \/>\n\t<meta property=\"og:image:width\" content=\"1000\" \/>\n\t<meta property=\"og:image:height\" content=\"1000\" \/>\n\t<meta property=\"og:image:type\" content=\"image\/jpeg\" \/>\n<meta name=\"twitter:card\" content=\"summary_large_image\" \/>\n<meta name=\"twitter:label1\" content=\"Estimated reading time\" \/>\n\t<meta name=\"twitter:data1\" content=\"1 minute\" \/>\n<script type=\"application\/ld+json\" class=\"yoast-schema-graph\">{\"@context\":\"https:\/\/schema.org\",\"@graph\":[{\"@type\":\"WebPage\",\"@id\":\"https:\/\/www.lokornmad.bzh\/boutique\/plaisirs-sucres\/miels\/miel-de-bruyere-500g\/\",\"url\":\"https:\/\/www.lokornmad.bzh\/boutique\/plaisirs-sucres\/miels\/miel-de-bruyere-500g\/\",\"name\":\"Miel de Bruy\u00e8re - 500g - Lokorn Mad\",\"isPartOf\":{\"@id\":\"https:\/\/www.lokornmad.bzh\/#website\"},\"primaryImageOfPage\":{\"@id\":\"https:\/\/www.lokornmad.bzh\/boutique\/plaisirs-sucres\/miels\/miel-de-bruyere-500g\/#primaryimage\"},\"image\":{\"@id\":\"https:\/\/www.lokornmad.bzh\/boutique\/plaisirs-sucres\/miels\/miel-de-bruyere-500g\/#primaryimage\"},\"thumbnailUrl\":\"https:\/\/www.lokornmad.bzh\/wp-content\/uploads\/2021\/07\/miel_de_bruyere.jpg\",\"datePublished\":\"2021-07-15T07:34:02+00:00\",\"dateModified\":\"2025-03-13T14:28:32+00:00\",\"description\":\"Le miel de bruy\u00e8re est un miel tr\u00e8s floral, acidul\u00e9, vif en bouche avec une belle longueur. Existe en 250g ou 500 g chez Lokorn Mad\",\"breadcrumb\":{\"@id\":\"https:\/\/www.lokornmad.bzh\/boutique\/plaisirs-sucres\/miels\/miel-de-bruyere-500g\/#breadcrumb\"},\"inLanguage\":\"en-GB\",\"potentialAction\":[{\"@type\":\"ReadAction\",\"target\":[\"https:\/\/www.lokornmad.bzh\/boutique\/plaisirs-sucres\/miels\/miel-de-bruyere-500g\/\"]}]},{\"@type\":\"ImageObject\",\"inLanguage\":\"en-GB\",\"@id\":\"https:\/\/www.lokornmad.bzh\/boutique\/plaisirs-sucres\/miels\/miel-de-bruyere-500g\/#primaryimage\",\"url\":\"https:\/\/www.lokornmad.bzh\/wp-content\/uploads\/2021\/07\/miel_de_bruyere.jpg\",\"contentUrl\":\"https:\/\/www.lokornmad.bzh\/wp-content\/uploads\/2021\/07\/miel_de_bruyere.jpg\",\"width\":1000,\"height\":1000,\"caption\":\"Miel de bruy\u00e8re\"},{\"@type\":\"BreadcrumbList\",\"@id\":\"https:\/\/www.lokornmad.bzh\/boutique\/plaisirs-sucres\/miels\/miel-de-bruyere-500g\/#breadcrumb\",\"itemListElement\":[{\"@type\":\"ListItem\",\"position\":1,\"name\":\"Accueil\",\"item\":\"https:\/\/www.lokornmad.bzh\/\"},{\"@type\":\"ListItem\",\"position\":2,\"name\":\"Boutique\",\"item\":\"https:\/\/www.lokornmad.bzh\/boutique\/\"},{\"@type\":\"ListItem\",\"position\":3,\"name\":\"Miel de Bruy\u00e8re &#8211; 500g\"}]},{\"@type\":\"WebSite\",\"@id\":\"https:\/\/www.lokornmad.bzh\/#website\",\"url\":\"https:\/\/www.lokornmad.bzh\/\",\"name\":\"Lokorn Mad\",\"description\":\"Comptoir des Producteurs du Finist\u00e8re\",\"publisher\":{\"@id\":\"https:\/\/www.lokornmad.bzh\/#organization\"},\"potentialAction\":[{\"@type\":\"SearchAction\",\"target\":{\"@type\":\"EntryPoint\",\"urlTemplate\":\"https:\/\/www.lokornmad.bzh\/?s={search_term_string}\"},\"query-input\":{\"@type\":\"PropertyValueSpecification\",\"valueRequired\":true,\"valueName\":\"search_term_string\"}}],\"inLanguage\":\"en-GB\"},{\"@type\":\"Organization\",\"@id\":\"https:\/\/www.lokornmad.bzh\/#organization\",\"name\":\"Lokorn Mad\",\"url\":\"https:\/\/www.lokornmad.bzh\/\",\"logo\":{\"@type\":\"ImageObject\",\"inLanguage\":\"en-GB\",\"@id\":\"https:\/\/www.lokornmad.bzh\/#\/schema\/logo\/image\/\",\"url\":\"https:\/\/www.lokornmad.bzh\/wp-content\/uploads\/2021\/10\/bandeau-LokornMad.png\",\"contentUrl\":\"https:\/\/www.lokornmad.bzh\/wp-content\/uploads\/2021\/10\/bandeau-LokornMad.png\",\"width\":824,\"height\":228,\"caption\":\"Lokorn Mad\"},\"image\":{\"@id\":\"https:\/\/www.lokornmad.bzh\/#\/schema\/logo\/image\/\"},\"sameAs\":[\"https:\/\/www.facebook.com\/lokornmad\",\"https:\/\/www.instagram.com\/lokornmad\/\"]}]}<\/script>\n<!-- \/ Yoast SEO plugin. -->","yoast_head_json":{"title":"Miel de Bruy\u00e8re - 500g - Lokorn Mad","description":"Le miel de bruy\u00e8re est un miel tr\u00e8s floral, acidul\u00e9, vif en bouche avec une belle longueur. Existe en 250g ou 500 g chez Lokorn Mad","robots":{"index":"index","follow":"follow","max-snippet":"max-snippet:-1","max-image-preview":"max-image-preview:large","max-video-preview":"max-video-preview:-1"},"canonical":"https:\/\/www.lokornmad.bzh\/en\/boutique\/plaisirs-sucres\/miels\/miel-de-bruyere-500g\/","og_locale":"en_GB","og_type":"article","og_title":"Miel de Bruy\u00e8re - 500g - Lokorn Mad","og_description":"Le miel de bruy\u00e8re est un miel tr\u00e8s floral, acidul\u00e9, vif en bouche avec une belle longueur. Existe en 250g ou 500 g chez Lokorn Mad","og_url":"https:\/\/www.lokornmad.bzh\/en\/boutique\/plaisirs-sucres\/miels\/miel-de-bruyere-500g\/","og_site_name":"Lokorn Mad","article_publisher":"https:\/\/www.facebook.com\/lokornmad","article_modified_time":"2025-03-13T14:28:32+00:00","og_image":[{"width":1000,"height":1000,"url":"https:\/\/www.lokornmad.bzh\/wp-content\/uploads\/2021\/07\/miel_de_bruyere.jpg","type":"image\/jpeg"}],"twitter_card":"summary_large_image","twitter_misc":{"Estimated reading time":"1 minute"},"schema":{"@context":"https:\/\/schema.org","@graph":[{"@type":"WebPage","@id":"https:\/\/www.lokornmad.bzh\/boutique\/plaisirs-sucres\/miels\/miel-de-bruyere-500g\/","url":"https:\/\/www.lokornmad.bzh\/boutique\/plaisirs-sucres\/miels\/miel-de-bruyere-500g\/","name":"Miel de Bruy\u00e8re - 500g - Lokorn Mad","isPartOf":{"@id":"https:\/\/www.lokornmad.bzh\/#website"},"primaryImageOfPage":{"@id":"https:\/\/www.lokornmad.bzh\/boutique\/plaisirs-sucres\/miels\/miel-de-bruyere-500g\/#primaryimage"},"image":{"@id":"https:\/\/www.lokornmad.bzh\/boutique\/plaisirs-sucres\/miels\/miel-de-bruyere-500g\/#primaryimage"},"thumbnailUrl":"https:\/\/www.lokornmad.bzh\/wp-content\/uploads\/2021\/07\/miel_de_bruyere.jpg","datePublished":"2021-07-15T07:34:02+00:00","dateModified":"2025-03-13T14:28:32+00:00","description":"Le miel de bruy\u00e8re est un miel tr\u00e8s floral, acidul\u00e9, vif en bouche avec une belle longueur. Existe en 250g ou 500 g chez Lokorn Mad","breadcrumb":{"@id":"https:\/\/www.lokornmad.bzh\/boutique\/plaisirs-sucres\/miels\/miel-de-bruyere-500g\/#breadcrumb"},"inLanguage":"en-GB","potentialAction":[{"@type":"ReadAction","target":["https:\/\/www.lokornmad.bzh\/boutique\/plaisirs-sucres\/miels\/miel-de-bruyere-500g\/"]}]},{"@type":"ImageObject","inLanguage":"en-GB","@id":"https:\/\/www.lokornmad.bzh\/boutique\/plaisirs-sucres\/miels\/miel-de-bruyere-500g\/#primaryimage","url":"https:\/\/www.lokornmad.bzh\/wp-content\/uploads\/2021\/07\/miel_de_bruyere.jpg","contentUrl":"https:\/\/www.lokornmad.bzh\/wp-content\/uploads\/2021\/07\/miel_de_bruyere.jpg","width":1000,"height":1000,"caption":"Miel de bruy\u00e8re"},{"@type":"BreadcrumbList","@id":"https:\/\/www.lokornmad.bzh\/boutique\/plaisirs-sucres\/miels\/miel-de-bruyere-500g\/#breadcrumb","itemListElement":[{"@type":"ListItem","position":1,"name":"Accueil","item":"https:\/\/www.lokornmad.bzh\/"},{"@type":"ListItem","position":2,"name":"Boutique","item":"https:\/\/www.lokornmad.bzh\/boutique\/"},{"@type":"ListItem","position":3,"name":"Miel de Bruy\u00e8re &#8211; 500g"}]},{"@type":"WebSite","@id":"https:\/\/www.lokornmad.bzh\/#website","url":"https:\/\/www.lokornmad.bzh\/","name":"Lokorn Mad","description":"Comptoir des Producteurs du Finist\u00e8re","publisher":{"@id":"https:\/\/www.lokornmad.bzh\/#organization"},"potentialAction":[{"@type":"SearchAction","target":{"@type":"EntryPoint","urlTemplate":"https:\/\/www.lokornmad.bzh\/?s={search_term_string}"},"query-input":{"@type":"PropertyValueSpecification","valueRequired":true,"valueName":"search_term_string"}}],"inLanguage":"en-GB"},{"@type":"Organization","@id":"https:\/\/www.lokornmad.bzh\/#organization","name":"Lokorn Mad","url":"https:\/\/www.lokornmad.bzh\/","logo":{"@type":"ImageObject","inLanguage":"en-GB","@id":"https:\/\/www.lokornmad.bzh\/#\/schema\/logo\/image\/","url":"https:\/\/www.lokornmad.bzh\/wp-content\/uploads\/2021\/10\/bandeau-LokornMad.png","contentUrl":"https:\/\/www.lokornmad.bzh\/wp-content\/uploads\/2021\/10\/bandeau-LokornMad.png","width":824,"height":228,"caption":"Lokorn Mad"},"image":{"@id":"https:\/\/www.lokornmad.bzh\/#\/schema\/logo\/image\/"},"sameAs":["https:\/\/www.facebook.com\/lokornmad","https:\/\/www.instagram.com\/lokornmad\/"]}]}},"_links":{"self":[{"href":"https:\/\/www.lokornmad.bzh\/en\/wp-json\/wp\/v2\/product\/311","targetHints":{"allow":["GET"]}}],"collection":[{"href":"https:\/\/www.lokornmad.bzh\/en\/wp-json\/wp\/v2\/product"}],"about":[{"href":"https:\/\/www.lokornmad.bzh\/en\/wp-json\/wp\/v2\/types\/product"}],"replies":[{"embeddable":true,"href":"https:\/\/www.lokornmad.bzh\/en\/wp-json\/wp\/v2\/comments?post=311"}],"wp:featuredmedia":[{"embeddable":true,"href":"https:\/\/www.lokornmad.bzh\/en\/wp-json\/wp\/v2\/media\/297"}],"wp:attachment":[{"href":"https:\/\/www.lokornmad.bzh\/en\/wp-json\/wp\/v2\/media?parent=311"}],"wp:term":[{"taxonomy":"product_cat","embeddable":true,"href":"https:\/\/www.lokornmad.bzh\/en\/wp-json\/wp\/v2\/product_cat?post=311"},{"taxonomy":"product_tag","embeddable":true,"href":"https:\/\/www.lokornmad.bzh\/en\/wp-json\/wp\/v2\/product_tag?post=311"},{"taxonomy":"berocket_brand","embeddable":true,"href":"https:\/\/www.lokornmad.bzh\/en\/wp-json\/wp\/v2\/berocket_brand?post=311"}],"curies":[{"name":"wp","href":"https:\/\/api.w.org\/{rel}","templated":true}]}}