{"id":405,"date":"2021-09-10T15:56:19","date_gmt":"2021-09-10T13:56:19","guid":{"rendered":"http:\/\/www.lokornmad.bzh\/?post_type=product&#038;p=405"},"modified":"2025-03-13T14:41:17","modified_gmt":"2025-03-13T13:41:17","slug":"soupe-de-poissons-traditionnelle-1-2","status":"publish","type":"product","link":"https:\/\/www.lokornmad.bzh\/en\/boutique\/plaisirs-sales\/plaisirs-de-la-mer\/soupe-de-poissons-traditionnelle-1-2\/","title":{"rendered":"Traditional fish soup 1\/2"},"content":{"rendered":"<p><span>Water,\u00a0<\/span><strong>FISH<\/strong><span>\u00a0(30.5% implemented),\u00a0<\/span><strong>WHITE WINE (SULPHITES)<\/strong><span>double tomato paste (28%), organic wholemeal rice flour (IT-BIO-014),\u00a0<\/span><strong>CRUSTACES<\/strong><span>carrots, sunflower oil,\u00a0<\/span><strong>SWEET BUTTER<\/strong><span>coarse salt (100% sea salt), fresh grilled onions, fresh garlic, spices.<\/span><\/p>","protected":false},"excerpt":{"rendered":"<p><span>Water,\u00a0<\/span><strong>FISH<\/strong><span>\u00a0(30.5% implemented),\u00a0<\/span><strong>WHITE WINE (SULPHITES)<\/strong><span>double tomato paste (28%), organic wholemeal rice flour (IT-BIO-014),\u00a0<\/span><strong>CRUSTACES<\/strong><span>carrots, sunflower oil,\u00a0<\/span><strong>SWEET BUTTER<\/strong><span>coarse salt (100% sea salt), fresh grilled onions, fresh garlic, spices.<\/span><\/p>","protected":false},"featured_media":406,"comment_status":"open","ping_status":"closed","template":"","meta":{"_acf_changed":false},"product_cat":[28,40],"product_tag":[186,187,66,188,68,190,69,191,72,192,73,195,74,75,77,78,87,126,178,179,180],"berocket_brand":[32],"class_list":{"0":"post-405","1":"product","2":"type-product","3":"status-publish","4":"has-post-thumbnail","6":"product_cat-plaisirs-sales","7":"product_cat-plaisirs-de-la-mer","8":"product_tag-fruits-de-mer","9":"product_tag-fruits-de-mer-flambes","10":"product_tag-produits-de-la-mer","11":"product_tag-fruits-de-mer-en-bocal","12":"product_tag-producteurs-locaux","13":"product_tag-sauce","14":"product_tag-plats-prepares","15":"product_tag-paprika","16":"product_tag-produits-en-finistere","17":"product_tag-soupe-de-poisson","18":"product_tag-tout-commence-en-finistere","19":"product_tag-tradition","20":"product_tag-fait-en-bretagne","21":"product_tag-made-in-finistere","22":"product_tag-mangeons-local-en-bretagne","23":"product_tag-circuits-courts","24":"product_tag-sans-gluten","25":"product_tag-saint-valentin","26":"product_tag-conserverie","27":"product_tag-conserverie-bretonne","28":"product_tag-poissons-en-boite","29":"berocket_brand-kerbriant","31":"first","32":"instock","33":"taxable","34":"shipping-taxable","35":"purchasable","36":"product-type-simple"},"acf":[],"yoast_head":"<!-- This site is optimized with the Yoast SEO plugin v27.1.1 - https:\/\/yoast.com\/product\/yoast-seo-wordpress\/ -->\n<title>Soupe de poissons traditionnelle 1\/2 - Lokorn Mad<\/title>\n<meta name=\"description\" content=\"Comme tous les produits Kerbriant, la soupe de poisson pr\u00e9sente \u00e0 l \u00e9picerie Lokorn Mad est pr\u00e9par\u00e9e artisanalement\" \/>\n<meta name=\"robots\" content=\"index, follow, max-snippet:-1, max-image-preview:large, max-video-preview:-1\" \/>\n<link rel=\"canonical\" href=\"https:\/\/www.lokornmad.bzh\/en\/boutique\/plaisirs-sales\/plaisirs-de-la-mer\/soupe-de-poissons-traditionnelle-1-2\/\" \/>\n<meta property=\"og:locale\" content=\"en_GB\" \/>\n<meta property=\"og:type\" content=\"article\" \/>\n<meta property=\"og:title\" content=\"Soupe de poissons traditionnelle 1\/2 - Lokorn Mad\" \/>\n<meta property=\"og:description\" content=\"Comme tous les produits Kerbriant, la soupe de poisson pr\u00e9sente \u00e0 l \u00e9picerie Lokorn Mad est pr\u00e9par\u00e9e artisanalement\" \/>\n<meta property=\"og:url\" content=\"https:\/\/www.lokornmad.bzh\/en\/boutique\/plaisirs-sales\/plaisirs-de-la-mer\/soupe-de-poissons-traditionnelle-1-2\/\" \/>\n<meta property=\"og:site_name\" content=\"Lokorn Mad\" \/>\n<meta property=\"article:publisher\" content=\"https:\/\/www.facebook.com\/lokornmad\" \/>\n<meta property=\"article:modified_time\" content=\"2025-03-13T13:41:17+00:00\" \/>\n<meta property=\"og:image\" content=\"https:\/\/www.lokornmad.bzh\/wp-content\/uploads\/2021\/09\/Soupe_Poissons_Tradi_400G_Kerbriant-300x300-1.jpg\" \/>\n\t<meta property=\"og:image:width\" content=\"300\" \/>\n\t<meta property=\"og:image:height\" content=\"300\" \/>\n\t<meta property=\"og:image:type\" content=\"image\/jpeg\" \/>\n<meta name=\"twitter:card\" content=\"summary_large_image\" \/>\n<meta name=\"twitter:label1\" content=\"Estimated reading time\" \/>\n\t<meta name=\"twitter:data1\" content=\"1 minute\" \/>\n<script type=\"application\/ld+json\" class=\"yoast-schema-graph\">{\"@context\":\"https:\/\/schema.org\",\"@graph\":[{\"@type\":\"WebPage\",\"@id\":\"https:\/\/www.lokornmad.bzh\/boutique\/plaisirs-sales\/plaisirs-de-la-mer\/soupe-de-poissons-traditionnelle-1-2\/\",\"url\":\"https:\/\/www.lokornmad.bzh\/boutique\/plaisirs-sales\/plaisirs-de-la-mer\/soupe-de-poissons-traditionnelle-1-2\/\",\"name\":\"Soupe de poissons traditionnelle 1\/2 - Lokorn Mad\",\"isPartOf\":{\"@id\":\"https:\/\/www.lokornmad.bzh\/#website\"},\"primaryImageOfPage\":{\"@id\":\"https:\/\/www.lokornmad.bzh\/boutique\/plaisirs-sales\/plaisirs-de-la-mer\/soupe-de-poissons-traditionnelle-1-2\/#primaryimage\"},\"image\":{\"@id\":\"https:\/\/www.lokornmad.bzh\/boutique\/plaisirs-sales\/plaisirs-de-la-mer\/soupe-de-poissons-traditionnelle-1-2\/#primaryimage\"},\"thumbnailUrl\":\"https:\/\/www.lokornmad.bzh\/wp-content\/uploads\/2021\/09\/Soupe_Poissons_Tradi_400G_Kerbriant-300x300-1.jpg\",\"datePublished\":\"2021-09-10T13:56:19+00:00\",\"dateModified\":\"2025-03-13T13:41:17+00:00\",\"description\":\"Comme tous les produits Kerbriant, la soupe de poisson pr\u00e9sente \u00e0 l \u00e9picerie Lokorn Mad est pr\u00e9par\u00e9e artisanalement\",\"breadcrumb\":{\"@id\":\"https:\/\/www.lokornmad.bzh\/boutique\/plaisirs-sales\/plaisirs-de-la-mer\/soupe-de-poissons-traditionnelle-1-2\/#breadcrumb\"},\"inLanguage\":\"en-GB\",\"potentialAction\":[{\"@type\":\"ReadAction\",\"target\":[\"https:\/\/www.lokornmad.bzh\/boutique\/plaisirs-sales\/plaisirs-de-la-mer\/soupe-de-poissons-traditionnelle-1-2\/\"]}]},{\"@type\":\"ImageObject\",\"inLanguage\":\"en-GB\",\"@id\":\"https:\/\/www.lokornmad.bzh\/boutique\/plaisirs-sales\/plaisirs-de-la-mer\/soupe-de-poissons-traditionnelle-1-2\/#primaryimage\",\"url\":\"https:\/\/www.lokornmad.bzh\/wp-content\/uploads\/2021\/09\/Soupe_Poissons_Tradi_400G_Kerbriant-300x300-1.jpg\",\"contentUrl\":\"https:\/\/www.lokornmad.bzh\/wp-content\/uploads\/2021\/09\/Soupe_Poissons_Tradi_400G_Kerbriant-300x300-1.jpg\",\"width\":300,\"height\":300},{\"@type\":\"BreadcrumbList\",\"@id\":\"https:\/\/www.lokornmad.bzh\/boutique\/plaisirs-sales\/plaisirs-de-la-mer\/soupe-de-poissons-traditionnelle-1-2\/#breadcrumb\",\"itemListElement\":[{\"@type\":\"ListItem\",\"position\":1,\"name\":\"Accueil\",\"item\":\"https:\/\/www.lokornmad.bzh\/\"},{\"@type\":\"ListItem\",\"position\":2,\"name\":\"Boutique\",\"item\":\"https:\/\/www.lokornmad.bzh\/boutique\/\"},{\"@type\":\"ListItem\",\"position\":3,\"name\":\"Soupe de poissons traditionnelle 1\/2\"}]},{\"@type\":\"WebSite\",\"@id\":\"https:\/\/www.lokornmad.bzh\/#website\",\"url\":\"https:\/\/www.lokornmad.bzh\/\",\"name\":\"Lokorn Mad\",\"description\":\"Comptoir des Producteurs du Finist\u00e8re\",\"publisher\":{\"@id\":\"https:\/\/www.lokornmad.bzh\/#organization\"},\"potentialAction\":[{\"@type\":\"SearchAction\",\"target\":{\"@type\":\"EntryPoint\",\"urlTemplate\":\"https:\/\/www.lokornmad.bzh\/?s={search_term_string}\"},\"query-input\":{\"@type\":\"PropertyValueSpecification\",\"valueRequired\":true,\"valueName\":\"search_term_string\"}}],\"inLanguage\":\"en-GB\"},{\"@type\":\"Organization\",\"@id\":\"https:\/\/www.lokornmad.bzh\/#organization\",\"name\":\"Lokorn Mad\",\"url\":\"https:\/\/www.lokornmad.bzh\/\",\"logo\":{\"@type\":\"ImageObject\",\"inLanguage\":\"en-GB\",\"@id\":\"https:\/\/www.lokornmad.bzh\/#\/schema\/logo\/image\/\",\"url\":\"https:\/\/www.lokornmad.bzh\/wp-content\/uploads\/2021\/10\/bandeau-LokornMad.png\",\"contentUrl\":\"https:\/\/www.lokornmad.bzh\/wp-content\/uploads\/2021\/10\/bandeau-LokornMad.png\",\"width\":824,\"height\":228,\"caption\":\"Lokorn Mad\"},\"image\":{\"@id\":\"https:\/\/www.lokornmad.bzh\/#\/schema\/logo\/image\/\"},\"sameAs\":[\"https:\/\/www.facebook.com\/lokornmad\",\"https:\/\/www.instagram.com\/lokornmad\/\"]}]}<\/script>\n<!-- \/ Yoast SEO plugin. -->","yoast_head_json":{"title":"Soupe de poissons traditionnelle 1\/2 - Lokorn Mad","description":"Comme tous les produits Kerbriant, la soupe de poisson pr\u00e9sente \u00e0 l \u00e9picerie Lokorn Mad est pr\u00e9par\u00e9e artisanalement","robots":{"index":"index","follow":"follow","max-snippet":"max-snippet:-1","max-image-preview":"max-image-preview:large","max-video-preview":"max-video-preview:-1"},"canonical":"https:\/\/www.lokornmad.bzh\/en\/boutique\/plaisirs-sales\/plaisirs-de-la-mer\/soupe-de-poissons-traditionnelle-1-2\/","og_locale":"en_GB","og_type":"article","og_title":"Soupe de poissons traditionnelle 1\/2 - Lokorn Mad","og_description":"Comme tous les produits Kerbriant, la soupe de poisson pr\u00e9sente \u00e0 l \u00e9picerie Lokorn Mad est pr\u00e9par\u00e9e artisanalement","og_url":"https:\/\/www.lokornmad.bzh\/en\/boutique\/plaisirs-sales\/plaisirs-de-la-mer\/soupe-de-poissons-traditionnelle-1-2\/","og_site_name":"Lokorn Mad","article_publisher":"https:\/\/www.facebook.com\/lokornmad","article_modified_time":"2025-03-13T13:41:17+00:00","og_image":[{"width":300,"height":300,"url":"https:\/\/www.lokornmad.bzh\/wp-content\/uploads\/2021\/09\/Soupe_Poissons_Tradi_400G_Kerbriant-300x300-1.jpg","type":"image\/jpeg"}],"twitter_card":"summary_large_image","twitter_misc":{"Estimated reading time":"1 minute"},"schema":{"@context":"https:\/\/schema.org","@graph":[{"@type":"WebPage","@id":"https:\/\/www.lokornmad.bzh\/boutique\/plaisirs-sales\/plaisirs-de-la-mer\/soupe-de-poissons-traditionnelle-1-2\/","url":"https:\/\/www.lokornmad.bzh\/boutique\/plaisirs-sales\/plaisirs-de-la-mer\/soupe-de-poissons-traditionnelle-1-2\/","name":"Soupe de poissons traditionnelle 1\/2 - Lokorn Mad","isPartOf":{"@id":"https:\/\/www.lokornmad.bzh\/#website"},"primaryImageOfPage":{"@id":"https:\/\/www.lokornmad.bzh\/boutique\/plaisirs-sales\/plaisirs-de-la-mer\/soupe-de-poissons-traditionnelle-1-2\/#primaryimage"},"image":{"@id":"https:\/\/www.lokornmad.bzh\/boutique\/plaisirs-sales\/plaisirs-de-la-mer\/soupe-de-poissons-traditionnelle-1-2\/#primaryimage"},"thumbnailUrl":"https:\/\/www.lokornmad.bzh\/wp-content\/uploads\/2021\/09\/Soupe_Poissons_Tradi_400G_Kerbriant-300x300-1.jpg","datePublished":"2021-09-10T13:56:19+00:00","dateModified":"2025-03-13T13:41:17+00:00","description":"Comme tous les produits Kerbriant, la soupe de poisson pr\u00e9sente \u00e0 l \u00e9picerie Lokorn Mad est pr\u00e9par\u00e9e artisanalement","breadcrumb":{"@id":"https:\/\/www.lokornmad.bzh\/boutique\/plaisirs-sales\/plaisirs-de-la-mer\/soupe-de-poissons-traditionnelle-1-2\/#breadcrumb"},"inLanguage":"en-GB","potentialAction":[{"@type":"ReadAction","target":["https:\/\/www.lokornmad.bzh\/boutique\/plaisirs-sales\/plaisirs-de-la-mer\/soupe-de-poissons-traditionnelle-1-2\/"]}]},{"@type":"ImageObject","inLanguage":"en-GB","@id":"https:\/\/www.lokornmad.bzh\/boutique\/plaisirs-sales\/plaisirs-de-la-mer\/soupe-de-poissons-traditionnelle-1-2\/#primaryimage","url":"https:\/\/www.lokornmad.bzh\/wp-content\/uploads\/2021\/09\/Soupe_Poissons_Tradi_400G_Kerbriant-300x300-1.jpg","contentUrl":"https:\/\/www.lokornmad.bzh\/wp-content\/uploads\/2021\/09\/Soupe_Poissons_Tradi_400G_Kerbriant-300x300-1.jpg","width":300,"height":300},{"@type":"BreadcrumbList","@id":"https:\/\/www.lokornmad.bzh\/boutique\/plaisirs-sales\/plaisirs-de-la-mer\/soupe-de-poissons-traditionnelle-1-2\/#breadcrumb","itemListElement":[{"@type":"ListItem","position":1,"name":"Accueil","item":"https:\/\/www.lokornmad.bzh\/"},{"@type":"ListItem","position":2,"name":"Boutique","item":"https:\/\/www.lokornmad.bzh\/boutique\/"},{"@type":"ListItem","position":3,"name":"Soupe de poissons traditionnelle 1\/2"}]},{"@type":"WebSite","@id":"https:\/\/www.lokornmad.bzh\/#website","url":"https:\/\/www.lokornmad.bzh\/","name":"Lokorn Mad","description":"Comptoir des Producteurs du Finist\u00e8re","publisher":{"@id":"https:\/\/www.lokornmad.bzh\/#organization"},"potentialAction":[{"@type":"SearchAction","target":{"@type":"EntryPoint","urlTemplate":"https:\/\/www.lokornmad.bzh\/?s={search_term_string}"},"query-input":{"@type":"PropertyValueSpecification","valueRequired":true,"valueName":"search_term_string"}}],"inLanguage":"en-GB"},{"@type":"Organization","@id":"https:\/\/www.lokornmad.bzh\/#organization","name":"Lokorn Mad","url":"https:\/\/www.lokornmad.bzh\/","logo":{"@type":"ImageObject","inLanguage":"en-GB","@id":"https:\/\/www.lokornmad.bzh\/#\/schema\/logo\/image\/","url":"https:\/\/www.lokornmad.bzh\/wp-content\/uploads\/2021\/10\/bandeau-LokornMad.png","contentUrl":"https:\/\/www.lokornmad.bzh\/wp-content\/uploads\/2021\/10\/bandeau-LokornMad.png","width":824,"height":228,"caption":"Lokorn Mad"},"image":{"@id":"https:\/\/www.lokornmad.bzh\/#\/schema\/logo\/image\/"},"sameAs":["https:\/\/www.facebook.com\/lokornmad","https:\/\/www.instagram.com\/lokornmad\/"]}]}},"_links":{"self":[{"href":"https:\/\/www.lokornmad.bzh\/en\/wp-json\/wp\/v2\/product\/405","targetHints":{"allow":["GET"]}}],"collection":[{"href":"https:\/\/www.lokornmad.bzh\/en\/wp-json\/wp\/v2\/product"}],"about":[{"href":"https:\/\/www.lokornmad.bzh\/en\/wp-json\/wp\/v2\/types\/product"}],"replies":[{"embeddable":true,"href":"https:\/\/www.lokornmad.bzh\/en\/wp-json\/wp\/v2\/comments?post=405"}],"wp:featuredmedia":[{"embeddable":true,"href":"https:\/\/www.lokornmad.bzh\/en\/wp-json\/wp\/v2\/media\/406"}],"wp:attachment":[{"href":"https:\/\/www.lokornmad.bzh\/en\/wp-json\/wp\/v2\/media?parent=405"}],"wp:term":[{"taxonomy":"product_cat","embeddable":true,"href":"https:\/\/www.lokornmad.bzh\/en\/wp-json\/wp\/v2\/product_cat?post=405"},{"taxonomy":"product_tag","embeddable":true,"href":"https:\/\/www.lokornmad.bzh\/en\/wp-json\/wp\/v2\/product_tag?post=405"},{"taxonomy":"berocket_brand","embeddable":true,"href":"https:\/\/www.lokornmad.bzh\/en\/wp-json\/wp\/v2\/berocket_brand?post=405"}],"curies":[{"name":"wp","href":"https:\/\/api.w.org\/{rel}","templated":true}]}}