{"id":427,"date":"2021-09-11T11:50:24","date_gmt":"2021-09-11T09:50:24","guid":{"rendered":"http:\/\/www.lokornmad.bzh\/?post_type=product&#038;p=427"},"modified":"2025-03-13T14:40:26","modified_gmt":"2025-03-13T13:40:26","slug":"sardines-a-l-huile-d-olive-bio","status":"publish","type":"product","link":"https:\/\/www.lokornmad.bzh\/en\/boutique\/plaisirs-sales\/plaisirs-de-la-mer\/sardines-a-l-huile-d-olive-bio\/","title":{"rendered":"Sardines in organic olive oil"},"content":{"rendered":"<p>Enjoy these delicious sardines for the pleasure of your taste buds.<\/p>\n<p>These sardines, Sardina Pilchardus Walbaum, are fished off the coast of Brittany between June and November, during the peak season, for a fat content that guarantees tender, soft and full-flavoured meat. These fresh sardines are carefully selected from local suppliers<span>\u00a0<\/span><em>(small-scale fishing in Saint Gu\u00e9nol\u00e9 - Penmarch, Douarnenez, Concarneau...).<span>\u00a0<\/span><\/em>The topping and casing are done in the old-fashioned way, by hand.<\/p>","protected":false},"excerpt":{"rendered":"<p><span>Fresh sardines (Sardina Pilchardus Wallbaum) 78%, organic extra virgin olive oil, salt.<\/span><\/p>","protected":false},"featured_media":428,"comment_status":"open","ping_status":"closed","template":"","meta":{"_acf_changed":false},"product_cat":[28,40],"product_tag":[69,72,73,74,75,77,78,87,97,98,178,179,180,181,66,68],"berocket_brand":[32],"class_list":{"0":"post-427","1":"product","2":"type-product","3":"status-publish","4":"has-post-thumbnail","6":"product_cat-plaisirs-sales","7":"product_cat-plaisirs-de-la-mer","8":"product_tag-plats-prepares","9":"product_tag-produits-en-finistere","10":"product_tag-tout-commence-en-finistere","11":"product_tag-fait-en-bretagne","12":"product_tag-made-in-finistere","13":"product_tag-mangeons-local-en-bretagne","14":"product_tag-circuits-courts","15":"product_tag-sans-gluten","16":"product_tag-aperitif","17":"product_tag-apero","18":"product_tag-conserverie","19":"product_tag-conserverie-bretonne","20":"product_tag-poissons-en-boite","21":"product_tag-sardines-a-lhuile","22":"product_tag-produits-de-la-mer","23":"product_tag-producteurs-locaux","24":"berocket_brand-kerbriant","26":"first","27":"instock","28":"taxable","29":"shipping-taxable","30":"purchasable","31":"product-type-simple"},"acf":[],"yoast_head":"<!-- This site is optimized with the Yoast SEO plugin v27.1.1 - https:\/\/yoast.com\/product\/yoast-seo-wordpress\/ -->\n<title>Sardines \u00e0 l huile d olive Bio - Lokorn Mad<\/title>\n<meta name=\"description\" content=\"Sur une bonne tartine de pain grill\u00e9 avec un peu de beurre demi-sel, les sardines Kerbriant que l on trouve chez Lokorn Mad sont d\u00e9licieuses!\" \/>\n<meta name=\"robots\" content=\"index, follow, max-snippet:-1, max-image-preview:large, max-video-preview:-1\" \/>\n<link rel=\"canonical\" href=\"https:\/\/www.lokornmad.bzh\/en\/boutique\/plaisirs-sales\/plaisirs-de-la-mer\/sardines-a-l-huile-d-olive-bio\/\" \/>\n<meta property=\"og:locale\" content=\"en_GB\" \/>\n<meta property=\"og:type\" content=\"article\" \/>\n<meta property=\"og:title\" content=\"Sardines \u00e0 l huile d olive Bio - Lokorn Mad\" \/>\n<meta property=\"og:description\" content=\"Sur une bonne tartine de pain grill\u00e9 avec un peu de beurre demi-sel, les sardines Kerbriant que l on trouve chez Lokorn Mad sont d\u00e9licieuses!\" \/>\n<meta property=\"og:url\" content=\"https:\/\/www.lokornmad.bzh\/en\/boutique\/plaisirs-sales\/plaisirs-de-la-mer\/sardines-a-l-huile-d-olive-bio\/\" \/>\n<meta property=\"og:site_name\" content=\"Lokorn Mad\" \/>\n<meta property=\"article:publisher\" content=\"https:\/\/www.facebook.com\/lokornmad\" \/>\n<meta property=\"article:modified_time\" content=\"2025-03-13T13:40:26+00:00\" \/>\n<meta property=\"og:image\" content=\"https:\/\/www.lokornmad.bzh\/wp-content\/uploads\/2021\/09\/Sardines_Huile_Olive_Bio_ExtraVierge_Kerbriant-300x300-1.jpg\" \/>\n\t<meta property=\"og:image:width\" content=\"300\" \/>\n\t<meta property=\"og:image:height\" content=\"300\" \/>\n\t<meta property=\"og:image:type\" content=\"image\/jpeg\" \/>\n<meta name=\"twitter:card\" content=\"summary_large_image\" \/>\n<meta name=\"twitter:label1\" content=\"Estimated reading time\" \/>\n\t<meta name=\"twitter:data1\" content=\"1 minute\" \/>\n<script type=\"application\/ld+json\" class=\"yoast-schema-graph\">{\"@context\":\"https:\/\/schema.org\",\"@graph\":[{\"@type\":\"WebPage\",\"@id\":\"https:\/\/www.lokornmad.bzh\/boutique\/plaisirs-sales\/plaisirs-de-la-mer\/sardines-a-l-huile-d-olive-bio\/\",\"url\":\"https:\/\/www.lokornmad.bzh\/boutique\/plaisirs-sales\/plaisirs-de-la-mer\/sardines-a-l-huile-d-olive-bio\/\",\"name\":\"Sardines \u00e0 l huile d olive Bio - Lokorn Mad\",\"isPartOf\":{\"@id\":\"https:\/\/www.lokornmad.bzh\/#website\"},\"primaryImageOfPage\":{\"@id\":\"https:\/\/www.lokornmad.bzh\/boutique\/plaisirs-sales\/plaisirs-de-la-mer\/sardines-a-l-huile-d-olive-bio\/#primaryimage\"},\"image\":{\"@id\":\"https:\/\/www.lokornmad.bzh\/boutique\/plaisirs-sales\/plaisirs-de-la-mer\/sardines-a-l-huile-d-olive-bio\/#primaryimage\"},\"thumbnailUrl\":\"https:\/\/www.lokornmad.bzh\/wp-content\/uploads\/2021\/09\/Sardines_Huile_Olive_Bio_ExtraVierge_Kerbriant-300x300-1.jpg\",\"datePublished\":\"2021-09-11T09:50:24+00:00\",\"dateModified\":\"2025-03-13T13:40:26+00:00\",\"description\":\"Sur une bonne tartine de pain grill\u00e9 avec un peu de beurre demi-sel, les sardines Kerbriant que l on trouve chez Lokorn Mad sont d\u00e9licieuses!\",\"breadcrumb\":{\"@id\":\"https:\/\/www.lokornmad.bzh\/boutique\/plaisirs-sales\/plaisirs-de-la-mer\/sardines-a-l-huile-d-olive-bio\/#breadcrumb\"},\"inLanguage\":\"en-GB\",\"potentialAction\":[{\"@type\":\"ReadAction\",\"target\":[\"https:\/\/www.lokornmad.bzh\/boutique\/plaisirs-sales\/plaisirs-de-la-mer\/sardines-a-l-huile-d-olive-bio\/\"]}]},{\"@type\":\"ImageObject\",\"inLanguage\":\"en-GB\",\"@id\":\"https:\/\/www.lokornmad.bzh\/boutique\/plaisirs-sales\/plaisirs-de-la-mer\/sardines-a-l-huile-d-olive-bio\/#primaryimage\",\"url\":\"https:\/\/www.lokornmad.bzh\/wp-content\/uploads\/2021\/09\/Sardines_Huile_Olive_Bio_ExtraVierge_Kerbriant-300x300-1.jpg\",\"contentUrl\":\"https:\/\/www.lokornmad.bzh\/wp-content\/uploads\/2021\/09\/Sardines_Huile_Olive_Bio_ExtraVierge_Kerbriant-300x300-1.jpg\",\"width\":300,\"height\":300},{\"@type\":\"BreadcrumbList\",\"@id\":\"https:\/\/www.lokornmad.bzh\/boutique\/plaisirs-sales\/plaisirs-de-la-mer\/sardines-a-l-huile-d-olive-bio\/#breadcrumb\",\"itemListElement\":[{\"@type\":\"ListItem\",\"position\":1,\"name\":\"Accueil\",\"item\":\"https:\/\/www.lokornmad.bzh\/\"},{\"@type\":\"ListItem\",\"position\":2,\"name\":\"Boutique\",\"item\":\"https:\/\/www.lokornmad.bzh\/boutique\/\"},{\"@type\":\"ListItem\",\"position\":3,\"name\":\"Sardines \u00e0 l huile d olive Bio\"}]},{\"@type\":\"WebSite\",\"@id\":\"https:\/\/www.lokornmad.bzh\/#website\",\"url\":\"https:\/\/www.lokornmad.bzh\/\",\"name\":\"Lokorn Mad\",\"description\":\"Comptoir des Producteurs du Finist\u00e8re\",\"publisher\":{\"@id\":\"https:\/\/www.lokornmad.bzh\/#organization\"},\"potentialAction\":[{\"@type\":\"SearchAction\",\"target\":{\"@type\":\"EntryPoint\",\"urlTemplate\":\"https:\/\/www.lokornmad.bzh\/?s={search_term_string}\"},\"query-input\":{\"@type\":\"PropertyValueSpecification\",\"valueRequired\":true,\"valueName\":\"search_term_string\"}}],\"inLanguage\":\"en-GB\"},{\"@type\":\"Organization\",\"@id\":\"https:\/\/www.lokornmad.bzh\/#organization\",\"name\":\"Lokorn Mad\",\"url\":\"https:\/\/www.lokornmad.bzh\/\",\"logo\":{\"@type\":\"ImageObject\",\"inLanguage\":\"en-GB\",\"@id\":\"https:\/\/www.lokornmad.bzh\/#\/schema\/logo\/image\/\",\"url\":\"https:\/\/www.lokornmad.bzh\/wp-content\/uploads\/2021\/10\/bandeau-LokornMad.png\",\"contentUrl\":\"https:\/\/www.lokornmad.bzh\/wp-content\/uploads\/2021\/10\/bandeau-LokornMad.png\",\"width\":824,\"height\":228,\"caption\":\"Lokorn Mad\"},\"image\":{\"@id\":\"https:\/\/www.lokornmad.bzh\/#\/schema\/logo\/image\/\"},\"sameAs\":[\"https:\/\/www.facebook.com\/lokornmad\",\"https:\/\/www.instagram.com\/lokornmad\/\"]}]}<\/script>\n<!-- \/ Yoast SEO plugin. -->","yoast_head_json":{"title":"Sardines \u00e0 l huile d olive Bio - Lokorn Mad","description":"Sur une bonne tartine de pain grill\u00e9 avec un peu de beurre demi-sel, les sardines Kerbriant que l on trouve chez Lokorn Mad sont d\u00e9licieuses!","robots":{"index":"index","follow":"follow","max-snippet":"max-snippet:-1","max-image-preview":"max-image-preview:large","max-video-preview":"max-video-preview:-1"},"canonical":"https:\/\/www.lokornmad.bzh\/en\/boutique\/plaisirs-sales\/plaisirs-de-la-mer\/sardines-a-l-huile-d-olive-bio\/","og_locale":"en_GB","og_type":"article","og_title":"Sardines \u00e0 l huile d olive Bio - Lokorn Mad","og_description":"Sur une bonne tartine de pain grill\u00e9 avec un peu de beurre demi-sel, les sardines Kerbriant que l on trouve chez Lokorn Mad sont d\u00e9licieuses!","og_url":"https:\/\/www.lokornmad.bzh\/en\/boutique\/plaisirs-sales\/plaisirs-de-la-mer\/sardines-a-l-huile-d-olive-bio\/","og_site_name":"Lokorn Mad","article_publisher":"https:\/\/www.facebook.com\/lokornmad","article_modified_time":"2025-03-13T13:40:26+00:00","og_image":[{"width":300,"height":300,"url":"https:\/\/www.lokornmad.bzh\/wp-content\/uploads\/2021\/09\/Sardines_Huile_Olive_Bio_ExtraVierge_Kerbriant-300x300-1.jpg","type":"image\/jpeg"}],"twitter_card":"summary_large_image","twitter_misc":{"Estimated reading time":"1 minute"},"schema":{"@context":"https:\/\/schema.org","@graph":[{"@type":"WebPage","@id":"https:\/\/www.lokornmad.bzh\/boutique\/plaisirs-sales\/plaisirs-de-la-mer\/sardines-a-l-huile-d-olive-bio\/","url":"https:\/\/www.lokornmad.bzh\/boutique\/plaisirs-sales\/plaisirs-de-la-mer\/sardines-a-l-huile-d-olive-bio\/","name":"Sardines \u00e0 l huile d olive Bio - Lokorn Mad","isPartOf":{"@id":"https:\/\/www.lokornmad.bzh\/#website"},"primaryImageOfPage":{"@id":"https:\/\/www.lokornmad.bzh\/boutique\/plaisirs-sales\/plaisirs-de-la-mer\/sardines-a-l-huile-d-olive-bio\/#primaryimage"},"image":{"@id":"https:\/\/www.lokornmad.bzh\/boutique\/plaisirs-sales\/plaisirs-de-la-mer\/sardines-a-l-huile-d-olive-bio\/#primaryimage"},"thumbnailUrl":"https:\/\/www.lokornmad.bzh\/wp-content\/uploads\/2021\/09\/Sardines_Huile_Olive_Bio_ExtraVierge_Kerbriant-300x300-1.jpg","datePublished":"2021-09-11T09:50:24+00:00","dateModified":"2025-03-13T13:40:26+00:00","description":"Sur une bonne tartine de pain grill\u00e9 avec un peu de beurre demi-sel, les sardines Kerbriant que l on trouve chez Lokorn Mad sont d\u00e9licieuses!","breadcrumb":{"@id":"https:\/\/www.lokornmad.bzh\/boutique\/plaisirs-sales\/plaisirs-de-la-mer\/sardines-a-l-huile-d-olive-bio\/#breadcrumb"},"inLanguage":"en-GB","potentialAction":[{"@type":"ReadAction","target":["https:\/\/www.lokornmad.bzh\/boutique\/plaisirs-sales\/plaisirs-de-la-mer\/sardines-a-l-huile-d-olive-bio\/"]}]},{"@type":"ImageObject","inLanguage":"en-GB","@id":"https:\/\/www.lokornmad.bzh\/boutique\/plaisirs-sales\/plaisirs-de-la-mer\/sardines-a-l-huile-d-olive-bio\/#primaryimage","url":"https:\/\/www.lokornmad.bzh\/wp-content\/uploads\/2021\/09\/Sardines_Huile_Olive_Bio_ExtraVierge_Kerbriant-300x300-1.jpg","contentUrl":"https:\/\/www.lokornmad.bzh\/wp-content\/uploads\/2021\/09\/Sardines_Huile_Olive_Bio_ExtraVierge_Kerbriant-300x300-1.jpg","width":300,"height":300},{"@type":"BreadcrumbList","@id":"https:\/\/www.lokornmad.bzh\/boutique\/plaisirs-sales\/plaisirs-de-la-mer\/sardines-a-l-huile-d-olive-bio\/#breadcrumb","itemListElement":[{"@type":"ListItem","position":1,"name":"Accueil","item":"https:\/\/www.lokornmad.bzh\/"},{"@type":"ListItem","position":2,"name":"Boutique","item":"https:\/\/www.lokornmad.bzh\/boutique\/"},{"@type":"ListItem","position":3,"name":"Sardines \u00e0 l huile d olive Bio"}]},{"@type":"WebSite","@id":"https:\/\/www.lokornmad.bzh\/#website","url":"https:\/\/www.lokornmad.bzh\/","name":"Lokorn Mad","description":"Comptoir des Producteurs du Finist\u00e8re","publisher":{"@id":"https:\/\/www.lokornmad.bzh\/#organization"},"potentialAction":[{"@type":"SearchAction","target":{"@type":"EntryPoint","urlTemplate":"https:\/\/www.lokornmad.bzh\/?s={search_term_string}"},"query-input":{"@type":"PropertyValueSpecification","valueRequired":true,"valueName":"search_term_string"}}],"inLanguage":"en-GB"},{"@type":"Organization","@id":"https:\/\/www.lokornmad.bzh\/#organization","name":"Lokorn Mad","url":"https:\/\/www.lokornmad.bzh\/","logo":{"@type":"ImageObject","inLanguage":"en-GB","@id":"https:\/\/www.lokornmad.bzh\/#\/schema\/logo\/image\/","url":"https:\/\/www.lokornmad.bzh\/wp-content\/uploads\/2021\/10\/bandeau-LokornMad.png","contentUrl":"https:\/\/www.lokornmad.bzh\/wp-content\/uploads\/2021\/10\/bandeau-LokornMad.png","width":824,"height":228,"caption":"Lokorn Mad"},"image":{"@id":"https:\/\/www.lokornmad.bzh\/#\/schema\/logo\/image\/"},"sameAs":["https:\/\/www.facebook.com\/lokornmad","https:\/\/www.instagram.com\/lokornmad\/"]}]}},"_links":{"self":[{"href":"https:\/\/www.lokornmad.bzh\/en\/wp-json\/wp\/v2\/product\/427","targetHints":{"allow":["GET"]}}],"collection":[{"href":"https:\/\/www.lokornmad.bzh\/en\/wp-json\/wp\/v2\/product"}],"about":[{"href":"https:\/\/www.lokornmad.bzh\/en\/wp-json\/wp\/v2\/types\/product"}],"replies":[{"embeddable":true,"href":"https:\/\/www.lokornmad.bzh\/en\/wp-json\/wp\/v2\/comments?post=427"}],"wp:featuredmedia":[{"embeddable":true,"href":"https:\/\/www.lokornmad.bzh\/en\/wp-json\/wp\/v2\/media\/428"}],"wp:attachment":[{"href":"https:\/\/www.lokornmad.bzh\/en\/wp-json\/wp\/v2\/media?parent=427"}],"wp:term":[{"taxonomy":"product_cat","embeddable":true,"href":"https:\/\/www.lokornmad.bzh\/en\/wp-json\/wp\/v2\/product_cat?post=427"},{"taxonomy":"product_tag","embeddable":true,"href":"https:\/\/www.lokornmad.bzh\/en\/wp-json\/wp\/v2\/product_tag?post=427"},{"taxonomy":"berocket_brand","embeddable":true,"href":"https:\/\/www.lokornmad.bzh\/en\/wp-json\/wp\/v2\/berocket_brand?post=427"}],"curies":[{"name":"wp","href":"https:\/\/api.w.org\/{rel}","templated":true}]}}