{"id":435,"date":"2021-09-11T13:05:02","date_gmt":"2021-09-11T11:05:02","guid":{"rendered":"http:\/\/www.lokornmad.bzh\/?post_type=product&#038;p=435"},"modified":"2025-03-13T14:35:32","modified_gmt":"2025-03-13T13:35:32","slug":"savon-au-lait-de-jument","status":"publish","type":"product","link":"https:\/\/www.lokornmad.bzh\/en\/boutique\/cosmetiques\/savon-au-lait-de-jument\/","title":{"rendered":"Mare's milk soap"},"content":{"rendered":"<p>Lactoferrin plays a role in preventing skin ageing and protecting against the sun.<\/p>\n<p>Lactoperoxidase, with its antibacterial power, acts on oily skin with a tendency to acne.<\/p>\n<p>Phospholipids are involved in the reconstitution of the intercellular cement.<\/p>\n<p>Lactoserum is recommended as a moisturising agent.<\/p>\n<p>Unsaturated fatty acids are involved in the formation and maintenance of cell membranes<\/p>\n<p>\"Mare's milk is also recommended for chronic skin conditions such as acne, eczema, skin allergies, psoriasis, neurodermatitis, etc. It reduces itching and inflammation. It therefore has healing and protective effects on the skin.<\/p>","protected":false},"excerpt":{"rendered":"<p>Formulated with 30% of mare's milk by weight of vegetable oils.<\/p>\n<p>Composition: Olive oil, coconut oil, mare's milk. Cold saponification\/ Handmade<\/p>","protected":false},"featured_media":436,"comment_status":"open","ping_status":"closed","template":"","meta":{"_acf_changed":false},"product_cat":[35],"product_tag":[75,78,205,206,208,210,211,213,214,215,216,68,217,70,219,72,220,73,74],"berocket_brand":[37],"class_list":{"0":"post-435","1":"product","2":"type-product","3":"status-publish","4":"has-post-thumbnail","6":"product_cat-cosmetiques","7":"product_tag-made-in-finistere","8":"product_tag-circuits-courts","9":"product_tag-savon","10":"product_tag-savons-bio","11":"product_tag-savons-naturels","12":"product_tag-cosmetiques","13":"product_tag-cosmetiques-naturels","14":"product_tag-lait-de-jument","15":"product_tag-psoriasis","16":"product_tag-exema","17":"product_tag-lactoferrine","18":"product_tag-producteurs-locaux","19":"product_tag-creme-pour-mains","20":"product_tag-direct-de-la-ferme","21":"product_tag-lait-corps","22":"product_tag-produits-en-finistere","23":"product_tag-allergie","24":"product_tag-tout-commence-en-finistere","25":"product_tag-fait-en-bretagne","26":"berocket_brand-la-jumenterie-de-cornouaille","28":"first","29":"instock","30":"taxable","31":"shipping-taxable","32":"purchasable","33":"product-type-simple"},"acf":[],"yoast_head":"<!-- This site is optimized with the Yoast SEO plugin v27.1.1 - https:\/\/yoast.com\/product\/yoast-seo-wordpress\/ -->\n<title>Savon au lait de jument - Lokorn Mad<\/title>\n<meta name=\"description\" content=\"Chez Lokorn Mad, le savon au lait de jument de Dimezell rencontre un r\u00e9el succ\u00e8s! A utiliser sans mod\u00e9ration pour la peau ET les cheveux!\" \/>\n<meta name=\"robots\" content=\"index, follow, max-snippet:-1, max-image-preview:large, max-video-preview:-1\" \/>\n<link rel=\"canonical\" href=\"https:\/\/www.lokornmad.bzh\/en\/boutique\/cosmetiques\/savon-au-lait-de-jument\/\" \/>\n<meta property=\"og:locale\" content=\"en_GB\" \/>\n<meta property=\"og:type\" content=\"article\" \/>\n<meta property=\"og:title\" content=\"Savon au lait de jument - Lokorn Mad\" \/>\n<meta property=\"og:description\" content=\"Chez Lokorn Mad, le savon au lait de jument de Dimezell rencontre un r\u00e9el succ\u00e8s! A utiliser sans mod\u00e9ration pour la peau ET les cheveux!\" \/>\n<meta property=\"og:url\" content=\"https:\/\/www.lokornmad.bzh\/en\/boutique\/cosmetiques\/savon-au-lait-de-jument\/\" \/>\n<meta property=\"og:site_name\" content=\"Lokorn Mad\" \/>\n<meta property=\"article:publisher\" content=\"https:\/\/www.facebook.com\/lokornmad\" \/>\n<meta property=\"article:modified_time\" content=\"2025-03-13T13:35:32+00:00\" \/>\n<meta property=\"og:image\" content=\"https:\/\/www.lokornmad.bzh\/wp-content\/uploads\/2021\/09\/savon-au-lait-de-jument.jpg\" \/>\n\t<meta property=\"og:image:width\" content=\"960\" \/>\n\t<meta property=\"og:image:height\" content=\"960\" \/>\n\t<meta property=\"og:image:type\" content=\"image\/jpeg\" \/>\n<meta name=\"twitter:card\" content=\"summary_large_image\" \/>\n<meta name=\"twitter:label1\" content=\"Estimated reading time\" \/>\n\t<meta name=\"twitter:data1\" content=\"1 minute\" \/>\n<script type=\"application\/ld+json\" class=\"yoast-schema-graph\">{\"@context\":\"https:\/\/schema.org\",\"@graph\":[{\"@type\":\"WebPage\",\"@id\":\"https:\/\/www.lokornmad.bzh\/boutique\/cosmetiques\/savon-au-lait-de-jument\/\",\"url\":\"https:\/\/www.lokornmad.bzh\/boutique\/cosmetiques\/savon-au-lait-de-jument\/\",\"name\":\"Savon au lait de jument - Lokorn Mad\",\"isPartOf\":{\"@id\":\"https:\/\/www.lokornmad.bzh\/#website\"},\"primaryImageOfPage\":{\"@id\":\"https:\/\/www.lokornmad.bzh\/boutique\/cosmetiques\/savon-au-lait-de-jument\/#primaryimage\"},\"image\":{\"@id\":\"https:\/\/www.lokornmad.bzh\/boutique\/cosmetiques\/savon-au-lait-de-jument\/#primaryimage\"},\"thumbnailUrl\":\"https:\/\/www.lokornmad.bzh\/wp-content\/uploads\/2021\/09\/savon-au-lait-de-jument.jpg\",\"datePublished\":\"2021-09-11T11:05:02+00:00\",\"dateModified\":\"2025-03-13T13:35:32+00:00\",\"description\":\"Chez Lokorn Mad, le savon au lait de jument de Dimezell rencontre un r\u00e9el succ\u00e8s! A utiliser sans mod\u00e9ration pour la peau ET les cheveux!\",\"breadcrumb\":{\"@id\":\"https:\/\/www.lokornmad.bzh\/boutique\/cosmetiques\/savon-au-lait-de-jument\/#breadcrumb\"},\"inLanguage\":\"en-GB\",\"potentialAction\":[{\"@type\":\"ReadAction\",\"target\":[\"https:\/\/www.lokornmad.bzh\/boutique\/cosmetiques\/savon-au-lait-de-jument\/\"]}]},{\"@type\":\"ImageObject\",\"inLanguage\":\"en-GB\",\"@id\":\"https:\/\/www.lokornmad.bzh\/boutique\/cosmetiques\/savon-au-lait-de-jument\/#primaryimage\",\"url\":\"https:\/\/www.lokornmad.bzh\/wp-content\/uploads\/2021\/09\/savon-au-lait-de-jument.jpg\",\"contentUrl\":\"https:\/\/www.lokornmad.bzh\/wp-content\/uploads\/2021\/09\/savon-au-lait-de-jument.jpg\",\"width\":960,\"height\":960},{\"@type\":\"BreadcrumbList\",\"@id\":\"https:\/\/www.lokornmad.bzh\/boutique\/cosmetiques\/savon-au-lait-de-jument\/#breadcrumb\",\"itemListElement\":[{\"@type\":\"ListItem\",\"position\":1,\"name\":\"Accueil\",\"item\":\"https:\/\/www.lokornmad.bzh\/\"},{\"@type\":\"ListItem\",\"position\":2,\"name\":\"Boutique\",\"item\":\"https:\/\/www.lokornmad.bzh\/boutique\/\"},{\"@type\":\"ListItem\",\"position\":3,\"name\":\"Savon au lait de jument\"}]},{\"@type\":\"WebSite\",\"@id\":\"https:\/\/www.lokornmad.bzh\/#website\",\"url\":\"https:\/\/www.lokornmad.bzh\/\",\"name\":\"Lokorn Mad\",\"description\":\"Comptoir des Producteurs du Finist\u00e8re\",\"publisher\":{\"@id\":\"https:\/\/www.lokornmad.bzh\/#organization\"},\"potentialAction\":[{\"@type\":\"SearchAction\",\"target\":{\"@type\":\"EntryPoint\",\"urlTemplate\":\"https:\/\/www.lokornmad.bzh\/?s={search_term_string}\"},\"query-input\":{\"@type\":\"PropertyValueSpecification\",\"valueRequired\":true,\"valueName\":\"search_term_string\"}}],\"inLanguage\":\"en-GB\"},{\"@type\":\"Organization\",\"@id\":\"https:\/\/www.lokornmad.bzh\/#organization\",\"name\":\"Lokorn Mad\",\"url\":\"https:\/\/www.lokornmad.bzh\/\",\"logo\":{\"@type\":\"ImageObject\",\"inLanguage\":\"en-GB\",\"@id\":\"https:\/\/www.lokornmad.bzh\/#\/schema\/logo\/image\/\",\"url\":\"https:\/\/www.lokornmad.bzh\/wp-content\/uploads\/2021\/10\/bandeau-LokornMad.png\",\"contentUrl\":\"https:\/\/www.lokornmad.bzh\/wp-content\/uploads\/2021\/10\/bandeau-LokornMad.png\",\"width\":824,\"height\":228,\"caption\":\"Lokorn Mad\"},\"image\":{\"@id\":\"https:\/\/www.lokornmad.bzh\/#\/schema\/logo\/image\/\"},\"sameAs\":[\"https:\/\/www.facebook.com\/lokornmad\",\"https:\/\/www.instagram.com\/lokornmad\/\"]}]}<\/script>\n<!-- \/ Yoast SEO plugin. -->","yoast_head_json":{"title":"Savon au lait de jument - Lokorn Mad","description":"Chez Lokorn Mad, le savon au lait de jument de Dimezell rencontre un r\u00e9el succ\u00e8s! A utiliser sans mod\u00e9ration pour la peau ET les cheveux!","robots":{"index":"index","follow":"follow","max-snippet":"max-snippet:-1","max-image-preview":"max-image-preview:large","max-video-preview":"max-video-preview:-1"},"canonical":"https:\/\/www.lokornmad.bzh\/en\/boutique\/cosmetiques\/savon-au-lait-de-jument\/","og_locale":"en_GB","og_type":"article","og_title":"Savon au lait de jument - Lokorn Mad","og_description":"Chez Lokorn Mad, le savon au lait de jument de Dimezell rencontre un r\u00e9el succ\u00e8s! A utiliser sans mod\u00e9ration pour la peau ET les cheveux!","og_url":"https:\/\/www.lokornmad.bzh\/en\/boutique\/cosmetiques\/savon-au-lait-de-jument\/","og_site_name":"Lokorn Mad","article_publisher":"https:\/\/www.facebook.com\/lokornmad","article_modified_time":"2025-03-13T13:35:32+00:00","og_image":[{"width":960,"height":960,"url":"https:\/\/www.lokornmad.bzh\/wp-content\/uploads\/2021\/09\/savon-au-lait-de-jument.jpg","type":"image\/jpeg"}],"twitter_card":"summary_large_image","twitter_misc":{"Estimated reading time":"1 minute"},"schema":{"@context":"https:\/\/schema.org","@graph":[{"@type":"WebPage","@id":"https:\/\/www.lokornmad.bzh\/boutique\/cosmetiques\/savon-au-lait-de-jument\/","url":"https:\/\/www.lokornmad.bzh\/boutique\/cosmetiques\/savon-au-lait-de-jument\/","name":"Savon au lait de jument - Lokorn Mad","isPartOf":{"@id":"https:\/\/www.lokornmad.bzh\/#website"},"primaryImageOfPage":{"@id":"https:\/\/www.lokornmad.bzh\/boutique\/cosmetiques\/savon-au-lait-de-jument\/#primaryimage"},"image":{"@id":"https:\/\/www.lokornmad.bzh\/boutique\/cosmetiques\/savon-au-lait-de-jument\/#primaryimage"},"thumbnailUrl":"https:\/\/www.lokornmad.bzh\/wp-content\/uploads\/2021\/09\/savon-au-lait-de-jument.jpg","datePublished":"2021-09-11T11:05:02+00:00","dateModified":"2025-03-13T13:35:32+00:00","description":"Chez Lokorn Mad, le savon au lait de jument de Dimezell rencontre un r\u00e9el succ\u00e8s! A utiliser sans mod\u00e9ration pour la peau ET les cheveux!","breadcrumb":{"@id":"https:\/\/www.lokornmad.bzh\/boutique\/cosmetiques\/savon-au-lait-de-jument\/#breadcrumb"},"inLanguage":"en-GB","potentialAction":[{"@type":"ReadAction","target":["https:\/\/www.lokornmad.bzh\/boutique\/cosmetiques\/savon-au-lait-de-jument\/"]}]},{"@type":"ImageObject","inLanguage":"en-GB","@id":"https:\/\/www.lokornmad.bzh\/boutique\/cosmetiques\/savon-au-lait-de-jument\/#primaryimage","url":"https:\/\/www.lokornmad.bzh\/wp-content\/uploads\/2021\/09\/savon-au-lait-de-jument.jpg","contentUrl":"https:\/\/www.lokornmad.bzh\/wp-content\/uploads\/2021\/09\/savon-au-lait-de-jument.jpg","width":960,"height":960},{"@type":"BreadcrumbList","@id":"https:\/\/www.lokornmad.bzh\/boutique\/cosmetiques\/savon-au-lait-de-jument\/#breadcrumb","itemListElement":[{"@type":"ListItem","position":1,"name":"Accueil","item":"https:\/\/www.lokornmad.bzh\/"},{"@type":"ListItem","position":2,"name":"Boutique","item":"https:\/\/www.lokornmad.bzh\/boutique\/"},{"@type":"ListItem","position":3,"name":"Savon au lait de jument"}]},{"@type":"WebSite","@id":"https:\/\/www.lokornmad.bzh\/#website","url":"https:\/\/www.lokornmad.bzh\/","name":"Lokorn Mad","description":"Comptoir des Producteurs du Finist\u00e8re","publisher":{"@id":"https:\/\/www.lokornmad.bzh\/#organization"},"potentialAction":[{"@type":"SearchAction","target":{"@type":"EntryPoint","urlTemplate":"https:\/\/www.lokornmad.bzh\/?s={search_term_string}"},"query-input":{"@type":"PropertyValueSpecification","valueRequired":true,"valueName":"search_term_string"}}],"inLanguage":"en-GB"},{"@type":"Organization","@id":"https:\/\/www.lokornmad.bzh\/#organization","name":"Lokorn Mad","url":"https:\/\/www.lokornmad.bzh\/","logo":{"@type":"ImageObject","inLanguage":"en-GB","@id":"https:\/\/www.lokornmad.bzh\/#\/schema\/logo\/image\/","url":"https:\/\/www.lokornmad.bzh\/wp-content\/uploads\/2021\/10\/bandeau-LokornMad.png","contentUrl":"https:\/\/www.lokornmad.bzh\/wp-content\/uploads\/2021\/10\/bandeau-LokornMad.png","width":824,"height":228,"caption":"Lokorn Mad"},"image":{"@id":"https:\/\/www.lokornmad.bzh\/#\/schema\/logo\/image\/"},"sameAs":["https:\/\/www.facebook.com\/lokornmad","https:\/\/www.instagram.com\/lokornmad\/"]}]}},"_links":{"self":[{"href":"https:\/\/www.lokornmad.bzh\/en\/wp-json\/wp\/v2\/product\/435","targetHints":{"allow":["GET"]}}],"collection":[{"href":"https:\/\/www.lokornmad.bzh\/en\/wp-json\/wp\/v2\/product"}],"about":[{"href":"https:\/\/www.lokornmad.bzh\/en\/wp-json\/wp\/v2\/types\/product"}],"replies":[{"embeddable":true,"href":"https:\/\/www.lokornmad.bzh\/en\/wp-json\/wp\/v2\/comments?post=435"}],"wp:featuredmedia":[{"embeddable":true,"href":"https:\/\/www.lokornmad.bzh\/en\/wp-json\/wp\/v2\/media\/436"}],"wp:attachment":[{"href":"https:\/\/www.lokornmad.bzh\/en\/wp-json\/wp\/v2\/media?parent=435"}],"wp:term":[{"taxonomy":"product_cat","embeddable":true,"href":"https:\/\/www.lokornmad.bzh\/en\/wp-json\/wp\/v2\/product_cat?post=435"},{"taxonomy":"product_tag","embeddable":true,"href":"https:\/\/www.lokornmad.bzh\/en\/wp-json\/wp\/v2\/product_tag?post=435"},{"taxonomy":"berocket_brand","embeddable":true,"href":"https:\/\/www.lokornmad.bzh\/en\/wp-json\/wp\/v2\/berocket_brand?post=435"}],"curies":[{"name":"wp","href":"https:\/\/api.w.org\/{rel}","templated":true}]}}