{"id":606,"date":"2021-09-18T15:11:19","date_gmt":"2021-09-18T13:11:19","guid":{"rendered":"http:\/\/www.lokornmad.bzh\/?post_type=product&#038;p=606"},"modified":"2025-11-07T14:33:24","modified_gmt":"2025-11-07T13:33:24","slug":"miel-toutes-fleurs-dete-ty-ruchers","status":"publish","type":"product","link":"https:\/\/www.lokornmad.bzh\/en\/boutique\/plaisirs-sucres\/miels\/miel-toutes-fleurs-dete-ty-ruchers\/","title":{"rendered":"Summer honey - Ty Ruchers"},"content":{"rendered":"<p>This honey changes its appearance and colour every year. And yes! We don't always know what our friends the bees bring back to the hive! In 2020, it is dark and shows a dominance of buckwheat!<\/p>\n<p>Surprise for the 2021 harvest<\/p>","protected":false},"excerpt":{"rendered":"<p><strong>Type of honey<\/strong> Buckwheat, buckwheat, bramble, chestnut<br \/>\n<strong>Botanical origin :<\/strong>Medium intensity of flavours and sensations<br \/>\n<strong>Geographical origin<\/strong> :Quimper (Brittany)<\/p>","protected":false},"featured_media":608,"comment_status":"open","ping_status":"closed","template":"","meta":{"_acf_changed":false},"product_cat":[26,39],"product_tag":[74,75,77,78,123,134,138,140,68,70,72,73],"berocket_brand":[55],"class_list":{"0":"post-606","1":"product","2":"type-product","3":"status-publish","4":"has-post-thumbnail","6":"product_cat-plaisirs-sucres","7":"product_cat-miels","8":"product_tag-fait-en-bretagne","9":"product_tag-made-in-finistere","10":"product_tag-mangeons-local-en-bretagne","11":"product_tag-circuits-courts","12":"product_tag-gouter","13":"product_tag-miel","14":"product_tag-miel-breton","15":"product_tag-miel-toute-fleur","16":"product_tag-producteurs-locaux","17":"product_tag-direct-de-la-ferme","18":"product_tag-produits-en-finistere","19":"product_tag-tout-commence-en-finistere","20":"berocket_brand-ty-ruchers","22":"first","23":"instock","24":"taxable","25":"shipping-taxable","26":"purchasable","27":"product-type-simple"},"acf":[],"yoast_head":"<!-- This site is optimized with the Yoast SEO plugin v27.5 - https:\/\/yoast.com\/product\/yoast-seo-wordpress\/ -->\n<title>Miel toutes fleurs d&#039;\u00e9t\u00e9-Ty Ruchers - Lokorn Mad<\/title>\n<meta name=\"description\" content=\"Ce miel fleurs d &#039;\u00e9t\u00e9 2020 de Ty Ruchers a \u00e9t\u00e9 reconnu 5* au CARI. Chez Lokorn Mad, on attend avec impatience le cru 2021!\" \/>\n<meta name=\"robots\" content=\"index, follow, max-snippet:-1, max-image-preview:large, max-video-preview:-1\" \/>\n<link rel=\"canonical\" href=\"https:\/\/www.lokornmad.bzh\/en\/boutique\/plaisirs-sucres\/miels\/miel-toutes-fleurs-dete-ty-ruchers\/\" \/>\n<meta property=\"og:locale\" content=\"en_GB\" \/>\n<meta property=\"og:type\" content=\"article\" \/>\n<meta property=\"og:title\" content=\"Miel toutes fleurs d&#039;\u00e9t\u00e9-Ty Ruchers - Lokorn Mad\" \/>\n<meta property=\"og:description\" content=\"Ce miel fleurs d &#039;\u00e9t\u00e9 2020 de Ty Ruchers a \u00e9t\u00e9 reconnu 5* au CARI. Chez Lokorn Mad, on attend avec impatience le cru 2021!\" \/>\n<meta property=\"og:url\" content=\"https:\/\/www.lokornmad.bzh\/en\/boutique\/plaisirs-sucres\/miels\/miel-toutes-fleurs-dete-ty-ruchers\/\" \/>\n<meta property=\"og:site_name\" content=\"Lokorn Mad\" \/>\n<meta property=\"article:publisher\" content=\"https:\/\/www.facebook.com\/lokornmad\" \/>\n<meta property=\"article:modified_time\" content=\"2025-11-07T13:33:24+00:00\" \/>\n<meta property=\"og:image\" content=\"https:\/\/www.lokornmad.bzh\/wp-content\/uploads\/2021\/09\/toutes-fleur-dete.jpg\" \/>\n\t<meta property=\"og:image:width\" content=\"1440\" \/>\n\t<meta property=\"og:image:height\" content=\"1440\" \/>\n\t<meta property=\"og:image:type\" content=\"image\/jpeg\" \/>\n<meta name=\"twitter:card\" content=\"summary_large_image\" \/>\n<meta name=\"twitter:label1\" content=\"Estimated reading time\" \/>\n\t<meta name=\"twitter:data1\" content=\"1 minute\" \/>\n<script type=\"application\/ld+json\" class=\"yoast-schema-graph\">{\"@context\":\"https:\\\/\\\/schema.org\",\"@graph\":[{\"@type\":\"WebPage\",\"@id\":\"https:\\\/\\\/www.lokornmad.bzh\\\/boutique\\\/plaisirs-sucres\\\/miels\\\/miel-toutes-fleurs-dete-ty-ruchers\\\/\",\"url\":\"https:\\\/\\\/www.lokornmad.bzh\\\/boutique\\\/plaisirs-sucres\\\/miels\\\/miel-toutes-fleurs-dete-ty-ruchers\\\/\",\"name\":\"Miel toutes fleurs d'\u00e9t\u00e9-Ty Ruchers - Lokorn Mad\",\"isPartOf\":{\"@id\":\"https:\\\/\\\/www.lokornmad.bzh\\\/#website\"},\"primaryImageOfPage\":{\"@id\":\"https:\\\/\\\/www.lokornmad.bzh\\\/boutique\\\/plaisirs-sucres\\\/miels\\\/miel-toutes-fleurs-dete-ty-ruchers\\\/#primaryimage\"},\"image\":{\"@id\":\"https:\\\/\\\/www.lokornmad.bzh\\\/boutique\\\/plaisirs-sucres\\\/miels\\\/miel-toutes-fleurs-dete-ty-ruchers\\\/#primaryimage\"},\"thumbnailUrl\":\"https:\\\/\\\/www.lokornmad.bzh\\\/wp-content\\\/uploads\\\/2021\\\/09\\\/toutes-fleur-dete.jpg\",\"datePublished\":\"2021-09-18T13:11:19+00:00\",\"dateModified\":\"2025-11-07T13:33:24+00:00\",\"description\":\"Ce miel fleurs d '\u00e9t\u00e9 2020 de Ty Ruchers a \u00e9t\u00e9 reconnu 5* au CARI. Chez Lokorn Mad, on attend avec impatience le cru 2021!\",\"breadcrumb\":{\"@id\":\"https:\\\/\\\/www.lokornmad.bzh\\\/boutique\\\/plaisirs-sucres\\\/miels\\\/miel-toutes-fleurs-dete-ty-ruchers\\\/#breadcrumb\"},\"inLanguage\":\"en-GB\",\"potentialAction\":[{\"@type\":\"ReadAction\",\"target\":[\"https:\\\/\\\/www.lokornmad.bzh\\\/boutique\\\/plaisirs-sucres\\\/miels\\\/miel-toutes-fleurs-dete-ty-ruchers\\\/\"]}]},{\"@type\":\"ImageObject\",\"inLanguage\":\"en-GB\",\"@id\":\"https:\\\/\\\/www.lokornmad.bzh\\\/boutique\\\/plaisirs-sucres\\\/miels\\\/miel-toutes-fleurs-dete-ty-ruchers\\\/#primaryimage\",\"url\":\"https:\\\/\\\/www.lokornmad.bzh\\\/wp-content\\\/uploads\\\/2021\\\/09\\\/toutes-fleur-dete.jpg\",\"contentUrl\":\"https:\\\/\\\/www.lokornmad.bzh\\\/wp-content\\\/uploads\\\/2021\\\/09\\\/toutes-fleur-dete.jpg\",\"width\":1440,\"height\":1440,\"caption\":\"Mile toutes fleurs d'\u00e9t\u00e9\"},{\"@type\":\"BreadcrumbList\",\"@id\":\"https:\\\/\\\/www.lokornmad.bzh\\\/boutique\\\/plaisirs-sucres\\\/miels\\\/miel-toutes-fleurs-dete-ty-ruchers\\\/#breadcrumb\",\"itemListElement\":[{\"@type\":\"ListItem\",\"position\":1,\"name\":\"Accueil\",\"item\":\"https:\\\/\\\/www.lokornmad.bzh\\\/\"},{\"@type\":\"ListItem\",\"position\":2,\"name\":\"Boutique\",\"item\":\"https:\\\/\\\/www.lokornmad.bzh\\\/boutique\\\/\"},{\"@type\":\"ListItem\",\"position\":3,\"name\":\"Miel toutes fleurs d&#8217;\u00e9t\u00e9-Ty Ruchers\"}]},{\"@type\":\"WebSite\",\"@id\":\"https:\\\/\\\/www.lokornmad.bzh\\\/#website\",\"url\":\"https:\\\/\\\/www.lokornmad.bzh\\\/\",\"name\":\"Lokorn Mad\",\"description\":\"Comptoir des Producteurs du Finist\u00e8re\",\"publisher\":{\"@id\":\"https:\\\/\\\/www.lokornmad.bzh\\\/#organization\"},\"potentialAction\":[{\"@type\":\"SearchAction\",\"target\":{\"@type\":\"EntryPoint\",\"urlTemplate\":\"https:\\\/\\\/www.lokornmad.bzh\\\/?s={search_term_string}\"},\"query-input\":{\"@type\":\"PropertyValueSpecification\",\"valueRequired\":true,\"valueName\":\"search_term_string\"}}],\"inLanguage\":\"en-GB\"},{\"@type\":\"Organization\",\"@id\":\"https:\\\/\\\/www.lokornmad.bzh\\\/#organization\",\"name\":\"Lokorn Mad\",\"url\":\"https:\\\/\\\/www.lokornmad.bzh\\\/\",\"logo\":{\"@type\":\"ImageObject\",\"inLanguage\":\"en-GB\",\"@id\":\"https:\\\/\\\/www.lokornmad.bzh\\\/#\\\/schema\\\/logo\\\/image\\\/\",\"url\":\"https:\\\/\\\/www.lokornmad.bzh\\\/wp-content\\\/uploads\\\/2021\\\/10\\\/bandeau-LokornMad.png\",\"contentUrl\":\"https:\\\/\\\/www.lokornmad.bzh\\\/wp-content\\\/uploads\\\/2021\\\/10\\\/bandeau-LokornMad.png\",\"width\":824,\"height\":228,\"caption\":\"Lokorn Mad\"},\"image\":{\"@id\":\"https:\\\/\\\/www.lokornmad.bzh\\\/#\\\/schema\\\/logo\\\/image\\\/\"},\"sameAs\":[\"https:\\\/\\\/www.facebook.com\\\/lokornmad\",\"https:\\\/\\\/www.instagram.com\\\/lokornmad\\\/\"]}]}<\/script>\n<!-- \/ Yoast SEO plugin. -->","yoast_head_json":{"title":"Miel toutes fleurs d'\u00e9t\u00e9-Ty Ruchers - Lokorn Mad","description":"Ce miel fleurs d '\u00e9t\u00e9 2020 de Ty Ruchers a \u00e9t\u00e9 reconnu 5* au CARI. Chez Lokorn Mad, on attend avec impatience le cru 2021!","robots":{"index":"index","follow":"follow","max-snippet":"max-snippet:-1","max-image-preview":"max-image-preview:large","max-video-preview":"max-video-preview:-1"},"canonical":"https:\/\/www.lokornmad.bzh\/en\/boutique\/plaisirs-sucres\/miels\/miel-toutes-fleurs-dete-ty-ruchers\/","og_locale":"en_GB","og_type":"article","og_title":"Miel toutes fleurs d'\u00e9t\u00e9-Ty Ruchers - Lokorn Mad","og_description":"Ce miel fleurs d '\u00e9t\u00e9 2020 de Ty Ruchers a \u00e9t\u00e9 reconnu 5* au CARI. Chez Lokorn Mad, on attend avec impatience le cru 2021!","og_url":"https:\/\/www.lokornmad.bzh\/en\/boutique\/plaisirs-sucres\/miels\/miel-toutes-fleurs-dete-ty-ruchers\/","og_site_name":"Lokorn Mad","article_publisher":"https:\/\/www.facebook.com\/lokornmad","article_modified_time":"2025-11-07T13:33:24+00:00","og_image":[{"width":1440,"height":1440,"url":"https:\/\/www.lokornmad.bzh\/wp-content\/uploads\/2021\/09\/toutes-fleur-dete.jpg","type":"image\/jpeg"}],"twitter_card":"summary_large_image","twitter_misc":{"Estimated reading time":"1 minute"},"schema":{"@context":"https:\/\/schema.org","@graph":[{"@type":"WebPage","@id":"https:\/\/www.lokornmad.bzh\/boutique\/plaisirs-sucres\/miels\/miel-toutes-fleurs-dete-ty-ruchers\/","url":"https:\/\/www.lokornmad.bzh\/boutique\/plaisirs-sucres\/miels\/miel-toutes-fleurs-dete-ty-ruchers\/","name":"Miel toutes fleurs d'\u00e9t\u00e9-Ty Ruchers - Lokorn Mad","isPartOf":{"@id":"https:\/\/www.lokornmad.bzh\/#website"},"primaryImageOfPage":{"@id":"https:\/\/www.lokornmad.bzh\/boutique\/plaisirs-sucres\/miels\/miel-toutes-fleurs-dete-ty-ruchers\/#primaryimage"},"image":{"@id":"https:\/\/www.lokornmad.bzh\/boutique\/plaisirs-sucres\/miels\/miel-toutes-fleurs-dete-ty-ruchers\/#primaryimage"},"thumbnailUrl":"https:\/\/www.lokornmad.bzh\/wp-content\/uploads\/2021\/09\/toutes-fleur-dete.jpg","datePublished":"2021-09-18T13:11:19+00:00","dateModified":"2025-11-07T13:33:24+00:00","description":"Ce miel fleurs d '\u00e9t\u00e9 2020 de Ty Ruchers a \u00e9t\u00e9 reconnu 5* au CARI. Chez Lokorn Mad, on attend avec impatience le cru 2021!","breadcrumb":{"@id":"https:\/\/www.lokornmad.bzh\/boutique\/plaisirs-sucres\/miels\/miel-toutes-fleurs-dete-ty-ruchers\/#breadcrumb"},"inLanguage":"en-GB","potentialAction":[{"@type":"ReadAction","target":["https:\/\/www.lokornmad.bzh\/boutique\/plaisirs-sucres\/miels\/miel-toutes-fleurs-dete-ty-ruchers\/"]}]},{"@type":"ImageObject","inLanguage":"en-GB","@id":"https:\/\/www.lokornmad.bzh\/boutique\/plaisirs-sucres\/miels\/miel-toutes-fleurs-dete-ty-ruchers\/#primaryimage","url":"https:\/\/www.lokornmad.bzh\/wp-content\/uploads\/2021\/09\/toutes-fleur-dete.jpg","contentUrl":"https:\/\/www.lokornmad.bzh\/wp-content\/uploads\/2021\/09\/toutes-fleur-dete.jpg","width":1440,"height":1440,"caption":"Mile toutes fleurs d'\u00e9t\u00e9"},{"@type":"BreadcrumbList","@id":"https:\/\/www.lokornmad.bzh\/boutique\/plaisirs-sucres\/miels\/miel-toutes-fleurs-dete-ty-ruchers\/#breadcrumb","itemListElement":[{"@type":"ListItem","position":1,"name":"Accueil","item":"https:\/\/www.lokornmad.bzh\/"},{"@type":"ListItem","position":2,"name":"Boutique","item":"https:\/\/www.lokornmad.bzh\/boutique\/"},{"@type":"ListItem","position":3,"name":"Miel toutes fleurs d&#8217;\u00e9t\u00e9-Ty Ruchers"}]},{"@type":"WebSite","@id":"https:\/\/www.lokornmad.bzh\/#website","url":"https:\/\/www.lokornmad.bzh\/","name":"Lokorn Mad","description":"Comptoir des Producteurs du Finist\u00e8re","publisher":{"@id":"https:\/\/www.lokornmad.bzh\/#organization"},"potentialAction":[{"@type":"SearchAction","target":{"@type":"EntryPoint","urlTemplate":"https:\/\/www.lokornmad.bzh\/?s={search_term_string}"},"query-input":{"@type":"PropertyValueSpecification","valueRequired":true,"valueName":"search_term_string"}}],"inLanguage":"en-GB"},{"@type":"Organization","@id":"https:\/\/www.lokornmad.bzh\/#organization","name":"Lokorn Mad","url":"https:\/\/www.lokornmad.bzh\/","logo":{"@type":"ImageObject","inLanguage":"en-GB","@id":"https:\/\/www.lokornmad.bzh\/#\/schema\/logo\/image\/","url":"https:\/\/www.lokornmad.bzh\/wp-content\/uploads\/2021\/10\/bandeau-LokornMad.png","contentUrl":"https:\/\/www.lokornmad.bzh\/wp-content\/uploads\/2021\/10\/bandeau-LokornMad.png","width":824,"height":228,"caption":"Lokorn Mad"},"image":{"@id":"https:\/\/www.lokornmad.bzh\/#\/schema\/logo\/image\/"},"sameAs":["https:\/\/www.facebook.com\/lokornmad","https:\/\/www.instagram.com\/lokornmad\/"]}]}},"_links":{"self":[{"href":"https:\/\/www.lokornmad.bzh\/en\/wp-json\/wp\/v2\/product\/606","targetHints":{"allow":["GET"]}}],"collection":[{"href":"https:\/\/www.lokornmad.bzh\/en\/wp-json\/wp\/v2\/product"}],"about":[{"href":"https:\/\/www.lokornmad.bzh\/en\/wp-json\/wp\/v2\/types\/product"}],"replies":[{"embeddable":true,"href":"https:\/\/www.lokornmad.bzh\/en\/wp-json\/wp\/v2\/comments?post=606"}],"wp:featuredmedia":[{"embeddable":true,"href":"https:\/\/www.lokornmad.bzh\/en\/wp-json\/wp\/v2\/media\/608"}],"wp:attachment":[{"href":"https:\/\/www.lokornmad.bzh\/en\/wp-json\/wp\/v2\/media?parent=606"}],"wp:term":[{"taxonomy":"product_cat","embeddable":true,"href":"https:\/\/www.lokornmad.bzh\/en\/wp-json\/wp\/v2\/product_cat?post=606"},{"taxonomy":"product_tag","embeddable":true,"href":"https:\/\/www.lokornmad.bzh\/en\/wp-json\/wp\/v2\/product_tag?post=606"},{"taxonomy":"berocket_brand","embeddable":true,"href":"https:\/\/www.lokornmad.bzh\/en\/wp-json\/wp\/v2\/berocket_brand?post=606"}],"curies":[{"name":"wp","href":"https:\/\/api.w.org\/{rel}","templated":true}]}}