{"id":622,"date":"2021-09-22T10:57:45","date_gmt":"2021-09-22T08:57:45","guid":{"rendered":"http:\/\/www.lokornmad.bzh\/?post_type=product&#038;p=622"},"modified":"2025-03-13T14:17:22","modified_gmt":"2025-03-13T13:17:22","slug":"chouchen-le-mez-50cl","status":"publish","type":"product","link":"https:\/\/www.lokornmad.bzh\/en\/boutique\/boissons\/chouchen\/chouchen-le-mez-50cl\/","title":{"rendered":"Chouchen-La fille des Rias-50cl"},"content":{"rendered":"<p>You surely know that swarms of bees sometimes come to live in old stumps. At the end of the 19th century, a merchant from Rosporden had the idea of giving his mead the commercial name of Souchen (Souchenn, in Breton, means stump).<\/p>\n<p>The word Mez, which designated mead in the Breton language, was replaced by the name Chouchen.<\/p>\n<p>La fille des Rias is a soft chouchen<\/p>","protected":false},"excerpt":{"rendered":"<p>Water, honey and yeast<\/p>","protected":false},"featured_media":623,"comment_status":"open","ping_status":"closed","template":"","meta":{"_acf_changed":false},"product_cat":[30,57],"product_tag":[],"berocket_brand":[60],"class_list":{"0":"post-622","1":"product","2":"type-product","3":"status-publish","4":"has-post-thumbnail","6":"product_cat-boissons","7":"product_cat-chouchen","8":"berocket_brand-o-la-butine","10":"first","11":"instock","12":"taxable","13":"shipping-taxable","14":"purchasable","15":"product-type-simple"},"acf":[],"yoast_head":"<!-- This site is optimized with the Yoast SEO plugin v27.1.1 - https:\/\/yoast.com\/product\/yoast-seo-wordpress\/ -->\n<title>Chouchen-La fille des Rias-50cl - Lokorn Mad<\/title>\n<meta name=\"description\" content=\"Chez Lokorn Mad, c&#039;est, d\u00e8s l&#039;ouverture, \u00e0 10h, qu&#039; commence \u00e0 d\u00e9guster La fille des Riasde O Butine, avec un petit ch\u00e8vre!\" \/>\n<meta name=\"robots\" content=\"index, follow, max-snippet:-1, max-image-preview:large, max-video-preview:-1\" \/>\n<link rel=\"canonical\" href=\"https:\/\/www.lokornmad.bzh\/en\/boutique\/boissons\/chouchen\/chouchen-le-mez-50cl\/\" \/>\n<meta property=\"og:locale\" content=\"en_GB\" \/>\n<meta property=\"og:type\" content=\"article\" \/>\n<meta property=\"og:title\" content=\"Chouchen-La fille des Rias-50cl - Lokorn Mad\" \/>\n<meta property=\"og:description\" content=\"Chez Lokorn Mad, c&#039;est, d\u00e8s l&#039;ouverture, \u00e0 10h, qu&#039; commence \u00e0 d\u00e9guster La fille des Riasde O Butine, avec un petit ch\u00e8vre!\" \/>\n<meta property=\"og:url\" content=\"https:\/\/www.lokornmad.bzh\/en\/boutique\/boissons\/chouchen\/chouchen-le-mez-50cl\/\" \/>\n<meta property=\"og:site_name\" content=\"Lokorn Mad\" \/>\n<meta property=\"article:publisher\" content=\"https:\/\/www.facebook.com\/lokornmad\" \/>\n<meta property=\"article:modified_time\" content=\"2025-03-13T13:17:22+00:00\" \/>\n<meta property=\"og:image\" content=\"https:\/\/www.lokornmad.bzh\/wp-content\/uploads\/2021\/09\/Le-Mez-O-la-butine-scaled.jpg\" \/>\n\t<meta property=\"og:image:width\" content=\"1920\" \/>\n\t<meta property=\"og:image:height\" content=\"2560\" \/>\n\t<meta property=\"og:image:type\" content=\"image\/jpeg\" \/>\n<meta name=\"twitter:card\" content=\"summary_large_image\" \/>\n<meta name=\"twitter:label1\" content=\"Estimated reading time\" \/>\n\t<meta name=\"twitter:data1\" content=\"1 minute\" \/>\n<script type=\"application\/ld+json\" class=\"yoast-schema-graph\">{\"@context\":\"https:\/\/schema.org\",\"@graph\":[{\"@type\":\"WebPage\",\"@id\":\"https:\/\/www.lokornmad.bzh\/boutique\/boissons\/chouchen\/chouchen-le-mez-50cl\/\",\"url\":\"https:\/\/www.lokornmad.bzh\/boutique\/boissons\/chouchen\/chouchen-le-mez-50cl\/\",\"name\":\"Chouchen-La fille des Rias-50cl - Lokorn Mad\",\"isPartOf\":{\"@id\":\"https:\/\/www.lokornmad.bzh\/#website\"},\"primaryImageOfPage\":{\"@id\":\"https:\/\/www.lokornmad.bzh\/boutique\/boissons\/chouchen\/chouchen-le-mez-50cl\/#primaryimage\"},\"image\":{\"@id\":\"https:\/\/www.lokornmad.bzh\/boutique\/boissons\/chouchen\/chouchen-le-mez-50cl\/#primaryimage\"},\"thumbnailUrl\":\"https:\/\/www.lokornmad.bzh\/wp-content\/uploads\/2021\/09\/Le-Mez-O-la-butine-scaled.jpg\",\"datePublished\":\"2021-09-22T08:57:45+00:00\",\"dateModified\":\"2025-03-13T13:17:22+00:00\",\"description\":\"Chez Lokorn Mad, c'est, d\u00e8s l'ouverture, \u00e0 10h, qu' commence \u00e0 d\u00e9guster La fille des Riasde O Butine, avec un petit ch\u00e8vre!\",\"breadcrumb\":{\"@id\":\"https:\/\/www.lokornmad.bzh\/boutique\/boissons\/chouchen\/chouchen-le-mez-50cl\/#breadcrumb\"},\"inLanguage\":\"en-GB\",\"potentialAction\":[{\"@type\":\"ReadAction\",\"target\":[\"https:\/\/www.lokornmad.bzh\/boutique\/boissons\/chouchen\/chouchen-le-mez-50cl\/\"]}]},{\"@type\":\"ImageObject\",\"inLanguage\":\"en-GB\",\"@id\":\"https:\/\/www.lokornmad.bzh\/boutique\/boissons\/chouchen\/chouchen-le-mez-50cl\/#primaryimage\",\"url\":\"https:\/\/www.lokornmad.bzh\/wp-content\/uploads\/2021\/09\/Le-Mez-O-la-butine-scaled.jpg\",\"contentUrl\":\"https:\/\/www.lokornmad.bzh\/wp-content\/uploads\/2021\/09\/Le-Mez-O-la-butine-scaled.jpg\",\"width\":1920,\"height\":2560},{\"@type\":\"BreadcrumbList\",\"@id\":\"https:\/\/www.lokornmad.bzh\/boutique\/boissons\/chouchen\/chouchen-le-mez-50cl\/#breadcrumb\",\"itemListElement\":[{\"@type\":\"ListItem\",\"position\":1,\"name\":\"Accueil\",\"item\":\"https:\/\/www.lokornmad.bzh\/\"},{\"@type\":\"ListItem\",\"position\":2,\"name\":\"Boutique\",\"item\":\"https:\/\/www.lokornmad.bzh\/boutique\/\"},{\"@type\":\"ListItem\",\"position\":3,\"name\":\"Chouchen-La fille des Rias-50cl\"}]},{\"@type\":\"WebSite\",\"@id\":\"https:\/\/www.lokornmad.bzh\/#website\",\"url\":\"https:\/\/www.lokornmad.bzh\/\",\"name\":\"Lokorn Mad\",\"description\":\"Comptoir des Producteurs du Finist\u00e8re\",\"publisher\":{\"@id\":\"https:\/\/www.lokornmad.bzh\/#organization\"},\"potentialAction\":[{\"@type\":\"SearchAction\",\"target\":{\"@type\":\"EntryPoint\",\"urlTemplate\":\"https:\/\/www.lokornmad.bzh\/?s={search_term_string}\"},\"query-input\":{\"@type\":\"PropertyValueSpecification\",\"valueRequired\":true,\"valueName\":\"search_term_string\"}}],\"inLanguage\":\"en-GB\"},{\"@type\":\"Organization\",\"@id\":\"https:\/\/www.lokornmad.bzh\/#organization\",\"name\":\"Lokorn Mad\",\"url\":\"https:\/\/www.lokornmad.bzh\/\",\"logo\":{\"@type\":\"ImageObject\",\"inLanguage\":\"en-GB\",\"@id\":\"https:\/\/www.lokornmad.bzh\/#\/schema\/logo\/image\/\",\"url\":\"https:\/\/www.lokornmad.bzh\/wp-content\/uploads\/2021\/10\/bandeau-LokornMad.png\",\"contentUrl\":\"https:\/\/www.lokornmad.bzh\/wp-content\/uploads\/2021\/10\/bandeau-LokornMad.png\",\"width\":824,\"height\":228,\"caption\":\"Lokorn Mad\"},\"image\":{\"@id\":\"https:\/\/www.lokornmad.bzh\/#\/schema\/logo\/image\/\"},\"sameAs\":[\"https:\/\/www.facebook.com\/lokornmad\",\"https:\/\/www.instagram.com\/lokornmad\/\"]}]}<\/script>\n<!-- \/ Yoast SEO plugin. -->","yoast_head_json":{"title":"Chouchen-La fille des Rias-50cl - Lokorn Mad","description":"Chez Lokorn Mad, c'est, d\u00e8s l'ouverture, \u00e0 10h, qu' commence \u00e0 d\u00e9guster La fille des Riasde O Butine, avec un petit ch\u00e8vre!","robots":{"index":"index","follow":"follow","max-snippet":"max-snippet:-1","max-image-preview":"max-image-preview:large","max-video-preview":"max-video-preview:-1"},"canonical":"https:\/\/www.lokornmad.bzh\/en\/boutique\/boissons\/chouchen\/chouchen-le-mez-50cl\/","og_locale":"en_GB","og_type":"article","og_title":"Chouchen-La fille des Rias-50cl - Lokorn Mad","og_description":"Chez Lokorn Mad, c'est, d\u00e8s l'ouverture, \u00e0 10h, qu' commence \u00e0 d\u00e9guster La fille des Riasde O Butine, avec un petit ch\u00e8vre!","og_url":"https:\/\/www.lokornmad.bzh\/en\/boutique\/boissons\/chouchen\/chouchen-le-mez-50cl\/","og_site_name":"Lokorn Mad","article_publisher":"https:\/\/www.facebook.com\/lokornmad","article_modified_time":"2025-03-13T13:17:22+00:00","og_image":[{"width":1920,"height":2560,"url":"https:\/\/www.lokornmad.bzh\/wp-content\/uploads\/2021\/09\/Le-Mez-O-la-butine-scaled.jpg","type":"image\/jpeg"}],"twitter_card":"summary_large_image","twitter_misc":{"Estimated reading time":"1 minute"},"schema":{"@context":"https:\/\/schema.org","@graph":[{"@type":"WebPage","@id":"https:\/\/www.lokornmad.bzh\/boutique\/boissons\/chouchen\/chouchen-le-mez-50cl\/","url":"https:\/\/www.lokornmad.bzh\/boutique\/boissons\/chouchen\/chouchen-le-mez-50cl\/","name":"Chouchen-La fille des Rias-50cl - Lokorn Mad","isPartOf":{"@id":"https:\/\/www.lokornmad.bzh\/#website"},"primaryImageOfPage":{"@id":"https:\/\/www.lokornmad.bzh\/boutique\/boissons\/chouchen\/chouchen-le-mez-50cl\/#primaryimage"},"image":{"@id":"https:\/\/www.lokornmad.bzh\/boutique\/boissons\/chouchen\/chouchen-le-mez-50cl\/#primaryimage"},"thumbnailUrl":"https:\/\/www.lokornmad.bzh\/wp-content\/uploads\/2021\/09\/Le-Mez-O-la-butine-scaled.jpg","datePublished":"2021-09-22T08:57:45+00:00","dateModified":"2025-03-13T13:17:22+00:00","description":"Chez Lokorn Mad, c'est, d\u00e8s l'ouverture, \u00e0 10h, qu' commence \u00e0 d\u00e9guster La fille des Riasde O Butine, avec un petit ch\u00e8vre!","breadcrumb":{"@id":"https:\/\/www.lokornmad.bzh\/boutique\/boissons\/chouchen\/chouchen-le-mez-50cl\/#breadcrumb"},"inLanguage":"en-GB","potentialAction":[{"@type":"ReadAction","target":["https:\/\/www.lokornmad.bzh\/boutique\/boissons\/chouchen\/chouchen-le-mez-50cl\/"]}]},{"@type":"ImageObject","inLanguage":"en-GB","@id":"https:\/\/www.lokornmad.bzh\/boutique\/boissons\/chouchen\/chouchen-le-mez-50cl\/#primaryimage","url":"https:\/\/www.lokornmad.bzh\/wp-content\/uploads\/2021\/09\/Le-Mez-O-la-butine-scaled.jpg","contentUrl":"https:\/\/www.lokornmad.bzh\/wp-content\/uploads\/2021\/09\/Le-Mez-O-la-butine-scaled.jpg","width":1920,"height":2560},{"@type":"BreadcrumbList","@id":"https:\/\/www.lokornmad.bzh\/boutique\/boissons\/chouchen\/chouchen-le-mez-50cl\/#breadcrumb","itemListElement":[{"@type":"ListItem","position":1,"name":"Accueil","item":"https:\/\/www.lokornmad.bzh\/"},{"@type":"ListItem","position":2,"name":"Boutique","item":"https:\/\/www.lokornmad.bzh\/boutique\/"},{"@type":"ListItem","position":3,"name":"Chouchen-La fille des Rias-50cl"}]},{"@type":"WebSite","@id":"https:\/\/www.lokornmad.bzh\/#website","url":"https:\/\/www.lokornmad.bzh\/","name":"Lokorn Mad","description":"Comptoir des Producteurs du Finist\u00e8re","publisher":{"@id":"https:\/\/www.lokornmad.bzh\/#organization"},"potentialAction":[{"@type":"SearchAction","target":{"@type":"EntryPoint","urlTemplate":"https:\/\/www.lokornmad.bzh\/?s={search_term_string}"},"query-input":{"@type":"PropertyValueSpecification","valueRequired":true,"valueName":"search_term_string"}}],"inLanguage":"en-GB"},{"@type":"Organization","@id":"https:\/\/www.lokornmad.bzh\/#organization","name":"Lokorn Mad","url":"https:\/\/www.lokornmad.bzh\/","logo":{"@type":"ImageObject","inLanguage":"en-GB","@id":"https:\/\/www.lokornmad.bzh\/#\/schema\/logo\/image\/","url":"https:\/\/www.lokornmad.bzh\/wp-content\/uploads\/2021\/10\/bandeau-LokornMad.png","contentUrl":"https:\/\/www.lokornmad.bzh\/wp-content\/uploads\/2021\/10\/bandeau-LokornMad.png","width":824,"height":228,"caption":"Lokorn Mad"},"image":{"@id":"https:\/\/www.lokornmad.bzh\/#\/schema\/logo\/image\/"},"sameAs":["https:\/\/www.facebook.com\/lokornmad","https:\/\/www.instagram.com\/lokornmad\/"]}]}},"_links":{"self":[{"href":"https:\/\/www.lokornmad.bzh\/en\/wp-json\/wp\/v2\/product\/622","targetHints":{"allow":["GET"]}}],"collection":[{"href":"https:\/\/www.lokornmad.bzh\/en\/wp-json\/wp\/v2\/product"}],"about":[{"href":"https:\/\/www.lokornmad.bzh\/en\/wp-json\/wp\/v2\/types\/product"}],"replies":[{"embeddable":true,"href":"https:\/\/www.lokornmad.bzh\/en\/wp-json\/wp\/v2\/comments?post=622"}],"wp:featuredmedia":[{"embeddable":true,"href":"https:\/\/www.lokornmad.bzh\/en\/wp-json\/wp\/v2\/media\/623"}],"wp:attachment":[{"href":"https:\/\/www.lokornmad.bzh\/en\/wp-json\/wp\/v2\/media?parent=622"}],"wp:term":[{"taxonomy":"product_cat","embeddable":true,"href":"https:\/\/www.lokornmad.bzh\/en\/wp-json\/wp\/v2\/product_cat?post=622"},{"taxonomy":"product_tag","embeddable":true,"href":"https:\/\/www.lokornmad.bzh\/en\/wp-json\/wp\/v2\/product_tag?post=622"},{"taxonomy":"berocket_brand","embeddable":true,"href":"https:\/\/www.lokornmad.bzh\/en\/wp-json\/wp\/v2\/berocket_brand?post=622"}],"curies":[{"name":"wp","href":"https:\/\/api.w.org\/{rel}","templated":true}]}}