{"id":667,"date":"2021-09-25T15:39:04","date_gmt":"2021-09-25T13:39:04","guid":{"rendered":"http:\/\/www.lokornmad.bzh\/?post_type=product&#038;p=667"},"modified":"2025-12-01T22:29:36","modified_gmt":"2025-12-01T21:29:36","slug":"ptit-breton-380g","status":"publish","type":"product","link":"https:\/\/www.lokornmad.bzh\/en\/boutique\/plaisirs-sucres\/galettes-palets-cie\/ptit-breton-380g\/","title":{"rendered":"Breton cake with buckwheat flour"},"content":{"rendered":"<p>The Philipe biscuit factory reinvents the Breton buckwheat cake! Guaranteed gluten-free<\/p>\n<p>To be shared.<\/p>","protected":false},"excerpt":{"rendered":"<p><strong>Ingredients :<\/strong><\/p>\n<p>Organic Black Wheat flour IGP Tradition de Bretagne \/ Organic half-salt butter \/ Organic eggs \/ Sugar<\/p>\n<p>320g<\/p>","protected":false},"featured_media":998,"comment_status":"open","ping_status":"closed","template":"","meta":{"_acf_changed":false},"product_cat":[26,45],"product_tag":[122,68,70,72,73,74,75,77,78,87,113,119,120,121],"berocket_brand":[281],"class_list":{"0":"post-667","1":"product","2":"type-product","3":"status-publish","4":"has-post-thumbnail","6":"product_cat-plaisirs-sucres","7":"product_cat-galettes-palets-cie","8":"product_tag-gateau-breton-au-sarrasin","9":"product_tag-producteurs-locaux","10":"product_tag-direct-de-la-ferme","11":"product_tag-produits-en-finistere","12":"product_tag-tout-commence-en-finistere","13":"product_tag-fait-en-bretagne","14":"product_tag-made-in-finistere","15":"product_tag-mangeons-local-en-bretagne","16":"product_tag-circuits-courts","17":"product_tag-sans-gluten","18":"product_tag-sarrasin","19":"product_tag-biscuits-au-sarrasin","20":"product_tag-sarrasin-et-chocolat","21":"product_tag-gateau-breton","22":"berocket_brand-biscuiterie-philippe","24":"first","25":"instock","26":"taxable","27":"shipping-taxable","28":"purchasable","29":"product-type-simple"},"acf":[],"yoast_head":"<!-- This site is optimized with the Yoast SEO plugin v27.1.1 - https:\/\/yoast.com\/product\/yoast-seo-wordpress\/ -->\n<title>G\u00e2teau breton \u00e0 la farine de sarrasin - Lokorn Mad<\/title>\n<meta name=\"description\" content=\"Garanti sans gluten, le P&#039;tit Breton de la biscuiterie Philippe est un best seller dans la boutique Lokorn Mad, sit\u00f4t arriv\u00e9, sit\u00f4t parti\" \/>\n<meta name=\"robots\" content=\"index, follow, max-snippet:-1, max-image-preview:large, max-video-preview:-1\" \/>\n<link rel=\"canonical\" href=\"https:\/\/www.lokornmad.bzh\/en\/boutique\/plaisirs-sucres\/galettes-palets-cie\/ptit-breton-380g\/\" \/>\n<meta property=\"og:locale\" content=\"en_GB\" \/>\n<meta property=\"og:type\" content=\"article\" \/>\n<meta property=\"og:title\" content=\"G\u00e2teau breton \u00e0 la farine de sarrasin - Lokorn Mad\" \/>\n<meta property=\"og:description\" content=\"Garanti sans gluten, le P&#039;tit Breton de la biscuiterie Philippe est un best seller dans la boutique Lokorn Mad, sit\u00f4t arriv\u00e9, sit\u00f4t parti\" \/>\n<meta property=\"og:url\" content=\"https:\/\/www.lokornmad.bzh\/en\/boutique\/plaisirs-sucres\/galettes-palets-cie\/ptit-breton-380g\/\" \/>\n<meta property=\"og:site_name\" content=\"Lokorn Mad\" \/>\n<meta property=\"article:publisher\" content=\"https:\/\/www.facebook.com\/lokornmad\" \/>\n<meta property=\"article:modified_time\" content=\"2025-12-01T21:29:36+00:00\" \/>\n<meta property=\"og:image\" content=\"https:\/\/www.lokornmad.bzh\/wp-content\/uploads\/2021\/09\/gateau-breton-au-sarrasin.jpg\" \/>\n\t<meta property=\"og:image:width\" content=\"2048\" \/>\n\t<meta property=\"og:image:height\" content=\"2048\" \/>\n\t<meta property=\"og:image:type\" content=\"image\/jpeg\" \/>\n<meta name=\"twitter:card\" content=\"summary_large_image\" \/>\n<meta name=\"twitter:label1\" content=\"Estimated reading time\" \/>\n\t<meta name=\"twitter:data1\" content=\"1 minute\" \/>\n<script type=\"application\/ld+json\" class=\"yoast-schema-graph\">{\"@context\":\"https:\/\/schema.org\",\"@graph\":[{\"@type\":\"WebPage\",\"@id\":\"https:\/\/www.lokornmad.bzh\/boutique\/plaisirs-sucres\/galettes-palets-cie\/ptit-breton-380g\/\",\"url\":\"https:\/\/www.lokornmad.bzh\/boutique\/plaisirs-sucres\/galettes-palets-cie\/ptit-breton-380g\/\",\"name\":\"G\u00e2teau breton \u00e0 la farine de sarrasin - Lokorn Mad\",\"isPartOf\":{\"@id\":\"https:\/\/www.lokornmad.bzh\/#website\"},\"primaryImageOfPage\":{\"@id\":\"https:\/\/www.lokornmad.bzh\/boutique\/plaisirs-sucres\/galettes-palets-cie\/ptit-breton-380g\/#primaryimage\"},\"image\":{\"@id\":\"https:\/\/www.lokornmad.bzh\/boutique\/plaisirs-sucres\/galettes-palets-cie\/ptit-breton-380g\/#primaryimage\"},\"thumbnailUrl\":\"https:\/\/www.lokornmad.bzh\/wp-content\/uploads\/2021\/09\/gateau-breton-au-sarrasin.jpg\",\"datePublished\":\"2021-09-25T13:39:04+00:00\",\"dateModified\":\"2025-12-01T21:29:36+00:00\",\"description\":\"Garanti sans gluten, le P'tit Breton de la biscuiterie Philippe est un best seller dans la boutique Lokorn Mad, sit\u00f4t arriv\u00e9, sit\u00f4t parti\",\"breadcrumb\":{\"@id\":\"https:\/\/www.lokornmad.bzh\/boutique\/plaisirs-sucres\/galettes-palets-cie\/ptit-breton-380g\/#breadcrumb\"},\"inLanguage\":\"en-GB\",\"potentialAction\":[{\"@type\":\"ReadAction\",\"target\":[\"https:\/\/www.lokornmad.bzh\/boutique\/plaisirs-sucres\/galettes-palets-cie\/ptit-breton-380g\/\"]}]},{\"@type\":\"ImageObject\",\"inLanguage\":\"en-GB\",\"@id\":\"https:\/\/www.lokornmad.bzh\/boutique\/plaisirs-sucres\/galettes-palets-cie\/ptit-breton-380g\/#primaryimage\",\"url\":\"https:\/\/www.lokornmad.bzh\/wp-content\/uploads\/2021\/09\/gateau-breton-au-sarrasin.jpg\",\"contentUrl\":\"https:\/\/www.lokornmad.bzh\/wp-content\/uploads\/2021\/09\/gateau-breton-au-sarrasin.jpg\",\"width\":2048,\"height\":2048,\"caption\":\"G\u00e2teau Breton 320g \u00e0 la farine de sarrasin IGP\"},{\"@type\":\"BreadcrumbList\",\"@id\":\"https:\/\/www.lokornmad.bzh\/boutique\/plaisirs-sucres\/galettes-palets-cie\/ptit-breton-380g\/#breadcrumb\",\"itemListElement\":[{\"@type\":\"ListItem\",\"position\":1,\"name\":\"Accueil\",\"item\":\"https:\/\/www.lokornmad.bzh\/\"},{\"@type\":\"ListItem\",\"position\":2,\"name\":\"Boutique\",\"item\":\"https:\/\/www.lokornmad.bzh\/boutique\/\"},{\"@type\":\"ListItem\",\"position\":3,\"name\":\"G\u00e2teau breton \u00e0 la farine de sarrasin\"}]},{\"@type\":\"WebSite\",\"@id\":\"https:\/\/www.lokornmad.bzh\/#website\",\"url\":\"https:\/\/www.lokornmad.bzh\/\",\"name\":\"Lokorn Mad\",\"description\":\"Comptoir des Producteurs du Finist\u00e8re\",\"publisher\":{\"@id\":\"https:\/\/www.lokornmad.bzh\/#organization\"},\"potentialAction\":[{\"@type\":\"SearchAction\",\"target\":{\"@type\":\"EntryPoint\",\"urlTemplate\":\"https:\/\/www.lokornmad.bzh\/?s={search_term_string}\"},\"query-input\":{\"@type\":\"PropertyValueSpecification\",\"valueRequired\":true,\"valueName\":\"search_term_string\"}}],\"inLanguage\":\"en-GB\"},{\"@type\":\"Organization\",\"@id\":\"https:\/\/www.lokornmad.bzh\/#organization\",\"name\":\"Lokorn Mad\",\"url\":\"https:\/\/www.lokornmad.bzh\/\",\"logo\":{\"@type\":\"ImageObject\",\"inLanguage\":\"en-GB\",\"@id\":\"https:\/\/www.lokornmad.bzh\/#\/schema\/logo\/image\/\",\"url\":\"https:\/\/www.lokornmad.bzh\/wp-content\/uploads\/2021\/10\/bandeau-LokornMad.png\",\"contentUrl\":\"https:\/\/www.lokornmad.bzh\/wp-content\/uploads\/2021\/10\/bandeau-LokornMad.png\",\"width\":824,\"height\":228,\"caption\":\"Lokorn Mad\"},\"image\":{\"@id\":\"https:\/\/www.lokornmad.bzh\/#\/schema\/logo\/image\/\"},\"sameAs\":[\"https:\/\/www.facebook.com\/lokornmad\",\"https:\/\/www.instagram.com\/lokornmad\/\"]}]}<\/script>\n<!-- \/ Yoast SEO plugin. -->","yoast_head_json":{"title":"G\u00e2teau breton \u00e0 la farine de sarrasin - Lokorn Mad","description":"Garanti sans gluten, le P'tit Breton de la biscuiterie Philippe est un best seller dans la boutique Lokorn Mad, sit\u00f4t arriv\u00e9, sit\u00f4t parti","robots":{"index":"index","follow":"follow","max-snippet":"max-snippet:-1","max-image-preview":"max-image-preview:large","max-video-preview":"max-video-preview:-1"},"canonical":"https:\/\/www.lokornmad.bzh\/en\/boutique\/plaisirs-sucres\/galettes-palets-cie\/ptit-breton-380g\/","og_locale":"en_GB","og_type":"article","og_title":"G\u00e2teau breton \u00e0 la farine de sarrasin - Lokorn Mad","og_description":"Garanti sans gluten, le P'tit Breton de la biscuiterie Philippe est un best seller dans la boutique Lokorn Mad, sit\u00f4t arriv\u00e9, sit\u00f4t parti","og_url":"https:\/\/www.lokornmad.bzh\/en\/boutique\/plaisirs-sucres\/galettes-palets-cie\/ptit-breton-380g\/","og_site_name":"Lokorn Mad","article_publisher":"https:\/\/www.facebook.com\/lokornmad","article_modified_time":"2025-12-01T21:29:36+00:00","og_image":[{"width":2048,"height":2048,"url":"https:\/\/www.lokornmad.bzh\/wp-content\/uploads\/2021\/09\/gateau-breton-au-sarrasin.jpg","type":"image\/jpeg"}],"twitter_card":"summary_large_image","twitter_misc":{"Estimated reading time":"1 minute"},"schema":{"@context":"https:\/\/schema.org","@graph":[{"@type":"WebPage","@id":"https:\/\/www.lokornmad.bzh\/boutique\/plaisirs-sucres\/galettes-palets-cie\/ptit-breton-380g\/","url":"https:\/\/www.lokornmad.bzh\/boutique\/plaisirs-sucres\/galettes-palets-cie\/ptit-breton-380g\/","name":"G\u00e2teau breton \u00e0 la farine de sarrasin - Lokorn Mad","isPartOf":{"@id":"https:\/\/www.lokornmad.bzh\/#website"},"primaryImageOfPage":{"@id":"https:\/\/www.lokornmad.bzh\/boutique\/plaisirs-sucres\/galettes-palets-cie\/ptit-breton-380g\/#primaryimage"},"image":{"@id":"https:\/\/www.lokornmad.bzh\/boutique\/plaisirs-sucres\/galettes-palets-cie\/ptit-breton-380g\/#primaryimage"},"thumbnailUrl":"https:\/\/www.lokornmad.bzh\/wp-content\/uploads\/2021\/09\/gateau-breton-au-sarrasin.jpg","datePublished":"2021-09-25T13:39:04+00:00","dateModified":"2025-12-01T21:29:36+00:00","description":"Garanti sans gluten, le P'tit Breton de la biscuiterie Philippe est un best seller dans la boutique Lokorn Mad, sit\u00f4t arriv\u00e9, sit\u00f4t parti","breadcrumb":{"@id":"https:\/\/www.lokornmad.bzh\/boutique\/plaisirs-sucres\/galettes-palets-cie\/ptit-breton-380g\/#breadcrumb"},"inLanguage":"en-GB","potentialAction":[{"@type":"ReadAction","target":["https:\/\/www.lokornmad.bzh\/boutique\/plaisirs-sucres\/galettes-palets-cie\/ptit-breton-380g\/"]}]},{"@type":"ImageObject","inLanguage":"en-GB","@id":"https:\/\/www.lokornmad.bzh\/boutique\/plaisirs-sucres\/galettes-palets-cie\/ptit-breton-380g\/#primaryimage","url":"https:\/\/www.lokornmad.bzh\/wp-content\/uploads\/2021\/09\/gateau-breton-au-sarrasin.jpg","contentUrl":"https:\/\/www.lokornmad.bzh\/wp-content\/uploads\/2021\/09\/gateau-breton-au-sarrasin.jpg","width":2048,"height":2048,"caption":"G\u00e2teau Breton 320g \u00e0 la farine de sarrasin IGP"},{"@type":"BreadcrumbList","@id":"https:\/\/www.lokornmad.bzh\/boutique\/plaisirs-sucres\/galettes-palets-cie\/ptit-breton-380g\/#breadcrumb","itemListElement":[{"@type":"ListItem","position":1,"name":"Accueil","item":"https:\/\/www.lokornmad.bzh\/"},{"@type":"ListItem","position":2,"name":"Boutique","item":"https:\/\/www.lokornmad.bzh\/boutique\/"},{"@type":"ListItem","position":3,"name":"G\u00e2teau breton \u00e0 la farine de sarrasin"}]},{"@type":"WebSite","@id":"https:\/\/www.lokornmad.bzh\/#website","url":"https:\/\/www.lokornmad.bzh\/","name":"Lokorn Mad","description":"Comptoir des Producteurs du Finist\u00e8re","publisher":{"@id":"https:\/\/www.lokornmad.bzh\/#organization"},"potentialAction":[{"@type":"SearchAction","target":{"@type":"EntryPoint","urlTemplate":"https:\/\/www.lokornmad.bzh\/?s={search_term_string}"},"query-input":{"@type":"PropertyValueSpecification","valueRequired":true,"valueName":"search_term_string"}}],"inLanguage":"en-GB"},{"@type":"Organization","@id":"https:\/\/www.lokornmad.bzh\/#organization","name":"Lokorn Mad","url":"https:\/\/www.lokornmad.bzh\/","logo":{"@type":"ImageObject","inLanguage":"en-GB","@id":"https:\/\/www.lokornmad.bzh\/#\/schema\/logo\/image\/","url":"https:\/\/www.lokornmad.bzh\/wp-content\/uploads\/2021\/10\/bandeau-LokornMad.png","contentUrl":"https:\/\/www.lokornmad.bzh\/wp-content\/uploads\/2021\/10\/bandeau-LokornMad.png","width":824,"height":228,"caption":"Lokorn Mad"},"image":{"@id":"https:\/\/www.lokornmad.bzh\/#\/schema\/logo\/image\/"},"sameAs":["https:\/\/www.facebook.com\/lokornmad","https:\/\/www.instagram.com\/lokornmad\/"]}]}},"_links":{"self":[{"href":"https:\/\/www.lokornmad.bzh\/en\/wp-json\/wp\/v2\/product\/667","targetHints":{"allow":["GET"]}}],"collection":[{"href":"https:\/\/www.lokornmad.bzh\/en\/wp-json\/wp\/v2\/product"}],"about":[{"href":"https:\/\/www.lokornmad.bzh\/en\/wp-json\/wp\/v2\/types\/product"}],"replies":[{"embeddable":true,"href":"https:\/\/www.lokornmad.bzh\/en\/wp-json\/wp\/v2\/comments?post=667"}],"wp:featuredmedia":[{"embeddable":true,"href":"https:\/\/www.lokornmad.bzh\/en\/wp-json\/wp\/v2\/media\/998"}],"wp:attachment":[{"href":"https:\/\/www.lokornmad.bzh\/en\/wp-json\/wp\/v2\/media?parent=667"}],"wp:term":[{"taxonomy":"product_cat","embeddable":true,"href":"https:\/\/www.lokornmad.bzh\/en\/wp-json\/wp\/v2\/product_cat?post=667"},{"taxonomy":"product_tag","embeddable":true,"href":"https:\/\/www.lokornmad.bzh\/en\/wp-json\/wp\/v2\/product_tag?post=667"},{"taxonomy":"berocket_brand","embeddable":true,"href":"https:\/\/www.lokornmad.bzh\/en\/wp-json\/wp\/v2\/berocket_brand?post=667"}],"curies":[{"name":"wp","href":"https:\/\/api.w.org\/{rel}","templated":true}]}}