{"id":799,"date":"2022-01-08T13:10:01","date_gmt":"2022-01-08T12:10:01","guid":{"rendered":"https:\/\/www.lokornmad.bzh\/?post_type=product&#038;p=799"},"modified":"2025-03-13T14:05:22","modified_gmt":"2025-03-13T13:05:22","slug":"laitue-de-mer-seche","status":"publish","type":"product","link":"https:\/\/www.lokornmad.bzh\/en\/boutique\/plaisirs-sales\/plaisirs-de-la-mer\/laitue-de-mer-seche\/","title":{"rendered":"Dehydrated sea lettuce"},"content":{"rendered":"<p><span style=\"font-size: 16px\">This green algae has the strongest taste. Quite herbaceous.<\/span><\/p>\n<p>In dehydrated version, it is used to spice up a sauce, mayonnaise or sprinkle on dishes, a bit like parsley! \u2665<\/p>\n<p>Once rehydrated, it is tender in the mouth. Its iodine touch will awaken a salad.<\/p>\n<p>It is the queen of seaweed for making seaweed tartar.<\/p>\n<p>High in Vitamin C, Calcium, Iron, and Vitamins B9 and B12.<\/p>\n<p>&nbsp;<\/p>","protected":false},"excerpt":{"rendered":"<p><span>sea lettuce\u00a0<\/span><i>(Ulva sp.)<\/i><span>. Origin Portugal<\/span><\/p>","protected":false},"featured_media":800,"comment_status":"closed","ping_status":"closed","template":"","meta":{"_acf_changed":false},"product_cat":[28,40],"product_tag":[72,73,74,75,81,82,86,87,66,68],"berocket_brand":[64],"class_list":{"0":"post-799","1":"product","2":"type-product","3":"status-publish","4":"has-post-thumbnail","6":"product_cat-plaisirs-sales","7":"product_cat-plaisirs-de-la-mer","8":"product_tag-produits-en-finistere","9":"product_tag-tout-commence-en-finistere","10":"product_tag-fait-en-bretagne","11":"product_tag-made-in-finistere","12":"product_tag-algues-seches","13":"product_tag-algues-bretonnes","14":"product_tag-laitue-de-mer","15":"product_tag-sans-gluten","16":"product_tag-produits-de-la-mer","17":"product_tag-producteurs-locaux","18":"berocket_brand-bord-a-bord","20":"first","21":"instock","22":"taxable","23":"shipping-taxable","24":"purchasable","25":"product-type-simple"},"acf":[],"yoast_head":"<!-- This site is optimized with the Yoast SEO plugin v27.1.1 - https:\/\/yoast.com\/product\/yoast-seo-wordpress\/ -->\n<title>Laitue de mer d\u00e9shydrat\u00e9 - Lokorn Mad<\/title>\n<meta name=\"description\" content=\"Ces algues s\u00e8ches de Bord \u00e0 Bord sont id\u00e9ales pour la pr\u00e9paration des tartares d&#039;algues. C&#039;est comme \u00e7a qu&#039;on les consomme chez Lokorn&#039;Mad\" \/>\n<meta name=\"robots\" content=\"index, follow, max-snippet:-1, max-image-preview:large, max-video-preview:-1\" \/>\n<link rel=\"canonical\" href=\"https:\/\/www.lokornmad.bzh\/en\/boutique\/plaisirs-sales\/plaisirs-de-la-mer\/laitue-de-mer-seche\/\" \/>\n<meta property=\"og:locale\" content=\"en_GB\" \/>\n<meta property=\"og:type\" content=\"article\" \/>\n<meta property=\"og:title\" content=\"Laitue de mer d\u00e9shydrat\u00e9 - Lokorn Mad\" \/>\n<meta property=\"og:description\" content=\"Ces algues s\u00e8ches de Bord \u00e0 Bord sont id\u00e9ales pour la pr\u00e9paration des tartares d&#039;algues. C&#039;est comme \u00e7a qu&#039;on les consomme chez Lokorn&#039;Mad\" \/>\n<meta property=\"og:url\" content=\"https:\/\/www.lokornmad.bzh\/en\/boutique\/plaisirs-sales\/plaisirs-de-la-mer\/laitue-de-mer-seche\/\" \/>\n<meta property=\"og:site_name\" content=\"Lokorn Mad\" \/>\n<meta property=\"article:publisher\" content=\"https:\/\/www.facebook.com\/lokornmad\" \/>\n<meta property=\"article:modified_time\" content=\"2025-03-13T13:05:22+00:00\" \/>\n<meta property=\"og:image\" content=\"https:\/\/www.lokornmad.bzh\/wp-content\/uploads\/2022\/01\/IMG_0582-scaled.jpg\" \/>\n\t<meta property=\"og:image:width\" content=\"1536\" \/>\n\t<meta property=\"og:image:height\" content=\"2048\" \/>\n\t<meta property=\"og:image:type\" content=\"image\/jpeg\" \/>\n<meta name=\"twitter:card\" content=\"summary_large_image\" \/>\n<meta name=\"twitter:label1\" content=\"Estimated reading time\" \/>\n\t<meta name=\"twitter:data1\" content=\"1 minute\" \/>\n<script type=\"application\/ld+json\" class=\"yoast-schema-graph\">{\"@context\":\"https:\/\/schema.org\",\"@graph\":[{\"@type\":\"WebPage\",\"@id\":\"https:\/\/www.lokornmad.bzh\/boutique\/plaisirs-sales\/plaisirs-de-la-mer\/laitue-de-mer-seche\/\",\"url\":\"https:\/\/www.lokornmad.bzh\/boutique\/plaisirs-sales\/plaisirs-de-la-mer\/laitue-de-mer-seche\/\",\"name\":\"Laitue de mer d\u00e9shydrat\u00e9 - Lokorn Mad\",\"isPartOf\":{\"@id\":\"https:\/\/www.lokornmad.bzh\/#website\"},\"primaryImageOfPage\":{\"@id\":\"https:\/\/www.lokornmad.bzh\/boutique\/plaisirs-sales\/plaisirs-de-la-mer\/laitue-de-mer-seche\/#primaryimage\"},\"image\":{\"@id\":\"https:\/\/www.lokornmad.bzh\/boutique\/plaisirs-sales\/plaisirs-de-la-mer\/laitue-de-mer-seche\/#primaryimage\"},\"thumbnailUrl\":\"https:\/\/www.lokornmad.bzh\/wp-content\/uploads\/2022\/01\/IMG_0582-scaled.jpg\",\"datePublished\":\"2022-01-08T12:10:01+00:00\",\"dateModified\":\"2025-03-13T13:05:22+00:00\",\"description\":\"Ces algues s\u00e8ches de Bord \u00e0 Bord sont id\u00e9ales pour la pr\u00e9paration des tartares d'algues. C'est comme \u00e7a qu'on les consomme chez Lokorn'Mad\",\"breadcrumb\":{\"@id\":\"https:\/\/www.lokornmad.bzh\/boutique\/plaisirs-sales\/plaisirs-de-la-mer\/laitue-de-mer-seche\/#breadcrumb\"},\"inLanguage\":\"en-GB\",\"potentialAction\":[{\"@type\":\"ReadAction\",\"target\":[\"https:\/\/www.lokornmad.bzh\/boutique\/plaisirs-sales\/plaisirs-de-la-mer\/laitue-de-mer-seche\/\"]}]},{\"@type\":\"ImageObject\",\"inLanguage\":\"en-GB\",\"@id\":\"https:\/\/www.lokornmad.bzh\/boutique\/plaisirs-sales\/plaisirs-de-la-mer\/laitue-de-mer-seche\/#primaryimage\",\"url\":\"https:\/\/www.lokornmad.bzh\/wp-content\/uploads\/2022\/01\/IMG_0582-scaled.jpg\",\"contentUrl\":\"https:\/\/www.lokornmad.bzh\/wp-content\/uploads\/2022\/01\/IMG_0582-scaled.jpg\",\"width\":1536,\"height\":2048,\"caption\":\"Sachet de laitue de mer d\u00e9shydrat\u00e9e 50g\"},{\"@type\":\"BreadcrumbList\",\"@id\":\"https:\/\/www.lokornmad.bzh\/boutique\/plaisirs-sales\/plaisirs-de-la-mer\/laitue-de-mer-seche\/#breadcrumb\",\"itemListElement\":[{\"@type\":\"ListItem\",\"position\":1,\"name\":\"Accueil\",\"item\":\"https:\/\/www.lokornmad.bzh\/\"},{\"@type\":\"ListItem\",\"position\":2,\"name\":\"Boutique\",\"item\":\"https:\/\/www.lokornmad.bzh\/boutique\/\"},{\"@type\":\"ListItem\",\"position\":3,\"name\":\"Laitue de mer d\u00e9shydrat\u00e9\"}]},{\"@type\":\"WebSite\",\"@id\":\"https:\/\/www.lokornmad.bzh\/#website\",\"url\":\"https:\/\/www.lokornmad.bzh\/\",\"name\":\"Lokorn Mad\",\"description\":\"Comptoir des Producteurs du Finist\u00e8re\",\"publisher\":{\"@id\":\"https:\/\/www.lokornmad.bzh\/#organization\"},\"potentialAction\":[{\"@type\":\"SearchAction\",\"target\":{\"@type\":\"EntryPoint\",\"urlTemplate\":\"https:\/\/www.lokornmad.bzh\/?s={search_term_string}\"},\"query-input\":{\"@type\":\"PropertyValueSpecification\",\"valueRequired\":true,\"valueName\":\"search_term_string\"}}],\"inLanguage\":\"en-GB\"},{\"@type\":\"Organization\",\"@id\":\"https:\/\/www.lokornmad.bzh\/#organization\",\"name\":\"Lokorn Mad\",\"url\":\"https:\/\/www.lokornmad.bzh\/\",\"logo\":{\"@type\":\"ImageObject\",\"inLanguage\":\"en-GB\",\"@id\":\"https:\/\/www.lokornmad.bzh\/#\/schema\/logo\/image\/\",\"url\":\"https:\/\/www.lokornmad.bzh\/wp-content\/uploads\/2021\/10\/bandeau-LokornMad.png\",\"contentUrl\":\"https:\/\/www.lokornmad.bzh\/wp-content\/uploads\/2021\/10\/bandeau-LokornMad.png\",\"width\":824,\"height\":228,\"caption\":\"Lokorn Mad\"},\"image\":{\"@id\":\"https:\/\/www.lokornmad.bzh\/#\/schema\/logo\/image\/\"},\"sameAs\":[\"https:\/\/www.facebook.com\/lokornmad\",\"https:\/\/www.instagram.com\/lokornmad\/\"]}]}<\/script>\n<!-- \/ Yoast SEO plugin. -->","yoast_head_json":{"title":"Laitue de mer d\u00e9shydrat\u00e9 - Lokorn Mad","description":"Ces algues s\u00e8ches de Bord \u00e0 Bord sont id\u00e9ales pour la pr\u00e9paration des tartares d'algues. C'est comme \u00e7a qu'on les consomme chez Lokorn'Mad","robots":{"index":"index","follow":"follow","max-snippet":"max-snippet:-1","max-image-preview":"max-image-preview:large","max-video-preview":"max-video-preview:-1"},"canonical":"https:\/\/www.lokornmad.bzh\/en\/boutique\/plaisirs-sales\/plaisirs-de-la-mer\/laitue-de-mer-seche\/","og_locale":"en_GB","og_type":"article","og_title":"Laitue de mer d\u00e9shydrat\u00e9 - Lokorn Mad","og_description":"Ces algues s\u00e8ches de Bord \u00e0 Bord sont id\u00e9ales pour la pr\u00e9paration des tartares d'algues. C'est comme \u00e7a qu'on les consomme chez Lokorn'Mad","og_url":"https:\/\/www.lokornmad.bzh\/en\/boutique\/plaisirs-sales\/plaisirs-de-la-mer\/laitue-de-mer-seche\/","og_site_name":"Lokorn Mad","article_publisher":"https:\/\/www.facebook.com\/lokornmad","article_modified_time":"2025-03-13T13:05:22+00:00","og_image":[{"width":1536,"height":2048,"url":"https:\/\/www.lokornmad.bzh\/wp-content\/uploads\/2022\/01\/IMG_0582-scaled.jpg","type":"image\/jpeg"}],"twitter_card":"summary_large_image","twitter_misc":{"Estimated reading time":"1 minute"},"schema":{"@context":"https:\/\/schema.org","@graph":[{"@type":"WebPage","@id":"https:\/\/www.lokornmad.bzh\/boutique\/plaisirs-sales\/plaisirs-de-la-mer\/laitue-de-mer-seche\/","url":"https:\/\/www.lokornmad.bzh\/boutique\/plaisirs-sales\/plaisirs-de-la-mer\/laitue-de-mer-seche\/","name":"Laitue de mer d\u00e9shydrat\u00e9 - Lokorn Mad","isPartOf":{"@id":"https:\/\/www.lokornmad.bzh\/#website"},"primaryImageOfPage":{"@id":"https:\/\/www.lokornmad.bzh\/boutique\/plaisirs-sales\/plaisirs-de-la-mer\/laitue-de-mer-seche\/#primaryimage"},"image":{"@id":"https:\/\/www.lokornmad.bzh\/boutique\/plaisirs-sales\/plaisirs-de-la-mer\/laitue-de-mer-seche\/#primaryimage"},"thumbnailUrl":"https:\/\/www.lokornmad.bzh\/wp-content\/uploads\/2022\/01\/IMG_0582-scaled.jpg","datePublished":"2022-01-08T12:10:01+00:00","dateModified":"2025-03-13T13:05:22+00:00","description":"Ces algues s\u00e8ches de Bord \u00e0 Bord sont id\u00e9ales pour la pr\u00e9paration des tartares d'algues. C'est comme \u00e7a qu'on les consomme chez Lokorn'Mad","breadcrumb":{"@id":"https:\/\/www.lokornmad.bzh\/boutique\/plaisirs-sales\/plaisirs-de-la-mer\/laitue-de-mer-seche\/#breadcrumb"},"inLanguage":"en-GB","potentialAction":[{"@type":"ReadAction","target":["https:\/\/www.lokornmad.bzh\/boutique\/plaisirs-sales\/plaisirs-de-la-mer\/laitue-de-mer-seche\/"]}]},{"@type":"ImageObject","inLanguage":"en-GB","@id":"https:\/\/www.lokornmad.bzh\/boutique\/plaisirs-sales\/plaisirs-de-la-mer\/laitue-de-mer-seche\/#primaryimage","url":"https:\/\/www.lokornmad.bzh\/wp-content\/uploads\/2022\/01\/IMG_0582-scaled.jpg","contentUrl":"https:\/\/www.lokornmad.bzh\/wp-content\/uploads\/2022\/01\/IMG_0582-scaled.jpg","width":1536,"height":2048,"caption":"Sachet de laitue de mer d\u00e9shydrat\u00e9e 50g"},{"@type":"BreadcrumbList","@id":"https:\/\/www.lokornmad.bzh\/boutique\/plaisirs-sales\/plaisirs-de-la-mer\/laitue-de-mer-seche\/#breadcrumb","itemListElement":[{"@type":"ListItem","position":1,"name":"Accueil","item":"https:\/\/www.lokornmad.bzh\/"},{"@type":"ListItem","position":2,"name":"Boutique","item":"https:\/\/www.lokornmad.bzh\/boutique\/"},{"@type":"ListItem","position":3,"name":"Laitue de mer d\u00e9shydrat\u00e9"}]},{"@type":"WebSite","@id":"https:\/\/www.lokornmad.bzh\/#website","url":"https:\/\/www.lokornmad.bzh\/","name":"Lokorn Mad","description":"Comptoir des Producteurs du Finist\u00e8re","publisher":{"@id":"https:\/\/www.lokornmad.bzh\/#organization"},"potentialAction":[{"@type":"SearchAction","target":{"@type":"EntryPoint","urlTemplate":"https:\/\/www.lokornmad.bzh\/?s={search_term_string}"},"query-input":{"@type":"PropertyValueSpecification","valueRequired":true,"valueName":"search_term_string"}}],"inLanguage":"en-GB"},{"@type":"Organization","@id":"https:\/\/www.lokornmad.bzh\/#organization","name":"Lokorn Mad","url":"https:\/\/www.lokornmad.bzh\/","logo":{"@type":"ImageObject","inLanguage":"en-GB","@id":"https:\/\/www.lokornmad.bzh\/#\/schema\/logo\/image\/","url":"https:\/\/www.lokornmad.bzh\/wp-content\/uploads\/2021\/10\/bandeau-LokornMad.png","contentUrl":"https:\/\/www.lokornmad.bzh\/wp-content\/uploads\/2021\/10\/bandeau-LokornMad.png","width":824,"height":228,"caption":"Lokorn Mad"},"image":{"@id":"https:\/\/www.lokornmad.bzh\/#\/schema\/logo\/image\/"},"sameAs":["https:\/\/www.facebook.com\/lokornmad","https:\/\/www.instagram.com\/lokornmad\/"]}]}},"_links":{"self":[{"href":"https:\/\/www.lokornmad.bzh\/en\/wp-json\/wp\/v2\/product\/799","targetHints":{"allow":["GET"]}}],"collection":[{"href":"https:\/\/www.lokornmad.bzh\/en\/wp-json\/wp\/v2\/product"}],"about":[{"href":"https:\/\/www.lokornmad.bzh\/en\/wp-json\/wp\/v2\/types\/product"}],"replies":[{"embeddable":true,"href":"https:\/\/www.lokornmad.bzh\/en\/wp-json\/wp\/v2\/comments?post=799"}],"wp:featuredmedia":[{"embeddable":true,"href":"https:\/\/www.lokornmad.bzh\/en\/wp-json\/wp\/v2\/media\/800"}],"wp:attachment":[{"href":"https:\/\/www.lokornmad.bzh\/en\/wp-json\/wp\/v2\/media?parent=799"}],"wp:term":[{"taxonomy":"product_cat","embeddable":true,"href":"https:\/\/www.lokornmad.bzh\/en\/wp-json\/wp\/v2\/product_cat?post=799"},{"taxonomy":"product_tag","embeddable":true,"href":"https:\/\/www.lokornmad.bzh\/en\/wp-json\/wp\/v2\/product_tag?post=799"},{"taxonomy":"berocket_brand","embeddable":true,"href":"https:\/\/www.lokornmad.bzh\/en\/wp-json\/wp\/v2\/berocket_brand?post=799"}],"curies":[{"name":"wp","href":"https:\/\/api.w.org\/{rel}","templated":true}]}}