{"id":893,"date":"2022-09-25T17:23:01","date_gmt":"2022-09-25T15:23:01","guid":{"rendered":"https:\/\/www.lokornmad.bzh\/?post_type=product&#038;p=893"},"modified":"2025-03-13T14:05:08","modified_gmt":"2025-03-13T13:05:08","slug":"tomme-du-nevet","status":"publish","type":"product","link":"https:\/\/www.lokornmad.bzh\/en\/boutique\/plaisirs-sales\/fromages\/tomme-du-nevet\/","title":{"rendered":"Tomme du Nevet"},"content":{"rendered":"<p>Tomme du Nevet is a whole raw cow's milk cheese made by Sophie and Nicolas Puech in Plogonnec. Its cream-coloured rind thickens over time and becomes slightly greyish.<\/p>\n<p>On the nose, the rind of the tomme offers a scent of cellar mushrooms, while on the palate it is a soft and melting cheese with discreet notes of hazelnut.<\/p>\n<p>The milk used comes from Montb\u00e9liard cows.<\/p>","protected":false},"excerpt":{"rendered":"<p>Tomme du Nevet is a full-fat raw cow's milk cheese made from...<\/p>","protected":false},"featured_media":894,"comment_status":"closed","ping_status":"closed","template":"","meta":{"_acf_changed":false},"product_cat":[28,276],"product_tag":[68,70,72,150,222,279],"berocket_brand":[277],"class_list":{"0":"post-893","1":"product","2":"type-product","3":"status-publish","4":"has-post-thumbnail","6":"product_cat-plaisirs-sales","7":"product_cat-fromages","8":"product_tag-producteurs-locaux","9":"product_tag-direct-de-la-ferme","10":"product_tag-produits-en-finistere","11":"product_tag-fait-maison","12":"product_tag-fromage","13":"product_tag-fromage-au-lait-de-vache","14":"berocket_brand-eurl-puech","16":"first","17":"instock","18":"taxable","19":"shipping-taxable","20":"purchasable","21":"product-type-simple"},"acf":[],"yoast_head":"<!-- This site is optimized with the Yoast SEO plugin v27.1.1 - https:\/\/yoast.com\/product\/yoast-seo-wordpress\/ -->\n<title>Tomme du Nevet - Lokorn Mad<\/title>\n<meta name=\"description\" content=\"La tomme du Nevet est chez Lokorn&#039;Mad une r\u00e9f\u00e9rence! en effet, nous la retrouvons r\u00e9guli\u00e8rement sur les tables de nos restaurants !\" \/>\n<meta name=\"robots\" content=\"index, follow, max-snippet:-1, max-image-preview:large, max-video-preview:-1\" \/>\n<link rel=\"canonical\" href=\"https:\/\/www.lokornmad.bzh\/en\/boutique\/plaisirs-sales\/fromages\/tomme-du-nevet\/\" \/>\n<meta property=\"og:locale\" content=\"en_GB\" \/>\n<meta property=\"og:type\" content=\"article\" \/>\n<meta property=\"og:title\" content=\"Tomme du Nevet - Lokorn Mad\" \/>\n<meta property=\"og:description\" content=\"La tomme du Nevet est chez Lokorn&#039;Mad une r\u00e9f\u00e9rence! en effet, nous la retrouvons r\u00e9guli\u00e8rement sur les tables de nos restaurants !\" \/>\n<meta property=\"og:url\" content=\"https:\/\/www.lokornmad.bzh\/en\/boutique\/plaisirs-sales\/fromages\/tomme-du-nevet\/\" \/>\n<meta property=\"og:site_name\" content=\"Lokorn Mad\" \/>\n<meta property=\"article:publisher\" content=\"https:\/\/www.facebook.com\/lokornmad\" \/>\n<meta property=\"article:modified_time\" content=\"2025-03-13T13:05:08+00:00\" \/>\n<meta property=\"og:image\" content=\"https:\/\/www.lokornmad.bzh\/wp-content\/uploads\/2022\/09\/Tomme-du-Nevet-768x447-1.png\" \/>\n\t<meta property=\"og:image:width\" content=\"768\" \/>\n\t<meta property=\"og:image:height\" content=\"447\" \/>\n\t<meta property=\"og:image:type\" content=\"image\/png\" \/>\n<meta name=\"twitter:card\" content=\"summary_large_image\" \/>\n<meta name=\"twitter:label1\" content=\"Estimated reading time\" \/>\n\t<meta name=\"twitter:data1\" content=\"1 minute\" \/>\n<script type=\"application\/ld+json\" class=\"yoast-schema-graph\">{\"@context\":\"https:\/\/schema.org\",\"@graph\":[{\"@type\":\"WebPage\",\"@id\":\"https:\/\/www.lokornmad.bzh\/boutique\/plaisirs-sales\/fromages\/tomme-du-nevet\/\",\"url\":\"https:\/\/www.lokornmad.bzh\/boutique\/plaisirs-sales\/fromages\/tomme-du-nevet\/\",\"name\":\"Tomme du Nevet - Lokorn Mad\",\"isPartOf\":{\"@id\":\"https:\/\/www.lokornmad.bzh\/#website\"},\"primaryImageOfPage\":{\"@id\":\"https:\/\/www.lokornmad.bzh\/boutique\/plaisirs-sales\/fromages\/tomme-du-nevet\/#primaryimage\"},\"image\":{\"@id\":\"https:\/\/www.lokornmad.bzh\/boutique\/plaisirs-sales\/fromages\/tomme-du-nevet\/#primaryimage\"},\"thumbnailUrl\":\"https:\/\/www.lokornmad.bzh\/wp-content\/uploads\/2022\/09\/Tomme-du-Nevet-768x447-1.png\",\"datePublished\":\"2022-09-25T15:23:01+00:00\",\"dateModified\":\"2025-03-13T13:05:08+00:00\",\"description\":\"La tomme du Nevet est chez Lokorn'Mad une r\u00e9f\u00e9rence! en effet, nous la retrouvons r\u00e9guli\u00e8rement sur les tables de nos restaurants !\",\"breadcrumb\":{\"@id\":\"https:\/\/www.lokornmad.bzh\/boutique\/plaisirs-sales\/fromages\/tomme-du-nevet\/#breadcrumb\"},\"inLanguage\":\"en-GB\",\"potentialAction\":[{\"@type\":\"ReadAction\",\"target\":[\"https:\/\/www.lokornmad.bzh\/boutique\/plaisirs-sales\/fromages\/tomme-du-nevet\/\"]}]},{\"@type\":\"ImageObject\",\"inLanguage\":\"en-GB\",\"@id\":\"https:\/\/www.lokornmad.bzh\/boutique\/plaisirs-sales\/fromages\/tomme-du-nevet\/#primaryimage\",\"url\":\"https:\/\/www.lokornmad.bzh\/wp-content\/uploads\/2022\/09\/Tomme-du-Nevet-768x447-1.png\",\"contentUrl\":\"https:\/\/www.lokornmad.bzh\/wp-content\/uploads\/2022\/09\/Tomme-du-Nevet-768x447-1.png\",\"width\":768,\"height\":447},{\"@type\":\"BreadcrumbList\",\"@id\":\"https:\/\/www.lokornmad.bzh\/boutique\/plaisirs-sales\/fromages\/tomme-du-nevet\/#breadcrumb\",\"itemListElement\":[{\"@type\":\"ListItem\",\"position\":1,\"name\":\"Accueil\",\"item\":\"https:\/\/www.lokornmad.bzh\/\"},{\"@type\":\"ListItem\",\"position\":2,\"name\":\"Boutique\",\"item\":\"https:\/\/www.lokornmad.bzh\/boutique\/\"},{\"@type\":\"ListItem\",\"position\":3,\"name\":\"Tomme du Nevet\"}]},{\"@type\":\"WebSite\",\"@id\":\"https:\/\/www.lokornmad.bzh\/#website\",\"url\":\"https:\/\/www.lokornmad.bzh\/\",\"name\":\"Lokorn Mad\",\"description\":\"Comptoir des Producteurs du Finist\u00e8re\",\"publisher\":{\"@id\":\"https:\/\/www.lokornmad.bzh\/#organization\"},\"potentialAction\":[{\"@type\":\"SearchAction\",\"target\":{\"@type\":\"EntryPoint\",\"urlTemplate\":\"https:\/\/www.lokornmad.bzh\/?s={search_term_string}\"},\"query-input\":{\"@type\":\"PropertyValueSpecification\",\"valueRequired\":true,\"valueName\":\"search_term_string\"}}],\"inLanguage\":\"en-GB\"},{\"@type\":\"Organization\",\"@id\":\"https:\/\/www.lokornmad.bzh\/#organization\",\"name\":\"Lokorn Mad\",\"url\":\"https:\/\/www.lokornmad.bzh\/\",\"logo\":{\"@type\":\"ImageObject\",\"inLanguage\":\"en-GB\",\"@id\":\"https:\/\/www.lokornmad.bzh\/#\/schema\/logo\/image\/\",\"url\":\"https:\/\/www.lokornmad.bzh\/wp-content\/uploads\/2021\/10\/bandeau-LokornMad.png\",\"contentUrl\":\"https:\/\/www.lokornmad.bzh\/wp-content\/uploads\/2021\/10\/bandeau-LokornMad.png\",\"width\":824,\"height\":228,\"caption\":\"Lokorn Mad\"},\"image\":{\"@id\":\"https:\/\/www.lokornmad.bzh\/#\/schema\/logo\/image\/\"},\"sameAs\":[\"https:\/\/www.facebook.com\/lokornmad\",\"https:\/\/www.instagram.com\/lokornmad\/\"]}]}<\/script>\n<!-- \/ Yoast SEO plugin. -->","yoast_head_json":{"title":"Tomme du Nevet - Lokorn Mad","description":"La tomme du Nevet est chez Lokorn'Mad une r\u00e9f\u00e9rence! en effet, nous la retrouvons r\u00e9guli\u00e8rement sur les tables de nos restaurants !","robots":{"index":"index","follow":"follow","max-snippet":"max-snippet:-1","max-image-preview":"max-image-preview:large","max-video-preview":"max-video-preview:-1"},"canonical":"https:\/\/www.lokornmad.bzh\/en\/boutique\/plaisirs-sales\/fromages\/tomme-du-nevet\/","og_locale":"en_GB","og_type":"article","og_title":"Tomme du Nevet - Lokorn Mad","og_description":"La tomme du Nevet est chez Lokorn'Mad une r\u00e9f\u00e9rence! en effet, nous la retrouvons r\u00e9guli\u00e8rement sur les tables de nos restaurants !","og_url":"https:\/\/www.lokornmad.bzh\/en\/boutique\/plaisirs-sales\/fromages\/tomme-du-nevet\/","og_site_name":"Lokorn Mad","article_publisher":"https:\/\/www.facebook.com\/lokornmad","article_modified_time":"2025-03-13T13:05:08+00:00","og_image":[{"width":768,"height":447,"url":"https:\/\/www.lokornmad.bzh\/wp-content\/uploads\/2022\/09\/Tomme-du-Nevet-768x447-1.png","type":"image\/png"}],"twitter_card":"summary_large_image","twitter_misc":{"Estimated reading time":"1 minute"},"schema":{"@context":"https:\/\/schema.org","@graph":[{"@type":"WebPage","@id":"https:\/\/www.lokornmad.bzh\/boutique\/plaisirs-sales\/fromages\/tomme-du-nevet\/","url":"https:\/\/www.lokornmad.bzh\/boutique\/plaisirs-sales\/fromages\/tomme-du-nevet\/","name":"Tomme du Nevet - Lokorn Mad","isPartOf":{"@id":"https:\/\/www.lokornmad.bzh\/#website"},"primaryImageOfPage":{"@id":"https:\/\/www.lokornmad.bzh\/boutique\/plaisirs-sales\/fromages\/tomme-du-nevet\/#primaryimage"},"image":{"@id":"https:\/\/www.lokornmad.bzh\/boutique\/plaisirs-sales\/fromages\/tomme-du-nevet\/#primaryimage"},"thumbnailUrl":"https:\/\/www.lokornmad.bzh\/wp-content\/uploads\/2022\/09\/Tomme-du-Nevet-768x447-1.png","datePublished":"2022-09-25T15:23:01+00:00","dateModified":"2025-03-13T13:05:08+00:00","description":"La tomme du Nevet est chez Lokorn'Mad une r\u00e9f\u00e9rence! en effet, nous la retrouvons r\u00e9guli\u00e8rement sur les tables de nos restaurants !","breadcrumb":{"@id":"https:\/\/www.lokornmad.bzh\/boutique\/plaisirs-sales\/fromages\/tomme-du-nevet\/#breadcrumb"},"inLanguage":"en-GB","potentialAction":[{"@type":"ReadAction","target":["https:\/\/www.lokornmad.bzh\/boutique\/plaisirs-sales\/fromages\/tomme-du-nevet\/"]}]},{"@type":"ImageObject","inLanguage":"en-GB","@id":"https:\/\/www.lokornmad.bzh\/boutique\/plaisirs-sales\/fromages\/tomme-du-nevet\/#primaryimage","url":"https:\/\/www.lokornmad.bzh\/wp-content\/uploads\/2022\/09\/Tomme-du-Nevet-768x447-1.png","contentUrl":"https:\/\/www.lokornmad.bzh\/wp-content\/uploads\/2022\/09\/Tomme-du-Nevet-768x447-1.png","width":768,"height":447},{"@type":"BreadcrumbList","@id":"https:\/\/www.lokornmad.bzh\/boutique\/plaisirs-sales\/fromages\/tomme-du-nevet\/#breadcrumb","itemListElement":[{"@type":"ListItem","position":1,"name":"Accueil","item":"https:\/\/www.lokornmad.bzh\/"},{"@type":"ListItem","position":2,"name":"Boutique","item":"https:\/\/www.lokornmad.bzh\/boutique\/"},{"@type":"ListItem","position":3,"name":"Tomme du Nevet"}]},{"@type":"WebSite","@id":"https:\/\/www.lokornmad.bzh\/#website","url":"https:\/\/www.lokornmad.bzh\/","name":"Lokorn Mad","description":"Comptoir des Producteurs du Finist\u00e8re","publisher":{"@id":"https:\/\/www.lokornmad.bzh\/#organization"},"potentialAction":[{"@type":"SearchAction","target":{"@type":"EntryPoint","urlTemplate":"https:\/\/www.lokornmad.bzh\/?s={search_term_string}"},"query-input":{"@type":"PropertyValueSpecification","valueRequired":true,"valueName":"search_term_string"}}],"inLanguage":"en-GB"},{"@type":"Organization","@id":"https:\/\/www.lokornmad.bzh\/#organization","name":"Lokorn Mad","url":"https:\/\/www.lokornmad.bzh\/","logo":{"@type":"ImageObject","inLanguage":"en-GB","@id":"https:\/\/www.lokornmad.bzh\/#\/schema\/logo\/image\/","url":"https:\/\/www.lokornmad.bzh\/wp-content\/uploads\/2021\/10\/bandeau-LokornMad.png","contentUrl":"https:\/\/www.lokornmad.bzh\/wp-content\/uploads\/2021\/10\/bandeau-LokornMad.png","width":824,"height":228,"caption":"Lokorn Mad"},"image":{"@id":"https:\/\/www.lokornmad.bzh\/#\/schema\/logo\/image\/"},"sameAs":["https:\/\/www.facebook.com\/lokornmad","https:\/\/www.instagram.com\/lokornmad\/"]}]}},"_links":{"self":[{"href":"https:\/\/www.lokornmad.bzh\/en\/wp-json\/wp\/v2\/product\/893","targetHints":{"allow":["GET"]}}],"collection":[{"href":"https:\/\/www.lokornmad.bzh\/en\/wp-json\/wp\/v2\/product"}],"about":[{"href":"https:\/\/www.lokornmad.bzh\/en\/wp-json\/wp\/v2\/types\/product"}],"replies":[{"embeddable":true,"href":"https:\/\/www.lokornmad.bzh\/en\/wp-json\/wp\/v2\/comments?post=893"}],"wp:featuredmedia":[{"embeddable":true,"href":"https:\/\/www.lokornmad.bzh\/en\/wp-json\/wp\/v2\/media\/894"}],"wp:attachment":[{"href":"https:\/\/www.lokornmad.bzh\/en\/wp-json\/wp\/v2\/media?parent=893"}],"wp:term":[{"taxonomy":"product_cat","embeddable":true,"href":"https:\/\/www.lokornmad.bzh\/en\/wp-json\/wp\/v2\/product_cat?post=893"},{"taxonomy":"product_tag","embeddable":true,"href":"https:\/\/www.lokornmad.bzh\/en\/wp-json\/wp\/v2\/product_tag?post=893"},{"taxonomy":"berocket_brand","embeddable":true,"href":"https:\/\/www.lokornmad.bzh\/en\/wp-json\/wp\/v2\/berocket_brand?post=893"}],"curies":[{"name":"wp","href":"https:\/\/api.w.org\/{rel}","templated":true}]}}