{"id":953,"date":"2023-06-10T16:33:14","date_gmt":"2023-06-10T14:33:14","guid":{"rendered":"https:\/\/www.lokornmad.bzh\/?post_type=product&#038;p=953"},"modified":"2025-03-13T14:01:54","modified_gmt":"2025-03-13T13:01:54","slug":"preparation-culinaire-pour-crackers-au-curry","status":"publish","type":"product","link":"https:\/\/www.lokornmad.bzh\/en\/boutique\/plaisirs-sales\/crackers-et-biscuits\/preparation-culinaire-pour-crackers-au-curry\/","title":{"rendered":"culinary preparation for curry crackers"},"content":{"rendered":"<p>Flour made from soft wheat grown by Marine.<\/p>\n<p>curry powder, a little salt and baking powder!<\/p>\n<p>All you have to do is add a little water and a little oil, pop them in the oven and your crackers are ready!<\/p>","protected":false},"excerpt":{"rendered":"<p>Soft wheat flour, curry 1.5% baking powder, salt<\/p>\n<p>Contains gluten<\/p>","protected":false},"featured_media":995,"comment_status":"closed","ping_status":"closed","template":"","meta":{"_acf_changed":false},"product_cat":[28,46],"product_tag":[],"berocket_brand":[282],"class_list":{"0":"post-953","1":"product","2":"type-product","3":"status-publish","4":"has-post-thumbnail","6":"product_cat-plaisirs-sales","7":"product_cat-crackers-et-biscuits","8":"berocket_brand-le-grenier-de-miloe","10":"first","11":"instock","12":"taxable","13":"shipping-taxable","14":"purchasable","15":"product-type-simple"},"acf":[],"yoast_head":"<!-- This site is optimized with the Yoast SEO plugin v27.1.1 - https:\/\/yoast.com\/product\/yoast-seo-wordpress\/ -->\n<title>pr\u00e9paration culinaire pour crackers au curry - Lokorn Mad<\/title>\n<meta name=\"description\" content=\"Chez Lokorn&#039;Mad, les crackers du Grenier de Miloe ont beaucoup de succ\u00e8s! N&#039;h\u00e9sitez pas \u00e0 les personnaliser avec du fromage, des algues....\" \/>\n<meta name=\"robots\" content=\"index, follow, max-snippet:-1, max-image-preview:large, max-video-preview:-1\" \/>\n<link rel=\"canonical\" href=\"https:\/\/www.lokornmad.bzh\/en\/boutique\/plaisirs-sales\/crackers-et-biscuits\/preparation-culinaire-pour-crackers-au-curry\/\" \/>\n<meta property=\"og:locale\" content=\"en_GB\" \/>\n<meta property=\"og:type\" content=\"article\" \/>\n<meta property=\"og:title\" content=\"pr\u00e9paration culinaire pour crackers au curry - Lokorn Mad\" \/>\n<meta property=\"og:description\" content=\"Chez Lokorn&#039;Mad, les crackers du Grenier de Miloe ont beaucoup de succ\u00e8s! N&#039;h\u00e9sitez pas \u00e0 les personnaliser avec du fromage, des algues....\" \/>\n<meta property=\"og:url\" content=\"https:\/\/www.lokornmad.bzh\/en\/boutique\/plaisirs-sales\/crackers-et-biscuits\/preparation-culinaire-pour-crackers-au-curry\/\" \/>\n<meta property=\"og:site_name\" content=\"Lokorn Mad\" \/>\n<meta property=\"article:publisher\" content=\"https:\/\/www.facebook.com\/lokornmad\" \/>\n<meta property=\"article:modified_time\" content=\"2025-03-13T13:01:54+00:00\" \/>\n<meta property=\"og:image\" content=\"https:\/\/www.lokornmad.bzh\/wp-content\/uploads\/2023\/06\/WhatsApp-Image-2023-11-04-a-16.20.58_8f5814a2.jpg\" \/>\n\t<meta property=\"og:image:width\" content=\"2048\" \/>\n\t<meta property=\"og:image:height\" content=\"2048\" \/>\n\t<meta property=\"og:image:type\" content=\"image\/jpeg\" \/>\n<meta name=\"twitter:card\" content=\"summary_large_image\" \/>\n<meta name=\"twitter:label1\" content=\"Estimated reading time\" \/>\n\t<meta name=\"twitter:data1\" content=\"1 minute\" \/>\n<script type=\"application\/ld+json\" class=\"yoast-schema-graph\">{\"@context\":\"https:\/\/schema.org\",\"@graph\":[{\"@type\":\"WebPage\",\"@id\":\"https:\/\/www.lokornmad.bzh\/boutique\/plaisirs-sales\/crackers-et-biscuits\/preparation-culinaire-pour-crackers-au-curry\/\",\"url\":\"https:\/\/www.lokornmad.bzh\/boutique\/plaisirs-sales\/crackers-et-biscuits\/preparation-culinaire-pour-crackers-au-curry\/\",\"name\":\"pr\u00e9paration culinaire pour crackers au curry - Lokorn Mad\",\"isPartOf\":{\"@id\":\"https:\/\/www.lokornmad.bzh\/#website\"},\"primaryImageOfPage\":{\"@id\":\"https:\/\/www.lokornmad.bzh\/boutique\/plaisirs-sales\/crackers-et-biscuits\/preparation-culinaire-pour-crackers-au-curry\/#primaryimage\"},\"image\":{\"@id\":\"https:\/\/www.lokornmad.bzh\/boutique\/plaisirs-sales\/crackers-et-biscuits\/preparation-culinaire-pour-crackers-au-curry\/#primaryimage\"},\"thumbnailUrl\":\"https:\/\/www.lokornmad.bzh\/wp-content\/uploads\/2023\/06\/WhatsApp-Image-2023-11-04-a-16.20.58_8f5814a2.jpg\",\"datePublished\":\"2023-06-10T14:33:14+00:00\",\"dateModified\":\"2025-03-13T13:01:54+00:00\",\"description\":\"Chez Lokorn'Mad, les crackers du Grenier de Miloe ont beaucoup de succ\u00e8s! N'h\u00e9sitez pas \u00e0 les personnaliser avec du fromage, des algues....\",\"breadcrumb\":{\"@id\":\"https:\/\/www.lokornmad.bzh\/boutique\/plaisirs-sales\/crackers-et-biscuits\/preparation-culinaire-pour-crackers-au-curry\/#breadcrumb\"},\"inLanguage\":\"en-GB\",\"potentialAction\":[{\"@type\":\"ReadAction\",\"target\":[\"https:\/\/www.lokornmad.bzh\/boutique\/plaisirs-sales\/crackers-et-biscuits\/preparation-culinaire-pour-crackers-au-curry\/\"]}]},{\"@type\":\"ImageObject\",\"inLanguage\":\"en-GB\",\"@id\":\"https:\/\/www.lokornmad.bzh\/boutique\/plaisirs-sales\/crackers-et-biscuits\/preparation-culinaire-pour-crackers-au-curry\/#primaryimage\",\"url\":\"https:\/\/www.lokornmad.bzh\/wp-content\/uploads\/2023\/06\/WhatsApp-Image-2023-11-04-a-16.20.58_8f5814a2.jpg\",\"contentUrl\":\"https:\/\/www.lokornmad.bzh\/wp-content\/uploads\/2023\/06\/WhatsApp-Image-2023-11-04-a-16.20.58_8f5814a2.jpg\",\"width\":2048,\"height\":2048,\"caption\":\"sachet de pr\u00e9p0arat0i0o0n avec la farine te les ingr\u00e9dients\"},{\"@type\":\"BreadcrumbList\",\"@id\":\"https:\/\/www.lokornmad.bzh\/boutique\/plaisirs-sales\/crackers-et-biscuits\/preparation-culinaire-pour-crackers-au-curry\/#breadcrumb\",\"itemListElement\":[{\"@type\":\"ListItem\",\"position\":1,\"name\":\"Accueil\",\"item\":\"https:\/\/www.lokornmad.bzh\/\"},{\"@type\":\"ListItem\",\"position\":2,\"name\":\"Boutique\",\"item\":\"https:\/\/www.lokornmad.bzh\/boutique\/\"},{\"@type\":\"ListItem\",\"position\":3,\"name\":\"pr\u00e9paration culinaire pour crackers au curry\"}]},{\"@type\":\"WebSite\",\"@id\":\"https:\/\/www.lokornmad.bzh\/#website\",\"url\":\"https:\/\/www.lokornmad.bzh\/\",\"name\":\"Lokorn Mad\",\"description\":\"Comptoir des Producteurs du Finist\u00e8re\",\"publisher\":{\"@id\":\"https:\/\/www.lokornmad.bzh\/#organization\"},\"potentialAction\":[{\"@type\":\"SearchAction\",\"target\":{\"@type\":\"EntryPoint\",\"urlTemplate\":\"https:\/\/www.lokornmad.bzh\/?s={search_term_string}\"},\"query-input\":{\"@type\":\"PropertyValueSpecification\",\"valueRequired\":true,\"valueName\":\"search_term_string\"}}],\"inLanguage\":\"en-GB\"},{\"@type\":\"Organization\",\"@id\":\"https:\/\/www.lokornmad.bzh\/#organization\",\"name\":\"Lokorn Mad\",\"url\":\"https:\/\/www.lokornmad.bzh\/\",\"logo\":{\"@type\":\"ImageObject\",\"inLanguage\":\"en-GB\",\"@id\":\"https:\/\/www.lokornmad.bzh\/#\/schema\/logo\/image\/\",\"url\":\"https:\/\/www.lokornmad.bzh\/wp-content\/uploads\/2021\/10\/bandeau-LokornMad.png\",\"contentUrl\":\"https:\/\/www.lokornmad.bzh\/wp-content\/uploads\/2021\/10\/bandeau-LokornMad.png\",\"width\":824,\"height\":228,\"caption\":\"Lokorn Mad\"},\"image\":{\"@id\":\"https:\/\/www.lokornmad.bzh\/#\/schema\/logo\/image\/\"},\"sameAs\":[\"https:\/\/www.facebook.com\/lokornmad\",\"https:\/\/www.instagram.com\/lokornmad\/\"]}]}<\/script>\n<!-- \/ Yoast SEO plugin. -->","yoast_head_json":{"title":"pr\u00e9paration culinaire pour crackers au curry - Lokorn Mad","description":"Chez Lokorn'Mad, les crackers du Grenier de Miloe ont beaucoup de succ\u00e8s! N'h\u00e9sitez pas \u00e0 les personnaliser avec du fromage, des algues....","robots":{"index":"index","follow":"follow","max-snippet":"max-snippet:-1","max-image-preview":"max-image-preview:large","max-video-preview":"max-video-preview:-1"},"canonical":"https:\/\/www.lokornmad.bzh\/en\/boutique\/plaisirs-sales\/crackers-et-biscuits\/preparation-culinaire-pour-crackers-au-curry\/","og_locale":"en_GB","og_type":"article","og_title":"pr\u00e9paration culinaire pour crackers au curry - Lokorn Mad","og_description":"Chez Lokorn'Mad, les crackers du Grenier de Miloe ont beaucoup de succ\u00e8s! N'h\u00e9sitez pas \u00e0 les personnaliser avec du fromage, des algues....","og_url":"https:\/\/www.lokornmad.bzh\/en\/boutique\/plaisirs-sales\/crackers-et-biscuits\/preparation-culinaire-pour-crackers-au-curry\/","og_site_name":"Lokorn Mad","article_publisher":"https:\/\/www.facebook.com\/lokornmad","article_modified_time":"2025-03-13T13:01:54+00:00","og_image":[{"width":2048,"height":2048,"url":"https:\/\/www.lokornmad.bzh\/wp-content\/uploads\/2023\/06\/WhatsApp-Image-2023-11-04-a-16.20.58_8f5814a2.jpg","type":"image\/jpeg"}],"twitter_card":"summary_large_image","twitter_misc":{"Estimated reading time":"1 minute"},"schema":{"@context":"https:\/\/schema.org","@graph":[{"@type":"WebPage","@id":"https:\/\/www.lokornmad.bzh\/boutique\/plaisirs-sales\/crackers-et-biscuits\/preparation-culinaire-pour-crackers-au-curry\/","url":"https:\/\/www.lokornmad.bzh\/boutique\/plaisirs-sales\/crackers-et-biscuits\/preparation-culinaire-pour-crackers-au-curry\/","name":"pr\u00e9paration culinaire pour crackers au curry - Lokorn Mad","isPartOf":{"@id":"https:\/\/www.lokornmad.bzh\/#website"},"primaryImageOfPage":{"@id":"https:\/\/www.lokornmad.bzh\/boutique\/plaisirs-sales\/crackers-et-biscuits\/preparation-culinaire-pour-crackers-au-curry\/#primaryimage"},"image":{"@id":"https:\/\/www.lokornmad.bzh\/boutique\/plaisirs-sales\/crackers-et-biscuits\/preparation-culinaire-pour-crackers-au-curry\/#primaryimage"},"thumbnailUrl":"https:\/\/www.lokornmad.bzh\/wp-content\/uploads\/2023\/06\/WhatsApp-Image-2023-11-04-a-16.20.58_8f5814a2.jpg","datePublished":"2023-06-10T14:33:14+00:00","dateModified":"2025-03-13T13:01:54+00:00","description":"Chez Lokorn'Mad, les crackers du Grenier de Miloe ont beaucoup de succ\u00e8s! N'h\u00e9sitez pas \u00e0 les personnaliser avec du fromage, des algues....","breadcrumb":{"@id":"https:\/\/www.lokornmad.bzh\/boutique\/plaisirs-sales\/crackers-et-biscuits\/preparation-culinaire-pour-crackers-au-curry\/#breadcrumb"},"inLanguage":"en-GB","potentialAction":[{"@type":"ReadAction","target":["https:\/\/www.lokornmad.bzh\/boutique\/plaisirs-sales\/crackers-et-biscuits\/preparation-culinaire-pour-crackers-au-curry\/"]}]},{"@type":"ImageObject","inLanguage":"en-GB","@id":"https:\/\/www.lokornmad.bzh\/boutique\/plaisirs-sales\/crackers-et-biscuits\/preparation-culinaire-pour-crackers-au-curry\/#primaryimage","url":"https:\/\/www.lokornmad.bzh\/wp-content\/uploads\/2023\/06\/WhatsApp-Image-2023-11-04-a-16.20.58_8f5814a2.jpg","contentUrl":"https:\/\/www.lokornmad.bzh\/wp-content\/uploads\/2023\/06\/WhatsApp-Image-2023-11-04-a-16.20.58_8f5814a2.jpg","width":2048,"height":2048,"caption":"sachet de pr\u00e9p0arat0i0o0n avec la farine te les ingr\u00e9dients"},{"@type":"BreadcrumbList","@id":"https:\/\/www.lokornmad.bzh\/boutique\/plaisirs-sales\/crackers-et-biscuits\/preparation-culinaire-pour-crackers-au-curry\/#breadcrumb","itemListElement":[{"@type":"ListItem","position":1,"name":"Accueil","item":"https:\/\/www.lokornmad.bzh\/"},{"@type":"ListItem","position":2,"name":"Boutique","item":"https:\/\/www.lokornmad.bzh\/boutique\/"},{"@type":"ListItem","position":3,"name":"pr\u00e9paration culinaire pour crackers au curry"}]},{"@type":"WebSite","@id":"https:\/\/www.lokornmad.bzh\/#website","url":"https:\/\/www.lokornmad.bzh\/","name":"Lokorn Mad","description":"Comptoir des Producteurs du Finist\u00e8re","publisher":{"@id":"https:\/\/www.lokornmad.bzh\/#organization"},"potentialAction":[{"@type":"SearchAction","target":{"@type":"EntryPoint","urlTemplate":"https:\/\/www.lokornmad.bzh\/?s={search_term_string}"},"query-input":{"@type":"PropertyValueSpecification","valueRequired":true,"valueName":"search_term_string"}}],"inLanguage":"en-GB"},{"@type":"Organization","@id":"https:\/\/www.lokornmad.bzh\/#organization","name":"Lokorn Mad","url":"https:\/\/www.lokornmad.bzh\/","logo":{"@type":"ImageObject","inLanguage":"en-GB","@id":"https:\/\/www.lokornmad.bzh\/#\/schema\/logo\/image\/","url":"https:\/\/www.lokornmad.bzh\/wp-content\/uploads\/2021\/10\/bandeau-LokornMad.png","contentUrl":"https:\/\/www.lokornmad.bzh\/wp-content\/uploads\/2021\/10\/bandeau-LokornMad.png","width":824,"height":228,"caption":"Lokorn Mad"},"image":{"@id":"https:\/\/www.lokornmad.bzh\/#\/schema\/logo\/image\/"},"sameAs":["https:\/\/www.facebook.com\/lokornmad","https:\/\/www.instagram.com\/lokornmad\/"]}]}},"_links":{"self":[{"href":"https:\/\/www.lokornmad.bzh\/en\/wp-json\/wp\/v2\/product\/953","targetHints":{"allow":["GET"]}}],"collection":[{"href":"https:\/\/www.lokornmad.bzh\/en\/wp-json\/wp\/v2\/product"}],"about":[{"href":"https:\/\/www.lokornmad.bzh\/en\/wp-json\/wp\/v2\/types\/product"}],"replies":[{"embeddable":true,"href":"https:\/\/www.lokornmad.bzh\/en\/wp-json\/wp\/v2\/comments?post=953"}],"wp:featuredmedia":[{"embeddable":true,"href":"https:\/\/www.lokornmad.bzh\/en\/wp-json\/wp\/v2\/media\/995"}],"wp:attachment":[{"href":"https:\/\/www.lokornmad.bzh\/en\/wp-json\/wp\/v2\/media?parent=953"}],"wp:term":[{"taxonomy":"product_cat","embeddable":true,"href":"https:\/\/www.lokornmad.bzh\/en\/wp-json\/wp\/v2\/product_cat?post=953"},{"taxonomy":"product_tag","embeddable":true,"href":"https:\/\/www.lokornmad.bzh\/en\/wp-json\/wp\/v2\/product_tag?post=953"},{"taxonomy":"berocket_brand","embeddable":true,"href":"https:\/\/www.lokornmad.bzh\/en\/wp-json\/wp\/v2\/berocket_brand?post=953"}],"curies":[{"name":"wp","href":"https:\/\/api.w.org\/{rel}","templated":true}]}}